{"id":4888,"date":"2024-02-01T07:38:11","date_gmt":"2024-02-01T07:38:11","guid":{"rendered":"https:\/\/t-umbrella.com\/product\/tecido-de-42x-8k-titanium-silver-com-impressao-digital-no-interior\/"},"modified":"2024-02-01T07:38:11","modified_gmt":"2024-02-01T07:38:11","slug":"tecido-de-42x-8k-titanium-silver-com-impressao-digital-no-interior","status":"publish","type":"product","link":"https:\/\/t-umbrella.com\/pt-pt\/product\/tecido-de-42x-8k-titanium-silver-com-impressao-digital-no-interior\/","title":{"rendered":"Tecido de 42&#8221;x 8K Titanium Silver com impress\u00e3o digital no interior"},"content":{"rendered":"<p><strong>Tecido:<\/strong> Vinil<\/p>\n<p><strong>Cor:<\/strong> 7 cores conforme as imagens<\/p>\n<p><strong>Tipo de guarda-chuva:<\/strong> guarda-chuva com impress\u00e3o digital, guarda-chuva com bloqueio UV, guarda-chuva pequeno<\/p>\n<p><strong>N\u00famero de costelas<\/strong>: 8<\/p>\n<p><strong>Material da nervura do guarda-chuva:<\/strong> alum\u00ednio<\/p>\n<p><strong>Haste do guarda-chuva:<\/strong> alum\u00ednio<\/p>\n<p><strong>Peso:<\/strong> 360g<\/p>\n<p><strong>Padr\u00e3o:<\/strong> com impress\u00e3o conforme a imagem<\/p>\n<p><strong>M\u00e9todo aberto:<\/strong> Manual<\/p>\n<p><strong>Embalagem:<\/strong> Saco OPP<\/p>\n<p><strong>MOQ:<\/strong>100pcs<\/p>\n<p><strong>Prazo de entrega:<\/strong> 2 a 7 dias \u00fateis<\/p>\n","protected":false},"excerpt":{"rendered":"<p>Experimente a m\u00e1xima comodidade com o nosso guarda-chuva dobr\u00e1vel. Compacto e leve, combina na perfei\u00e7\u00e3o o car\u00e1cter pr\u00e1tico com o estilo. Perfeito para estilos de vida em movimento, cabe facilmente em malas e bolsos. Esteja preparado para aguaceiros repentinos com este acess\u00f3rio port\u00e1til que transforma qualquer dia de chuva numa experi\u00eancia moderna e sem complica\u00e7\u00f5es.<\/p>\n","protected":false},"featured_media":4200,"comment_status":"open","ping_status":"closed","template":"","meta":{"_seopress_robots_primary_cat":"","_seopress_titles_title":"","_seopress_titles_desc":"","_seopress_robots_index":""},"product_brand":[],"product_cat":[82],"product_tag":[],"class_list":{"0":"post-4888","1":"product","2":"type-product","3":"status-publish","4":"has-post-thumbnail","6":"product_cat-guarda-chuva-dobravel","8":"first","9":"instock","10":"sale","11":"shipping-taxable","12":"purchasable","13":"product-type-simple"},"yoast_head":"<!-- This site is optimized with the Yoast SEO plugin v22.7 - https:\/\/yoast.com\/wordpress\/plugins\/seo\/ -->\n<title>Tecido de 42&#039;&#039;x 8K Titanium Silver com impress\u00e3o digital no interior - T-Umbrella<\/title>\n<meta name=\"description\" content=\"Guarda-chuva com cabo de madeira de alta qualidade e impress\u00e3o digital em todo o interior. Revestimento exterior de prata e veio e nervura de alum\u00ednio dourado. MOQ 100pcs e 7 dias!\" \/>\n<meta name=\"robots\" content=\"index, follow, max-snippet:-1, max-image-preview:large, max-video-preview:-1\" \/>\n<link rel=\"canonical\" href=\"https:\/\/t-umbrella.com\/pt-pt\/product\/tecido-de-42x-8k-titanium-silver-com-impressao-digital-no-interior\/\" \/>\n<meta property=\"og:locale\" content=\"pt_PT\" \/>\n<meta property=\"og:type\" content=\"article\" \/>\n<meta property=\"og:title\" content=\"Tecido de 42&#039;&#039;x 8K Titanium Silver com impress\u00e3o digital no interior - T-Umbrella\" \/>\n<meta property=\"og:description\" content=\"Guarda-chuva com cabo de madeira de alta qualidade e impress\u00e3o digital em todo o interior. Revestimento exterior de prata e veio e nervura de alum\u00ednio dourado. MOQ 100pcs e 7 dias!\" \/>\n<meta property=\"og:url\" content=\"https:\/\/t-umbrella.com\/pt-pt\/product\/tecido-de-42x-8k-titanium-silver-com-impressao-digital-no-interior\/\" \/>\n<meta property=\"og:site_name\" content=\"T-Umbrella\" \/>\n<meta property=\"og:image\" content=\"https:\/\/t-umbrella.com\/wp-content\/uploads\/2024\/02\/6-4.jpg\" \/>\n\t<meta property=\"og:image:width\" content=\"800\" \/>\n\t<meta property=\"og:image:height\" content=\"800\" \/>\n\t<meta property=\"og:image:type\" content=\"image\/jpeg\" \/>\n<meta name=\"twitter:card\" content=\"summary_large_image\" \/>\n<script type=\"application\/ld+json\" class=\"yoast-schema-graph\">{\"@context\":\"https:\/\/schema.org\",\"@graph\":[{\"@type\":\"WebPage\",\"@id\":\"https:\/\/t-umbrella.com\/pt-pt\/product\/tecido-de-42x-8k-titanium-silver-com-impressao-digital-no-interior\/\",\"url\":\"https:\/\/t-umbrella.com\/pt-pt\/product\/tecido-de-42x-8k-titanium-silver-com-impressao-digital-no-interior\/\",\"name\":\"Tecido de 42''x 8K Titanium Silver com impress\u00e3o digital no interior - T-Umbrella\",\"isPartOf\":{\"@id\":\"https:\/\/t-umbrella.com\/pt-pt\/#website\"},\"primaryImageOfPage\":{\"@id\":\"https:\/\/t-umbrella.com\/pt-pt\/product\/tecido-de-42x-8k-titanium-silver-com-impressao-digital-no-interior\/#primaryimage\"},\"image\":{\"@id\":\"https:\/\/t-umbrella.com\/pt-pt\/product\/tecido-de-42x-8k-titanium-silver-com-impressao-digital-no-interior\/#primaryimage\"},\"thumbnailUrl\":\"https:\/\/t-umbrella.com\/wp-content\/uploads\/2024\/02\/6-4.jpg\",\"datePublished\":\"2024-02-01T07:38:11+00:00\",\"dateModified\":\"2024-02-01T07:38:11+00:00\",\"description\":\"Guarda-chuva com cabo de madeira de alta qualidade e impress\u00e3o digital em todo o interior. Revestimento exterior de prata e veio e nervura de alum\u00ednio dourado. MOQ 100pcs e 7 dias!\",\"breadcrumb\":{\"@id\":\"https:\/\/t-umbrella.com\/pt-pt\/product\/tecido-de-42x-8k-titanium-silver-com-impressao-digital-no-interior\/#breadcrumb\"},\"inLanguage\":\"pt-PT\",\"potentialAction\":[{\"@type\":\"ReadAction\",\"target\":[\"https:\/\/t-umbrella.com\/pt-pt\/product\/tecido-de-42x-8k-titanium-silver-com-impressao-digital-no-interior\/\"]}]},{\"@type\":\"ImageObject\",\"inLanguage\":\"pt-PT\",\"@id\":\"https:\/\/t-umbrella.com\/pt-pt\/product\/tecido-de-42x-8k-titanium-silver-com-impressao-digital-no-interior\/#primaryimage\",\"url\":\"https:\/\/t-umbrella.com\/wp-content\/uploads\/2024\/02\/6-4.jpg\",\"contentUrl\":\"https:\/\/t-umbrella.com\/wp-content\/uploads\/2024\/02\/6-4.jpg\",\"width\":800,\"height\":800},{\"@type\":\"BreadcrumbList\",\"@id\":\"https:\/\/t-umbrella.com\/pt-pt\/product\/tecido-de-42x-8k-titanium-silver-com-impressao-digital-no-interior\/#breadcrumb\",\"itemListElement\":[{\"@type\":\"ListItem\",\"position\":1,\"name\":\"Home\",\"item\":\"https:\/\/t-umbrella.com\/pt-pt\/inicio\/\"},{\"@type\":\"ListItem\",\"position\":2,\"name\":\"Produtos\",\"item\":\"https:\/\/t-umbrella.com\/pt-pt\/shop\/\"},{\"@type\":\"ListItem\",\"position\":3,\"name\":\"Tecido de 42&#8221;x 8K Titanium Silver com impress\u00e3o digital no interior\"}]},{\"@type\":\"WebSite\",\"@id\":\"https:\/\/t-umbrella.com\/pt-pt\/#website\",\"url\":\"https:\/\/t-umbrella.com\/pt-pt\/\",\"name\":\"T-Umbrella\",\"description\":\"\",\"publisher\":{\"@id\":\"https:\/\/t-umbrella.com\/pt-pt\/#organization\"},\"potentialAction\":[{\"@type\":\"SearchAction\",\"target\":{\"@type\":\"EntryPoint\",\"urlTemplate\":\"https:\/\/t-umbrella.com\/pt-pt\/?s={search_term_string}\"},\"query-input\":\"required name=search_term_string\"}],\"inLanguage\":\"pt-PT\"},{\"@type\":\"Organization\",\"@id\":\"https:\/\/t-umbrella.com\/pt-pt\/#organization\",\"name\":\"T-Umbrella\",\"url\":\"https:\/\/t-umbrella.com\/pt-pt\/\",\"logo\":{\"@type\":\"ImageObject\",\"inLanguage\":\"pt-PT\",\"@id\":\"https:\/\/t-umbrella.com\/pt-pt\/#\/schema\/logo\/image\/\",\"url\":\"https:\/\/t-umbrella.com\/wp-content\/uploads\/2023\/11\/logo.png\",\"contentUrl\":\"https:\/\/t-umbrella.com\/wp-content\/uploads\/2023\/11\/logo.png\",\"width\":300,\"height\":120,\"caption\":\"T-Umbrella\"},\"image\":{\"@id\":\"https:\/\/t-umbrella.com\/pt-pt\/#\/schema\/logo\/image\/\"}}]}<\/script>\n<!-- \/ Yoast SEO plugin. -->","yoast_head_json":{"title":"Tecido de 42''x 8K Titanium Silver com impress\u00e3o digital no interior - T-Umbrella","description":"Guarda-chuva com cabo de madeira de alta qualidade e impress\u00e3o digital em todo o interior. Revestimento exterior de prata e veio e nervura de alum\u00ednio dourado. MOQ 100pcs e 7 dias!","robots":{"index":"index","follow":"follow","max-snippet":"max-snippet:-1","max-image-preview":"max-image-preview:large","max-video-preview":"max-video-preview:-1"},"canonical":"https:\/\/t-umbrella.com\/pt-pt\/product\/tecido-de-42x-8k-titanium-silver-com-impressao-digital-no-interior\/","og_locale":"pt_PT","og_type":"article","og_title":"Tecido de 42''x 8K Titanium Silver com impress\u00e3o digital no interior - T-Umbrella","og_description":"Guarda-chuva com cabo de madeira de alta qualidade e impress\u00e3o digital em todo o interior. Revestimento exterior de prata e veio e nervura de alum\u00ednio dourado. MOQ 100pcs e 7 dias!","og_url":"https:\/\/t-umbrella.com\/pt-pt\/product\/tecido-de-42x-8k-titanium-silver-com-impressao-digital-no-interior\/","og_site_name":"T-Umbrella","og_image":[{"width":800,"height":800,"url":"https:\/\/t-umbrella.com\/wp-content\/uploads\/2024\/02\/6-4.jpg","type":"image\/jpeg"}],"twitter_card":"summary_large_image","schema":{"@context":"https:\/\/schema.org","@graph":[{"@type":"WebPage","@id":"https:\/\/t-umbrella.com\/pt-pt\/product\/tecido-de-42x-8k-titanium-silver-com-impressao-digital-no-interior\/","url":"https:\/\/t-umbrella.com\/pt-pt\/product\/tecido-de-42x-8k-titanium-silver-com-impressao-digital-no-interior\/","name":"Tecido de 42''x 8K Titanium Silver com impress\u00e3o digital no interior - T-Umbrella","isPartOf":{"@id":"https:\/\/t-umbrella.com\/pt-pt\/#website"},"primaryImageOfPage":{"@id":"https:\/\/t-umbrella.com\/pt-pt\/product\/tecido-de-42x-8k-titanium-silver-com-impressao-digital-no-interior\/#primaryimage"},"image":{"@id":"https:\/\/t-umbrella.com\/pt-pt\/product\/tecido-de-42x-8k-titanium-silver-com-impressao-digital-no-interior\/#primaryimage"},"thumbnailUrl":"https:\/\/t-umbrella.com\/wp-content\/uploads\/2024\/02\/6-4.jpg","datePublished":"2024-02-01T07:38:11+00:00","dateModified":"2024-02-01T07:38:11+00:00","description":"Guarda-chuva com cabo de madeira de alta qualidade e impress\u00e3o digital em todo o interior. Revestimento exterior de prata e veio e nervura de alum\u00ednio dourado. MOQ 100pcs e 7 dias!","breadcrumb":{"@id":"https:\/\/t-umbrella.com\/pt-pt\/product\/tecido-de-42x-8k-titanium-silver-com-impressao-digital-no-interior\/#breadcrumb"},"inLanguage":"pt-PT","potentialAction":[{"@type":"ReadAction","target":["https:\/\/t-umbrella.com\/pt-pt\/product\/tecido-de-42x-8k-titanium-silver-com-impressao-digital-no-interior\/"]}]},{"@type":"ImageObject","inLanguage":"pt-PT","@id":"https:\/\/t-umbrella.com\/pt-pt\/product\/tecido-de-42x-8k-titanium-silver-com-impressao-digital-no-interior\/#primaryimage","url":"https:\/\/t-umbrella.com\/wp-content\/uploads\/2024\/02\/6-4.jpg","contentUrl":"https:\/\/t-umbrella.com\/wp-content\/uploads\/2024\/02\/6-4.jpg","width":800,"height":800},{"@type":"BreadcrumbList","@id":"https:\/\/t-umbrella.com\/pt-pt\/product\/tecido-de-42x-8k-titanium-silver-com-impressao-digital-no-interior\/#breadcrumb","itemListElement":[{"@type":"ListItem","position":1,"name":"Home","item":"https:\/\/t-umbrella.com\/pt-pt\/inicio\/"},{"@type":"ListItem","position":2,"name":"Produtos","item":"https:\/\/t-umbrella.com\/pt-pt\/shop\/"},{"@type":"ListItem","position":3,"name":"Tecido de 42&#8221;x 8K Titanium Silver com impress\u00e3o digital no interior"}]},{"@type":"WebSite","@id":"https:\/\/t-umbrella.com\/pt-pt\/#website","url":"https:\/\/t-umbrella.com\/pt-pt\/","name":"T-Umbrella","description":"","publisher":{"@id":"https:\/\/t-umbrella.com\/pt-pt\/#organization"},"potentialAction":[{"@type":"SearchAction","target":{"@type":"EntryPoint","urlTemplate":"https:\/\/t-umbrella.com\/pt-pt\/?s={search_term_string}"},"query-input":"required name=search_term_string"}],"inLanguage":"pt-PT"},{"@type":"Organization","@id":"https:\/\/t-umbrella.com\/pt-pt\/#organization","name":"T-Umbrella","url":"https:\/\/t-umbrella.com\/pt-pt\/","logo":{"@type":"ImageObject","inLanguage":"pt-PT","@id":"https:\/\/t-umbrella.com\/pt-pt\/#\/schema\/logo\/image\/","url":"https:\/\/t-umbrella.com\/wp-content\/uploads\/2023\/11\/logo.png","contentUrl":"https:\/\/t-umbrella.com\/wp-content\/uploads\/2023\/11\/logo.png","width":300,"height":120,"caption":"T-Umbrella"},"image":{"@id":"https:\/\/t-umbrella.com\/pt-pt\/#\/schema\/logo\/image\/"}}]}},"_links":{"self":[{"href":"https:\/\/t-umbrella.com\/pt-pt\/wp-json\/wp\/v2\/product\/4888","targetHints":{"allow":["GET"]}}],"collection":[{"href":"https:\/\/t-umbrella.com\/pt-pt\/wp-json\/wp\/v2\/product"}],"about":[{"href":"https:\/\/t-umbrella.com\/pt-pt\/wp-json\/wp\/v2\/types\/product"}],"replies":[{"embeddable":true,"href":"https:\/\/t-umbrella.com\/pt-pt\/wp-json\/wp\/v2\/comments?post=4888"}],"wp:featuredmedia":[{"embeddable":true,"href":"https:\/\/t-umbrella.com\/pt-pt\/wp-json\/wp\/v2\/media\/4200"}],"wp:attachment":[{"href":"https:\/\/t-umbrella.com\/pt-pt\/wp-json\/wp\/v2\/media?parent=4888"}],"wp:term":[{"taxonomy":"product_brand","embeddable":true,"href":"https:\/\/t-umbrella.com\/pt-pt\/wp-json\/wp\/v2\/product_brand?post=4888"},{"taxonomy":"product_cat","embeddable":true,"href":"https:\/\/t-umbrella.com\/pt-pt\/wp-json\/wp\/v2\/product_cat?post=4888"},{"taxonomy":"product_tag","embeddable":true,"href":"https:\/\/t-umbrella.com\/pt-pt\/wp-json\/wp\/v2\/product_tag?post=4888"}],"curies":[{"name":"wp","href":"https:\/\/api.w.org\/{rel}","templated":true}]}}