{"id":4826,"date":"2024-02-01T02:20:49","date_gmt":"2024-02-01T02:20:49","guid":{"rendered":"https:\/\/t-umbrella.com\/product\/guarda-chuva-com-cabo-de-bambu-curado-46x-33x-16k\/"},"modified":"2024-02-01T02:20:49","modified_gmt":"2024-02-01T02:20:49","slug":"guarda-chuva-com-cabo-de-bambu-curado-46x-33x-16k","status":"publish","type":"product","link":"https:\/\/t-umbrella.com\/pt-pt\/product\/guarda-chuva-com-cabo-de-bambu-curado-46x-33x-16k\/","title":{"rendered":"Guarda-chuva com cabo de bambu curado 46&#8221;x 33&#8221;x 16K"},"content":{"rendered":"<p><strong>Tecido<\/strong>: pongee 190T<\/p>\n<p><strong>Cor:<\/strong> 10 cores de acordo com as imagens<\/p>\n<p><strong>Tipo de guarda-chuva:<\/strong> guarda-chuva reto, guarda-chuva com cabo de madeira, guarda-chuva de passeio<\/p>\n<p><strong>N\u00famero de costelas:<\/strong> 16<\/p>\n<p><strong>Material das nervuras do guarda-chuva:<\/strong> totalmente em fibra de vidro<\/p>\n<p><strong>Haste do guarda-chuva:<\/strong> a\u00e7o<\/p>\n<p><strong>Peso:<\/strong> 450g<\/p>\n<p><strong>Padr\u00e3o:<\/strong> sem impress\u00e3o<\/p>\n<p><strong>M\u00e9todo de abertura:<\/strong> Semi-autom\u00e1tico<\/p>\n<p><strong>Embalagem:<\/strong> Saco OPP<\/p>\n<p><strong>MOQ:<\/strong>500pcs<\/p>\n<p><strong>Prazo de entrega:<\/strong> 7 dias \u00fateis<\/p>\n<p>&nbsp;<\/p>\n","protected":false},"excerpt":{"rendered":"<p>Eleve a sua experi\u00eancia de guarda-chuva com o nosso guarda-chuva com cabo em bambu. Fabricada para uma eleg\u00e2ncia sustent\u00e1vel, a pega em bambu proporciona uma sensa\u00e7\u00e3o natural e leve. Experimente uma mistura \u00fanica de estilo e design ecol\u00f3gico, abra\u00e7ando a beleza da natureza em cada gota de chuva. Destaque-se com sofistica\u00e7\u00e3o em qualquer clima<\/p>\n","protected":false},"featured_media":3840,"comment_status":"open","ping_status":"closed","template":"","meta":{"_seopress_robots_primary_cat":"","_seopress_titles_title":"","_seopress_titles_desc":"","_seopress_robots_index":""},"product_brand":[],"product_cat":[65],"product_tag":[],"class_list":{"0":"post-4826","1":"product","2":"type-product","3":"status-publish","4":"has-post-thumbnail","6":"product_cat-guarda-chuva-reto","8":"first","9":"instock","10":"sale","11":"shipping-taxable","12":"purchasable","13":"product-type-simple"},"yoast_head":"<!-- This site is optimized with the Yoast SEO plugin v22.7 - https:\/\/yoast.com\/wordpress\/plugins\/seo\/ -->\n<title>Guarda-chuva com cabo de bambu curado 46&#039;&#039;x 33&#039;&#039;x 16K - T-Umbrella<\/title>\n<meta name=\"description\" content=\"Explore a nossa cole\u00e7\u00e3o de guarda-chuvas ecol\u00f3gicos e elegantes, fabricados com precis\u00e3o e paix\u00e3o. MOQ 500pcs. 7 dias de prazo de entrega. Pre\u00e7o mais baixo.\" \/>\n<meta name=\"robots\" content=\"index, follow, max-snippet:-1, max-image-preview:large, max-video-preview:-1\" \/>\n<link rel=\"canonical\" href=\"https:\/\/t-umbrella.com\/pt-pt\/product\/guarda-chuva-com-cabo-de-bambu-curado-46x-33x-16k\/\" \/>\n<meta property=\"og:locale\" content=\"pt_PT\" \/>\n<meta property=\"og:type\" content=\"article\" \/>\n<meta property=\"og:title\" content=\"Guarda-chuva com cabo de bambu curado 46&#039;&#039;x 33&#039;&#039;x 16K - T-Umbrella\" \/>\n<meta property=\"og:description\" content=\"Explore a nossa cole\u00e7\u00e3o de guarda-chuvas ecol\u00f3gicos e elegantes, fabricados com precis\u00e3o e paix\u00e3o. MOQ 500pcs. 7 dias de prazo de entrega. Pre\u00e7o mais baixo.\" \/>\n<meta property=\"og:url\" content=\"https:\/\/t-umbrella.com\/pt-pt\/product\/guarda-chuva-com-cabo-de-bambu-curado-46x-33x-16k\/\" \/>\n<meta property=\"og:site_name\" content=\"T-Umbrella\" \/>\n<meta property=\"og:image\" content=\"https:\/\/t-umbrella.com\/wp-content\/uploads\/2024\/02\/1861705044701_.pic_.jpg\" \/>\n\t<meta property=\"og:image:width\" content=\"800\" \/>\n\t<meta property=\"og:image:height\" content=\"800\" \/>\n\t<meta property=\"og:image:type\" content=\"image\/jpeg\" \/>\n<meta name=\"twitter:card\" content=\"summary_large_image\" \/>\n<script type=\"application\/ld+json\" class=\"yoast-schema-graph\">{\"@context\":\"https:\/\/schema.org\",\"@graph\":[{\"@type\":\"WebPage\",\"@id\":\"https:\/\/t-umbrella.com\/pt-pt\/product\/guarda-chuva-com-cabo-de-bambu-curado-46x-33x-16k\/\",\"url\":\"https:\/\/t-umbrella.com\/pt-pt\/product\/guarda-chuva-com-cabo-de-bambu-curado-46x-33x-16k\/\",\"name\":\"Guarda-chuva com cabo de bambu curado 46''x 33''x 16K - T-Umbrella\",\"isPartOf\":{\"@id\":\"https:\/\/t-umbrella.com\/pt-pt\/#website\"},\"primaryImageOfPage\":{\"@id\":\"https:\/\/t-umbrella.com\/pt-pt\/product\/guarda-chuva-com-cabo-de-bambu-curado-46x-33x-16k\/#primaryimage\"},\"image\":{\"@id\":\"https:\/\/t-umbrella.com\/pt-pt\/product\/guarda-chuva-com-cabo-de-bambu-curado-46x-33x-16k\/#primaryimage\"},\"thumbnailUrl\":\"https:\/\/t-umbrella.com\/wp-content\/uploads\/2024\/02\/1861705044701_.pic_.jpg\",\"datePublished\":\"2024-02-01T02:20:49+00:00\",\"dateModified\":\"2024-02-01T02:20:49+00:00\",\"description\":\"Explore a nossa cole\u00e7\u00e3o de guarda-chuvas ecol\u00f3gicos e elegantes, fabricados com precis\u00e3o e paix\u00e3o. MOQ 500pcs. 7 dias de prazo de entrega. Pre\u00e7o mais baixo.\",\"breadcrumb\":{\"@id\":\"https:\/\/t-umbrella.com\/pt-pt\/product\/guarda-chuva-com-cabo-de-bambu-curado-46x-33x-16k\/#breadcrumb\"},\"inLanguage\":\"pt-PT\",\"potentialAction\":[{\"@type\":\"ReadAction\",\"target\":[\"https:\/\/t-umbrella.com\/pt-pt\/product\/guarda-chuva-com-cabo-de-bambu-curado-46x-33x-16k\/\"]}]},{\"@type\":\"ImageObject\",\"inLanguage\":\"pt-PT\",\"@id\":\"https:\/\/t-umbrella.com\/pt-pt\/product\/guarda-chuva-com-cabo-de-bambu-curado-46x-33x-16k\/#primaryimage\",\"url\":\"https:\/\/t-umbrella.com\/wp-content\/uploads\/2024\/02\/1861705044701_.pic_.jpg\",\"contentUrl\":\"https:\/\/t-umbrella.com\/wp-content\/uploads\/2024\/02\/1861705044701_.pic_.jpg\",\"width\":800,\"height\":800},{\"@type\":\"BreadcrumbList\",\"@id\":\"https:\/\/t-umbrella.com\/pt-pt\/product\/guarda-chuva-com-cabo-de-bambu-curado-46x-33x-16k\/#breadcrumb\",\"itemListElement\":[{\"@type\":\"ListItem\",\"position\":1,\"name\":\"Home\",\"item\":\"https:\/\/t-umbrella.com\/pt-pt\/inicio\/\"},{\"@type\":\"ListItem\",\"position\":2,\"name\":\"Produtos\",\"item\":\"https:\/\/t-umbrella.com\/pt-pt\/shop\/\"},{\"@type\":\"ListItem\",\"position\":3,\"name\":\"Guarda-chuva com cabo de bambu curado 46&#8221;x 33&#8221;x 16K\"}]},{\"@type\":\"WebSite\",\"@id\":\"https:\/\/t-umbrella.com\/pt-pt\/#website\",\"url\":\"https:\/\/t-umbrella.com\/pt-pt\/\",\"name\":\"T-Umbrella\",\"description\":\"\",\"publisher\":{\"@id\":\"https:\/\/t-umbrella.com\/pt-pt\/#organization\"},\"potentialAction\":[{\"@type\":\"SearchAction\",\"target\":{\"@type\":\"EntryPoint\",\"urlTemplate\":\"https:\/\/t-umbrella.com\/pt-pt\/?s={search_term_string}\"},\"query-input\":\"required name=search_term_string\"}],\"inLanguage\":\"pt-PT\"},{\"@type\":\"Organization\",\"@id\":\"https:\/\/t-umbrella.com\/pt-pt\/#organization\",\"name\":\"T-Umbrella\",\"url\":\"https:\/\/t-umbrella.com\/pt-pt\/\",\"logo\":{\"@type\":\"ImageObject\",\"inLanguage\":\"pt-PT\",\"@id\":\"https:\/\/t-umbrella.com\/pt-pt\/#\/schema\/logo\/image\/\",\"url\":\"https:\/\/t-umbrella.com\/wp-content\/uploads\/2023\/11\/logo.png\",\"contentUrl\":\"https:\/\/t-umbrella.com\/wp-content\/uploads\/2023\/11\/logo.png\",\"width\":300,\"height\":120,\"caption\":\"T-Umbrella\"},\"image\":{\"@id\":\"https:\/\/t-umbrella.com\/pt-pt\/#\/schema\/logo\/image\/\"}}]}<\/script>\n<!-- \/ Yoast SEO plugin. -->","yoast_head_json":{"title":"Guarda-chuva com cabo de bambu curado 46''x 33''x 16K - T-Umbrella","description":"Explore a nossa cole\u00e7\u00e3o de guarda-chuvas ecol\u00f3gicos e elegantes, fabricados com precis\u00e3o e paix\u00e3o. MOQ 500pcs. 7 dias de prazo de entrega. Pre\u00e7o mais baixo.","robots":{"index":"index","follow":"follow","max-snippet":"max-snippet:-1","max-image-preview":"max-image-preview:large","max-video-preview":"max-video-preview:-1"},"canonical":"https:\/\/t-umbrella.com\/pt-pt\/product\/guarda-chuva-com-cabo-de-bambu-curado-46x-33x-16k\/","og_locale":"pt_PT","og_type":"article","og_title":"Guarda-chuva com cabo de bambu curado 46''x 33''x 16K - T-Umbrella","og_description":"Explore a nossa cole\u00e7\u00e3o de guarda-chuvas ecol\u00f3gicos e elegantes, fabricados com precis\u00e3o e paix\u00e3o. MOQ 500pcs. 7 dias de prazo de entrega. Pre\u00e7o mais baixo.","og_url":"https:\/\/t-umbrella.com\/pt-pt\/product\/guarda-chuva-com-cabo-de-bambu-curado-46x-33x-16k\/","og_site_name":"T-Umbrella","og_image":[{"width":800,"height":800,"url":"https:\/\/t-umbrella.com\/wp-content\/uploads\/2024\/02\/1861705044701_.pic_.jpg","type":"image\/jpeg"}],"twitter_card":"summary_large_image","schema":{"@context":"https:\/\/schema.org","@graph":[{"@type":"WebPage","@id":"https:\/\/t-umbrella.com\/pt-pt\/product\/guarda-chuva-com-cabo-de-bambu-curado-46x-33x-16k\/","url":"https:\/\/t-umbrella.com\/pt-pt\/product\/guarda-chuva-com-cabo-de-bambu-curado-46x-33x-16k\/","name":"Guarda-chuva com cabo de bambu curado 46''x 33''x 16K - T-Umbrella","isPartOf":{"@id":"https:\/\/t-umbrella.com\/pt-pt\/#website"},"primaryImageOfPage":{"@id":"https:\/\/t-umbrella.com\/pt-pt\/product\/guarda-chuva-com-cabo-de-bambu-curado-46x-33x-16k\/#primaryimage"},"image":{"@id":"https:\/\/t-umbrella.com\/pt-pt\/product\/guarda-chuva-com-cabo-de-bambu-curado-46x-33x-16k\/#primaryimage"},"thumbnailUrl":"https:\/\/t-umbrella.com\/wp-content\/uploads\/2024\/02\/1861705044701_.pic_.jpg","datePublished":"2024-02-01T02:20:49+00:00","dateModified":"2024-02-01T02:20:49+00:00","description":"Explore a nossa cole\u00e7\u00e3o de guarda-chuvas ecol\u00f3gicos e elegantes, fabricados com precis\u00e3o e paix\u00e3o. MOQ 500pcs. 7 dias de prazo de entrega. Pre\u00e7o mais baixo.","breadcrumb":{"@id":"https:\/\/t-umbrella.com\/pt-pt\/product\/guarda-chuva-com-cabo-de-bambu-curado-46x-33x-16k\/#breadcrumb"},"inLanguage":"pt-PT","potentialAction":[{"@type":"ReadAction","target":["https:\/\/t-umbrella.com\/pt-pt\/product\/guarda-chuva-com-cabo-de-bambu-curado-46x-33x-16k\/"]}]},{"@type":"ImageObject","inLanguage":"pt-PT","@id":"https:\/\/t-umbrella.com\/pt-pt\/product\/guarda-chuva-com-cabo-de-bambu-curado-46x-33x-16k\/#primaryimage","url":"https:\/\/t-umbrella.com\/wp-content\/uploads\/2024\/02\/1861705044701_.pic_.jpg","contentUrl":"https:\/\/t-umbrella.com\/wp-content\/uploads\/2024\/02\/1861705044701_.pic_.jpg","width":800,"height":800},{"@type":"BreadcrumbList","@id":"https:\/\/t-umbrella.com\/pt-pt\/product\/guarda-chuva-com-cabo-de-bambu-curado-46x-33x-16k\/#breadcrumb","itemListElement":[{"@type":"ListItem","position":1,"name":"Home","item":"https:\/\/t-umbrella.com\/pt-pt\/inicio\/"},{"@type":"ListItem","position":2,"name":"Produtos","item":"https:\/\/t-umbrella.com\/pt-pt\/shop\/"},{"@type":"ListItem","position":3,"name":"Guarda-chuva com cabo de bambu curado 46&#8221;x 33&#8221;x 16K"}]},{"@type":"WebSite","@id":"https:\/\/t-umbrella.com\/pt-pt\/#website","url":"https:\/\/t-umbrella.com\/pt-pt\/","name":"T-Umbrella","description":"","publisher":{"@id":"https:\/\/t-umbrella.com\/pt-pt\/#organization"},"potentialAction":[{"@type":"SearchAction","target":{"@type":"EntryPoint","urlTemplate":"https:\/\/t-umbrella.com\/pt-pt\/?s={search_term_string}"},"query-input":"required name=search_term_string"}],"inLanguage":"pt-PT"},{"@type":"Organization","@id":"https:\/\/t-umbrella.com\/pt-pt\/#organization","name":"T-Umbrella","url":"https:\/\/t-umbrella.com\/pt-pt\/","logo":{"@type":"ImageObject","inLanguage":"pt-PT","@id":"https:\/\/t-umbrella.com\/pt-pt\/#\/schema\/logo\/image\/","url":"https:\/\/t-umbrella.com\/wp-content\/uploads\/2023\/11\/logo.png","contentUrl":"https:\/\/t-umbrella.com\/wp-content\/uploads\/2023\/11\/logo.png","width":300,"height":120,"caption":"T-Umbrella"},"image":{"@id":"https:\/\/t-umbrella.com\/pt-pt\/#\/schema\/logo\/image\/"}}]}},"_links":{"self":[{"href":"https:\/\/t-umbrella.com\/pt-pt\/wp-json\/wp\/v2\/product\/4826","targetHints":{"allow":["GET"]}}],"collection":[{"href":"https:\/\/t-umbrella.com\/pt-pt\/wp-json\/wp\/v2\/product"}],"about":[{"href":"https:\/\/t-umbrella.com\/pt-pt\/wp-json\/wp\/v2\/types\/product"}],"replies":[{"embeddable":true,"href":"https:\/\/t-umbrella.com\/pt-pt\/wp-json\/wp\/v2\/comments?post=4826"}],"wp:featuredmedia":[{"embeddable":true,"href":"https:\/\/t-umbrella.com\/pt-pt\/wp-json\/wp\/v2\/media\/3840"}],"wp:attachment":[{"href":"https:\/\/t-umbrella.com\/pt-pt\/wp-json\/wp\/v2\/media?parent=4826"}],"wp:term":[{"taxonomy":"product_brand","embeddable":true,"href":"https:\/\/t-umbrella.com\/pt-pt\/wp-json\/wp\/v2\/product_brand?post=4826"},{"taxonomy":"product_cat","embeddable":true,"href":"https:\/\/t-umbrella.com\/pt-pt\/wp-json\/wp\/v2\/product_cat?post=4826"},{"taxonomy":"product_tag","embeddable":true,"href":"https:\/\/t-umbrella.com\/pt-pt\/wp-json\/wp\/v2\/product_tag?post=4826"}],"curies":[{"name":"wp","href":"https:\/\/api.w.org\/{rel}","templated":true}]}}