{"id":4777,"date":"2024-01-10T18:54:13","date_gmt":"2024-01-10T18:54:13","guid":{"rendered":"https:\/\/t-umbrella.com\/product\/guarda-chuva-com-cabo-de-madeira-curado-50x-38-x-8k\/"},"modified":"2024-02-21T08:28:44","modified_gmt":"2024-02-21T08:28:44","slug":"guarda-chuva-com-cabo-de-madeira-curado-50x-38-x-8k","status":"publish","type":"product","link":"https:\/\/t-umbrella.com\/pt-pt\/product\/guarda-chuva-com-cabo-de-madeira-curado-50x-38-x-8k\/","title":{"rendered":"Guarda-chuva com cabo de madeira curado 50&#8221;x 38&#8221; x 8K"},"content":{"rendered":"<p>Tecido: pongee 190T<\/p>\n<p>Cor: 3 cores de acordo com as imagens<\/p>\n<p>Tipo de guarda-chuva: guarda-chuva reto, guarda-chuva com cabo de madeira, guarda-chuva de passeio<\/p>\n<p>N\u00famero de costelas: 8<\/p>\n<p>Material das nervuras do guarda-chuva: totalmente em fibra de vidro<\/p>\n<p>Haste do guarda-chuva: a\u00e7o<\/p>\n<p>Peso: 500g<\/p>\n<p>Padr\u00e3o: sem impress\u00e3o<\/p>\n<p>M\u00e9todo de abertura: Semi-Auto<\/p>\n<p>Embalagem: saco de tecido<\/p>\n<p>MOQ:500pcs<\/p>\n<p>Prazo de entrega: 7 dias \u00fateis<\/p>\n","protected":false},"excerpt":{"rendered":"<p>Apresentamos o nosso elegante e fi\u00e1vel guarda-chuva direito &#8211; o seu companheiro perfeito para todas as aventuras meteorol\u00f3gicas! Concebido para ter estilo e durabilidade, este guarda-chuva combina sem esfor\u00e7o a funcionalidade com uma est\u00e9tica moderna. As suas linhas rectas e limpas proporcionam uma ampla cobertura, mantendo-o protegido da chuva ou do sol. Compacto e f\u00e1cil de transportar, este guarda-chuva \u00e9 um acess\u00f3rio indispens\u00e1vel para qualquer ocasi\u00e3o. N\u00e3o deixe que o tempo dite os seus planos &#8211; abrace os elementos em grande estilo com o nosso guarda-chuva de qualidade superior Straight Umbrella. Aumente a sua prote\u00e7\u00e3o, aumente o seu estilo. Compre agora e d\u00ea um passo em frente com confian\u00e7a!<\/p>\n","protected":false},"featured_media":3546,"comment_status":"open","ping_status":"closed","template":"","meta":{"_seopress_robots_primary_cat":"","_seopress_titles_title":"","_seopress_titles_desc":"","_seopress_robots_index":""},"product_brand":[],"product_cat":[67,65],"product_tag":[],"class_list":{"0":"post-4777","1":"product","2":"type-product","3":"status-publish","4":"has-post-thumbnail","6":"product_cat-guarda-chuva-de-golfe","7":"product_cat-guarda-chuva-reto","9":"first","10":"instock","11":"sale","12":"shipping-taxable","13":"purchasable","14":"product-type-simple"},"yoast_head":"<!-- This site is optimized with the Yoast SEO plugin v22.7 - https:\/\/yoast.com\/wordpress\/plugins\/seo\/ -->\n<title>Guarda-chuva com cabo de madeira curado 50&#039;&#039;x 38&#039;&#039; x 8K - T-Umbrella<\/title>\n<meta name=\"description\" content=\"Melhor f\u00e1brica de guarda-chuvas na China, certificados BSCI, ISO9001 e CE. MOQ 500pcs e 2 a 5 dias de prazo de entrega!\" \/>\n<meta name=\"robots\" content=\"index, follow, max-snippet:-1, max-image-preview:large, max-video-preview:-1\" \/>\n<link rel=\"canonical\" href=\"https:\/\/t-umbrella.com\/pt-pt\/product\/guarda-chuva-com-cabo-de-madeira-curado-50x-38-x-8k\/\" \/>\n<meta property=\"og:locale\" content=\"pt_PT\" \/>\n<meta property=\"og:type\" content=\"article\" \/>\n<meta property=\"og:title\" content=\"Guarda-chuva com cabo de madeira curado 50&#039;&#039;x 38&#039;&#039; x 8K - T-Umbrella\" \/>\n<meta property=\"og:description\" content=\"Melhor f\u00e1brica de guarda-chuvas na China, certificados BSCI, ISO9001 e CE. MOQ 500pcs e 2 a 5 dias de prazo de entrega!\" \/>\n<meta property=\"og:url\" content=\"https:\/\/t-umbrella.com\/pt-pt\/product\/guarda-chuva-com-cabo-de-madeira-curado-50x-38-x-8k\/\" \/>\n<meta property=\"og:site_name\" content=\"T-Umbrella\" \/>\n<meta property=\"article:modified_time\" content=\"2024-02-21T08:28:44+00:00\" \/>\n<meta property=\"og:image\" content=\"https:\/\/t-umbrella.com\/wp-content\/uploads\/2024\/01\/1621704965302_.pic_.jpg\" \/>\n\t<meta property=\"og:image:width\" content=\"800\" \/>\n\t<meta property=\"og:image:height\" content=\"800\" \/>\n\t<meta property=\"og:image:type\" content=\"image\/jpeg\" \/>\n<meta name=\"twitter:card\" content=\"summary_large_image\" \/>\n<script type=\"application\/ld+json\" class=\"yoast-schema-graph\">{\"@context\":\"https:\/\/schema.org\",\"@graph\":[{\"@type\":\"WebPage\",\"@id\":\"https:\/\/t-umbrella.com\/pt-pt\/product\/guarda-chuva-com-cabo-de-madeira-curado-50x-38-x-8k\/\",\"url\":\"https:\/\/t-umbrella.com\/pt-pt\/product\/guarda-chuva-com-cabo-de-madeira-curado-50x-38-x-8k\/\",\"name\":\"Guarda-chuva com cabo de madeira curado 50''x 38'' x 8K - T-Umbrella\",\"isPartOf\":{\"@id\":\"https:\/\/t-umbrella.com\/pt-pt\/#website\"},\"primaryImageOfPage\":{\"@id\":\"https:\/\/t-umbrella.com\/pt-pt\/product\/guarda-chuva-com-cabo-de-madeira-curado-50x-38-x-8k\/#primaryimage\"},\"image\":{\"@id\":\"https:\/\/t-umbrella.com\/pt-pt\/product\/guarda-chuva-com-cabo-de-madeira-curado-50x-38-x-8k\/#primaryimage\"},\"thumbnailUrl\":\"https:\/\/t-umbrella.com\/wp-content\/uploads\/2024\/01\/1621704965302_.pic_.jpg\",\"datePublished\":\"2024-01-10T18:54:13+00:00\",\"dateModified\":\"2024-02-21T08:28:44+00:00\",\"description\":\"Melhor f\u00e1brica de guarda-chuvas na China, certificados BSCI, ISO9001 e CE. MOQ 500pcs e 2 a 5 dias de prazo de entrega!\",\"breadcrumb\":{\"@id\":\"https:\/\/t-umbrella.com\/pt-pt\/product\/guarda-chuva-com-cabo-de-madeira-curado-50x-38-x-8k\/#breadcrumb\"},\"inLanguage\":\"pt-PT\",\"potentialAction\":[{\"@type\":\"ReadAction\",\"target\":[\"https:\/\/t-umbrella.com\/pt-pt\/product\/guarda-chuva-com-cabo-de-madeira-curado-50x-38-x-8k\/\"]}]},{\"@type\":\"ImageObject\",\"inLanguage\":\"pt-PT\",\"@id\":\"https:\/\/t-umbrella.com\/pt-pt\/product\/guarda-chuva-com-cabo-de-madeira-curado-50x-38-x-8k\/#primaryimage\",\"url\":\"https:\/\/t-umbrella.com\/wp-content\/uploads\/2024\/01\/1621704965302_.pic_.jpg\",\"contentUrl\":\"https:\/\/t-umbrella.com\/wp-content\/uploads\/2024\/01\/1621704965302_.pic_.jpg\",\"width\":800,\"height\":800},{\"@type\":\"BreadcrumbList\",\"@id\":\"https:\/\/t-umbrella.com\/pt-pt\/product\/guarda-chuva-com-cabo-de-madeira-curado-50x-38-x-8k\/#breadcrumb\",\"itemListElement\":[{\"@type\":\"ListItem\",\"position\":1,\"name\":\"Home\",\"item\":\"https:\/\/t-umbrella.com\/pt-pt\/inicio\/\"},{\"@type\":\"ListItem\",\"position\":2,\"name\":\"Produtos\",\"item\":\"https:\/\/t-umbrella.com\/pt-pt\/shop\/\"},{\"@type\":\"ListItem\",\"position\":3,\"name\":\"Guarda-chuva com cabo de madeira curado 50&#8221;x 38&#8221; x 8K\"}]},{\"@type\":\"WebSite\",\"@id\":\"https:\/\/t-umbrella.com\/pt-pt\/#website\",\"url\":\"https:\/\/t-umbrella.com\/pt-pt\/\",\"name\":\"T-Umbrella\",\"description\":\"\",\"publisher\":{\"@id\":\"https:\/\/t-umbrella.com\/pt-pt\/#organization\"},\"potentialAction\":[{\"@type\":\"SearchAction\",\"target\":{\"@type\":\"EntryPoint\",\"urlTemplate\":\"https:\/\/t-umbrella.com\/pt-pt\/?s={search_term_string}\"},\"query-input\":\"required name=search_term_string\"}],\"inLanguage\":\"pt-PT\"},{\"@type\":\"Organization\",\"@id\":\"https:\/\/t-umbrella.com\/pt-pt\/#organization\",\"name\":\"T-Umbrella\",\"url\":\"https:\/\/t-umbrella.com\/pt-pt\/\",\"logo\":{\"@type\":\"ImageObject\",\"inLanguage\":\"pt-PT\",\"@id\":\"https:\/\/t-umbrella.com\/pt-pt\/#\/schema\/logo\/image\/\",\"url\":\"https:\/\/t-umbrella.com\/wp-content\/uploads\/2023\/11\/logo.png\",\"contentUrl\":\"https:\/\/t-umbrella.com\/wp-content\/uploads\/2023\/11\/logo.png\",\"width\":300,\"height\":120,\"caption\":\"T-Umbrella\"},\"image\":{\"@id\":\"https:\/\/t-umbrella.com\/pt-pt\/#\/schema\/logo\/image\/\"}}]}<\/script>\n<!-- \/ Yoast SEO plugin. -->","yoast_head_json":{"title":"Guarda-chuva com cabo de madeira curado 50''x 38'' x 8K - T-Umbrella","description":"Melhor f\u00e1brica de guarda-chuvas na China, certificados BSCI, ISO9001 e CE. MOQ 500pcs e 2 a 5 dias de prazo de entrega!","robots":{"index":"index","follow":"follow","max-snippet":"max-snippet:-1","max-image-preview":"max-image-preview:large","max-video-preview":"max-video-preview:-1"},"canonical":"https:\/\/t-umbrella.com\/pt-pt\/product\/guarda-chuva-com-cabo-de-madeira-curado-50x-38-x-8k\/","og_locale":"pt_PT","og_type":"article","og_title":"Guarda-chuva com cabo de madeira curado 50''x 38'' x 8K - T-Umbrella","og_description":"Melhor f\u00e1brica de guarda-chuvas na China, certificados BSCI, ISO9001 e CE. MOQ 500pcs e 2 a 5 dias de prazo de entrega!","og_url":"https:\/\/t-umbrella.com\/pt-pt\/product\/guarda-chuva-com-cabo-de-madeira-curado-50x-38-x-8k\/","og_site_name":"T-Umbrella","article_modified_time":"2024-02-21T08:28:44+00:00","og_image":[{"width":800,"height":800,"url":"https:\/\/t-umbrella.com\/wp-content\/uploads\/2024\/01\/1621704965302_.pic_.jpg","type":"image\/jpeg"}],"twitter_card":"summary_large_image","schema":{"@context":"https:\/\/schema.org","@graph":[{"@type":"WebPage","@id":"https:\/\/t-umbrella.com\/pt-pt\/product\/guarda-chuva-com-cabo-de-madeira-curado-50x-38-x-8k\/","url":"https:\/\/t-umbrella.com\/pt-pt\/product\/guarda-chuva-com-cabo-de-madeira-curado-50x-38-x-8k\/","name":"Guarda-chuva com cabo de madeira curado 50''x 38'' x 8K - T-Umbrella","isPartOf":{"@id":"https:\/\/t-umbrella.com\/pt-pt\/#website"},"primaryImageOfPage":{"@id":"https:\/\/t-umbrella.com\/pt-pt\/product\/guarda-chuva-com-cabo-de-madeira-curado-50x-38-x-8k\/#primaryimage"},"image":{"@id":"https:\/\/t-umbrella.com\/pt-pt\/product\/guarda-chuva-com-cabo-de-madeira-curado-50x-38-x-8k\/#primaryimage"},"thumbnailUrl":"https:\/\/t-umbrella.com\/wp-content\/uploads\/2024\/01\/1621704965302_.pic_.jpg","datePublished":"2024-01-10T18:54:13+00:00","dateModified":"2024-02-21T08:28:44+00:00","description":"Melhor f\u00e1brica de guarda-chuvas na China, certificados BSCI, ISO9001 e CE. MOQ 500pcs e 2 a 5 dias de prazo de entrega!","breadcrumb":{"@id":"https:\/\/t-umbrella.com\/pt-pt\/product\/guarda-chuva-com-cabo-de-madeira-curado-50x-38-x-8k\/#breadcrumb"},"inLanguage":"pt-PT","potentialAction":[{"@type":"ReadAction","target":["https:\/\/t-umbrella.com\/pt-pt\/product\/guarda-chuva-com-cabo-de-madeira-curado-50x-38-x-8k\/"]}]},{"@type":"ImageObject","inLanguage":"pt-PT","@id":"https:\/\/t-umbrella.com\/pt-pt\/product\/guarda-chuva-com-cabo-de-madeira-curado-50x-38-x-8k\/#primaryimage","url":"https:\/\/t-umbrella.com\/wp-content\/uploads\/2024\/01\/1621704965302_.pic_.jpg","contentUrl":"https:\/\/t-umbrella.com\/wp-content\/uploads\/2024\/01\/1621704965302_.pic_.jpg","width":800,"height":800},{"@type":"BreadcrumbList","@id":"https:\/\/t-umbrella.com\/pt-pt\/product\/guarda-chuva-com-cabo-de-madeira-curado-50x-38-x-8k\/#breadcrumb","itemListElement":[{"@type":"ListItem","position":1,"name":"Home","item":"https:\/\/t-umbrella.com\/pt-pt\/inicio\/"},{"@type":"ListItem","position":2,"name":"Produtos","item":"https:\/\/t-umbrella.com\/pt-pt\/shop\/"},{"@type":"ListItem","position":3,"name":"Guarda-chuva com cabo de madeira curado 50&#8221;x 38&#8221; x 8K"}]},{"@type":"WebSite","@id":"https:\/\/t-umbrella.com\/pt-pt\/#website","url":"https:\/\/t-umbrella.com\/pt-pt\/","name":"T-Umbrella","description":"","publisher":{"@id":"https:\/\/t-umbrella.com\/pt-pt\/#organization"},"potentialAction":[{"@type":"SearchAction","target":{"@type":"EntryPoint","urlTemplate":"https:\/\/t-umbrella.com\/pt-pt\/?s={search_term_string}"},"query-input":"required name=search_term_string"}],"inLanguage":"pt-PT"},{"@type":"Organization","@id":"https:\/\/t-umbrella.com\/pt-pt\/#organization","name":"T-Umbrella","url":"https:\/\/t-umbrella.com\/pt-pt\/","logo":{"@type":"ImageObject","inLanguage":"pt-PT","@id":"https:\/\/t-umbrella.com\/pt-pt\/#\/schema\/logo\/image\/","url":"https:\/\/t-umbrella.com\/wp-content\/uploads\/2023\/11\/logo.png","contentUrl":"https:\/\/t-umbrella.com\/wp-content\/uploads\/2023\/11\/logo.png","width":300,"height":120,"caption":"T-Umbrella"},"image":{"@id":"https:\/\/t-umbrella.com\/pt-pt\/#\/schema\/logo\/image\/"}}]}},"_links":{"self":[{"href":"https:\/\/t-umbrella.com\/pt-pt\/wp-json\/wp\/v2\/product\/4777","targetHints":{"allow":["GET"]}}],"collection":[{"href":"https:\/\/t-umbrella.com\/pt-pt\/wp-json\/wp\/v2\/product"}],"about":[{"href":"https:\/\/t-umbrella.com\/pt-pt\/wp-json\/wp\/v2\/types\/product"}],"replies":[{"embeddable":true,"href":"https:\/\/t-umbrella.com\/pt-pt\/wp-json\/wp\/v2\/comments?post=4777"}],"wp:featuredmedia":[{"embeddable":true,"href":"https:\/\/t-umbrella.com\/pt-pt\/wp-json\/wp\/v2\/media\/3546"}],"wp:attachment":[{"href":"https:\/\/t-umbrella.com\/pt-pt\/wp-json\/wp\/v2\/media?parent=4777"}],"wp:term":[{"taxonomy":"product_brand","embeddable":true,"href":"https:\/\/t-umbrella.com\/pt-pt\/wp-json\/wp\/v2\/product_brand?post=4777"},{"taxonomy":"product_cat","embeddable":true,"href":"https:\/\/t-umbrella.com\/pt-pt\/wp-json\/wp\/v2\/product_cat?post=4777"},{"taxonomy":"product_tag","embeddable":true,"href":"https:\/\/t-umbrella.com\/pt-pt\/wp-json\/wp\/v2\/product_tag?post=4777"}],"curies":[{"name":"wp","href":"https:\/\/api.w.org\/{rel}","templated":true}]}}