{"id":4753,"date":"2024-01-10T18:51:28","date_gmt":"2024-01-10T18:51:28","guid":{"rendered":"https:\/\/t-umbrella.com\/product\/guarda-chuva-com-cabo-de-madeira-curado-46x-33x-16k\/"},"modified":"2024-01-10T18:51:28","modified_gmt":"2024-01-10T18:51:28","slug":"guarda-chuva-com-cabo-de-madeira-curado-46x-33x-16k","status":"publish","type":"product","link":"https:\/\/t-umbrella.com\/pt-pt\/product\/guarda-chuva-com-cabo-de-madeira-curado-46x-33x-16k\/","title":{"rendered":"Guarda-chuva com cabo de madeira curado 46&#8221;x 33&#8221;x 16K"},"content":{"rendered":"<p>Tecido: pongee 190T<\/p>\n<p>Cor: 9 cores de acordo com as imagens<\/p>\n<p>Tipo de guarda-chuva: guarda-chuva reto, guarda-chuva com cabo de madeira, guarda-chuva de passeio<\/p>\n<p>N\u00famero de costelas: 16<\/p>\n<p>Material das nervuras do guarda-chuva: totalmente em fibra de vidro<\/p>\n<p>Haste do guarda-chuva: a\u00e7o<\/p>\n<p>Peso: 450g<\/p>\n<p>Padr\u00e3o: sem impress\u00e3o<\/p>\n<p>M\u00e9todo de abertura: Semi-autom\u00e1tico<\/p>\n<p>Embalagem: Saco OPP<\/p>\n<p>MOQ:500pcs<\/p>\n<p>Prazo de entrega: 7 dias \u00fateis<\/p>\n<div id=\"wp-content-wrap\" class=\"wp-core-ui wp-editor-wrap tmce-active has-dfw\">\n<div id=\"wp-content-editor-tools\" class=\"wp-editor-tools hide-if-no-js\">\n<div id=\"wp-content-media-buttons\" class=\"wp-media-buttons\"><\/div>\n<\/div>\n<\/div>\n","protected":false},"excerpt":{"rendered":"<p class=\"postbox-header\">Apresentamos a nossa cole\u00e7\u00e3o exclusiva: Guarda-chuvas com cabo de madeira curada &#8211; uma fus\u00e3o entre a beleza da natureza e um artesanato excecional. Eleve os seus dias chuvosos com um toque de sofistica\u00e7\u00e3o ao usar a eleg\u00e2ncia refinada da madeira curada. Fabricados com precis\u00e3o e estilo, os nossos guarda-chuvas n\u00e3o s\u00f3 proporcionam uma cobertura impec\u00e1vel, como tamb\u00e9m s\u00e3o uma afirma\u00e7\u00e3o de moda arrojada. Abrace a mistura \u00fanica de funcionalidade e est\u00e9tica com os nossos guarda-chuvas com cabo de madeira curada. Desvende a arte da natureza em cada chuva. Eleve a sua experi\u00eancia com os guarda-chuvas &#8211; compre j\u00e1 a nossa cole\u00e7\u00e3o com curadoria para um toque de classe intemporal!<\/p>\n<div id=\"wp-content-wrap\" class=\"wp-core-ui wp-editor-wrap tmce-active has-dfw\">\n<div id=\"wp-content-editor-tools\" class=\"wp-editor-tools hide-if-no-js\">\n<p id=\"wp-content-media-buttons\" class=\"wp-media-buttons\">\n<\/div>\n<\/div>\n","protected":false},"featured_media":3672,"comment_status":"open","ping_status":"closed","template":"","meta":{"_seopress_robots_primary_cat":"","_seopress_titles_title":"","_seopress_titles_desc":"","_seopress_robots_index":""},"product_brand":[],"product_cat":[67,65],"product_tag":[],"class_list":{"0":"post-4753","1":"product","2":"type-product","3":"status-publish","4":"has-post-thumbnail","6":"product_cat-guarda-chuva-de-golfe","7":"product_cat-guarda-chuva-reto","9":"first","10":"instock","11":"sale","12":"shipping-taxable","13":"purchasable","14":"product-type-simple"},"yoast_head":"<!-- This site is optimized with the Yoast SEO plugin v22.7 - https:\/\/yoast.com\/wordpress\/plugins\/seo\/ -->\n<title>Guarda-chuva com cabo de madeira curado 46&#039;&#039;x 33&#039;&#039;x 16K - T-Umbrella<\/title>\n<meta name=\"description\" content=\"Neg\u00f3cio B2B para guarda-chuvas com cabo de madeira. MOQ 500pcs com pre\u00e7o baixo. Obter o pre\u00e7o mais baixo agora!\" \/>\n<meta name=\"robots\" content=\"index, follow, max-snippet:-1, max-image-preview:large, max-video-preview:-1\" \/>\n<link rel=\"canonical\" href=\"https:\/\/t-umbrella.com\/pt-pt\/product\/guarda-chuva-com-cabo-de-madeira-curado-46x-33x-16k\/\" \/>\n<meta property=\"og:locale\" content=\"pt_PT\" \/>\n<meta property=\"og:type\" content=\"article\" \/>\n<meta property=\"og:title\" content=\"Guarda-chuva com cabo de madeira curado 46&#039;&#039;x 33&#039;&#039;x 16K - T-Umbrella\" \/>\n<meta property=\"og:description\" content=\"Neg\u00f3cio B2B para guarda-chuvas com cabo de madeira. MOQ 500pcs com pre\u00e7o baixo. Obter o pre\u00e7o mais baixo agora!\" \/>\n<meta property=\"og:url\" content=\"https:\/\/t-umbrella.com\/pt-pt\/product\/guarda-chuva-com-cabo-de-madeira-curado-46x-33x-16k\/\" \/>\n<meta property=\"og:site_name\" content=\"T-Umbrella\" \/>\n<meta property=\"og:image\" content=\"https:\/\/t-umbrella.com\/wp-content\/uploads\/2024\/01\/4-1.jpg\" \/>\n\t<meta property=\"og:image:width\" content=\"800\" \/>\n\t<meta property=\"og:image:height\" content=\"800\" \/>\n\t<meta property=\"og:image:type\" content=\"image\/jpeg\" \/>\n<meta name=\"twitter:card\" content=\"summary_large_image\" \/>\n<script type=\"application\/ld+json\" class=\"yoast-schema-graph\">{\"@context\":\"https:\/\/schema.org\",\"@graph\":[{\"@type\":\"WebPage\",\"@id\":\"https:\/\/t-umbrella.com\/pt-pt\/product\/guarda-chuva-com-cabo-de-madeira-curado-46x-33x-16k\/\",\"url\":\"https:\/\/t-umbrella.com\/pt-pt\/product\/guarda-chuva-com-cabo-de-madeira-curado-46x-33x-16k\/\",\"name\":\"Guarda-chuva com cabo de madeira curado 46''x 33''x 16K - T-Umbrella\",\"isPartOf\":{\"@id\":\"https:\/\/t-umbrella.com\/pt-pt\/#website\"},\"primaryImageOfPage\":{\"@id\":\"https:\/\/t-umbrella.com\/pt-pt\/product\/guarda-chuva-com-cabo-de-madeira-curado-46x-33x-16k\/#primaryimage\"},\"image\":{\"@id\":\"https:\/\/t-umbrella.com\/pt-pt\/product\/guarda-chuva-com-cabo-de-madeira-curado-46x-33x-16k\/#primaryimage\"},\"thumbnailUrl\":\"https:\/\/t-umbrella.com\/wp-content\/uploads\/2024\/01\/4-1.jpg\",\"datePublished\":\"2024-01-10T18:51:28+00:00\",\"dateModified\":\"2024-01-10T18:51:28+00:00\",\"description\":\"Neg\u00f3cio B2B para guarda-chuvas com cabo de madeira. MOQ 500pcs com pre\u00e7o baixo. Obter o pre\u00e7o mais baixo agora!\",\"breadcrumb\":{\"@id\":\"https:\/\/t-umbrella.com\/pt-pt\/product\/guarda-chuva-com-cabo-de-madeira-curado-46x-33x-16k\/#breadcrumb\"},\"inLanguage\":\"pt-PT\",\"potentialAction\":[{\"@type\":\"ReadAction\",\"target\":[\"https:\/\/t-umbrella.com\/pt-pt\/product\/guarda-chuva-com-cabo-de-madeira-curado-46x-33x-16k\/\"]}]},{\"@type\":\"ImageObject\",\"inLanguage\":\"pt-PT\",\"@id\":\"https:\/\/t-umbrella.com\/pt-pt\/product\/guarda-chuva-com-cabo-de-madeira-curado-46x-33x-16k\/#primaryimage\",\"url\":\"https:\/\/t-umbrella.com\/wp-content\/uploads\/2024\/01\/4-1.jpg\",\"contentUrl\":\"https:\/\/t-umbrella.com\/wp-content\/uploads\/2024\/01\/4-1.jpg\",\"width\":800,\"height\":800},{\"@type\":\"BreadcrumbList\",\"@id\":\"https:\/\/t-umbrella.com\/pt-pt\/product\/guarda-chuva-com-cabo-de-madeira-curado-46x-33x-16k\/#breadcrumb\",\"itemListElement\":[{\"@type\":\"ListItem\",\"position\":1,\"name\":\"Home\",\"item\":\"https:\/\/t-umbrella.com\/pt-pt\/inicio\/\"},{\"@type\":\"ListItem\",\"position\":2,\"name\":\"Produtos\",\"item\":\"https:\/\/t-umbrella.com\/pt-pt\/shop\/\"},{\"@type\":\"ListItem\",\"position\":3,\"name\":\"Guarda-chuva com cabo de madeira curado 46&#8221;x 33&#8221;x 16K\"}]},{\"@type\":\"WebSite\",\"@id\":\"https:\/\/t-umbrella.com\/pt-pt\/#website\",\"url\":\"https:\/\/t-umbrella.com\/pt-pt\/\",\"name\":\"T-Umbrella\",\"description\":\"\",\"publisher\":{\"@id\":\"https:\/\/t-umbrella.com\/pt-pt\/#organization\"},\"potentialAction\":[{\"@type\":\"SearchAction\",\"target\":{\"@type\":\"EntryPoint\",\"urlTemplate\":\"https:\/\/t-umbrella.com\/pt-pt\/?s={search_term_string}\"},\"query-input\":\"required name=search_term_string\"}],\"inLanguage\":\"pt-PT\"},{\"@type\":\"Organization\",\"@id\":\"https:\/\/t-umbrella.com\/pt-pt\/#organization\",\"name\":\"T-Umbrella\",\"url\":\"https:\/\/t-umbrella.com\/pt-pt\/\",\"logo\":{\"@type\":\"ImageObject\",\"inLanguage\":\"pt-PT\",\"@id\":\"https:\/\/t-umbrella.com\/pt-pt\/#\/schema\/logo\/image\/\",\"url\":\"https:\/\/t-umbrella.com\/wp-content\/uploads\/2023\/11\/logo.png\",\"contentUrl\":\"https:\/\/t-umbrella.com\/wp-content\/uploads\/2023\/11\/logo.png\",\"width\":300,\"height\":120,\"caption\":\"T-Umbrella\"},\"image\":{\"@id\":\"https:\/\/t-umbrella.com\/pt-pt\/#\/schema\/logo\/image\/\"}}]}<\/script>\n<!-- \/ Yoast SEO plugin. -->","yoast_head_json":{"title":"Guarda-chuva com cabo de madeira curado 46''x 33''x 16K - T-Umbrella","description":"Neg\u00f3cio B2B para guarda-chuvas com cabo de madeira. MOQ 500pcs com pre\u00e7o baixo. Obter o pre\u00e7o mais baixo agora!","robots":{"index":"index","follow":"follow","max-snippet":"max-snippet:-1","max-image-preview":"max-image-preview:large","max-video-preview":"max-video-preview:-1"},"canonical":"https:\/\/t-umbrella.com\/pt-pt\/product\/guarda-chuva-com-cabo-de-madeira-curado-46x-33x-16k\/","og_locale":"pt_PT","og_type":"article","og_title":"Guarda-chuva com cabo de madeira curado 46''x 33''x 16K - T-Umbrella","og_description":"Neg\u00f3cio B2B para guarda-chuvas com cabo de madeira. MOQ 500pcs com pre\u00e7o baixo. Obter o pre\u00e7o mais baixo agora!","og_url":"https:\/\/t-umbrella.com\/pt-pt\/product\/guarda-chuva-com-cabo-de-madeira-curado-46x-33x-16k\/","og_site_name":"T-Umbrella","og_image":[{"width":800,"height":800,"url":"https:\/\/t-umbrella.com\/wp-content\/uploads\/2024\/01\/4-1.jpg","type":"image\/jpeg"}],"twitter_card":"summary_large_image","schema":{"@context":"https:\/\/schema.org","@graph":[{"@type":"WebPage","@id":"https:\/\/t-umbrella.com\/pt-pt\/product\/guarda-chuva-com-cabo-de-madeira-curado-46x-33x-16k\/","url":"https:\/\/t-umbrella.com\/pt-pt\/product\/guarda-chuva-com-cabo-de-madeira-curado-46x-33x-16k\/","name":"Guarda-chuva com cabo de madeira curado 46''x 33''x 16K - T-Umbrella","isPartOf":{"@id":"https:\/\/t-umbrella.com\/pt-pt\/#website"},"primaryImageOfPage":{"@id":"https:\/\/t-umbrella.com\/pt-pt\/product\/guarda-chuva-com-cabo-de-madeira-curado-46x-33x-16k\/#primaryimage"},"image":{"@id":"https:\/\/t-umbrella.com\/pt-pt\/product\/guarda-chuva-com-cabo-de-madeira-curado-46x-33x-16k\/#primaryimage"},"thumbnailUrl":"https:\/\/t-umbrella.com\/wp-content\/uploads\/2024\/01\/4-1.jpg","datePublished":"2024-01-10T18:51:28+00:00","dateModified":"2024-01-10T18:51:28+00:00","description":"Neg\u00f3cio B2B para guarda-chuvas com cabo de madeira. MOQ 500pcs com pre\u00e7o baixo. Obter o pre\u00e7o mais baixo agora!","breadcrumb":{"@id":"https:\/\/t-umbrella.com\/pt-pt\/product\/guarda-chuva-com-cabo-de-madeira-curado-46x-33x-16k\/#breadcrumb"},"inLanguage":"pt-PT","potentialAction":[{"@type":"ReadAction","target":["https:\/\/t-umbrella.com\/pt-pt\/product\/guarda-chuva-com-cabo-de-madeira-curado-46x-33x-16k\/"]}]},{"@type":"ImageObject","inLanguage":"pt-PT","@id":"https:\/\/t-umbrella.com\/pt-pt\/product\/guarda-chuva-com-cabo-de-madeira-curado-46x-33x-16k\/#primaryimage","url":"https:\/\/t-umbrella.com\/wp-content\/uploads\/2024\/01\/4-1.jpg","contentUrl":"https:\/\/t-umbrella.com\/wp-content\/uploads\/2024\/01\/4-1.jpg","width":800,"height":800},{"@type":"BreadcrumbList","@id":"https:\/\/t-umbrella.com\/pt-pt\/product\/guarda-chuva-com-cabo-de-madeira-curado-46x-33x-16k\/#breadcrumb","itemListElement":[{"@type":"ListItem","position":1,"name":"Home","item":"https:\/\/t-umbrella.com\/pt-pt\/inicio\/"},{"@type":"ListItem","position":2,"name":"Produtos","item":"https:\/\/t-umbrella.com\/pt-pt\/shop\/"},{"@type":"ListItem","position":3,"name":"Guarda-chuva com cabo de madeira curado 46&#8221;x 33&#8221;x 16K"}]},{"@type":"WebSite","@id":"https:\/\/t-umbrella.com\/pt-pt\/#website","url":"https:\/\/t-umbrella.com\/pt-pt\/","name":"T-Umbrella","description":"","publisher":{"@id":"https:\/\/t-umbrella.com\/pt-pt\/#organization"},"potentialAction":[{"@type":"SearchAction","target":{"@type":"EntryPoint","urlTemplate":"https:\/\/t-umbrella.com\/pt-pt\/?s={search_term_string}"},"query-input":"required name=search_term_string"}],"inLanguage":"pt-PT"},{"@type":"Organization","@id":"https:\/\/t-umbrella.com\/pt-pt\/#organization","name":"T-Umbrella","url":"https:\/\/t-umbrella.com\/pt-pt\/","logo":{"@type":"ImageObject","inLanguage":"pt-PT","@id":"https:\/\/t-umbrella.com\/pt-pt\/#\/schema\/logo\/image\/","url":"https:\/\/t-umbrella.com\/wp-content\/uploads\/2023\/11\/logo.png","contentUrl":"https:\/\/t-umbrella.com\/wp-content\/uploads\/2023\/11\/logo.png","width":300,"height":120,"caption":"T-Umbrella"},"image":{"@id":"https:\/\/t-umbrella.com\/pt-pt\/#\/schema\/logo\/image\/"}}]}},"_links":{"self":[{"href":"https:\/\/t-umbrella.com\/pt-pt\/wp-json\/wp\/v2\/product\/4753","targetHints":{"allow":["GET"]}}],"collection":[{"href":"https:\/\/t-umbrella.com\/pt-pt\/wp-json\/wp\/v2\/product"}],"about":[{"href":"https:\/\/t-umbrella.com\/pt-pt\/wp-json\/wp\/v2\/types\/product"}],"replies":[{"embeddable":true,"href":"https:\/\/t-umbrella.com\/pt-pt\/wp-json\/wp\/v2\/comments?post=4753"}],"wp:featuredmedia":[{"embeddable":true,"href":"https:\/\/t-umbrella.com\/pt-pt\/wp-json\/wp\/v2\/media\/3672"}],"wp:attachment":[{"href":"https:\/\/t-umbrella.com\/pt-pt\/wp-json\/wp\/v2\/media?parent=4753"}],"wp:term":[{"taxonomy":"product_brand","embeddable":true,"href":"https:\/\/t-umbrella.com\/pt-pt\/wp-json\/wp\/v2\/product_brand?post=4753"},{"taxonomy":"product_cat","embeddable":true,"href":"https:\/\/t-umbrella.com\/pt-pt\/wp-json\/wp\/v2\/product_cat?post=4753"},{"taxonomy":"product_tag","embeddable":true,"href":"https:\/\/t-umbrella.com\/pt-pt\/wp-json\/wp\/v2\/product_tag?post=4753"}],"curies":[{"name":"wp","href":"https:\/\/api.w.org\/{rel}","templated":true}]}}