{"id":4896,"date":"2024-02-01T07:21:25","date_gmt":"2024-02-01T07:21:25","guid":{"rendered":"https:\/\/t-umbrella.com\/product\/parapluie-en-vinyle-40-x-29-pour-enfants\/"},"modified":"2024-02-01T07:21:25","modified_gmt":"2024-02-01T07:21:25","slug":"parapluie-en-vinyle-40-x-29-pour-enfants","status":"publish","type":"product","link":"https:\/\/t-umbrella.com\/fr\/product\/parapluie-en-vinyle-40-x-29-pour-enfants\/","title":{"rendered":"Parapluie en vinyle 40\u00a0\u00bb x 29\u00a0\u00bb pour enfants"},"content":{"rendered":"<p><strong>Tissu :<\/strong> Vinyle<\/p>\n<p><strong>Couleur :<\/strong> 8 couleurs selon les photos<\/p>\n<p><strong>Type de parapluie :<\/strong> parapluie pour enfants, parapluie anti-UV, petit parapluie<\/p>\n<p><strong>Nombre de c\u00f4tes :<\/strong> 8<\/p>\n<p><strong>Mat\u00e9riau de la baleine du parapluie :<\/strong> plastique<\/p>\n<p><strong>Tige du parapluie :<\/strong> plastique<\/p>\n<p><strong>Poids :<\/strong> 298g<\/p>\n<p><strong>Motif :<\/strong> avec impression comme les photos<\/p>\n<p><strong>M\u00e9thode ouverte :<\/strong> Manuel<\/p>\n<p><strong>Emballage :<\/strong> Sac OPP<\/p>\n<p><strong>MOQ:<\/strong>100pcs<\/p>\n<p><strong>D\u00e9lai de livraison :<\/strong> 2 \u00e0 7 jours ouvrables<\/p>\n","protected":false},"excerpt":{"rendered":"<p>Ajoutez de la joie aux jours de pluie avec nos parapluies pour enfants. Des designs \u00e9clatants, des fonctions adapt\u00e9es aux enfants et une protection fiable cr\u00e9ent une exp\u00e9rience amusante et s\u00fbre. D\u00e9couvrez notre collection pour sourire sous toutes les averses<\/p>\n","protected":false},"featured_media":4161,"comment_status":"open","ping_status":"closed","template":"","meta":{"_seopress_robots_primary_cat":"","_seopress_titles_title":"","_seopress_titles_desc":"","_seopress_robots_index":""},"product_brand":[],"product_cat":[98],"product_tag":[],"class_list":{"0":"post-4896","1":"product","2":"type-product","3":"status-publish","4":"has-post-thumbnail","6":"product_cat-parapluie-pour-enfants","8":"first","9":"instock","10":"sale","11":"shipping-taxable","12":"purchasable","13":"product-type-simple"},"yoast_head":"<!-- This site is optimized with the Yoast SEO plugin v22.7 - https:\/\/yoast.com\/wordpress\/plugins\/seo\/ -->\n<title>Parapluie en vinyle 40&#039;&#039; x 29&#039;&#039; pour enfants - T-Umbrella<\/title>\n<meta name=\"description\" content=\"Tianxiu (T-umbrella) dispose d&#039;un stock de parapluies pour enfants et d&#039;une capacit\u00e9 de personnalisation des parapluies, aidant des milliers de marques \u00e0 promouvoir et \u00e0 concevoir. MOQ 100pcs.\" \/>\n<meta name=\"robots\" content=\"index, follow, max-snippet:-1, max-image-preview:large, max-video-preview:-1\" \/>\n<link rel=\"canonical\" href=\"https:\/\/t-umbrella.com\/fr\/product\/parapluie-en-vinyle-40-x-29-pour-enfants\/\" \/>\n<meta property=\"og:locale\" content=\"fr_FR\" \/>\n<meta property=\"og:type\" content=\"article\" \/>\n<meta property=\"og:title\" content=\"Parapluie en vinyle 40&#039;&#039; x 29&#039;&#039; pour enfants - T-Umbrella\" \/>\n<meta property=\"og:description\" content=\"Tianxiu (T-umbrella) dispose d&#039;un stock de parapluies pour enfants et d&#039;une capacit\u00e9 de personnalisation des parapluies, aidant des milliers de marques \u00e0 promouvoir et \u00e0 concevoir. MOQ 100pcs.\" \/>\n<meta property=\"og:url\" content=\"https:\/\/t-umbrella.com\/fr\/product\/parapluie-en-vinyle-40-x-29-pour-enfants\/\" \/>\n<meta property=\"og:site_name\" content=\"T-Umbrella\" \/>\n<meta property=\"og:image\" content=\"https:\/\/t-umbrella.com\/wp-content\/uploads\/2024\/02\/8-1.jpg\" \/>\n\t<meta property=\"og:image:width\" content=\"800\" \/>\n\t<meta property=\"og:image:height\" content=\"800\" \/>\n\t<meta property=\"og:image:type\" content=\"image\/jpeg\" \/>\n<meta name=\"twitter:card\" content=\"summary_large_image\" \/>\n<script type=\"application\/ld+json\" class=\"yoast-schema-graph\">{\"@context\":\"https:\/\/schema.org\",\"@graph\":[{\"@type\":\"WebPage\",\"@id\":\"https:\/\/t-umbrella.com\/fr\/product\/parapluie-en-vinyle-40-x-29-pour-enfants\/\",\"url\":\"https:\/\/t-umbrella.com\/fr\/product\/parapluie-en-vinyle-40-x-29-pour-enfants\/\",\"name\":\"Parapluie en vinyle 40'' x 29'' pour enfants - T-Umbrella\",\"isPartOf\":{\"@id\":\"https:\/\/t-umbrella.com\/fr\/#website\"},\"primaryImageOfPage\":{\"@id\":\"https:\/\/t-umbrella.com\/fr\/product\/parapluie-en-vinyle-40-x-29-pour-enfants\/#primaryimage\"},\"image\":{\"@id\":\"https:\/\/t-umbrella.com\/fr\/product\/parapluie-en-vinyle-40-x-29-pour-enfants\/#primaryimage\"},\"thumbnailUrl\":\"https:\/\/t-umbrella.com\/wp-content\/uploads\/2024\/02\/8-1.jpg\",\"datePublished\":\"2024-02-01T07:21:25+00:00\",\"dateModified\":\"2024-02-01T07:21:25+00:00\",\"description\":\"Tianxiu (T-umbrella) dispose d'un stock de parapluies pour enfants et d'une capacit\u00e9 de personnalisation des parapluies, aidant des milliers de marques \u00e0 promouvoir et \u00e0 concevoir. MOQ 100pcs.\",\"breadcrumb\":{\"@id\":\"https:\/\/t-umbrella.com\/fr\/product\/parapluie-en-vinyle-40-x-29-pour-enfants\/#breadcrumb\"},\"inLanguage\":\"fr-FR\",\"potentialAction\":[{\"@type\":\"ReadAction\",\"target\":[\"https:\/\/t-umbrella.com\/fr\/product\/parapluie-en-vinyle-40-x-29-pour-enfants\/\"]}]},{\"@type\":\"ImageObject\",\"inLanguage\":\"fr-FR\",\"@id\":\"https:\/\/t-umbrella.com\/fr\/product\/parapluie-en-vinyle-40-x-29-pour-enfants\/#primaryimage\",\"url\":\"https:\/\/t-umbrella.com\/wp-content\/uploads\/2024\/02\/8-1.jpg\",\"contentUrl\":\"https:\/\/t-umbrella.com\/wp-content\/uploads\/2024\/02\/8-1.jpg\",\"width\":800,\"height\":800},{\"@type\":\"BreadcrumbList\",\"@id\":\"https:\/\/t-umbrella.com\/fr\/product\/parapluie-en-vinyle-40-x-29-pour-enfants\/#breadcrumb\",\"itemListElement\":[{\"@type\":\"ListItem\",\"position\":1,\"name\":\"Home\",\"item\":\"https:\/\/t-umbrella.com\/fr\/accueil\/\"},{\"@type\":\"ListItem\",\"position\":2,\"name\":\"Produits\",\"item\":\"https:\/\/t-umbrella.com\/fr\/shop\/\"},{\"@type\":\"ListItem\",\"position\":3,\"name\":\"Parapluie en vinyle 40&#8221; x 29&#8221; pour enfants\"}]},{\"@type\":\"WebSite\",\"@id\":\"https:\/\/t-umbrella.com\/fr\/#website\",\"url\":\"https:\/\/t-umbrella.com\/fr\/\",\"name\":\"T-Umbrella\",\"description\":\"\",\"publisher\":{\"@id\":\"https:\/\/t-umbrella.com\/fr\/#organization\"},\"potentialAction\":[{\"@type\":\"SearchAction\",\"target\":{\"@type\":\"EntryPoint\",\"urlTemplate\":\"https:\/\/t-umbrella.com\/fr\/?s={search_term_string}\"},\"query-input\":\"required name=search_term_string\"}],\"inLanguage\":\"fr-FR\"},{\"@type\":\"Organization\",\"@id\":\"https:\/\/t-umbrella.com\/fr\/#organization\",\"name\":\"T-Umbrella\",\"url\":\"https:\/\/t-umbrella.com\/fr\/\",\"logo\":{\"@type\":\"ImageObject\",\"inLanguage\":\"fr-FR\",\"@id\":\"https:\/\/t-umbrella.com\/fr\/#\/schema\/logo\/image\/\",\"url\":\"https:\/\/t-umbrella.com\/wp-content\/uploads\/2023\/11\/logo.png\",\"contentUrl\":\"https:\/\/t-umbrella.com\/wp-content\/uploads\/2023\/11\/logo.png\",\"width\":300,\"height\":120,\"caption\":\"T-Umbrella\"},\"image\":{\"@id\":\"https:\/\/t-umbrella.com\/fr\/#\/schema\/logo\/image\/\"}}]}<\/script>\n<!-- \/ Yoast SEO plugin. -->","yoast_head_json":{"title":"Parapluie en vinyle 40'' x 29'' pour enfants - T-Umbrella","description":"Tianxiu (T-umbrella) dispose d'un stock de parapluies pour enfants et d'une capacit\u00e9 de personnalisation des parapluies, aidant des milliers de marques \u00e0 promouvoir et \u00e0 concevoir. MOQ 100pcs.","robots":{"index":"index","follow":"follow","max-snippet":"max-snippet:-1","max-image-preview":"max-image-preview:large","max-video-preview":"max-video-preview:-1"},"canonical":"https:\/\/t-umbrella.com\/fr\/product\/parapluie-en-vinyle-40-x-29-pour-enfants\/","og_locale":"fr_FR","og_type":"article","og_title":"Parapluie en vinyle 40'' x 29'' pour enfants - T-Umbrella","og_description":"Tianxiu (T-umbrella) dispose d'un stock de parapluies pour enfants et d'une capacit\u00e9 de personnalisation des parapluies, aidant des milliers de marques \u00e0 promouvoir et \u00e0 concevoir. MOQ 100pcs.","og_url":"https:\/\/t-umbrella.com\/fr\/product\/parapluie-en-vinyle-40-x-29-pour-enfants\/","og_site_name":"T-Umbrella","og_image":[{"width":800,"height":800,"url":"https:\/\/t-umbrella.com\/wp-content\/uploads\/2024\/02\/8-1.jpg","type":"image\/jpeg"}],"twitter_card":"summary_large_image","schema":{"@context":"https:\/\/schema.org","@graph":[{"@type":"WebPage","@id":"https:\/\/t-umbrella.com\/fr\/product\/parapluie-en-vinyle-40-x-29-pour-enfants\/","url":"https:\/\/t-umbrella.com\/fr\/product\/parapluie-en-vinyle-40-x-29-pour-enfants\/","name":"Parapluie en vinyle 40'' x 29'' pour enfants - T-Umbrella","isPartOf":{"@id":"https:\/\/t-umbrella.com\/fr\/#website"},"primaryImageOfPage":{"@id":"https:\/\/t-umbrella.com\/fr\/product\/parapluie-en-vinyle-40-x-29-pour-enfants\/#primaryimage"},"image":{"@id":"https:\/\/t-umbrella.com\/fr\/product\/parapluie-en-vinyle-40-x-29-pour-enfants\/#primaryimage"},"thumbnailUrl":"https:\/\/t-umbrella.com\/wp-content\/uploads\/2024\/02\/8-1.jpg","datePublished":"2024-02-01T07:21:25+00:00","dateModified":"2024-02-01T07:21:25+00:00","description":"Tianxiu (T-umbrella) dispose d'un stock de parapluies pour enfants et d'une capacit\u00e9 de personnalisation des parapluies, aidant des milliers de marques \u00e0 promouvoir et \u00e0 concevoir. MOQ 100pcs.","breadcrumb":{"@id":"https:\/\/t-umbrella.com\/fr\/product\/parapluie-en-vinyle-40-x-29-pour-enfants\/#breadcrumb"},"inLanguage":"fr-FR","potentialAction":[{"@type":"ReadAction","target":["https:\/\/t-umbrella.com\/fr\/product\/parapluie-en-vinyle-40-x-29-pour-enfants\/"]}]},{"@type":"ImageObject","inLanguage":"fr-FR","@id":"https:\/\/t-umbrella.com\/fr\/product\/parapluie-en-vinyle-40-x-29-pour-enfants\/#primaryimage","url":"https:\/\/t-umbrella.com\/wp-content\/uploads\/2024\/02\/8-1.jpg","contentUrl":"https:\/\/t-umbrella.com\/wp-content\/uploads\/2024\/02\/8-1.jpg","width":800,"height":800},{"@type":"BreadcrumbList","@id":"https:\/\/t-umbrella.com\/fr\/product\/parapluie-en-vinyle-40-x-29-pour-enfants\/#breadcrumb","itemListElement":[{"@type":"ListItem","position":1,"name":"Home","item":"https:\/\/t-umbrella.com\/fr\/accueil\/"},{"@type":"ListItem","position":2,"name":"Produits","item":"https:\/\/t-umbrella.com\/fr\/shop\/"},{"@type":"ListItem","position":3,"name":"Parapluie en vinyle 40&#8221; x 29&#8221; pour enfants"}]},{"@type":"WebSite","@id":"https:\/\/t-umbrella.com\/fr\/#website","url":"https:\/\/t-umbrella.com\/fr\/","name":"T-Umbrella","description":"","publisher":{"@id":"https:\/\/t-umbrella.com\/fr\/#organization"},"potentialAction":[{"@type":"SearchAction","target":{"@type":"EntryPoint","urlTemplate":"https:\/\/t-umbrella.com\/fr\/?s={search_term_string}"},"query-input":"required name=search_term_string"}],"inLanguage":"fr-FR"},{"@type":"Organization","@id":"https:\/\/t-umbrella.com\/fr\/#organization","name":"T-Umbrella","url":"https:\/\/t-umbrella.com\/fr\/","logo":{"@type":"ImageObject","inLanguage":"fr-FR","@id":"https:\/\/t-umbrella.com\/fr\/#\/schema\/logo\/image\/","url":"https:\/\/t-umbrella.com\/wp-content\/uploads\/2023\/11\/logo.png","contentUrl":"https:\/\/t-umbrella.com\/wp-content\/uploads\/2023\/11\/logo.png","width":300,"height":120,"caption":"T-Umbrella"},"image":{"@id":"https:\/\/t-umbrella.com\/fr\/#\/schema\/logo\/image\/"}}]}},"_links":{"self":[{"href":"https:\/\/t-umbrella.com\/fr\/wp-json\/wp\/v2\/product\/4896","targetHints":{"allow":["GET"]}}],"collection":[{"href":"https:\/\/t-umbrella.com\/fr\/wp-json\/wp\/v2\/product"}],"about":[{"href":"https:\/\/t-umbrella.com\/fr\/wp-json\/wp\/v2\/types\/product"}],"replies":[{"embeddable":true,"href":"https:\/\/t-umbrella.com\/fr\/wp-json\/wp\/v2\/comments?post=4896"}],"wp:featuredmedia":[{"embeddable":true,"href":"https:\/\/t-umbrella.com\/fr\/wp-json\/wp\/v2\/media\/4161"}],"wp:attachment":[{"href":"https:\/\/t-umbrella.com\/fr\/wp-json\/wp\/v2\/media?parent=4896"}],"wp:term":[{"taxonomy":"product_brand","embeddable":true,"href":"https:\/\/t-umbrella.com\/fr\/wp-json\/wp\/v2\/product_brand?post=4896"},{"taxonomy":"product_cat","embeddable":true,"href":"https:\/\/t-umbrella.com\/fr\/wp-json\/wp\/v2\/product_cat?post=4896"},{"taxonomy":"product_tag","embeddable":true,"href":"https:\/\/t-umbrella.com\/fr\/wp-json\/wp\/v2\/product_tag?post=4896"}],"curies":[{"name":"wp","href":"https:\/\/api.w.org\/{rel}","templated":true}]}}