{"id":4865,"date":"2024-02-01T06:00:14","date_gmt":"2024-02-01T06:00:14","guid":{"rendered":"https:\/\/t-umbrella.com\/product\/46-x-10k-parapluie-manuel-en-bois-a-usage-intensif\/"},"modified":"2024-02-01T06:00:14","modified_gmt":"2024-02-01T06:00:14","slug":"46-x-10k-parapluie-manuel-en-bois-a-usage-intensif","status":"publish","type":"product","link":"https:\/\/t-umbrella.com\/fr\/product\/46-x-10k-parapluie-manuel-en-bois-a-usage-intensif\/","title":{"rendered":"46\u00a0\u00bb x 10K parapluie manuel en bois \u00e0 usage intensif"},"content":{"rendered":"<p><strong>Tissu :<\/strong> Vinyle<\/p>\n<p><strong>Couleur :<\/strong> 6 couleurs selon les photos<\/p>\n<p><strong>Type de parapluie :<\/strong> parapluie pliant, parapluie anti-UV, parapluie compact<\/p>\n<p><strong>Nombre de c\u00f4tes :<\/strong> 10<\/p>\n<p><strong>Mat\u00e9riau des baleines du parapluie :<\/strong> fibre de verre<\/p>\n<p><strong>Tige du parapluie :<\/strong> acier<\/p>\n<p><strong>Poids :<\/strong> 465 g<\/p>\n<p><strong>Motif :<\/strong> sans impression<\/p>\n<p><strong>M\u00e9thode ouverte :<\/strong> Auto<\/p>\n<p><strong>Emballage :<\/strong> Sac en tissu<\/p>\n<p><strong>MOQ:<\/strong>500pcs<\/p>\n<p><strong>D\u00e9lai de livraison :<\/strong> 7 jours ouvrables<\/p>\n","protected":false},"excerpt":{"rendered":"<p>Laissez-vous s\u00e9duire par la sophistication de notre parapluie \u00e0 poign\u00e9e en bois de haute qualit\u00e9. M\u00e9ticuleusement con\u00e7u pour \u00eatre durable et \u00e9l\u00e9gant, le manche en bois de qualit\u00e9 sup\u00e9rieure d\u00e9gage une \u00e9l\u00e9gance intemporelle. Donnez \u00e0 vos journ\u00e9es pluvieuses une touche de luxe, en alliant parfaitement fonctionnalit\u00e9 et design exquis. Restez au sec en toute simplicit\u00e9 gr\u00e2ce \u00e0 cet accessoire.<\/p>\n","protected":false},"featured_media":3987,"comment_status":"open","ping_status":"closed","template":"","meta":{"_seopress_robots_primary_cat":"","_seopress_titles_title":"","_seopress_titles_desc":"","_seopress_robots_index":""},"product_brand":[],"product_cat":[91],"product_tag":[],"class_list":{"0":"post-4865","1":"product","2":"type-product","3":"status-publish","4":"has-post-thumbnail","6":"product_cat-parapluie-pliant","8":"first","9":"instock","10":"sale","11":"shipping-taxable","12":"purchasable","13":"product-type-simple"},"yoast_head":"<!-- This site is optimized with the Yoast SEO plugin v22.7 - https:\/\/yoast.com\/wordpress\/plugins\/seo\/ -->\n<title>46&#039;&#039; x 10K parapluie manuel en bois \u00e0 usage intensif - T-Umbrella<\/title>\n<meta name=\"description\" content=\"MOQ 500pcs, 7 jours de d\u00e9lai de livraison pour le parapluie en bois et m\u00e9tal. Ouverture\/fermeture automatique du parapluie. Fabricant chinois fiable de parapluies.\" \/>\n<meta name=\"robots\" content=\"index, follow, max-snippet:-1, max-image-preview:large, max-video-preview:-1\" \/>\n<link rel=\"canonical\" href=\"https:\/\/t-umbrella.com\/fr\/product\/46-x-10k-parapluie-manuel-en-bois-a-usage-intensif\/\" \/>\n<meta property=\"og:locale\" content=\"fr_FR\" \/>\n<meta property=\"og:type\" content=\"article\" \/>\n<meta property=\"og:title\" content=\"46&#039;&#039; x 10K parapluie manuel en bois \u00e0 usage intensif - T-Umbrella\" \/>\n<meta property=\"og:description\" content=\"MOQ 500pcs, 7 jours de d\u00e9lai de livraison pour le parapluie en bois et m\u00e9tal. Ouverture\/fermeture automatique du parapluie. Fabricant chinois fiable de parapluies.\" \/>\n<meta property=\"og:url\" content=\"https:\/\/t-umbrella.com\/fr\/product\/46-x-10k-parapluie-manuel-en-bois-a-usage-intensif\/\" \/>\n<meta property=\"og:site_name\" content=\"T-Umbrella\" \/>\n<meta property=\"og:image\" content=\"https:\/\/t-umbrella.com\/wp-content\/uploads\/2024\/02\/2581706766615_.pic_.jpg\" \/>\n\t<meta property=\"og:image:width\" content=\"800\" \/>\n\t<meta property=\"og:image:height\" content=\"800\" \/>\n\t<meta property=\"og:image:type\" content=\"image\/jpeg\" \/>\n<meta name=\"twitter:card\" content=\"summary_large_image\" \/>\n<script type=\"application\/ld+json\" class=\"yoast-schema-graph\">{\"@context\":\"https:\/\/schema.org\",\"@graph\":[{\"@type\":\"WebPage\",\"@id\":\"https:\/\/t-umbrella.com\/fr\/product\/46-x-10k-parapluie-manuel-en-bois-a-usage-intensif\/\",\"url\":\"https:\/\/t-umbrella.com\/fr\/product\/46-x-10k-parapluie-manuel-en-bois-a-usage-intensif\/\",\"name\":\"46'' x 10K parapluie manuel en bois \u00e0 usage intensif - T-Umbrella\",\"isPartOf\":{\"@id\":\"https:\/\/t-umbrella.com\/fr\/#website\"},\"primaryImageOfPage\":{\"@id\":\"https:\/\/t-umbrella.com\/fr\/product\/46-x-10k-parapluie-manuel-en-bois-a-usage-intensif\/#primaryimage\"},\"image\":{\"@id\":\"https:\/\/t-umbrella.com\/fr\/product\/46-x-10k-parapluie-manuel-en-bois-a-usage-intensif\/#primaryimage\"},\"thumbnailUrl\":\"https:\/\/t-umbrella.com\/wp-content\/uploads\/2024\/02\/2581706766615_.pic_.jpg\",\"datePublished\":\"2024-02-01T06:00:14+00:00\",\"dateModified\":\"2024-02-01T06:00:14+00:00\",\"description\":\"MOQ 500pcs, 7 jours de d\u00e9lai de livraison pour le parapluie en bois et m\u00e9tal. Ouverture\/fermeture automatique du parapluie. Fabricant chinois fiable de parapluies.\",\"breadcrumb\":{\"@id\":\"https:\/\/t-umbrella.com\/fr\/product\/46-x-10k-parapluie-manuel-en-bois-a-usage-intensif\/#breadcrumb\"},\"inLanguage\":\"fr-FR\",\"potentialAction\":[{\"@type\":\"ReadAction\",\"target\":[\"https:\/\/t-umbrella.com\/fr\/product\/46-x-10k-parapluie-manuel-en-bois-a-usage-intensif\/\"]}]},{\"@type\":\"ImageObject\",\"inLanguage\":\"fr-FR\",\"@id\":\"https:\/\/t-umbrella.com\/fr\/product\/46-x-10k-parapluie-manuel-en-bois-a-usage-intensif\/#primaryimage\",\"url\":\"https:\/\/t-umbrella.com\/wp-content\/uploads\/2024\/02\/2581706766615_.pic_.jpg\",\"contentUrl\":\"https:\/\/t-umbrella.com\/wp-content\/uploads\/2024\/02\/2581706766615_.pic_.jpg\",\"width\":800,\"height\":800},{\"@type\":\"BreadcrumbList\",\"@id\":\"https:\/\/t-umbrella.com\/fr\/product\/46-x-10k-parapluie-manuel-en-bois-a-usage-intensif\/#breadcrumb\",\"itemListElement\":[{\"@type\":\"ListItem\",\"position\":1,\"name\":\"Home\",\"item\":\"https:\/\/t-umbrella.com\/fr\/accueil\/\"},{\"@type\":\"ListItem\",\"position\":2,\"name\":\"Produits\",\"item\":\"https:\/\/t-umbrella.com\/fr\/shop\/\"},{\"@type\":\"ListItem\",\"position\":3,\"name\":\"46&#8221; x 10K parapluie manuel en bois \u00e0 usage intensif\"}]},{\"@type\":\"WebSite\",\"@id\":\"https:\/\/t-umbrella.com\/fr\/#website\",\"url\":\"https:\/\/t-umbrella.com\/fr\/\",\"name\":\"T-Umbrella\",\"description\":\"\",\"publisher\":{\"@id\":\"https:\/\/t-umbrella.com\/fr\/#organization\"},\"potentialAction\":[{\"@type\":\"SearchAction\",\"target\":{\"@type\":\"EntryPoint\",\"urlTemplate\":\"https:\/\/t-umbrella.com\/fr\/?s={search_term_string}\"},\"query-input\":\"required name=search_term_string\"}],\"inLanguage\":\"fr-FR\"},{\"@type\":\"Organization\",\"@id\":\"https:\/\/t-umbrella.com\/fr\/#organization\",\"name\":\"T-Umbrella\",\"url\":\"https:\/\/t-umbrella.com\/fr\/\",\"logo\":{\"@type\":\"ImageObject\",\"inLanguage\":\"fr-FR\",\"@id\":\"https:\/\/t-umbrella.com\/fr\/#\/schema\/logo\/image\/\",\"url\":\"https:\/\/t-umbrella.com\/wp-content\/uploads\/2023\/11\/logo.png\",\"contentUrl\":\"https:\/\/t-umbrella.com\/wp-content\/uploads\/2023\/11\/logo.png\",\"width\":300,\"height\":120,\"caption\":\"T-Umbrella\"},\"image\":{\"@id\":\"https:\/\/t-umbrella.com\/fr\/#\/schema\/logo\/image\/\"}}]}<\/script>\n<!-- \/ Yoast SEO plugin. -->","yoast_head_json":{"title":"46'' x 10K parapluie manuel en bois \u00e0 usage intensif - T-Umbrella","description":"MOQ 500pcs, 7 jours de d\u00e9lai de livraison pour le parapluie en bois et m\u00e9tal. Ouverture\/fermeture automatique du parapluie. Fabricant chinois fiable de parapluies.","robots":{"index":"index","follow":"follow","max-snippet":"max-snippet:-1","max-image-preview":"max-image-preview:large","max-video-preview":"max-video-preview:-1"},"canonical":"https:\/\/t-umbrella.com\/fr\/product\/46-x-10k-parapluie-manuel-en-bois-a-usage-intensif\/","og_locale":"fr_FR","og_type":"article","og_title":"46'' x 10K parapluie manuel en bois \u00e0 usage intensif - T-Umbrella","og_description":"MOQ 500pcs, 7 jours de d\u00e9lai de livraison pour le parapluie en bois et m\u00e9tal. Ouverture\/fermeture automatique du parapluie. Fabricant chinois fiable de parapluies.","og_url":"https:\/\/t-umbrella.com\/fr\/product\/46-x-10k-parapluie-manuel-en-bois-a-usage-intensif\/","og_site_name":"T-Umbrella","og_image":[{"width":800,"height":800,"url":"https:\/\/t-umbrella.com\/wp-content\/uploads\/2024\/02\/2581706766615_.pic_.jpg","type":"image\/jpeg"}],"twitter_card":"summary_large_image","schema":{"@context":"https:\/\/schema.org","@graph":[{"@type":"WebPage","@id":"https:\/\/t-umbrella.com\/fr\/product\/46-x-10k-parapluie-manuel-en-bois-a-usage-intensif\/","url":"https:\/\/t-umbrella.com\/fr\/product\/46-x-10k-parapluie-manuel-en-bois-a-usage-intensif\/","name":"46'' x 10K parapluie manuel en bois \u00e0 usage intensif - T-Umbrella","isPartOf":{"@id":"https:\/\/t-umbrella.com\/fr\/#website"},"primaryImageOfPage":{"@id":"https:\/\/t-umbrella.com\/fr\/product\/46-x-10k-parapluie-manuel-en-bois-a-usage-intensif\/#primaryimage"},"image":{"@id":"https:\/\/t-umbrella.com\/fr\/product\/46-x-10k-parapluie-manuel-en-bois-a-usage-intensif\/#primaryimage"},"thumbnailUrl":"https:\/\/t-umbrella.com\/wp-content\/uploads\/2024\/02\/2581706766615_.pic_.jpg","datePublished":"2024-02-01T06:00:14+00:00","dateModified":"2024-02-01T06:00:14+00:00","description":"MOQ 500pcs, 7 jours de d\u00e9lai de livraison pour le parapluie en bois et m\u00e9tal. Ouverture\/fermeture automatique du parapluie. Fabricant chinois fiable de parapluies.","breadcrumb":{"@id":"https:\/\/t-umbrella.com\/fr\/product\/46-x-10k-parapluie-manuel-en-bois-a-usage-intensif\/#breadcrumb"},"inLanguage":"fr-FR","potentialAction":[{"@type":"ReadAction","target":["https:\/\/t-umbrella.com\/fr\/product\/46-x-10k-parapluie-manuel-en-bois-a-usage-intensif\/"]}]},{"@type":"ImageObject","inLanguage":"fr-FR","@id":"https:\/\/t-umbrella.com\/fr\/product\/46-x-10k-parapluie-manuel-en-bois-a-usage-intensif\/#primaryimage","url":"https:\/\/t-umbrella.com\/wp-content\/uploads\/2024\/02\/2581706766615_.pic_.jpg","contentUrl":"https:\/\/t-umbrella.com\/wp-content\/uploads\/2024\/02\/2581706766615_.pic_.jpg","width":800,"height":800},{"@type":"BreadcrumbList","@id":"https:\/\/t-umbrella.com\/fr\/product\/46-x-10k-parapluie-manuel-en-bois-a-usage-intensif\/#breadcrumb","itemListElement":[{"@type":"ListItem","position":1,"name":"Home","item":"https:\/\/t-umbrella.com\/fr\/accueil\/"},{"@type":"ListItem","position":2,"name":"Produits","item":"https:\/\/t-umbrella.com\/fr\/shop\/"},{"@type":"ListItem","position":3,"name":"46&#8221; x 10K parapluie manuel en bois \u00e0 usage intensif"}]},{"@type":"WebSite","@id":"https:\/\/t-umbrella.com\/fr\/#website","url":"https:\/\/t-umbrella.com\/fr\/","name":"T-Umbrella","description":"","publisher":{"@id":"https:\/\/t-umbrella.com\/fr\/#organization"},"potentialAction":[{"@type":"SearchAction","target":{"@type":"EntryPoint","urlTemplate":"https:\/\/t-umbrella.com\/fr\/?s={search_term_string}"},"query-input":"required name=search_term_string"}],"inLanguage":"fr-FR"},{"@type":"Organization","@id":"https:\/\/t-umbrella.com\/fr\/#organization","name":"T-Umbrella","url":"https:\/\/t-umbrella.com\/fr\/","logo":{"@type":"ImageObject","inLanguage":"fr-FR","@id":"https:\/\/t-umbrella.com\/fr\/#\/schema\/logo\/image\/","url":"https:\/\/t-umbrella.com\/wp-content\/uploads\/2023\/11\/logo.png","contentUrl":"https:\/\/t-umbrella.com\/wp-content\/uploads\/2023\/11\/logo.png","width":300,"height":120,"caption":"T-Umbrella"},"image":{"@id":"https:\/\/t-umbrella.com\/fr\/#\/schema\/logo\/image\/"}}]}},"_links":{"self":[{"href":"https:\/\/t-umbrella.com\/fr\/wp-json\/wp\/v2\/product\/4865","targetHints":{"allow":["GET"]}}],"collection":[{"href":"https:\/\/t-umbrella.com\/fr\/wp-json\/wp\/v2\/product"}],"about":[{"href":"https:\/\/t-umbrella.com\/fr\/wp-json\/wp\/v2\/types\/product"}],"replies":[{"embeddable":true,"href":"https:\/\/t-umbrella.com\/fr\/wp-json\/wp\/v2\/comments?post=4865"}],"wp:featuredmedia":[{"embeddable":true,"href":"https:\/\/t-umbrella.com\/fr\/wp-json\/wp\/v2\/media\/3987"}],"wp:attachment":[{"href":"https:\/\/t-umbrella.com\/fr\/wp-json\/wp\/v2\/media?parent=4865"}],"wp:term":[{"taxonomy":"product_brand","embeddable":true,"href":"https:\/\/t-umbrella.com\/fr\/wp-json\/wp\/v2\/product_brand?post=4865"},{"taxonomy":"product_cat","embeddable":true,"href":"https:\/\/t-umbrella.com\/fr\/wp-json\/wp\/v2\/product_cat?post=4865"},{"taxonomy":"product_tag","embeddable":true,"href":"https:\/\/t-umbrella.com\/fr\/wp-json\/wp\/v2\/product_tag?post=4865"}],"curies":[{"name":"wp","href":"https:\/\/api.w.org\/{rel}","templated":true}]}}