{"id":4863,"date":"2024-01-31T02:46:32","date_gmt":"2024-01-31T02:46:32","guid":{"rendered":"https:\/\/t-umbrella.com\/product\/57x-39x8k-parapluie-droit-de-haute-qualite\/"},"modified":"2024-01-31T02:46:32","modified_gmt":"2024-01-31T02:46:32","slug":"57x-39x8k-parapluie-droit-de-haute-qualite","status":"publish","type":"product","link":"https:\/\/t-umbrella.com\/fr\/product\/57x-39x8k-parapluie-droit-de-haute-qualite\/","title":{"rendered":"57\u00a0\u00bbx 39\u00a0\u00bbx8K Parapluie droit de haute qualit\u00e9"},"content":{"rendered":"<p>Tissu : pong\u00e9 280T<\/p>\n<p>Couleur : 4 couleurs selon les photos<\/p>\n<p>Type de parapluie : parapluie droit, grand parapluie \u00e0 long manche, parapluie de marche<\/p>\n<p>Nombre de c\u00f4tes : 8<\/p>\n<p>Mat\u00e9riau des baleines du parapluie : enti\u00e8rement en fibre de verre<\/p>\n<p>Tige du parapluie : alliage d&rsquo;aluminium<\/p>\n<p>Poids : 450g<\/p>\n<p>Motif : sans impression<\/p>\n<p>M\u00e9thode ouverte : Semi-Auto<\/p>\n<p>Emballage : Sac OPP<\/p>\n<p>MOQ:500pcs<\/p>\n<p>D\u00e9lai de livraison : 7 jours ouvrables<\/p>\n","protected":false},"excerpt":{"rendered":"<p>Voici notre parapluie droit, \u00e9l\u00e9gant et fiable &#8211; votre compagnon id\u00e9al pour toutes les aventures m\u00e9t\u00e9orologiques ! Con\u00e7u pour \u00eatre \u00e0 la fois \u00e9l\u00e9gant et durable, ce parapluie allie sans effort fonctionnalit\u00e9 et esth\u00e9tique moderne. Ses lignes droites et \u00e9pur\u00e9es offrent une large couverture, vous prot\u00e9geant de la pluie et du soleil. Compact et facile \u00e0 transporter, ce parapluie est un accessoire indispensable en toute occasion. Ne laissez pas le temps dicter vos plans &#8211; affrontez les \u00e9l\u00e9ments avec style gr\u00e2ce \u00e0 notre parapluie droit haut de gamme. Am\u00e9liorez votre protection, am\u00e9liorez votre style. Achetez maintenant et faites de chaque \u00e9tape un moment de confiance !<\/p>\n","protected":false},"featured_media":3501,"comment_status":"open","ping_status":"closed","template":"","meta":{"_seopress_robots_primary_cat":"","_seopress_titles_title":"","_seopress_titles_desc":"","_seopress_robots_index":""},"product_brand":[],"product_cat":[75],"product_tag":[],"class_list":{"0":"post-4863","1":"product","2":"type-product","3":"status-publish","4":"has-post-thumbnail","6":"product_cat-parapluie-droit","8":"first","9":"instock","10":"sale","11":"shipping-taxable","12":"purchasable","13":"product-type-simple"},"yoast_head":"<!-- This site is optimized with the Yoast SEO plugin v22.7 - https:\/\/yoast.com\/wordpress\/plugins\/seo\/ -->\n<title>57&#039;&#039;x 39&#039;&#039;x8K Parapluie droit de haute qualit\u00e9 - T-Umbrella<\/title>\n<meta name=\"description\" content=\"Meilleure usine de parapluies en Chine, BSCI, ISO9001 et certificats CE. MOQ 500pcs et 2 \u00e0 5 jours de d\u00e9lai de livraison !\" \/>\n<meta name=\"robots\" content=\"index, follow, max-snippet:-1, max-image-preview:large, max-video-preview:-1\" \/>\n<link rel=\"canonical\" href=\"https:\/\/t-umbrella.com\/fr\/product\/57x-39x8k-parapluie-droit-de-haute-qualite\/\" \/>\n<meta property=\"og:locale\" content=\"fr_FR\" \/>\n<meta property=\"og:type\" content=\"article\" \/>\n<meta property=\"og:title\" content=\"57&#039;&#039;x 39&#039;&#039;x8K Parapluie droit de haute qualit\u00e9 - T-Umbrella\" \/>\n<meta property=\"og:description\" content=\"Meilleure usine de parapluies en Chine, BSCI, ISO9001 et certificats CE. MOQ 500pcs et 2 \u00e0 5 jours de d\u00e9lai de livraison !\" \/>\n<meta property=\"og:url\" content=\"https:\/\/t-umbrella.com\/fr\/product\/57x-39x8k-parapluie-droit-de-haute-qualite\/\" \/>\n<meta property=\"og:site_name\" content=\"T-Umbrella\" \/>\n<meta property=\"og:image\" content=\"https:\/\/t-umbrella.com\/wp-content\/uploads\/2024\/01\/43941704958376_.pic_.jpg\" \/>\n\t<meta property=\"og:image:width\" content=\"800\" \/>\n\t<meta property=\"og:image:height\" content=\"800\" \/>\n\t<meta property=\"og:image:type\" content=\"image\/jpeg\" \/>\n<meta name=\"twitter:card\" content=\"summary_large_image\" \/>\n<script type=\"application\/ld+json\" class=\"yoast-schema-graph\">{\"@context\":\"https:\/\/schema.org\",\"@graph\":[{\"@type\":\"WebPage\",\"@id\":\"https:\/\/t-umbrella.com\/fr\/product\/57x-39x8k-parapluie-droit-de-haute-qualite\/\",\"url\":\"https:\/\/t-umbrella.com\/fr\/product\/57x-39x8k-parapluie-droit-de-haute-qualite\/\",\"name\":\"57''x 39''x8K Parapluie droit de haute qualit\u00e9 - T-Umbrella\",\"isPartOf\":{\"@id\":\"https:\/\/t-umbrella.com\/fr\/#website\"},\"primaryImageOfPage\":{\"@id\":\"https:\/\/t-umbrella.com\/fr\/product\/57x-39x8k-parapluie-droit-de-haute-qualite\/#primaryimage\"},\"image\":{\"@id\":\"https:\/\/t-umbrella.com\/fr\/product\/57x-39x8k-parapluie-droit-de-haute-qualite\/#primaryimage\"},\"thumbnailUrl\":\"https:\/\/t-umbrella.com\/wp-content\/uploads\/2024\/01\/43941704958376_.pic_.jpg\",\"datePublished\":\"2024-01-31T02:46:32+00:00\",\"dateModified\":\"2024-01-31T02:46:32+00:00\",\"description\":\"Meilleure usine de parapluies en Chine, BSCI, ISO9001 et certificats CE. MOQ 500pcs et 2 \u00e0 5 jours de d\u00e9lai de livraison !\",\"breadcrumb\":{\"@id\":\"https:\/\/t-umbrella.com\/fr\/product\/57x-39x8k-parapluie-droit-de-haute-qualite\/#breadcrumb\"},\"inLanguage\":\"fr-FR\",\"potentialAction\":[{\"@type\":\"ReadAction\",\"target\":[\"https:\/\/t-umbrella.com\/fr\/product\/57x-39x8k-parapluie-droit-de-haute-qualite\/\"]}]},{\"@type\":\"ImageObject\",\"inLanguage\":\"fr-FR\",\"@id\":\"https:\/\/t-umbrella.com\/fr\/product\/57x-39x8k-parapluie-droit-de-haute-qualite\/#primaryimage\",\"url\":\"https:\/\/t-umbrella.com\/wp-content\/uploads\/2024\/01\/43941704958376_.pic_.jpg\",\"contentUrl\":\"https:\/\/t-umbrella.com\/wp-content\/uploads\/2024\/01\/43941704958376_.pic_.jpg\",\"width\":800,\"height\":800},{\"@type\":\"BreadcrumbList\",\"@id\":\"https:\/\/t-umbrella.com\/fr\/product\/57x-39x8k-parapluie-droit-de-haute-qualite\/#breadcrumb\",\"itemListElement\":[{\"@type\":\"ListItem\",\"position\":1,\"name\":\"Home\",\"item\":\"https:\/\/t-umbrella.com\/fr\/accueil\/\"},{\"@type\":\"ListItem\",\"position\":2,\"name\":\"Produits\",\"item\":\"https:\/\/t-umbrella.com\/fr\/shop\/\"},{\"@type\":\"ListItem\",\"position\":3,\"name\":\"57&#8221;x 39&#8221;x8K Parapluie droit de haute qualit\u00e9\"}]},{\"@type\":\"WebSite\",\"@id\":\"https:\/\/t-umbrella.com\/fr\/#website\",\"url\":\"https:\/\/t-umbrella.com\/fr\/\",\"name\":\"T-Umbrella\",\"description\":\"\",\"publisher\":{\"@id\":\"https:\/\/t-umbrella.com\/fr\/#organization\"},\"potentialAction\":[{\"@type\":\"SearchAction\",\"target\":{\"@type\":\"EntryPoint\",\"urlTemplate\":\"https:\/\/t-umbrella.com\/fr\/?s={search_term_string}\"},\"query-input\":\"required name=search_term_string\"}],\"inLanguage\":\"fr-FR\"},{\"@type\":\"Organization\",\"@id\":\"https:\/\/t-umbrella.com\/fr\/#organization\",\"name\":\"T-Umbrella\",\"url\":\"https:\/\/t-umbrella.com\/fr\/\",\"logo\":{\"@type\":\"ImageObject\",\"inLanguage\":\"fr-FR\",\"@id\":\"https:\/\/t-umbrella.com\/fr\/#\/schema\/logo\/image\/\",\"url\":\"https:\/\/t-umbrella.com\/wp-content\/uploads\/2023\/11\/logo.png\",\"contentUrl\":\"https:\/\/t-umbrella.com\/wp-content\/uploads\/2023\/11\/logo.png\",\"width\":300,\"height\":120,\"caption\":\"T-Umbrella\"},\"image\":{\"@id\":\"https:\/\/t-umbrella.com\/fr\/#\/schema\/logo\/image\/\"}}]}<\/script>\n<!-- \/ Yoast SEO plugin. -->","yoast_head_json":{"title":"57''x 39''x8K Parapluie droit de haute qualit\u00e9 - T-Umbrella","description":"Meilleure usine de parapluies en Chine, BSCI, ISO9001 et certificats CE. MOQ 500pcs et 2 \u00e0 5 jours de d\u00e9lai de livraison !","robots":{"index":"index","follow":"follow","max-snippet":"max-snippet:-1","max-image-preview":"max-image-preview:large","max-video-preview":"max-video-preview:-1"},"canonical":"https:\/\/t-umbrella.com\/fr\/product\/57x-39x8k-parapluie-droit-de-haute-qualite\/","og_locale":"fr_FR","og_type":"article","og_title":"57''x 39''x8K Parapluie droit de haute qualit\u00e9 - T-Umbrella","og_description":"Meilleure usine de parapluies en Chine, BSCI, ISO9001 et certificats CE. MOQ 500pcs et 2 \u00e0 5 jours de d\u00e9lai de livraison !","og_url":"https:\/\/t-umbrella.com\/fr\/product\/57x-39x8k-parapluie-droit-de-haute-qualite\/","og_site_name":"T-Umbrella","og_image":[{"width":800,"height":800,"url":"https:\/\/t-umbrella.com\/wp-content\/uploads\/2024\/01\/43941704958376_.pic_.jpg","type":"image\/jpeg"}],"twitter_card":"summary_large_image","schema":{"@context":"https:\/\/schema.org","@graph":[{"@type":"WebPage","@id":"https:\/\/t-umbrella.com\/fr\/product\/57x-39x8k-parapluie-droit-de-haute-qualite\/","url":"https:\/\/t-umbrella.com\/fr\/product\/57x-39x8k-parapluie-droit-de-haute-qualite\/","name":"57''x 39''x8K Parapluie droit de haute qualit\u00e9 - T-Umbrella","isPartOf":{"@id":"https:\/\/t-umbrella.com\/fr\/#website"},"primaryImageOfPage":{"@id":"https:\/\/t-umbrella.com\/fr\/product\/57x-39x8k-parapluie-droit-de-haute-qualite\/#primaryimage"},"image":{"@id":"https:\/\/t-umbrella.com\/fr\/product\/57x-39x8k-parapluie-droit-de-haute-qualite\/#primaryimage"},"thumbnailUrl":"https:\/\/t-umbrella.com\/wp-content\/uploads\/2024\/01\/43941704958376_.pic_.jpg","datePublished":"2024-01-31T02:46:32+00:00","dateModified":"2024-01-31T02:46:32+00:00","description":"Meilleure usine de parapluies en Chine, BSCI, ISO9001 et certificats CE. MOQ 500pcs et 2 \u00e0 5 jours de d\u00e9lai de livraison !","breadcrumb":{"@id":"https:\/\/t-umbrella.com\/fr\/product\/57x-39x8k-parapluie-droit-de-haute-qualite\/#breadcrumb"},"inLanguage":"fr-FR","potentialAction":[{"@type":"ReadAction","target":["https:\/\/t-umbrella.com\/fr\/product\/57x-39x8k-parapluie-droit-de-haute-qualite\/"]}]},{"@type":"ImageObject","inLanguage":"fr-FR","@id":"https:\/\/t-umbrella.com\/fr\/product\/57x-39x8k-parapluie-droit-de-haute-qualite\/#primaryimage","url":"https:\/\/t-umbrella.com\/wp-content\/uploads\/2024\/01\/43941704958376_.pic_.jpg","contentUrl":"https:\/\/t-umbrella.com\/wp-content\/uploads\/2024\/01\/43941704958376_.pic_.jpg","width":800,"height":800},{"@type":"BreadcrumbList","@id":"https:\/\/t-umbrella.com\/fr\/product\/57x-39x8k-parapluie-droit-de-haute-qualite\/#breadcrumb","itemListElement":[{"@type":"ListItem","position":1,"name":"Home","item":"https:\/\/t-umbrella.com\/fr\/accueil\/"},{"@type":"ListItem","position":2,"name":"Produits","item":"https:\/\/t-umbrella.com\/fr\/shop\/"},{"@type":"ListItem","position":3,"name":"57&#8221;x 39&#8221;x8K Parapluie droit de haute qualit\u00e9"}]},{"@type":"WebSite","@id":"https:\/\/t-umbrella.com\/fr\/#website","url":"https:\/\/t-umbrella.com\/fr\/","name":"T-Umbrella","description":"","publisher":{"@id":"https:\/\/t-umbrella.com\/fr\/#organization"},"potentialAction":[{"@type":"SearchAction","target":{"@type":"EntryPoint","urlTemplate":"https:\/\/t-umbrella.com\/fr\/?s={search_term_string}"},"query-input":"required name=search_term_string"}],"inLanguage":"fr-FR"},{"@type":"Organization","@id":"https:\/\/t-umbrella.com\/fr\/#organization","name":"T-Umbrella","url":"https:\/\/t-umbrella.com\/fr\/","logo":{"@type":"ImageObject","inLanguage":"fr-FR","@id":"https:\/\/t-umbrella.com\/fr\/#\/schema\/logo\/image\/","url":"https:\/\/t-umbrella.com\/wp-content\/uploads\/2023\/11\/logo.png","contentUrl":"https:\/\/t-umbrella.com\/wp-content\/uploads\/2023\/11\/logo.png","width":300,"height":120,"caption":"T-Umbrella"},"image":{"@id":"https:\/\/t-umbrella.com\/fr\/#\/schema\/logo\/image\/"}}]}},"_links":{"self":[{"href":"https:\/\/t-umbrella.com\/fr\/wp-json\/wp\/v2\/product\/4863","targetHints":{"allow":["GET"]}}],"collection":[{"href":"https:\/\/t-umbrella.com\/fr\/wp-json\/wp\/v2\/product"}],"about":[{"href":"https:\/\/t-umbrella.com\/fr\/wp-json\/wp\/v2\/types\/product"}],"replies":[{"embeddable":true,"href":"https:\/\/t-umbrella.com\/fr\/wp-json\/wp\/v2\/comments?post=4863"}],"wp:featuredmedia":[{"embeddable":true,"href":"https:\/\/t-umbrella.com\/fr\/wp-json\/wp\/v2\/media\/3501"}],"wp:attachment":[{"href":"https:\/\/t-umbrella.com\/fr\/wp-json\/wp\/v2\/media?parent=4863"}],"wp:term":[{"taxonomy":"product_brand","embeddable":true,"href":"https:\/\/t-umbrella.com\/fr\/wp-json\/wp\/v2\/product_brand?post=4863"},{"taxonomy":"product_cat","embeddable":true,"href":"https:\/\/t-umbrella.com\/fr\/wp-json\/wp\/v2\/product_cat?post=4863"},{"taxonomy":"product_tag","embeddable":true,"href":"https:\/\/t-umbrella.com\/fr\/wp-json\/wp\/v2\/product_tag?post=4863"}],"curies":[{"name":"wp","href":"https:\/\/api.w.org\/{rel}","templated":true}]}}