{"id":4849,"date":"2024-02-01T02:20:49","date_gmt":"2024-02-01T02:20:49","guid":{"rendered":"https:\/\/t-umbrella.com\/product\/parapluie-46x-33x-16k-poignee-en-bambou-seche\/"},"modified":"2024-02-01T02:20:49","modified_gmt":"2024-02-01T02:20:49","slug":"parapluie-46x-33x-16k-poignee-en-bambou-seche","status":"publish","type":"product","link":"https:\/\/t-umbrella.com\/fr\/product\/parapluie-46x-33x-16k-poignee-en-bambou-seche\/","title":{"rendered":"Parapluie 46\u00a0\u00bbx 33\u00a0\u00bbx 16K Poign\u00e9e en bambou s\u00e9ch\u00e9"},"content":{"rendered":"<p><strong>Tissu<\/strong>: pong\u00e9 190T<\/p>\n<p><strong>Couleur :<\/strong> 10 couleurs selon les photos<\/p>\n<p><strong>Type de parapluie :<\/strong> parapluie droit, parapluie \u00e0 manche en bois, parapluie de marche<\/p>\n<p><strong>Nombre de c\u00f4tes :<\/strong> 16<\/p>\n<p><strong>Mat\u00e9riau des baleines du parapluie :<\/strong> enti\u00e8rement en fibre de verre<\/p>\n<p><strong>Tige du parapluie :<\/strong> acier<\/p>\n<p><strong>Poids :<\/strong> 450g<\/p>\n<p><strong>Motif :<\/strong> sans impression<\/p>\n<p><strong>M\u00e9thode ouverte :<\/strong> Semi-auto<\/p>\n<p><strong>Emballage :<\/strong> Sac OPP<\/p>\n<p><strong>MOQ:<\/strong>500pcs<\/p>\n<p><strong>D\u00e9lai de livraison :<\/strong> 7 jours ouvrables<\/p>\n<p>&nbsp;<\/p>\n","protected":false},"excerpt":{"rendered":"<p>Le parapluie \u00e0 manche en bambou vous permet d&rsquo;am\u00e9liorer votre exp\u00e9rience du parapluie. Fabriqu\u00e9 dans un souci d&rsquo;\u00e9l\u00e9gance durable, le manche en bambou offre une sensation de l\u00e9g\u00e8ret\u00e9 naturelle. D\u00e9couvrez un m\u00e9lange unique de style et de design respectueux de l&rsquo;environnement, en embrassant la beaut\u00e9 de la nature \u00e0 chaque goutte de pluie. Se d\u00e9marquer avec sophistication par tous les temps<\/p>\n","protected":false},"featured_media":3837,"comment_status":"open","ping_status":"closed","template":"","meta":{"_seopress_robots_primary_cat":"","_seopress_titles_title":"","_seopress_titles_desc":"","_seopress_robots_index":""},"product_brand":[],"product_cat":[75],"product_tag":[],"class_list":{"0":"post-4849","1":"product","2":"type-product","3":"status-publish","4":"has-post-thumbnail","6":"product_cat-parapluie-droit","8":"first","9":"instock","10":"sale","11":"shipping-taxable","12":"purchasable","13":"product-type-simple"},"yoast_head":"<!-- This site is optimized with the Yoast SEO plugin v22.7 - https:\/\/yoast.com\/wordpress\/plugins\/seo\/ -->\n<title>Parapluie 46&#039;&#039;x 33&#039;&#039;x 16K Poign\u00e9e en bambou s\u00e9ch\u00e9 - T-Umbrella<\/title>\n<meta name=\"description\" content=\"D\u00e9couvrez notre collection de parapluies \u00e9cologiques et \u00e9l\u00e9gants, fabriqu\u00e9s avec pr\u00e9cision et passion. MOQ 500pcs. D\u00e9lai de 7 jours. Prix le plus bas.\" \/>\n<meta name=\"robots\" content=\"index, follow, max-snippet:-1, max-image-preview:large, max-video-preview:-1\" \/>\n<link rel=\"canonical\" href=\"https:\/\/t-umbrella.com\/fr\/product\/parapluie-46x-33x-16k-poignee-en-bambou-seche\/\" \/>\n<meta property=\"og:locale\" content=\"fr_FR\" \/>\n<meta property=\"og:type\" content=\"article\" \/>\n<meta property=\"og:title\" content=\"Parapluie 46&#039;&#039;x 33&#039;&#039;x 16K Poign\u00e9e en bambou s\u00e9ch\u00e9 - T-Umbrella\" \/>\n<meta property=\"og:description\" content=\"D\u00e9couvrez notre collection de parapluies \u00e9cologiques et \u00e9l\u00e9gants, fabriqu\u00e9s avec pr\u00e9cision et passion. MOQ 500pcs. D\u00e9lai de 7 jours. Prix le plus bas.\" \/>\n<meta property=\"og:url\" content=\"https:\/\/t-umbrella.com\/fr\/product\/parapluie-46x-33x-16k-poignee-en-bambou-seche\/\" \/>\n<meta property=\"og:site_name\" content=\"T-Umbrella\" \/>\n<meta property=\"og:image\" content=\"https:\/\/t-umbrella.com\/wp-content\/uploads\/2024\/02\/1861705044701_.pic_.jpg\" \/>\n\t<meta property=\"og:image:width\" content=\"800\" \/>\n\t<meta property=\"og:image:height\" content=\"800\" \/>\n\t<meta property=\"og:image:type\" content=\"image\/jpeg\" \/>\n<meta name=\"twitter:card\" content=\"summary_large_image\" \/>\n<script type=\"application\/ld+json\" class=\"yoast-schema-graph\">{\"@context\":\"https:\/\/schema.org\",\"@graph\":[{\"@type\":\"WebPage\",\"@id\":\"https:\/\/t-umbrella.com\/fr\/product\/parapluie-46x-33x-16k-poignee-en-bambou-seche\/\",\"url\":\"https:\/\/t-umbrella.com\/fr\/product\/parapluie-46x-33x-16k-poignee-en-bambou-seche\/\",\"name\":\"Parapluie 46''x 33''x 16K Poign\u00e9e en bambou s\u00e9ch\u00e9 - T-Umbrella\",\"isPartOf\":{\"@id\":\"https:\/\/t-umbrella.com\/fr\/#website\"},\"primaryImageOfPage\":{\"@id\":\"https:\/\/t-umbrella.com\/fr\/product\/parapluie-46x-33x-16k-poignee-en-bambou-seche\/#primaryimage\"},\"image\":{\"@id\":\"https:\/\/t-umbrella.com\/fr\/product\/parapluie-46x-33x-16k-poignee-en-bambou-seche\/#primaryimage\"},\"thumbnailUrl\":\"https:\/\/t-umbrella.com\/wp-content\/uploads\/2024\/02\/1861705044701_.pic_.jpg\",\"datePublished\":\"2024-02-01T02:20:49+00:00\",\"dateModified\":\"2024-02-01T02:20:49+00:00\",\"description\":\"D\u00e9couvrez notre collection de parapluies \u00e9cologiques et \u00e9l\u00e9gants, fabriqu\u00e9s avec pr\u00e9cision et passion. MOQ 500pcs. D\u00e9lai de 7 jours. Prix le plus bas.\",\"breadcrumb\":{\"@id\":\"https:\/\/t-umbrella.com\/fr\/product\/parapluie-46x-33x-16k-poignee-en-bambou-seche\/#breadcrumb\"},\"inLanguage\":\"fr-FR\",\"potentialAction\":[{\"@type\":\"ReadAction\",\"target\":[\"https:\/\/t-umbrella.com\/fr\/product\/parapluie-46x-33x-16k-poignee-en-bambou-seche\/\"]}]},{\"@type\":\"ImageObject\",\"inLanguage\":\"fr-FR\",\"@id\":\"https:\/\/t-umbrella.com\/fr\/product\/parapluie-46x-33x-16k-poignee-en-bambou-seche\/#primaryimage\",\"url\":\"https:\/\/t-umbrella.com\/wp-content\/uploads\/2024\/02\/1861705044701_.pic_.jpg\",\"contentUrl\":\"https:\/\/t-umbrella.com\/wp-content\/uploads\/2024\/02\/1861705044701_.pic_.jpg\",\"width\":800,\"height\":800},{\"@type\":\"BreadcrumbList\",\"@id\":\"https:\/\/t-umbrella.com\/fr\/product\/parapluie-46x-33x-16k-poignee-en-bambou-seche\/#breadcrumb\",\"itemListElement\":[{\"@type\":\"ListItem\",\"position\":1,\"name\":\"Home\",\"item\":\"https:\/\/t-umbrella.com\/fr\/accueil\/\"},{\"@type\":\"ListItem\",\"position\":2,\"name\":\"Produits\",\"item\":\"https:\/\/t-umbrella.com\/fr\/shop\/\"},{\"@type\":\"ListItem\",\"position\":3,\"name\":\"Parapluie 46&#8221;x 33&#8221;x 16K Poign\u00e9e en bambou s\u00e9ch\u00e9\"}]},{\"@type\":\"WebSite\",\"@id\":\"https:\/\/t-umbrella.com\/fr\/#website\",\"url\":\"https:\/\/t-umbrella.com\/fr\/\",\"name\":\"T-Umbrella\",\"description\":\"\",\"publisher\":{\"@id\":\"https:\/\/t-umbrella.com\/fr\/#organization\"},\"potentialAction\":[{\"@type\":\"SearchAction\",\"target\":{\"@type\":\"EntryPoint\",\"urlTemplate\":\"https:\/\/t-umbrella.com\/fr\/?s={search_term_string}\"},\"query-input\":\"required name=search_term_string\"}],\"inLanguage\":\"fr-FR\"},{\"@type\":\"Organization\",\"@id\":\"https:\/\/t-umbrella.com\/fr\/#organization\",\"name\":\"T-Umbrella\",\"url\":\"https:\/\/t-umbrella.com\/fr\/\",\"logo\":{\"@type\":\"ImageObject\",\"inLanguage\":\"fr-FR\",\"@id\":\"https:\/\/t-umbrella.com\/fr\/#\/schema\/logo\/image\/\",\"url\":\"https:\/\/t-umbrella.com\/wp-content\/uploads\/2023\/11\/logo.png\",\"contentUrl\":\"https:\/\/t-umbrella.com\/wp-content\/uploads\/2023\/11\/logo.png\",\"width\":300,\"height\":120,\"caption\":\"T-Umbrella\"},\"image\":{\"@id\":\"https:\/\/t-umbrella.com\/fr\/#\/schema\/logo\/image\/\"}}]}<\/script>\n<!-- \/ Yoast SEO plugin. -->","yoast_head_json":{"title":"Parapluie 46''x 33''x 16K Poign\u00e9e en bambou s\u00e9ch\u00e9 - T-Umbrella","description":"D\u00e9couvrez notre collection de parapluies \u00e9cologiques et \u00e9l\u00e9gants, fabriqu\u00e9s avec pr\u00e9cision et passion. MOQ 500pcs. D\u00e9lai de 7 jours. Prix le plus bas.","robots":{"index":"index","follow":"follow","max-snippet":"max-snippet:-1","max-image-preview":"max-image-preview:large","max-video-preview":"max-video-preview:-1"},"canonical":"https:\/\/t-umbrella.com\/fr\/product\/parapluie-46x-33x-16k-poignee-en-bambou-seche\/","og_locale":"fr_FR","og_type":"article","og_title":"Parapluie 46''x 33''x 16K Poign\u00e9e en bambou s\u00e9ch\u00e9 - T-Umbrella","og_description":"D\u00e9couvrez notre collection de parapluies \u00e9cologiques et \u00e9l\u00e9gants, fabriqu\u00e9s avec pr\u00e9cision et passion. MOQ 500pcs. D\u00e9lai de 7 jours. Prix le plus bas.","og_url":"https:\/\/t-umbrella.com\/fr\/product\/parapluie-46x-33x-16k-poignee-en-bambou-seche\/","og_site_name":"T-Umbrella","og_image":[{"width":800,"height":800,"url":"https:\/\/t-umbrella.com\/wp-content\/uploads\/2024\/02\/1861705044701_.pic_.jpg","type":"image\/jpeg"}],"twitter_card":"summary_large_image","schema":{"@context":"https:\/\/schema.org","@graph":[{"@type":"WebPage","@id":"https:\/\/t-umbrella.com\/fr\/product\/parapluie-46x-33x-16k-poignee-en-bambou-seche\/","url":"https:\/\/t-umbrella.com\/fr\/product\/parapluie-46x-33x-16k-poignee-en-bambou-seche\/","name":"Parapluie 46''x 33''x 16K Poign\u00e9e en bambou s\u00e9ch\u00e9 - T-Umbrella","isPartOf":{"@id":"https:\/\/t-umbrella.com\/fr\/#website"},"primaryImageOfPage":{"@id":"https:\/\/t-umbrella.com\/fr\/product\/parapluie-46x-33x-16k-poignee-en-bambou-seche\/#primaryimage"},"image":{"@id":"https:\/\/t-umbrella.com\/fr\/product\/parapluie-46x-33x-16k-poignee-en-bambou-seche\/#primaryimage"},"thumbnailUrl":"https:\/\/t-umbrella.com\/wp-content\/uploads\/2024\/02\/1861705044701_.pic_.jpg","datePublished":"2024-02-01T02:20:49+00:00","dateModified":"2024-02-01T02:20:49+00:00","description":"D\u00e9couvrez notre collection de parapluies \u00e9cologiques et \u00e9l\u00e9gants, fabriqu\u00e9s avec pr\u00e9cision et passion. MOQ 500pcs. D\u00e9lai de 7 jours. Prix le plus bas.","breadcrumb":{"@id":"https:\/\/t-umbrella.com\/fr\/product\/parapluie-46x-33x-16k-poignee-en-bambou-seche\/#breadcrumb"},"inLanguage":"fr-FR","potentialAction":[{"@type":"ReadAction","target":["https:\/\/t-umbrella.com\/fr\/product\/parapluie-46x-33x-16k-poignee-en-bambou-seche\/"]}]},{"@type":"ImageObject","inLanguage":"fr-FR","@id":"https:\/\/t-umbrella.com\/fr\/product\/parapluie-46x-33x-16k-poignee-en-bambou-seche\/#primaryimage","url":"https:\/\/t-umbrella.com\/wp-content\/uploads\/2024\/02\/1861705044701_.pic_.jpg","contentUrl":"https:\/\/t-umbrella.com\/wp-content\/uploads\/2024\/02\/1861705044701_.pic_.jpg","width":800,"height":800},{"@type":"BreadcrumbList","@id":"https:\/\/t-umbrella.com\/fr\/product\/parapluie-46x-33x-16k-poignee-en-bambou-seche\/#breadcrumb","itemListElement":[{"@type":"ListItem","position":1,"name":"Home","item":"https:\/\/t-umbrella.com\/fr\/accueil\/"},{"@type":"ListItem","position":2,"name":"Produits","item":"https:\/\/t-umbrella.com\/fr\/shop\/"},{"@type":"ListItem","position":3,"name":"Parapluie 46&#8221;x 33&#8221;x 16K Poign\u00e9e en bambou s\u00e9ch\u00e9"}]},{"@type":"WebSite","@id":"https:\/\/t-umbrella.com\/fr\/#website","url":"https:\/\/t-umbrella.com\/fr\/","name":"T-Umbrella","description":"","publisher":{"@id":"https:\/\/t-umbrella.com\/fr\/#organization"},"potentialAction":[{"@type":"SearchAction","target":{"@type":"EntryPoint","urlTemplate":"https:\/\/t-umbrella.com\/fr\/?s={search_term_string}"},"query-input":"required name=search_term_string"}],"inLanguage":"fr-FR"},{"@type":"Organization","@id":"https:\/\/t-umbrella.com\/fr\/#organization","name":"T-Umbrella","url":"https:\/\/t-umbrella.com\/fr\/","logo":{"@type":"ImageObject","inLanguage":"fr-FR","@id":"https:\/\/t-umbrella.com\/fr\/#\/schema\/logo\/image\/","url":"https:\/\/t-umbrella.com\/wp-content\/uploads\/2023\/11\/logo.png","contentUrl":"https:\/\/t-umbrella.com\/wp-content\/uploads\/2023\/11\/logo.png","width":300,"height":120,"caption":"T-Umbrella"},"image":{"@id":"https:\/\/t-umbrella.com\/fr\/#\/schema\/logo\/image\/"}}]}},"_links":{"self":[{"href":"https:\/\/t-umbrella.com\/fr\/wp-json\/wp\/v2\/product\/4849","targetHints":{"allow":["GET"]}}],"collection":[{"href":"https:\/\/t-umbrella.com\/fr\/wp-json\/wp\/v2\/product"}],"about":[{"href":"https:\/\/t-umbrella.com\/fr\/wp-json\/wp\/v2\/types\/product"}],"replies":[{"embeddable":true,"href":"https:\/\/t-umbrella.com\/fr\/wp-json\/wp\/v2\/comments?post=4849"}],"wp:featuredmedia":[{"embeddable":true,"href":"https:\/\/t-umbrella.com\/fr\/wp-json\/wp\/v2\/media\/3837"}],"wp:attachment":[{"href":"https:\/\/t-umbrella.com\/fr\/wp-json\/wp\/v2\/media?parent=4849"}],"wp:term":[{"taxonomy":"product_brand","embeddable":true,"href":"https:\/\/t-umbrella.com\/fr\/wp-json\/wp\/v2\/product_brand?post=4849"},{"taxonomy":"product_cat","embeddable":true,"href":"https:\/\/t-umbrella.com\/fr\/wp-json\/wp\/v2\/product_cat?post=4849"},{"taxonomy":"product_tag","embeddable":true,"href":"https:\/\/t-umbrella.com\/fr\/wp-json\/wp\/v2\/product_tag?post=4849"}],"curies":[{"name":"wp","href":"https:\/\/api.w.org\/{rel}","templated":true}]}}