{"id":4847,"date":"2024-01-24T14:33:33","date_gmt":"2024-01-24T14:33:33","guid":{"rendered":"https:\/\/t-umbrella.com\/product\/parapluie-a-cinq-volets-38x-8k\/"},"modified":"2024-01-24T14:33:33","modified_gmt":"2024-01-24T14:33:33","slug":"parapluie-a-cinq-volets-38x-8k","status":"publish","type":"product","link":"https:\/\/t-umbrella.com\/fr\/product\/parapluie-a-cinq-volets-38x-8k\/","title":{"rendered":"Parapluie \u00e0 cinq volets 38\u00a0\u00bbx 8K"},"content":{"rendered":"<p><strong>Tissu :<\/strong> Vinyle<\/p>\n<p><strong>Couleur :<\/strong> 19 couleurs selon les photos<\/p>\n<p><strong>Type de parapluie :<\/strong> petit parapluie, parapluie pliant<\/p>\n<p><strong>Nombre de c\u00f4tes :<\/strong> 8<\/p>\n<p><strong>Mat\u00e9riau des baleines du parapluie :<\/strong> enti\u00e8rement en fibre de verre<\/p>\n<p><strong>Poids :<\/strong> 300g<\/p>\n<p><strong>Motif :<\/strong> sans impression<\/p>\n<p><strong>M\u00e9thode d&rsquo;ouverture :<\/strong> manuelle<\/p>\n<p><strong>Emballage :<\/strong> sac en tissu<\/p>\n<p><strong>MOQ:<\/strong>500pcs<\/p>\n<p><strong>D\u00e9lai de livraison :<\/strong> 7 jours ouvrables<\/p>\n","protected":false},"excerpt":{"rendered":"<p>Faites l&rsquo;exp\u00e9rience de la commodit\u00e9 ultime avec notre parapluie pliable. Compact et l\u00e9ger, il allie harmonieusement praticit\u00e9 et style. Parfait pour les modes de vie nomades, il se glisse facilement dans les sacs et les poches. Soyez pr\u00eat \u00e0 affronter les averses soudaines gr\u00e2ce \u00e0 cet accessoire portable qui transforme les jours de pluie en une exp\u00e9rience \u00e0 la mode et sans tracas.<\/p>\n","protected":false},"featured_media":4287,"comment_status":"open","ping_status":"closed","template":"","meta":{"_seopress_robots_primary_cat":"","_seopress_titles_title":"","_seopress_titles_desc":"","_seopress_robots_index":""},"product_brand":[],"product_cat":[91],"product_tag":[87],"class_list":{"0":"post-4847","1":"product","2":"type-product","3":"status-publish","4":"has-post-thumbnail","6":"product_cat-parapluie-pliant","7":"product_tag-plier-le-parapluie","9":"first","10":"instock","11":"sale","12":"shipping-taxable","13":"purchasable","14":"product-type-simple"},"yoast_head":"<!-- This site is optimized with the Yoast SEO plugin v22.7 - https:\/\/yoast.com\/wordpress\/plugins\/seo\/ -->\n<title>Parapluie \u00e0 cinq volets 38&#039;&#039;x 8K - T-Umbrella<\/title>\n<meta name=\"description\" content=\"Parapluie \u00e0 cinq plis en 19 couleurs. MOQ 500pcs et 7 d\u00e9lais de livraison. Usine de parapluies de premier rang en Chine ! Obtenez le prix B2B le plus bas maintenant !\" \/>\n<meta name=\"robots\" content=\"index, follow, max-snippet:-1, max-image-preview:large, max-video-preview:-1\" \/>\n<link rel=\"canonical\" href=\"https:\/\/t-umbrella.com\/fr\/product\/parapluie-a-cinq-volets-38x-8k\/\" \/>\n<meta property=\"og:locale\" content=\"fr_FR\" \/>\n<meta property=\"og:type\" content=\"article\" \/>\n<meta property=\"og:title\" content=\"Parapluie \u00e0 cinq volets 38&#039;&#039;x 8K - T-Umbrella\" \/>\n<meta property=\"og:description\" content=\"Parapluie \u00e0 cinq plis en 19 couleurs. MOQ 500pcs et 7 d\u00e9lais de livraison. Usine de parapluies de premier rang en Chine ! Obtenez le prix B2B le plus bas maintenant !\" \/>\n<meta property=\"og:url\" content=\"https:\/\/t-umbrella.com\/fr\/product\/parapluie-a-cinq-volets-38x-8k\/\" \/>\n<meta property=\"og:site_name\" content=\"T-Umbrella\" \/>\n<meta property=\"og:image\" content=\"https:\/\/t-umbrella.com\/wp-content\/uploads\/2024\/01\/2611706867157_.pic_.jpg\" \/>\n\t<meta property=\"og:image:width\" content=\"800\" \/>\n\t<meta property=\"og:image:height\" content=\"800\" \/>\n\t<meta property=\"og:image:type\" content=\"image\/jpeg\" \/>\n<meta name=\"twitter:card\" content=\"summary_large_image\" \/>\n<script type=\"application\/ld+json\" class=\"yoast-schema-graph\">{\"@context\":\"https:\/\/schema.org\",\"@graph\":[{\"@type\":\"WebPage\",\"@id\":\"https:\/\/t-umbrella.com\/fr\/product\/parapluie-a-cinq-volets-38x-8k\/\",\"url\":\"https:\/\/t-umbrella.com\/fr\/product\/parapluie-a-cinq-volets-38x-8k\/\",\"name\":\"Parapluie \u00e0 cinq volets 38''x 8K - T-Umbrella\",\"isPartOf\":{\"@id\":\"https:\/\/t-umbrella.com\/fr\/#website\"},\"primaryImageOfPage\":{\"@id\":\"https:\/\/t-umbrella.com\/fr\/product\/parapluie-a-cinq-volets-38x-8k\/#primaryimage\"},\"image\":{\"@id\":\"https:\/\/t-umbrella.com\/fr\/product\/parapluie-a-cinq-volets-38x-8k\/#primaryimage\"},\"thumbnailUrl\":\"https:\/\/t-umbrella.com\/wp-content\/uploads\/2024\/01\/2611706867157_.pic_.jpg\",\"datePublished\":\"2024-01-24T14:33:33+00:00\",\"dateModified\":\"2024-01-24T14:33:33+00:00\",\"description\":\"Parapluie \u00e0 cinq plis en 19 couleurs. MOQ 500pcs et 7 d\u00e9lais de livraison. Usine de parapluies de premier rang en Chine ! Obtenez le prix B2B le plus bas maintenant !\",\"breadcrumb\":{\"@id\":\"https:\/\/t-umbrella.com\/fr\/product\/parapluie-a-cinq-volets-38x-8k\/#breadcrumb\"},\"inLanguage\":\"fr-FR\",\"potentialAction\":[{\"@type\":\"ReadAction\",\"target\":[\"https:\/\/t-umbrella.com\/fr\/product\/parapluie-a-cinq-volets-38x-8k\/\"]}]},{\"@type\":\"ImageObject\",\"inLanguage\":\"fr-FR\",\"@id\":\"https:\/\/t-umbrella.com\/fr\/product\/parapluie-a-cinq-volets-38x-8k\/#primaryimage\",\"url\":\"https:\/\/t-umbrella.com\/wp-content\/uploads\/2024\/01\/2611706867157_.pic_.jpg\",\"contentUrl\":\"https:\/\/t-umbrella.com\/wp-content\/uploads\/2024\/01\/2611706867157_.pic_.jpg\",\"width\":800,\"height\":800},{\"@type\":\"BreadcrumbList\",\"@id\":\"https:\/\/t-umbrella.com\/fr\/product\/parapluie-a-cinq-volets-38x-8k\/#breadcrumb\",\"itemListElement\":[{\"@type\":\"ListItem\",\"position\":1,\"name\":\"Home\",\"item\":\"https:\/\/t-umbrella.com\/fr\/accueil\/\"},{\"@type\":\"ListItem\",\"position\":2,\"name\":\"Produits\",\"item\":\"https:\/\/t-umbrella.com\/fr\/shop\/\"},{\"@type\":\"ListItem\",\"position\":3,\"name\":\"Parapluie \u00e0 cinq volets 38&#8221;x 8K\"}]},{\"@type\":\"WebSite\",\"@id\":\"https:\/\/t-umbrella.com\/fr\/#website\",\"url\":\"https:\/\/t-umbrella.com\/fr\/\",\"name\":\"T-Umbrella\",\"description\":\"\",\"publisher\":{\"@id\":\"https:\/\/t-umbrella.com\/fr\/#organization\"},\"potentialAction\":[{\"@type\":\"SearchAction\",\"target\":{\"@type\":\"EntryPoint\",\"urlTemplate\":\"https:\/\/t-umbrella.com\/fr\/?s={search_term_string}\"},\"query-input\":\"required name=search_term_string\"}],\"inLanguage\":\"fr-FR\"},{\"@type\":\"Organization\",\"@id\":\"https:\/\/t-umbrella.com\/fr\/#organization\",\"name\":\"T-Umbrella\",\"url\":\"https:\/\/t-umbrella.com\/fr\/\",\"logo\":{\"@type\":\"ImageObject\",\"inLanguage\":\"fr-FR\",\"@id\":\"https:\/\/t-umbrella.com\/fr\/#\/schema\/logo\/image\/\",\"url\":\"https:\/\/t-umbrella.com\/wp-content\/uploads\/2023\/11\/logo.png\",\"contentUrl\":\"https:\/\/t-umbrella.com\/wp-content\/uploads\/2023\/11\/logo.png\",\"width\":300,\"height\":120,\"caption\":\"T-Umbrella\"},\"image\":{\"@id\":\"https:\/\/t-umbrella.com\/fr\/#\/schema\/logo\/image\/\"}}]}<\/script>\n<!-- \/ Yoast SEO plugin. -->","yoast_head_json":{"title":"Parapluie \u00e0 cinq volets 38''x 8K - T-Umbrella","description":"Parapluie \u00e0 cinq plis en 19 couleurs. MOQ 500pcs et 7 d\u00e9lais de livraison. Usine de parapluies de premier rang en Chine ! Obtenez le prix B2B le plus bas maintenant !","robots":{"index":"index","follow":"follow","max-snippet":"max-snippet:-1","max-image-preview":"max-image-preview:large","max-video-preview":"max-video-preview:-1"},"canonical":"https:\/\/t-umbrella.com\/fr\/product\/parapluie-a-cinq-volets-38x-8k\/","og_locale":"fr_FR","og_type":"article","og_title":"Parapluie \u00e0 cinq volets 38''x 8K - T-Umbrella","og_description":"Parapluie \u00e0 cinq plis en 19 couleurs. MOQ 500pcs et 7 d\u00e9lais de livraison. Usine de parapluies de premier rang en Chine ! Obtenez le prix B2B le plus bas maintenant !","og_url":"https:\/\/t-umbrella.com\/fr\/product\/parapluie-a-cinq-volets-38x-8k\/","og_site_name":"T-Umbrella","og_image":[{"width":800,"height":800,"url":"https:\/\/t-umbrella.com\/wp-content\/uploads\/2024\/01\/2611706867157_.pic_.jpg","type":"image\/jpeg"}],"twitter_card":"summary_large_image","schema":{"@context":"https:\/\/schema.org","@graph":[{"@type":"WebPage","@id":"https:\/\/t-umbrella.com\/fr\/product\/parapluie-a-cinq-volets-38x-8k\/","url":"https:\/\/t-umbrella.com\/fr\/product\/parapluie-a-cinq-volets-38x-8k\/","name":"Parapluie \u00e0 cinq volets 38''x 8K - T-Umbrella","isPartOf":{"@id":"https:\/\/t-umbrella.com\/fr\/#website"},"primaryImageOfPage":{"@id":"https:\/\/t-umbrella.com\/fr\/product\/parapluie-a-cinq-volets-38x-8k\/#primaryimage"},"image":{"@id":"https:\/\/t-umbrella.com\/fr\/product\/parapluie-a-cinq-volets-38x-8k\/#primaryimage"},"thumbnailUrl":"https:\/\/t-umbrella.com\/wp-content\/uploads\/2024\/01\/2611706867157_.pic_.jpg","datePublished":"2024-01-24T14:33:33+00:00","dateModified":"2024-01-24T14:33:33+00:00","description":"Parapluie \u00e0 cinq plis en 19 couleurs. MOQ 500pcs et 7 d\u00e9lais de livraison. Usine de parapluies de premier rang en Chine ! Obtenez le prix B2B le plus bas maintenant !","breadcrumb":{"@id":"https:\/\/t-umbrella.com\/fr\/product\/parapluie-a-cinq-volets-38x-8k\/#breadcrumb"},"inLanguage":"fr-FR","potentialAction":[{"@type":"ReadAction","target":["https:\/\/t-umbrella.com\/fr\/product\/parapluie-a-cinq-volets-38x-8k\/"]}]},{"@type":"ImageObject","inLanguage":"fr-FR","@id":"https:\/\/t-umbrella.com\/fr\/product\/parapluie-a-cinq-volets-38x-8k\/#primaryimage","url":"https:\/\/t-umbrella.com\/wp-content\/uploads\/2024\/01\/2611706867157_.pic_.jpg","contentUrl":"https:\/\/t-umbrella.com\/wp-content\/uploads\/2024\/01\/2611706867157_.pic_.jpg","width":800,"height":800},{"@type":"BreadcrumbList","@id":"https:\/\/t-umbrella.com\/fr\/product\/parapluie-a-cinq-volets-38x-8k\/#breadcrumb","itemListElement":[{"@type":"ListItem","position":1,"name":"Home","item":"https:\/\/t-umbrella.com\/fr\/accueil\/"},{"@type":"ListItem","position":2,"name":"Produits","item":"https:\/\/t-umbrella.com\/fr\/shop\/"},{"@type":"ListItem","position":3,"name":"Parapluie \u00e0 cinq volets 38&#8221;x 8K"}]},{"@type":"WebSite","@id":"https:\/\/t-umbrella.com\/fr\/#website","url":"https:\/\/t-umbrella.com\/fr\/","name":"T-Umbrella","description":"","publisher":{"@id":"https:\/\/t-umbrella.com\/fr\/#organization"},"potentialAction":[{"@type":"SearchAction","target":{"@type":"EntryPoint","urlTemplate":"https:\/\/t-umbrella.com\/fr\/?s={search_term_string}"},"query-input":"required name=search_term_string"}],"inLanguage":"fr-FR"},{"@type":"Organization","@id":"https:\/\/t-umbrella.com\/fr\/#organization","name":"T-Umbrella","url":"https:\/\/t-umbrella.com\/fr\/","logo":{"@type":"ImageObject","inLanguage":"fr-FR","@id":"https:\/\/t-umbrella.com\/fr\/#\/schema\/logo\/image\/","url":"https:\/\/t-umbrella.com\/wp-content\/uploads\/2023\/11\/logo.png","contentUrl":"https:\/\/t-umbrella.com\/wp-content\/uploads\/2023\/11\/logo.png","width":300,"height":120,"caption":"T-Umbrella"},"image":{"@id":"https:\/\/t-umbrella.com\/fr\/#\/schema\/logo\/image\/"}}]}},"_links":{"self":[{"href":"https:\/\/t-umbrella.com\/fr\/wp-json\/wp\/v2\/product\/4847","targetHints":{"allow":["GET"]}}],"collection":[{"href":"https:\/\/t-umbrella.com\/fr\/wp-json\/wp\/v2\/product"}],"about":[{"href":"https:\/\/t-umbrella.com\/fr\/wp-json\/wp\/v2\/types\/product"}],"replies":[{"embeddable":true,"href":"https:\/\/t-umbrella.com\/fr\/wp-json\/wp\/v2\/comments?post=4847"}],"wp:featuredmedia":[{"embeddable":true,"href":"https:\/\/t-umbrella.com\/fr\/wp-json\/wp\/v2\/media\/4287"}],"wp:attachment":[{"href":"https:\/\/t-umbrella.com\/fr\/wp-json\/wp\/v2\/media?parent=4847"}],"wp:term":[{"taxonomy":"product_brand","embeddable":true,"href":"https:\/\/t-umbrella.com\/fr\/wp-json\/wp\/v2\/product_brand?post=4847"},{"taxonomy":"product_cat","embeddable":true,"href":"https:\/\/t-umbrella.com\/fr\/wp-json\/wp\/v2\/product_cat?post=4847"},{"taxonomy":"product_tag","embeddable":true,"href":"https:\/\/t-umbrella.com\/fr\/wp-json\/wp\/v2\/product_tag?post=4847"}],"curies":[{"name":"wp","href":"https:\/\/api.w.org\/{rel}","templated":true}]}}