{"id":4828,"date":"2024-01-31T09:14:16","date_gmt":"2024-01-31T09:14:16","guid":{"rendered":"https:\/\/t-umbrella.com\/product\/parapluie-46x-33x-16k-a-poignee-droite-en-bois\/"},"modified":"2024-01-31T09:14:16","modified_gmt":"2024-01-31T09:14:16","slug":"parapluie-46x-33x-16k-a-poignee-droite-en-bois","status":"publish","type":"product","link":"https:\/\/t-umbrella.com\/fr\/product\/parapluie-46x-33x-16k-a-poignee-droite-en-bois\/","title":{"rendered":"Parapluie 46\u00a0\u00bbx 33\u00a0\u00bbx 16K \u00e0 poign\u00e9e droite en bois"},"content":{"rendered":"<p>Tissu : pong\u00e9 190T<\/p>\n<p>Couleur : 8 couleurs selon les photos<\/p>\n<p>Type de parapluie : parapluie droit, parapluie \u00e0 manche en bois, parapluie de marche<\/p>\n<p>Nombre de c\u00f4tes : 16<\/p>\n<p>Mat\u00e9riau des baleines du parapluie : enti\u00e8rement en fibre de verre<\/p>\n<p>Tige du parapluie : acier<\/p>\n<p>Poids : 450g<\/p>\n<p>Motif : sans impression<\/p>\n<p>M\u00e9thode ouverte : Semi-auto<\/p>\n<p>Emballage : Sac OPP<\/p>\n<p>MOQ:500pcs<\/p>\n<p>D\u00e9lai de livraison : 7 jours ouvrables<\/p>\n","protected":false},"excerpt":{"rendered":"<p>Faites l&rsquo;exp\u00e9rience d&rsquo;une sophistication intemporelle avec notre collection de parapluies \u00e0 poign\u00e9e droite en bois. Fabriqu\u00e9 avec pr\u00e9cision, chaque parapluie allie style classique et design moderne. La poign\u00e9e droite en bois ajoute un \u00e9l\u00e9ment de raffinement, offrant un m\u00e9lange parfait d&rsquo;\u00e9l\u00e9gance et de fonctionnalit\u00e9. Ces parapluies de qualit\u00e9 sup\u00e9rieure vous offrent une couverture fiable et une touche de classe inspir\u00e9e de la nature. Explorez notre s\u00e9lection pour trouver la pi\u00e8ce qui s&rsquo;harmonisera avec votre style unique. Restez sous la pluie en toute confiance &#8211; achetez notre collection de parapluies \u00e0 poign\u00e9e droite en bois et red\u00e9finissez votre exp\u00e9rience du parapluie d\u00e8s aujourd&rsquo;hui !<\/p>\n","protected":false},"featured_media":3759,"comment_status":"open","ping_status":"closed","template":"","meta":{"_seopress_robots_primary_cat":"","_seopress_titles_title":"","_seopress_titles_desc":"","_seopress_robots_index":""},"product_brand":[],"product_cat":[75],"product_tag":[],"class_list":{"0":"post-4828","1":"product","2":"type-product","3":"status-publish","4":"has-post-thumbnail","6":"product_cat-parapluie-droit","8":"first","9":"instock","10":"sale","11":"shipping-taxable","12":"purchasable","13":"product-type-simple"},"yoast_head":"<!-- This site is optimized with the Yoast SEO plugin v22.7 - https:\/\/yoast.com\/wordpress\/plugins\/seo\/ -->\n<title>Parapluie 46&#039;&#039;x 33&#039;&#039;x 16K \u00e0 poign\u00e9e droite en bois - T-Umbrella<\/title>\n<meta name=\"description\" content=\"BSCI, CE, ISO9001, et usine Amazon Audit en Chine. Avec un MOQ de 100 \u00e0 500pcs, 2 \u00e0 5 jours ouvrables, faites rouler vos affaires.\" \/>\n<meta name=\"robots\" content=\"index, follow, max-snippet:-1, max-image-preview:large, max-video-preview:-1\" \/>\n<link rel=\"canonical\" href=\"https:\/\/t-umbrella.com\/fr\/product\/parapluie-46x-33x-16k-a-poignee-droite-en-bois\/\" \/>\n<meta property=\"og:locale\" content=\"fr_FR\" \/>\n<meta property=\"og:type\" content=\"article\" \/>\n<meta property=\"og:title\" content=\"Parapluie 46&#039;&#039;x 33&#039;&#039;x 16K \u00e0 poign\u00e9e droite en bois - T-Umbrella\" \/>\n<meta property=\"og:description\" content=\"BSCI, CE, ISO9001, et usine Amazon Audit en Chine. Avec un MOQ de 100 \u00e0 500pcs, 2 \u00e0 5 jours ouvrables, faites rouler vos affaires.\" \/>\n<meta property=\"og:url\" content=\"https:\/\/t-umbrella.com\/fr\/product\/parapluie-46x-33x-16k-a-poignee-droite-en-bois\/\" \/>\n<meta property=\"og:site_name\" content=\"T-Umbrella\" \/>\n<meta property=\"og:image\" content=\"https:\/\/t-umbrella.com\/wp-content\/uploads\/2024\/01\/7-1.jpg\" \/>\n\t<meta property=\"og:image:width\" content=\"800\" \/>\n\t<meta property=\"og:image:height\" content=\"800\" \/>\n\t<meta property=\"og:image:type\" content=\"image\/jpeg\" \/>\n<meta name=\"twitter:card\" content=\"summary_large_image\" \/>\n<script type=\"application\/ld+json\" class=\"yoast-schema-graph\">{\"@context\":\"https:\/\/schema.org\",\"@graph\":[{\"@type\":\"WebPage\",\"@id\":\"https:\/\/t-umbrella.com\/fr\/product\/parapluie-46x-33x-16k-a-poignee-droite-en-bois\/\",\"url\":\"https:\/\/t-umbrella.com\/fr\/product\/parapluie-46x-33x-16k-a-poignee-droite-en-bois\/\",\"name\":\"Parapluie 46''x 33''x 16K \u00e0 poign\u00e9e droite en bois - T-Umbrella\",\"isPartOf\":{\"@id\":\"https:\/\/t-umbrella.com\/fr\/#website\"},\"primaryImageOfPage\":{\"@id\":\"https:\/\/t-umbrella.com\/fr\/product\/parapluie-46x-33x-16k-a-poignee-droite-en-bois\/#primaryimage\"},\"image\":{\"@id\":\"https:\/\/t-umbrella.com\/fr\/product\/parapluie-46x-33x-16k-a-poignee-droite-en-bois\/#primaryimage\"},\"thumbnailUrl\":\"https:\/\/t-umbrella.com\/wp-content\/uploads\/2024\/01\/7-1.jpg\",\"datePublished\":\"2024-01-31T09:14:16+00:00\",\"dateModified\":\"2024-01-31T09:14:16+00:00\",\"description\":\"BSCI, CE, ISO9001, et usine Amazon Audit en Chine. Avec un MOQ de 100 \u00e0 500pcs, 2 \u00e0 5 jours ouvrables, faites rouler vos affaires.\",\"breadcrumb\":{\"@id\":\"https:\/\/t-umbrella.com\/fr\/product\/parapluie-46x-33x-16k-a-poignee-droite-en-bois\/#breadcrumb\"},\"inLanguage\":\"fr-FR\",\"potentialAction\":[{\"@type\":\"ReadAction\",\"target\":[\"https:\/\/t-umbrella.com\/fr\/product\/parapluie-46x-33x-16k-a-poignee-droite-en-bois\/\"]}]},{\"@type\":\"ImageObject\",\"inLanguage\":\"fr-FR\",\"@id\":\"https:\/\/t-umbrella.com\/fr\/product\/parapluie-46x-33x-16k-a-poignee-droite-en-bois\/#primaryimage\",\"url\":\"https:\/\/t-umbrella.com\/wp-content\/uploads\/2024\/01\/7-1.jpg\",\"contentUrl\":\"https:\/\/t-umbrella.com\/wp-content\/uploads\/2024\/01\/7-1.jpg\",\"width\":800,\"height\":800},{\"@type\":\"BreadcrumbList\",\"@id\":\"https:\/\/t-umbrella.com\/fr\/product\/parapluie-46x-33x-16k-a-poignee-droite-en-bois\/#breadcrumb\",\"itemListElement\":[{\"@type\":\"ListItem\",\"position\":1,\"name\":\"Home\",\"item\":\"https:\/\/t-umbrella.com\/fr\/accueil\/\"},{\"@type\":\"ListItem\",\"position\":2,\"name\":\"Produits\",\"item\":\"https:\/\/t-umbrella.com\/fr\/shop\/\"},{\"@type\":\"ListItem\",\"position\":3,\"name\":\"Parapluie 46&#8221;x 33&#8221;x 16K \u00e0 poign\u00e9e droite en bois\"}]},{\"@type\":\"WebSite\",\"@id\":\"https:\/\/t-umbrella.com\/fr\/#website\",\"url\":\"https:\/\/t-umbrella.com\/fr\/\",\"name\":\"T-Umbrella\",\"description\":\"\",\"publisher\":{\"@id\":\"https:\/\/t-umbrella.com\/fr\/#organization\"},\"potentialAction\":[{\"@type\":\"SearchAction\",\"target\":{\"@type\":\"EntryPoint\",\"urlTemplate\":\"https:\/\/t-umbrella.com\/fr\/?s={search_term_string}\"},\"query-input\":\"required name=search_term_string\"}],\"inLanguage\":\"fr-FR\"},{\"@type\":\"Organization\",\"@id\":\"https:\/\/t-umbrella.com\/fr\/#organization\",\"name\":\"T-Umbrella\",\"url\":\"https:\/\/t-umbrella.com\/fr\/\",\"logo\":{\"@type\":\"ImageObject\",\"inLanguage\":\"fr-FR\",\"@id\":\"https:\/\/t-umbrella.com\/fr\/#\/schema\/logo\/image\/\",\"url\":\"https:\/\/t-umbrella.com\/wp-content\/uploads\/2023\/11\/logo.png\",\"contentUrl\":\"https:\/\/t-umbrella.com\/wp-content\/uploads\/2023\/11\/logo.png\",\"width\":300,\"height\":120,\"caption\":\"T-Umbrella\"},\"image\":{\"@id\":\"https:\/\/t-umbrella.com\/fr\/#\/schema\/logo\/image\/\"}}]}<\/script>\n<!-- \/ Yoast SEO plugin. -->","yoast_head_json":{"title":"Parapluie 46''x 33''x 16K \u00e0 poign\u00e9e droite en bois - T-Umbrella","description":"BSCI, CE, ISO9001, et usine Amazon Audit en Chine. Avec un MOQ de 100 \u00e0 500pcs, 2 \u00e0 5 jours ouvrables, faites rouler vos affaires.","robots":{"index":"index","follow":"follow","max-snippet":"max-snippet:-1","max-image-preview":"max-image-preview:large","max-video-preview":"max-video-preview:-1"},"canonical":"https:\/\/t-umbrella.com\/fr\/product\/parapluie-46x-33x-16k-a-poignee-droite-en-bois\/","og_locale":"fr_FR","og_type":"article","og_title":"Parapluie 46''x 33''x 16K \u00e0 poign\u00e9e droite en bois - T-Umbrella","og_description":"BSCI, CE, ISO9001, et usine Amazon Audit en Chine. Avec un MOQ de 100 \u00e0 500pcs, 2 \u00e0 5 jours ouvrables, faites rouler vos affaires.","og_url":"https:\/\/t-umbrella.com\/fr\/product\/parapluie-46x-33x-16k-a-poignee-droite-en-bois\/","og_site_name":"T-Umbrella","og_image":[{"width":800,"height":800,"url":"https:\/\/t-umbrella.com\/wp-content\/uploads\/2024\/01\/7-1.jpg","type":"image\/jpeg"}],"twitter_card":"summary_large_image","schema":{"@context":"https:\/\/schema.org","@graph":[{"@type":"WebPage","@id":"https:\/\/t-umbrella.com\/fr\/product\/parapluie-46x-33x-16k-a-poignee-droite-en-bois\/","url":"https:\/\/t-umbrella.com\/fr\/product\/parapluie-46x-33x-16k-a-poignee-droite-en-bois\/","name":"Parapluie 46''x 33''x 16K \u00e0 poign\u00e9e droite en bois - T-Umbrella","isPartOf":{"@id":"https:\/\/t-umbrella.com\/fr\/#website"},"primaryImageOfPage":{"@id":"https:\/\/t-umbrella.com\/fr\/product\/parapluie-46x-33x-16k-a-poignee-droite-en-bois\/#primaryimage"},"image":{"@id":"https:\/\/t-umbrella.com\/fr\/product\/parapluie-46x-33x-16k-a-poignee-droite-en-bois\/#primaryimage"},"thumbnailUrl":"https:\/\/t-umbrella.com\/wp-content\/uploads\/2024\/01\/7-1.jpg","datePublished":"2024-01-31T09:14:16+00:00","dateModified":"2024-01-31T09:14:16+00:00","description":"BSCI, CE, ISO9001, et usine Amazon Audit en Chine. Avec un MOQ de 100 \u00e0 500pcs, 2 \u00e0 5 jours ouvrables, faites rouler vos affaires.","breadcrumb":{"@id":"https:\/\/t-umbrella.com\/fr\/product\/parapluie-46x-33x-16k-a-poignee-droite-en-bois\/#breadcrumb"},"inLanguage":"fr-FR","potentialAction":[{"@type":"ReadAction","target":["https:\/\/t-umbrella.com\/fr\/product\/parapluie-46x-33x-16k-a-poignee-droite-en-bois\/"]}]},{"@type":"ImageObject","inLanguage":"fr-FR","@id":"https:\/\/t-umbrella.com\/fr\/product\/parapluie-46x-33x-16k-a-poignee-droite-en-bois\/#primaryimage","url":"https:\/\/t-umbrella.com\/wp-content\/uploads\/2024\/01\/7-1.jpg","contentUrl":"https:\/\/t-umbrella.com\/wp-content\/uploads\/2024\/01\/7-1.jpg","width":800,"height":800},{"@type":"BreadcrumbList","@id":"https:\/\/t-umbrella.com\/fr\/product\/parapluie-46x-33x-16k-a-poignee-droite-en-bois\/#breadcrumb","itemListElement":[{"@type":"ListItem","position":1,"name":"Home","item":"https:\/\/t-umbrella.com\/fr\/accueil\/"},{"@type":"ListItem","position":2,"name":"Produits","item":"https:\/\/t-umbrella.com\/fr\/shop\/"},{"@type":"ListItem","position":3,"name":"Parapluie 46&#8221;x 33&#8221;x 16K \u00e0 poign\u00e9e droite en bois"}]},{"@type":"WebSite","@id":"https:\/\/t-umbrella.com\/fr\/#website","url":"https:\/\/t-umbrella.com\/fr\/","name":"T-Umbrella","description":"","publisher":{"@id":"https:\/\/t-umbrella.com\/fr\/#organization"},"potentialAction":[{"@type":"SearchAction","target":{"@type":"EntryPoint","urlTemplate":"https:\/\/t-umbrella.com\/fr\/?s={search_term_string}"},"query-input":"required name=search_term_string"}],"inLanguage":"fr-FR"},{"@type":"Organization","@id":"https:\/\/t-umbrella.com\/fr\/#organization","name":"T-Umbrella","url":"https:\/\/t-umbrella.com\/fr\/","logo":{"@type":"ImageObject","inLanguage":"fr-FR","@id":"https:\/\/t-umbrella.com\/fr\/#\/schema\/logo\/image\/","url":"https:\/\/t-umbrella.com\/wp-content\/uploads\/2023\/11\/logo.png","contentUrl":"https:\/\/t-umbrella.com\/wp-content\/uploads\/2023\/11\/logo.png","width":300,"height":120,"caption":"T-Umbrella"},"image":{"@id":"https:\/\/t-umbrella.com\/fr\/#\/schema\/logo\/image\/"}}]}},"_links":{"self":[{"href":"https:\/\/t-umbrella.com\/fr\/wp-json\/wp\/v2\/product\/4828","targetHints":{"allow":["GET"]}}],"collection":[{"href":"https:\/\/t-umbrella.com\/fr\/wp-json\/wp\/v2\/product"}],"about":[{"href":"https:\/\/t-umbrella.com\/fr\/wp-json\/wp\/v2\/types\/product"}],"replies":[{"embeddable":true,"href":"https:\/\/t-umbrella.com\/fr\/wp-json\/wp\/v2\/comments?post=4828"}],"wp:featuredmedia":[{"embeddable":true,"href":"https:\/\/t-umbrella.com\/fr\/wp-json\/wp\/v2\/media\/3759"}],"wp:attachment":[{"href":"https:\/\/t-umbrella.com\/fr\/wp-json\/wp\/v2\/media?parent=4828"}],"wp:term":[{"taxonomy":"product_brand","embeddable":true,"href":"https:\/\/t-umbrella.com\/fr\/wp-json\/wp\/v2\/product_brand?post=4828"},{"taxonomy":"product_cat","embeddable":true,"href":"https:\/\/t-umbrella.com\/fr\/wp-json\/wp\/v2\/product_cat?post=4828"},{"taxonomy":"product_tag","embeddable":true,"href":"https:\/\/t-umbrella.com\/fr\/wp-json\/wp\/v2\/product_tag?post=4828"}],"curies":[{"name":"wp","href":"https:\/\/api.w.org\/{rel}","templated":true}]}}