{"id":4887,"date":"2024-02-01T07:21:25","date_gmt":"2024-02-01T07:21:25","guid":{"rendered":"https:\/\/t-umbrella.com\/product\/paraguas-infantil-de-vinilo-40-x-29\/"},"modified":"2024-02-01T07:21:25","modified_gmt":"2024-02-01T07:21:25","slug":"paraguas-infantil-de-vinilo-40-x-29","status":"publish","type":"product","link":"https:\/\/t-umbrella.com\/es\/product\/paraguas-infantil-de-vinilo-40-x-29\/","title":{"rendered":"Paraguas infantil de vinilo 40\u00bb x 29\u00bb"},"content":{"rendered":"<p><strong>Tejido:<\/strong> Vinilo<\/p>\n<p><strong>Color:<\/strong> 8 colores seg\u00fan las fotos<\/p>\n<p><strong>Tipo de paraguas:<\/strong> paraguas para ni\u00f1os, paraguas con bloqueo UV, paraguas peque\u00f1o<\/p>\n<p><strong>N\u00famero de costillas:<\/strong> 8<\/p>\n<p><strong>Material de la varilla del paraguas:<\/strong> pl\u00e1stico<\/p>\n<p><strong>Varilla del paraguas:<\/strong> pl\u00e1stico<\/p>\n<p><strong>Peso:<\/strong> 298 g<\/p>\n<p><strong>Patr\u00f3n:<\/strong> con impresi\u00f3n como en las fotos<\/p>\n<p><strong>M\u00e9todo de apertura:<\/strong> Manual<\/p>\n<p><strong>Embalaje<\/strong> Bolsa OPP<\/p>\n<p><strong>MOQ:<\/strong>100pcs<\/p>\n<p><strong>Plazo de entrega:<\/strong> de 2 a 7 d\u00edas laborables<\/p>\n","protected":false},"excerpt":{"rendered":"<p>Alegre los d\u00edas lluviosos con nuestros paraguas para ni\u00f1os. Dise\u00f1os vibrantes, funciones adaptadas a los ni\u00f1os y una protecci\u00f3n fiable crean una experiencia divertida y segura. Explora nuestra colecci\u00f3n para sonre\u00edr en cada chaparr\u00f3n<\/p>\n","protected":false},"featured_media":4165,"comment_status":"open","ping_status":"closed","template":"","meta":{"_seopress_robots_primary_cat":"","_seopress_titles_title":"","_seopress_titles_desc":"","_seopress_robots_index":""},"product_brand":[],"product_cat":[97],"product_tag":[],"class_list":{"0":"post-4887","1":"product","2":"type-product","3":"status-publish","4":"has-post-thumbnail","6":"product_cat-paraguas-para-ninos","8":"first","9":"instock","10":"sale","11":"shipping-taxable","12":"purchasable","13":"product-type-simple"},"yoast_head":"<!-- This site is optimized with the Yoast SEO plugin v22.7 - https:\/\/yoast.com\/wordpress\/plugins\/seo\/ -->\n<title>Paraguas infantil de vinilo 40&#039;&#039; x 29&#039;&#039; - T-Umbrella<\/title>\n<meta name=\"description\" content=\"Tianxiu (T-paraguas) tiene paraguas de los ni\u00f1os de valores y personalizar la capacidad de paraguas, ayudar a miles de marcas para promover y dise\u00f1ar. MOQ 100pcs.\" \/>\n<meta name=\"robots\" content=\"index, follow, max-snippet:-1, max-image-preview:large, max-video-preview:-1\" \/>\n<link rel=\"canonical\" href=\"https:\/\/t-umbrella.com\/es\/product\/paraguas-infantil-de-vinilo-40-x-29\/\" \/>\n<meta property=\"og:locale\" content=\"es_ES\" \/>\n<meta property=\"og:type\" content=\"article\" \/>\n<meta property=\"og:title\" content=\"Paraguas infantil de vinilo 40&#039;&#039; x 29&#039;&#039; - T-Umbrella\" \/>\n<meta property=\"og:description\" content=\"Tianxiu (T-paraguas) tiene paraguas de los ni\u00f1os de valores y personalizar la capacidad de paraguas, ayudar a miles de marcas para promover y dise\u00f1ar. MOQ 100pcs.\" \/>\n<meta property=\"og:url\" content=\"https:\/\/t-umbrella.com\/es\/product\/paraguas-infantil-de-vinilo-40-x-29\/\" \/>\n<meta property=\"og:site_name\" content=\"T-Umbrella\" \/>\n<meta property=\"og:image\" content=\"https:\/\/t-umbrella.com\/wp-content\/uploads\/2024\/02\/8-1.jpg\" \/>\n\t<meta property=\"og:image:width\" content=\"800\" \/>\n\t<meta property=\"og:image:height\" content=\"800\" \/>\n\t<meta property=\"og:image:type\" content=\"image\/jpeg\" \/>\n<meta name=\"twitter:card\" content=\"summary_large_image\" \/>\n<script type=\"application\/ld+json\" class=\"yoast-schema-graph\">{\"@context\":\"https:\/\/schema.org\",\"@graph\":[{\"@type\":\"WebPage\",\"@id\":\"https:\/\/t-umbrella.com\/es\/product\/paraguas-infantil-de-vinilo-40-x-29\/\",\"url\":\"https:\/\/t-umbrella.com\/es\/product\/paraguas-infantil-de-vinilo-40-x-29\/\",\"name\":\"Paraguas infantil de vinilo 40'' x 29'' - T-Umbrella\",\"isPartOf\":{\"@id\":\"https:\/\/t-umbrella.com\/es\/#website\"},\"primaryImageOfPage\":{\"@id\":\"https:\/\/t-umbrella.com\/es\/product\/paraguas-infantil-de-vinilo-40-x-29\/#primaryimage\"},\"image\":{\"@id\":\"https:\/\/t-umbrella.com\/es\/product\/paraguas-infantil-de-vinilo-40-x-29\/#primaryimage\"},\"thumbnailUrl\":\"https:\/\/t-umbrella.com\/wp-content\/uploads\/2024\/02\/8-1.jpg\",\"datePublished\":\"2024-02-01T07:21:25+00:00\",\"dateModified\":\"2024-02-01T07:21:25+00:00\",\"description\":\"Tianxiu (T-paraguas) tiene paraguas de los ni\u00f1os de valores y personalizar la capacidad de paraguas, ayudar a miles de marcas para promover y dise\u00f1ar. MOQ 100pcs.\",\"breadcrumb\":{\"@id\":\"https:\/\/t-umbrella.com\/es\/product\/paraguas-infantil-de-vinilo-40-x-29\/#breadcrumb\"},\"inLanguage\":\"es\",\"potentialAction\":[{\"@type\":\"ReadAction\",\"target\":[\"https:\/\/t-umbrella.com\/es\/product\/paraguas-infantil-de-vinilo-40-x-29\/\"]}]},{\"@type\":\"ImageObject\",\"inLanguage\":\"es\",\"@id\":\"https:\/\/t-umbrella.com\/es\/product\/paraguas-infantil-de-vinilo-40-x-29\/#primaryimage\",\"url\":\"https:\/\/t-umbrella.com\/wp-content\/uploads\/2024\/02\/8-1.jpg\",\"contentUrl\":\"https:\/\/t-umbrella.com\/wp-content\/uploads\/2024\/02\/8-1.jpg\",\"width\":800,\"height\":800},{\"@type\":\"BreadcrumbList\",\"@id\":\"https:\/\/t-umbrella.com\/es\/product\/paraguas-infantil-de-vinilo-40-x-29\/#breadcrumb\",\"itemListElement\":[{\"@type\":\"ListItem\",\"position\":1,\"name\":\"Home\",\"item\":\"https:\/\/t-umbrella.com\/es\/inicio\/\"},{\"@type\":\"ListItem\",\"position\":2,\"name\":\"Productos\",\"item\":\"https:\/\/t-umbrella.com\/es\/shop\/\"},{\"@type\":\"ListItem\",\"position\":3,\"name\":\"Paraguas infantil de vinilo 40&#8221; x 29&#8221;\"}]},{\"@type\":\"WebSite\",\"@id\":\"https:\/\/t-umbrella.com\/es\/#website\",\"url\":\"https:\/\/t-umbrella.com\/es\/\",\"name\":\"T-Umbrella\",\"description\":\"\",\"publisher\":{\"@id\":\"https:\/\/t-umbrella.com\/es\/#organization\"},\"potentialAction\":[{\"@type\":\"SearchAction\",\"target\":{\"@type\":\"EntryPoint\",\"urlTemplate\":\"https:\/\/t-umbrella.com\/es\/?s={search_term_string}\"},\"query-input\":\"required name=search_term_string\"}],\"inLanguage\":\"es\"},{\"@type\":\"Organization\",\"@id\":\"https:\/\/t-umbrella.com\/es\/#organization\",\"name\":\"T-Umbrella\",\"url\":\"https:\/\/t-umbrella.com\/es\/\",\"logo\":{\"@type\":\"ImageObject\",\"inLanguage\":\"es\",\"@id\":\"https:\/\/t-umbrella.com\/es\/#\/schema\/logo\/image\/\",\"url\":\"https:\/\/t-umbrella.com\/wp-content\/uploads\/2023\/11\/logo.png\",\"contentUrl\":\"https:\/\/t-umbrella.com\/wp-content\/uploads\/2023\/11\/logo.png\",\"width\":300,\"height\":120,\"caption\":\"T-Umbrella\"},\"image\":{\"@id\":\"https:\/\/t-umbrella.com\/es\/#\/schema\/logo\/image\/\"}}]}<\/script>\n<!-- \/ Yoast SEO plugin. -->","yoast_head_json":{"title":"Paraguas infantil de vinilo 40'' x 29'' - T-Umbrella","description":"Tianxiu (T-paraguas) tiene paraguas de los ni\u00f1os de valores y personalizar la capacidad de paraguas, ayudar a miles de marcas para promover y dise\u00f1ar. MOQ 100pcs.","robots":{"index":"index","follow":"follow","max-snippet":"max-snippet:-1","max-image-preview":"max-image-preview:large","max-video-preview":"max-video-preview:-1"},"canonical":"https:\/\/t-umbrella.com\/es\/product\/paraguas-infantil-de-vinilo-40-x-29\/","og_locale":"es_ES","og_type":"article","og_title":"Paraguas infantil de vinilo 40'' x 29'' - T-Umbrella","og_description":"Tianxiu (T-paraguas) tiene paraguas de los ni\u00f1os de valores y personalizar la capacidad de paraguas, ayudar a miles de marcas para promover y dise\u00f1ar. MOQ 100pcs.","og_url":"https:\/\/t-umbrella.com\/es\/product\/paraguas-infantil-de-vinilo-40-x-29\/","og_site_name":"T-Umbrella","og_image":[{"width":800,"height":800,"url":"https:\/\/t-umbrella.com\/wp-content\/uploads\/2024\/02\/8-1.jpg","type":"image\/jpeg"}],"twitter_card":"summary_large_image","schema":{"@context":"https:\/\/schema.org","@graph":[{"@type":"WebPage","@id":"https:\/\/t-umbrella.com\/es\/product\/paraguas-infantil-de-vinilo-40-x-29\/","url":"https:\/\/t-umbrella.com\/es\/product\/paraguas-infantil-de-vinilo-40-x-29\/","name":"Paraguas infantil de vinilo 40'' x 29'' - T-Umbrella","isPartOf":{"@id":"https:\/\/t-umbrella.com\/es\/#website"},"primaryImageOfPage":{"@id":"https:\/\/t-umbrella.com\/es\/product\/paraguas-infantil-de-vinilo-40-x-29\/#primaryimage"},"image":{"@id":"https:\/\/t-umbrella.com\/es\/product\/paraguas-infantil-de-vinilo-40-x-29\/#primaryimage"},"thumbnailUrl":"https:\/\/t-umbrella.com\/wp-content\/uploads\/2024\/02\/8-1.jpg","datePublished":"2024-02-01T07:21:25+00:00","dateModified":"2024-02-01T07:21:25+00:00","description":"Tianxiu (T-paraguas) tiene paraguas de los ni\u00f1os de valores y personalizar la capacidad de paraguas, ayudar a miles de marcas para promover y dise\u00f1ar. MOQ 100pcs.","breadcrumb":{"@id":"https:\/\/t-umbrella.com\/es\/product\/paraguas-infantil-de-vinilo-40-x-29\/#breadcrumb"},"inLanguage":"es","potentialAction":[{"@type":"ReadAction","target":["https:\/\/t-umbrella.com\/es\/product\/paraguas-infantil-de-vinilo-40-x-29\/"]}]},{"@type":"ImageObject","inLanguage":"es","@id":"https:\/\/t-umbrella.com\/es\/product\/paraguas-infantil-de-vinilo-40-x-29\/#primaryimage","url":"https:\/\/t-umbrella.com\/wp-content\/uploads\/2024\/02\/8-1.jpg","contentUrl":"https:\/\/t-umbrella.com\/wp-content\/uploads\/2024\/02\/8-1.jpg","width":800,"height":800},{"@type":"BreadcrumbList","@id":"https:\/\/t-umbrella.com\/es\/product\/paraguas-infantil-de-vinilo-40-x-29\/#breadcrumb","itemListElement":[{"@type":"ListItem","position":1,"name":"Home","item":"https:\/\/t-umbrella.com\/es\/inicio\/"},{"@type":"ListItem","position":2,"name":"Productos","item":"https:\/\/t-umbrella.com\/es\/shop\/"},{"@type":"ListItem","position":3,"name":"Paraguas infantil de vinilo 40&#8221; x 29&#8221;"}]},{"@type":"WebSite","@id":"https:\/\/t-umbrella.com\/es\/#website","url":"https:\/\/t-umbrella.com\/es\/","name":"T-Umbrella","description":"","publisher":{"@id":"https:\/\/t-umbrella.com\/es\/#organization"},"potentialAction":[{"@type":"SearchAction","target":{"@type":"EntryPoint","urlTemplate":"https:\/\/t-umbrella.com\/es\/?s={search_term_string}"},"query-input":"required name=search_term_string"}],"inLanguage":"es"},{"@type":"Organization","@id":"https:\/\/t-umbrella.com\/es\/#organization","name":"T-Umbrella","url":"https:\/\/t-umbrella.com\/es\/","logo":{"@type":"ImageObject","inLanguage":"es","@id":"https:\/\/t-umbrella.com\/es\/#\/schema\/logo\/image\/","url":"https:\/\/t-umbrella.com\/wp-content\/uploads\/2023\/11\/logo.png","contentUrl":"https:\/\/t-umbrella.com\/wp-content\/uploads\/2023\/11\/logo.png","width":300,"height":120,"caption":"T-Umbrella"},"image":{"@id":"https:\/\/t-umbrella.com\/es\/#\/schema\/logo\/image\/"}}]}},"_links":{"self":[{"href":"https:\/\/t-umbrella.com\/es\/wp-json\/wp\/v2\/product\/4887","targetHints":{"allow":["GET"]}}],"collection":[{"href":"https:\/\/t-umbrella.com\/es\/wp-json\/wp\/v2\/product"}],"about":[{"href":"https:\/\/t-umbrella.com\/es\/wp-json\/wp\/v2\/types\/product"}],"replies":[{"embeddable":true,"href":"https:\/\/t-umbrella.com\/es\/wp-json\/wp\/v2\/comments?post=4887"}],"wp:featuredmedia":[{"embeddable":true,"href":"https:\/\/t-umbrella.com\/es\/wp-json\/wp\/v2\/media\/4165"}],"wp:attachment":[{"href":"https:\/\/t-umbrella.com\/es\/wp-json\/wp\/v2\/media?parent=4887"}],"wp:term":[{"taxonomy":"product_brand","embeddable":true,"href":"https:\/\/t-umbrella.com\/es\/wp-json\/wp\/v2\/product_brand?post=4887"},{"taxonomy":"product_cat","embeddable":true,"href":"https:\/\/t-umbrella.com\/es\/wp-json\/wp\/v2\/product_cat?post=4887"},{"taxonomy":"product_tag","embeddable":true,"href":"https:\/\/t-umbrella.com\/es\/wp-json\/wp\/v2\/product_tag?post=4887"}],"curies":[{"name":"wp","href":"https:\/\/api.w.org\/{rel}","templated":true}]}}