{"id":4884,"date":"2024-02-01T06:58:01","date_gmt":"2024-02-01T06:58:01","guid":{"rendered":"https:\/\/t-umbrella.com\/product\/42-x-8k-paraguas-de-vinilo-automatico-de-tres-pliegues\/"},"modified":"2024-02-01T06:58:01","modified_gmt":"2024-02-01T06:58:01","slug":"42-x-8k-paraguas-de-vinilo-automatico-de-tres-pliegues","status":"publish","type":"product","link":"https:\/\/t-umbrella.com\/es\/product\/42-x-8k-paraguas-de-vinilo-automatico-de-tres-pliegues\/","title":{"rendered":"42\u00bb x 8K Paraguas de vinilo autom\u00e1tico de tres pliegues"},"content":{"rendered":"<p><strong>Tejido:<\/strong> Vinilo<\/p>\n<p><strong>Color:<\/strong> 6 colores seg\u00fan las fotos<\/p>\n<p><strong>Tipo de paraguas:<\/strong> paraguas plegable, paraguas anti UV, paraguas compacto<\/p>\n<p><strong>N\u00famero de costillas:<\/strong> 8<\/p>\n<p><strong>Material de las varillas del paraguas:<\/strong> fibra de vidrio<\/p>\n<p><strong>Eje del paraguas:<\/strong> acero<\/p>\n<p><strong>Peso:<\/strong> 346 g<\/p>\n<p><strong>Patr\u00f3n:<\/strong> sin impresi\u00f3n<\/p>\n<p><strong>M\u00e9todo de apertura:<\/strong> Auto<\/p>\n<p><strong>Paquete<\/strong> Bolsa de tela<\/p>\n<p><strong>MOQ:<\/strong>500pcs<\/p>\n<p><strong>Plazo de entrega:<\/strong> 7 d\u00edas laborables<\/p>\n","protected":false},"excerpt":{"rendered":"<p>Experimente la m\u00e1xima comodidad con nuestro paraguas plegable. Compacta y ligera, combina a la perfecci\u00f3n funcionalidad y estilo. Perfecta para un estilo de vida activo, cabe f\u00e1cilmente en bolsos y bolsillos. Mantente preparado para aguaceros repentinos con este accesorio port\u00e1til que transforma cualquier d\u00eda lluvioso en una experiencia a la moda y sin complicaciones.<\/p>\n","protected":false},"featured_media":4117,"comment_status":"open","ping_status":"closed","template":"","meta":{"_seopress_robots_primary_cat":"","_seopress_titles_title":"","_seopress_titles_desc":"","_seopress_robots_index":""},"product_brand":[],"product_cat":[88],"product_tag":[],"class_list":{"0":"post-4884","1":"product","2":"type-product","3":"status-publish","4":"has-post-thumbnail","6":"product_cat-paraguas-plegable","8":"first","9":"instock","10":"sale","11":"shipping-taxable","12":"purchasable","13":"product-type-simple"},"yoast_head":"<!-- This site is optimized with the Yoast SEO plugin v22.7 - https:\/\/yoast.com\/wordpress\/plugins\/seo\/ -->\n<title>42&#039;&#039; x 8K Paraguas de vinilo autom\u00e1tico de tres pliegues - T-Umbrella<\/title>\n<meta name=\"description\" content=\"\u00a1MOQ 500pcs con 7 d\u00edas de plazo de entrega! \u00a1Consiga el precio al por mayor de paraguas m\u00e1s bajo! BSCI, CE, ISO9001, \u00a1f\u00e1brica auditada por Amazon en China!\" \/>\n<meta name=\"robots\" content=\"index, follow, max-snippet:-1, max-image-preview:large, max-video-preview:-1\" \/>\n<link rel=\"canonical\" href=\"https:\/\/t-umbrella.com\/es\/product\/42-x-8k-paraguas-de-vinilo-automatico-de-tres-pliegues\/\" \/>\n<meta property=\"og:locale\" content=\"es_ES\" \/>\n<meta property=\"og:type\" content=\"article\" \/>\n<meta property=\"og:title\" content=\"42&#039;&#039; x 8K Paraguas de vinilo autom\u00e1tico de tres pliegues - T-Umbrella\" \/>\n<meta property=\"og:description\" content=\"\u00a1MOQ 500pcs con 7 d\u00edas de plazo de entrega! \u00a1Consiga el precio al por mayor de paraguas m\u00e1s bajo! BSCI, CE, ISO9001, \u00a1f\u00e1brica auditada por Amazon en China!\" \/>\n<meta property=\"og:url\" content=\"https:\/\/t-umbrella.com\/es\/product\/42-x-8k-paraguas-de-vinilo-automatico-de-tres-pliegues\/\" \/>\n<meta property=\"og:site_name\" content=\"T-Umbrella\" \/>\n<meta property=\"og:image\" content=\"https:\/\/t-umbrella.com\/wp-content\/uploads\/2024\/02\/6-2.jpg\" \/>\n\t<meta property=\"og:image:width\" content=\"800\" \/>\n\t<meta property=\"og:image:height\" content=\"800\" \/>\n\t<meta property=\"og:image:type\" content=\"image\/jpeg\" \/>\n<meta name=\"twitter:card\" content=\"summary_large_image\" \/>\n<script type=\"application\/ld+json\" class=\"yoast-schema-graph\">{\"@context\":\"https:\/\/schema.org\",\"@graph\":[{\"@type\":\"WebPage\",\"@id\":\"https:\/\/t-umbrella.com\/es\/product\/42-x-8k-paraguas-de-vinilo-automatico-de-tres-pliegues\/\",\"url\":\"https:\/\/t-umbrella.com\/es\/product\/42-x-8k-paraguas-de-vinilo-automatico-de-tres-pliegues\/\",\"name\":\"42'' x 8K Paraguas de vinilo autom\u00e1tico de tres pliegues - T-Umbrella\",\"isPartOf\":{\"@id\":\"https:\/\/t-umbrella.com\/es\/#website\"},\"primaryImageOfPage\":{\"@id\":\"https:\/\/t-umbrella.com\/es\/product\/42-x-8k-paraguas-de-vinilo-automatico-de-tres-pliegues\/#primaryimage\"},\"image\":{\"@id\":\"https:\/\/t-umbrella.com\/es\/product\/42-x-8k-paraguas-de-vinilo-automatico-de-tres-pliegues\/#primaryimage\"},\"thumbnailUrl\":\"https:\/\/t-umbrella.com\/wp-content\/uploads\/2024\/02\/6-2.jpg\",\"datePublished\":\"2024-02-01T06:58:01+00:00\",\"dateModified\":\"2024-02-01T06:58:01+00:00\",\"description\":\"\u00a1MOQ 500pcs con 7 d\u00edas de plazo de entrega! \u00a1Consiga el precio al por mayor de paraguas m\u00e1s bajo! BSCI, CE, ISO9001, \u00a1f\u00e1brica auditada por Amazon en China!\",\"breadcrumb\":{\"@id\":\"https:\/\/t-umbrella.com\/es\/product\/42-x-8k-paraguas-de-vinilo-automatico-de-tres-pliegues\/#breadcrumb\"},\"inLanguage\":\"es\",\"potentialAction\":[{\"@type\":\"ReadAction\",\"target\":[\"https:\/\/t-umbrella.com\/es\/product\/42-x-8k-paraguas-de-vinilo-automatico-de-tres-pliegues\/\"]}]},{\"@type\":\"ImageObject\",\"inLanguage\":\"es\",\"@id\":\"https:\/\/t-umbrella.com\/es\/product\/42-x-8k-paraguas-de-vinilo-automatico-de-tres-pliegues\/#primaryimage\",\"url\":\"https:\/\/t-umbrella.com\/wp-content\/uploads\/2024\/02\/6-2.jpg\",\"contentUrl\":\"https:\/\/t-umbrella.com\/wp-content\/uploads\/2024\/02\/6-2.jpg\",\"width\":800,\"height\":800},{\"@type\":\"BreadcrumbList\",\"@id\":\"https:\/\/t-umbrella.com\/es\/product\/42-x-8k-paraguas-de-vinilo-automatico-de-tres-pliegues\/#breadcrumb\",\"itemListElement\":[{\"@type\":\"ListItem\",\"position\":1,\"name\":\"Home\",\"item\":\"https:\/\/t-umbrella.com\/es\/inicio\/\"},{\"@type\":\"ListItem\",\"position\":2,\"name\":\"Productos\",\"item\":\"https:\/\/t-umbrella.com\/es\/shop\/\"},{\"@type\":\"ListItem\",\"position\":3,\"name\":\"42&#8221; x 8K Paraguas de vinilo autom\u00e1tico de tres pliegues\"}]},{\"@type\":\"WebSite\",\"@id\":\"https:\/\/t-umbrella.com\/es\/#website\",\"url\":\"https:\/\/t-umbrella.com\/es\/\",\"name\":\"T-Umbrella\",\"description\":\"\",\"publisher\":{\"@id\":\"https:\/\/t-umbrella.com\/es\/#organization\"},\"potentialAction\":[{\"@type\":\"SearchAction\",\"target\":{\"@type\":\"EntryPoint\",\"urlTemplate\":\"https:\/\/t-umbrella.com\/es\/?s={search_term_string}\"},\"query-input\":\"required name=search_term_string\"}],\"inLanguage\":\"es\"},{\"@type\":\"Organization\",\"@id\":\"https:\/\/t-umbrella.com\/es\/#organization\",\"name\":\"T-Umbrella\",\"url\":\"https:\/\/t-umbrella.com\/es\/\",\"logo\":{\"@type\":\"ImageObject\",\"inLanguage\":\"es\",\"@id\":\"https:\/\/t-umbrella.com\/es\/#\/schema\/logo\/image\/\",\"url\":\"https:\/\/t-umbrella.com\/wp-content\/uploads\/2023\/11\/logo.png\",\"contentUrl\":\"https:\/\/t-umbrella.com\/wp-content\/uploads\/2023\/11\/logo.png\",\"width\":300,\"height\":120,\"caption\":\"T-Umbrella\"},\"image\":{\"@id\":\"https:\/\/t-umbrella.com\/es\/#\/schema\/logo\/image\/\"}}]}<\/script>\n<!-- \/ Yoast SEO plugin. -->","yoast_head_json":{"title":"42'' x 8K Paraguas de vinilo autom\u00e1tico de tres pliegues - T-Umbrella","description":"\u00a1MOQ 500pcs con 7 d\u00edas de plazo de entrega! \u00a1Consiga el precio al por mayor de paraguas m\u00e1s bajo! BSCI, CE, ISO9001, \u00a1f\u00e1brica auditada por Amazon en China!","robots":{"index":"index","follow":"follow","max-snippet":"max-snippet:-1","max-image-preview":"max-image-preview:large","max-video-preview":"max-video-preview:-1"},"canonical":"https:\/\/t-umbrella.com\/es\/product\/42-x-8k-paraguas-de-vinilo-automatico-de-tres-pliegues\/","og_locale":"es_ES","og_type":"article","og_title":"42'' x 8K Paraguas de vinilo autom\u00e1tico de tres pliegues - T-Umbrella","og_description":"\u00a1MOQ 500pcs con 7 d\u00edas de plazo de entrega! \u00a1Consiga el precio al por mayor de paraguas m\u00e1s bajo! BSCI, CE, ISO9001, \u00a1f\u00e1brica auditada por Amazon en China!","og_url":"https:\/\/t-umbrella.com\/es\/product\/42-x-8k-paraguas-de-vinilo-automatico-de-tres-pliegues\/","og_site_name":"T-Umbrella","og_image":[{"width":800,"height":800,"url":"https:\/\/t-umbrella.com\/wp-content\/uploads\/2024\/02\/6-2.jpg","type":"image\/jpeg"}],"twitter_card":"summary_large_image","schema":{"@context":"https:\/\/schema.org","@graph":[{"@type":"WebPage","@id":"https:\/\/t-umbrella.com\/es\/product\/42-x-8k-paraguas-de-vinilo-automatico-de-tres-pliegues\/","url":"https:\/\/t-umbrella.com\/es\/product\/42-x-8k-paraguas-de-vinilo-automatico-de-tres-pliegues\/","name":"42'' x 8K Paraguas de vinilo autom\u00e1tico de tres pliegues - T-Umbrella","isPartOf":{"@id":"https:\/\/t-umbrella.com\/es\/#website"},"primaryImageOfPage":{"@id":"https:\/\/t-umbrella.com\/es\/product\/42-x-8k-paraguas-de-vinilo-automatico-de-tres-pliegues\/#primaryimage"},"image":{"@id":"https:\/\/t-umbrella.com\/es\/product\/42-x-8k-paraguas-de-vinilo-automatico-de-tres-pliegues\/#primaryimage"},"thumbnailUrl":"https:\/\/t-umbrella.com\/wp-content\/uploads\/2024\/02\/6-2.jpg","datePublished":"2024-02-01T06:58:01+00:00","dateModified":"2024-02-01T06:58:01+00:00","description":"\u00a1MOQ 500pcs con 7 d\u00edas de plazo de entrega! \u00a1Consiga el precio al por mayor de paraguas m\u00e1s bajo! BSCI, CE, ISO9001, \u00a1f\u00e1brica auditada por Amazon en China!","breadcrumb":{"@id":"https:\/\/t-umbrella.com\/es\/product\/42-x-8k-paraguas-de-vinilo-automatico-de-tres-pliegues\/#breadcrumb"},"inLanguage":"es","potentialAction":[{"@type":"ReadAction","target":["https:\/\/t-umbrella.com\/es\/product\/42-x-8k-paraguas-de-vinilo-automatico-de-tres-pliegues\/"]}]},{"@type":"ImageObject","inLanguage":"es","@id":"https:\/\/t-umbrella.com\/es\/product\/42-x-8k-paraguas-de-vinilo-automatico-de-tres-pliegues\/#primaryimage","url":"https:\/\/t-umbrella.com\/wp-content\/uploads\/2024\/02\/6-2.jpg","contentUrl":"https:\/\/t-umbrella.com\/wp-content\/uploads\/2024\/02\/6-2.jpg","width":800,"height":800},{"@type":"BreadcrumbList","@id":"https:\/\/t-umbrella.com\/es\/product\/42-x-8k-paraguas-de-vinilo-automatico-de-tres-pliegues\/#breadcrumb","itemListElement":[{"@type":"ListItem","position":1,"name":"Home","item":"https:\/\/t-umbrella.com\/es\/inicio\/"},{"@type":"ListItem","position":2,"name":"Productos","item":"https:\/\/t-umbrella.com\/es\/shop\/"},{"@type":"ListItem","position":3,"name":"42&#8221; x 8K Paraguas de vinilo autom\u00e1tico de tres pliegues"}]},{"@type":"WebSite","@id":"https:\/\/t-umbrella.com\/es\/#website","url":"https:\/\/t-umbrella.com\/es\/","name":"T-Umbrella","description":"","publisher":{"@id":"https:\/\/t-umbrella.com\/es\/#organization"},"potentialAction":[{"@type":"SearchAction","target":{"@type":"EntryPoint","urlTemplate":"https:\/\/t-umbrella.com\/es\/?s={search_term_string}"},"query-input":"required name=search_term_string"}],"inLanguage":"es"},{"@type":"Organization","@id":"https:\/\/t-umbrella.com\/es\/#organization","name":"T-Umbrella","url":"https:\/\/t-umbrella.com\/es\/","logo":{"@type":"ImageObject","inLanguage":"es","@id":"https:\/\/t-umbrella.com\/es\/#\/schema\/logo\/image\/","url":"https:\/\/t-umbrella.com\/wp-content\/uploads\/2023\/11\/logo.png","contentUrl":"https:\/\/t-umbrella.com\/wp-content\/uploads\/2023\/11\/logo.png","width":300,"height":120,"caption":"T-Umbrella"},"image":{"@id":"https:\/\/t-umbrella.com\/es\/#\/schema\/logo\/image\/"}}]}},"_links":{"self":[{"href":"https:\/\/t-umbrella.com\/es\/wp-json\/wp\/v2\/product\/4884","targetHints":{"allow":["GET"]}}],"collection":[{"href":"https:\/\/t-umbrella.com\/es\/wp-json\/wp\/v2\/product"}],"about":[{"href":"https:\/\/t-umbrella.com\/es\/wp-json\/wp\/v2\/types\/product"}],"replies":[{"embeddable":true,"href":"https:\/\/t-umbrella.com\/es\/wp-json\/wp\/v2\/comments?post=4884"}],"wp:featuredmedia":[{"embeddable":true,"href":"https:\/\/t-umbrella.com\/es\/wp-json\/wp\/v2\/media\/4117"}],"wp:attachment":[{"href":"https:\/\/t-umbrella.com\/es\/wp-json\/wp\/v2\/media?parent=4884"}],"wp:term":[{"taxonomy":"product_brand","embeddable":true,"href":"https:\/\/t-umbrella.com\/es\/wp-json\/wp\/v2\/product_brand?post=4884"},{"taxonomy":"product_cat","embeddable":true,"href":"https:\/\/t-umbrella.com\/es\/wp-json\/wp\/v2\/product_cat?post=4884"},{"taxonomy":"product_tag","embeddable":true,"href":"https:\/\/t-umbrella.com\/es\/wp-json\/wp\/v2\/product_tag?post=4884"}],"curies":[{"name":"wp","href":"https:\/\/api.w.org\/{rel}","templated":true}]}}