{"id":4867,"date":"2024-01-31T09:14:16","date_gmt":"2024-01-31T09:14:16","guid":{"rendered":"https:\/\/t-umbrella.com\/product\/paraguas-con-mango-recto-de-madera-46x-33x-16k\/"},"modified":"2024-01-31T09:14:16","modified_gmt":"2024-01-31T09:14:16","slug":"paraguas-con-mango-recto-de-madera-46x-33x-16k","status":"publish","type":"product","link":"https:\/\/t-umbrella.com\/es\/product\/paraguas-con-mango-recto-de-madera-46x-33x-16k\/","title":{"rendered":"Paraguas con mango recto de madera 46\u00bbx 33\u00bbx 16K"},"content":{"rendered":"<p>Tejido: pongee 190T<\/p>\n<p>Color: 8 colores seg\u00fan las fotos<\/p>\n<p>Tipo de paraguas: paraguas recto, paraguas con mango de madera, paraguas de paseo<\/p>\n<p>N\u00famero de costillas: 16<\/p>\n<p>Material de las varillas del paraguas: totalmente de fibra de vidrio<\/p>\n<p>Eje del paraguas: acero<\/p>\n<p>Peso: 450 g<\/p>\n<p>Patr\u00f3n: sin impresi\u00f3n<\/p>\n<p>M\u00e9todo de apertura: Semiautom\u00e1tico<\/p>\n<p>Embalaje Bolsa OPP<\/p>\n<p>MOQ:500pcs<\/p>\n<p>Plazo de entrega: 7 d\u00edas laborables<\/p>\n","protected":false},"excerpt":{"rendered":"<p>Experimente la sofisticaci\u00f3n atemporal con nuestra colecci\u00f3n de paraguas de mango recto de madera. Elaborados con precisi\u00f3n, cada paraguas combina estilo cl\u00e1sico y dise\u00f1o moderno. El mango recto de madera a\u00f1ade un elemento de refinamiento, ofreciendo una mezcla perfecta de elegancia y funcionalidad. Mejore sus d\u00edas lluviosos con estos paraguas de primera calidad, que proporcionan una cobertura fiable y un toque de clase inspirado en la naturaleza. Explore nuestra cuidada selecci\u00f3n para encontrar una pieza que complemente su estilo \u00fanico. Destaque bajo la lluvia con confianza: compre nuestra colecci\u00f3n de paraguas con mango recto de madera y redefina hoy mismo su experiencia con los paraguas.<\/p>\n","protected":false},"featured_media":3763,"comment_status":"open","ping_status":"closed","template":"","meta":{"_seopress_robots_primary_cat":"","_seopress_titles_title":"","_seopress_titles_desc":"","_seopress_robots_index":""},"product_brand":[],"product_cat":[73],"product_tag":[],"class_list":{"0":"post-4867","1":"product","2":"type-product","3":"status-publish","4":"has-post-thumbnail","6":"product_cat-paraguas-recto","8":"first","9":"instock","10":"sale","11":"shipping-taxable","12":"purchasable","13":"product-type-simple"},"yoast_head":"<!-- This site is optimized with the Yoast SEO plugin v22.7 - https:\/\/yoast.com\/wordpress\/plugins\/seo\/ -->\n<title>Paraguas con mango recto de madera 46&#039;&#039;x 33&#039;&#039;x 16K - T-Umbrella<\/title>\n<meta name=\"description\" content=\"F\u00e1brica BSCI, CE, ISO9001 y Auditor\u00eda Amazon en China. Con MOQ de 100 a 500pcs, de 2 a 5 d\u00edas laborables, deje que su negocio ruede.\" \/>\n<meta name=\"robots\" content=\"index, follow, max-snippet:-1, max-image-preview:large, max-video-preview:-1\" \/>\n<link rel=\"canonical\" href=\"https:\/\/t-umbrella.com\/es\/product\/paraguas-con-mango-recto-de-madera-46x-33x-16k\/\" \/>\n<meta property=\"og:locale\" content=\"es_ES\" \/>\n<meta property=\"og:type\" content=\"article\" \/>\n<meta property=\"og:title\" content=\"Paraguas con mango recto de madera 46&#039;&#039;x 33&#039;&#039;x 16K - T-Umbrella\" \/>\n<meta property=\"og:description\" content=\"F\u00e1brica BSCI, CE, ISO9001 y Auditor\u00eda Amazon en China. Con MOQ de 100 a 500pcs, de 2 a 5 d\u00edas laborables, deje que su negocio ruede.\" \/>\n<meta property=\"og:url\" content=\"https:\/\/t-umbrella.com\/es\/product\/paraguas-con-mango-recto-de-madera-46x-33x-16k\/\" \/>\n<meta property=\"og:site_name\" content=\"T-Umbrella\" \/>\n<meta property=\"og:image\" content=\"https:\/\/t-umbrella.com\/wp-content\/uploads\/2024\/01\/7-1.jpg\" \/>\n\t<meta property=\"og:image:width\" content=\"800\" \/>\n\t<meta property=\"og:image:height\" content=\"800\" \/>\n\t<meta property=\"og:image:type\" content=\"image\/jpeg\" \/>\n<meta name=\"twitter:card\" content=\"summary_large_image\" \/>\n<script type=\"application\/ld+json\" class=\"yoast-schema-graph\">{\"@context\":\"https:\/\/schema.org\",\"@graph\":[{\"@type\":\"WebPage\",\"@id\":\"https:\/\/t-umbrella.com\/es\/product\/paraguas-con-mango-recto-de-madera-46x-33x-16k\/\",\"url\":\"https:\/\/t-umbrella.com\/es\/product\/paraguas-con-mango-recto-de-madera-46x-33x-16k\/\",\"name\":\"Paraguas con mango recto de madera 46''x 33''x 16K - T-Umbrella\",\"isPartOf\":{\"@id\":\"https:\/\/t-umbrella.com\/es\/#website\"},\"primaryImageOfPage\":{\"@id\":\"https:\/\/t-umbrella.com\/es\/product\/paraguas-con-mango-recto-de-madera-46x-33x-16k\/#primaryimage\"},\"image\":{\"@id\":\"https:\/\/t-umbrella.com\/es\/product\/paraguas-con-mango-recto-de-madera-46x-33x-16k\/#primaryimage\"},\"thumbnailUrl\":\"https:\/\/t-umbrella.com\/wp-content\/uploads\/2024\/01\/7-1.jpg\",\"datePublished\":\"2024-01-31T09:14:16+00:00\",\"dateModified\":\"2024-01-31T09:14:16+00:00\",\"description\":\"F\u00e1brica BSCI, CE, ISO9001 y Auditor\u00eda Amazon en China. Con MOQ de 100 a 500pcs, de 2 a 5 d\u00edas laborables, deje que su negocio ruede.\",\"breadcrumb\":{\"@id\":\"https:\/\/t-umbrella.com\/es\/product\/paraguas-con-mango-recto-de-madera-46x-33x-16k\/#breadcrumb\"},\"inLanguage\":\"es\",\"potentialAction\":[{\"@type\":\"ReadAction\",\"target\":[\"https:\/\/t-umbrella.com\/es\/product\/paraguas-con-mango-recto-de-madera-46x-33x-16k\/\"]}]},{\"@type\":\"ImageObject\",\"inLanguage\":\"es\",\"@id\":\"https:\/\/t-umbrella.com\/es\/product\/paraguas-con-mango-recto-de-madera-46x-33x-16k\/#primaryimage\",\"url\":\"https:\/\/t-umbrella.com\/wp-content\/uploads\/2024\/01\/7-1.jpg\",\"contentUrl\":\"https:\/\/t-umbrella.com\/wp-content\/uploads\/2024\/01\/7-1.jpg\",\"width\":800,\"height\":800},{\"@type\":\"BreadcrumbList\",\"@id\":\"https:\/\/t-umbrella.com\/es\/product\/paraguas-con-mango-recto-de-madera-46x-33x-16k\/#breadcrumb\",\"itemListElement\":[{\"@type\":\"ListItem\",\"position\":1,\"name\":\"Home\",\"item\":\"https:\/\/t-umbrella.com\/es\/inicio\/\"},{\"@type\":\"ListItem\",\"position\":2,\"name\":\"Productos\",\"item\":\"https:\/\/t-umbrella.com\/es\/shop\/\"},{\"@type\":\"ListItem\",\"position\":3,\"name\":\"Paraguas con mango recto de madera 46&#8221;x 33&#8221;x 16K\"}]},{\"@type\":\"WebSite\",\"@id\":\"https:\/\/t-umbrella.com\/es\/#website\",\"url\":\"https:\/\/t-umbrella.com\/es\/\",\"name\":\"T-Umbrella\",\"description\":\"\",\"publisher\":{\"@id\":\"https:\/\/t-umbrella.com\/es\/#organization\"},\"potentialAction\":[{\"@type\":\"SearchAction\",\"target\":{\"@type\":\"EntryPoint\",\"urlTemplate\":\"https:\/\/t-umbrella.com\/es\/?s={search_term_string}\"},\"query-input\":\"required name=search_term_string\"}],\"inLanguage\":\"es\"},{\"@type\":\"Organization\",\"@id\":\"https:\/\/t-umbrella.com\/es\/#organization\",\"name\":\"T-Umbrella\",\"url\":\"https:\/\/t-umbrella.com\/es\/\",\"logo\":{\"@type\":\"ImageObject\",\"inLanguage\":\"es\",\"@id\":\"https:\/\/t-umbrella.com\/es\/#\/schema\/logo\/image\/\",\"url\":\"https:\/\/t-umbrella.com\/wp-content\/uploads\/2023\/11\/logo.png\",\"contentUrl\":\"https:\/\/t-umbrella.com\/wp-content\/uploads\/2023\/11\/logo.png\",\"width\":300,\"height\":120,\"caption\":\"T-Umbrella\"},\"image\":{\"@id\":\"https:\/\/t-umbrella.com\/es\/#\/schema\/logo\/image\/\"}}]}<\/script>\n<!-- \/ Yoast SEO plugin. -->","yoast_head_json":{"title":"Paraguas con mango recto de madera 46''x 33''x 16K - T-Umbrella","description":"F\u00e1brica BSCI, CE, ISO9001 y Auditor\u00eda Amazon en China. Con MOQ de 100 a 500pcs, de 2 a 5 d\u00edas laborables, deje que su negocio ruede.","robots":{"index":"index","follow":"follow","max-snippet":"max-snippet:-1","max-image-preview":"max-image-preview:large","max-video-preview":"max-video-preview:-1"},"canonical":"https:\/\/t-umbrella.com\/es\/product\/paraguas-con-mango-recto-de-madera-46x-33x-16k\/","og_locale":"es_ES","og_type":"article","og_title":"Paraguas con mango recto de madera 46''x 33''x 16K - T-Umbrella","og_description":"F\u00e1brica BSCI, CE, ISO9001 y Auditor\u00eda Amazon en China. Con MOQ de 100 a 500pcs, de 2 a 5 d\u00edas laborables, deje que su negocio ruede.","og_url":"https:\/\/t-umbrella.com\/es\/product\/paraguas-con-mango-recto-de-madera-46x-33x-16k\/","og_site_name":"T-Umbrella","og_image":[{"width":800,"height":800,"url":"https:\/\/t-umbrella.com\/wp-content\/uploads\/2024\/01\/7-1.jpg","type":"image\/jpeg"}],"twitter_card":"summary_large_image","schema":{"@context":"https:\/\/schema.org","@graph":[{"@type":"WebPage","@id":"https:\/\/t-umbrella.com\/es\/product\/paraguas-con-mango-recto-de-madera-46x-33x-16k\/","url":"https:\/\/t-umbrella.com\/es\/product\/paraguas-con-mango-recto-de-madera-46x-33x-16k\/","name":"Paraguas con mango recto de madera 46''x 33''x 16K - T-Umbrella","isPartOf":{"@id":"https:\/\/t-umbrella.com\/es\/#website"},"primaryImageOfPage":{"@id":"https:\/\/t-umbrella.com\/es\/product\/paraguas-con-mango-recto-de-madera-46x-33x-16k\/#primaryimage"},"image":{"@id":"https:\/\/t-umbrella.com\/es\/product\/paraguas-con-mango-recto-de-madera-46x-33x-16k\/#primaryimage"},"thumbnailUrl":"https:\/\/t-umbrella.com\/wp-content\/uploads\/2024\/01\/7-1.jpg","datePublished":"2024-01-31T09:14:16+00:00","dateModified":"2024-01-31T09:14:16+00:00","description":"F\u00e1brica BSCI, CE, ISO9001 y Auditor\u00eda Amazon en China. Con MOQ de 100 a 500pcs, de 2 a 5 d\u00edas laborables, deje que su negocio ruede.","breadcrumb":{"@id":"https:\/\/t-umbrella.com\/es\/product\/paraguas-con-mango-recto-de-madera-46x-33x-16k\/#breadcrumb"},"inLanguage":"es","potentialAction":[{"@type":"ReadAction","target":["https:\/\/t-umbrella.com\/es\/product\/paraguas-con-mango-recto-de-madera-46x-33x-16k\/"]}]},{"@type":"ImageObject","inLanguage":"es","@id":"https:\/\/t-umbrella.com\/es\/product\/paraguas-con-mango-recto-de-madera-46x-33x-16k\/#primaryimage","url":"https:\/\/t-umbrella.com\/wp-content\/uploads\/2024\/01\/7-1.jpg","contentUrl":"https:\/\/t-umbrella.com\/wp-content\/uploads\/2024\/01\/7-1.jpg","width":800,"height":800},{"@type":"BreadcrumbList","@id":"https:\/\/t-umbrella.com\/es\/product\/paraguas-con-mango-recto-de-madera-46x-33x-16k\/#breadcrumb","itemListElement":[{"@type":"ListItem","position":1,"name":"Home","item":"https:\/\/t-umbrella.com\/es\/inicio\/"},{"@type":"ListItem","position":2,"name":"Productos","item":"https:\/\/t-umbrella.com\/es\/shop\/"},{"@type":"ListItem","position":3,"name":"Paraguas con mango recto de madera 46&#8221;x 33&#8221;x 16K"}]},{"@type":"WebSite","@id":"https:\/\/t-umbrella.com\/es\/#website","url":"https:\/\/t-umbrella.com\/es\/","name":"T-Umbrella","description":"","publisher":{"@id":"https:\/\/t-umbrella.com\/es\/#organization"},"potentialAction":[{"@type":"SearchAction","target":{"@type":"EntryPoint","urlTemplate":"https:\/\/t-umbrella.com\/es\/?s={search_term_string}"},"query-input":"required name=search_term_string"}],"inLanguage":"es"},{"@type":"Organization","@id":"https:\/\/t-umbrella.com\/es\/#organization","name":"T-Umbrella","url":"https:\/\/t-umbrella.com\/es\/","logo":{"@type":"ImageObject","inLanguage":"es","@id":"https:\/\/t-umbrella.com\/es\/#\/schema\/logo\/image\/","url":"https:\/\/t-umbrella.com\/wp-content\/uploads\/2023\/11\/logo.png","contentUrl":"https:\/\/t-umbrella.com\/wp-content\/uploads\/2023\/11\/logo.png","width":300,"height":120,"caption":"T-Umbrella"},"image":{"@id":"https:\/\/t-umbrella.com\/es\/#\/schema\/logo\/image\/"}}]}},"_links":{"self":[{"href":"https:\/\/t-umbrella.com\/es\/wp-json\/wp\/v2\/product\/4867","targetHints":{"allow":["GET"]}}],"collection":[{"href":"https:\/\/t-umbrella.com\/es\/wp-json\/wp\/v2\/product"}],"about":[{"href":"https:\/\/t-umbrella.com\/es\/wp-json\/wp\/v2\/types\/product"}],"replies":[{"embeddable":true,"href":"https:\/\/t-umbrella.com\/es\/wp-json\/wp\/v2\/comments?post=4867"}],"wp:featuredmedia":[{"embeddable":true,"href":"https:\/\/t-umbrella.com\/es\/wp-json\/wp\/v2\/media\/3763"}],"wp:attachment":[{"href":"https:\/\/t-umbrella.com\/es\/wp-json\/wp\/v2\/media?parent=4867"}],"wp:term":[{"taxonomy":"product_brand","embeddable":true,"href":"https:\/\/t-umbrella.com\/es\/wp-json\/wp\/v2\/product_brand?post=4867"},{"taxonomy":"product_cat","embeddable":true,"href":"https:\/\/t-umbrella.com\/es\/wp-json\/wp\/v2\/product_cat?post=4867"},{"taxonomy":"product_tag","embeddable":true,"href":"https:\/\/t-umbrella.com\/es\/wp-json\/wp\/v2\/product_tag?post=4867"}],"curies":[{"name":"wp","href":"https:\/\/api.w.org\/{rel}","templated":true}]}}