{"id":4855,"date":"2024-02-01T06:00:14","date_gmt":"2024-02-01T06:00:14","guid":{"rendered":"https:\/\/t-umbrella.com\/product\/46-x-10k-paraguas-manual-auto-de-madera-resistente\/"},"modified":"2024-02-01T06:00:14","modified_gmt":"2024-02-01T06:00:14","slug":"46-x-10k-paraguas-manual-auto-de-madera-resistente","status":"publish","type":"product","link":"https:\/\/t-umbrella.com\/es\/product\/46-x-10k-paraguas-manual-auto-de-madera-resistente\/","title":{"rendered":"46\u00bb x 10K Paraguas manual Auto de madera resistente"},"content":{"rendered":"<p><strong>Tejido:<\/strong> Vinilo<\/p>\n<p><strong>Color:<\/strong> 6 colores seg\u00fan las fotos<\/p>\n<p><strong>Tipo de paraguas:<\/strong> paraguas plegable, paraguas anti UV, paraguas compacto<\/p>\n<p><strong>N\u00famero de costillas:<\/strong> 10<\/p>\n<p><strong>Material de las varillas del paraguas:<\/strong> fibra de vidrio<\/p>\n<p><strong>Eje del paraguas:<\/strong> acero<\/p>\n<p><strong>Peso:<\/strong> 465 g<\/p>\n<p><strong>Patr\u00f3n:<\/strong> sin impresi\u00f3n<\/p>\n<p><strong>M\u00e9todo de apertura:<\/strong> Auto<\/p>\n<p><strong>Paquete<\/strong> Bolsa de tela<\/p>\n<p><strong>MOQ:<\/strong>500pcs<\/p>\n<p><strong>Plazo de entrega:<\/strong> 7 d\u00edas laborables<\/p>\n","protected":false},"excerpt":{"rendered":"<p>Disfrute de la sofisticaci\u00f3n con nuestro paraguas con mango de madera de alta calidad. Meticulosamente elaborado para ofrecer durabilidad y estilo, el mango de madera de primera calidad irradia una elegancia atemporal. Eleve sus d\u00edas lluviosos con un toque de lujo, abrazando la fusi\u00f3n perfecta de funcionalidad y dise\u00f1o exquisito. Mantente seco a la \u00faltima con este accesorio de moda<\/p>\n","protected":false},"featured_media":3991,"comment_status":"open","ping_status":"closed","template":"","meta":{"_seopress_robots_primary_cat":"","_seopress_titles_title":"","_seopress_titles_desc":"","_seopress_robots_index":""},"product_brand":[],"product_cat":[88],"product_tag":[],"class_list":{"0":"post-4855","1":"product","2":"type-product","3":"status-publish","4":"has-post-thumbnail","6":"product_cat-paraguas-plegable","8":"first","9":"instock","10":"sale","11":"shipping-taxable","12":"purchasable","13":"product-type-simple"},"yoast_head":"<!-- This site is optimized with the Yoast SEO plugin v22.7 - https:\/\/yoast.com\/wordpress\/plugins\/seo\/ -->\n<title>46&#039;&#039; x 10K Paraguas manual Auto de madera resistente - T-Umbrella<\/title>\n<meta name=\"description\" content=\"MOQ 500pcs, 7 d\u00edas de plazo de entrega para la madera de alta resistencia y mango de metal Auto abrir \/ cerrar paraguas. Fabricante chino fiable de paraguas.\" \/>\n<meta name=\"robots\" content=\"index, follow, max-snippet:-1, max-image-preview:large, max-video-preview:-1\" \/>\n<link rel=\"canonical\" href=\"https:\/\/t-umbrella.com\/es\/product\/46-x-10k-paraguas-manual-auto-de-madera-resistente\/\" \/>\n<meta property=\"og:locale\" content=\"es_ES\" \/>\n<meta property=\"og:type\" content=\"article\" \/>\n<meta property=\"og:title\" content=\"46&#039;&#039; x 10K Paraguas manual Auto de madera resistente - T-Umbrella\" \/>\n<meta property=\"og:description\" content=\"MOQ 500pcs, 7 d\u00edas de plazo de entrega para la madera de alta resistencia y mango de metal Auto abrir \/ cerrar paraguas. Fabricante chino fiable de paraguas.\" \/>\n<meta property=\"og:url\" content=\"https:\/\/t-umbrella.com\/es\/product\/46-x-10k-paraguas-manual-auto-de-madera-resistente\/\" \/>\n<meta property=\"og:site_name\" content=\"T-Umbrella\" \/>\n<meta property=\"og:image\" content=\"https:\/\/t-umbrella.com\/wp-content\/uploads\/2024\/02\/2581706766615_.pic_.jpg\" \/>\n\t<meta property=\"og:image:width\" content=\"800\" \/>\n\t<meta property=\"og:image:height\" content=\"800\" \/>\n\t<meta property=\"og:image:type\" content=\"image\/jpeg\" \/>\n<meta name=\"twitter:card\" content=\"summary_large_image\" \/>\n<script type=\"application\/ld+json\" class=\"yoast-schema-graph\">{\"@context\":\"https:\/\/schema.org\",\"@graph\":[{\"@type\":\"WebPage\",\"@id\":\"https:\/\/t-umbrella.com\/es\/product\/46-x-10k-paraguas-manual-auto-de-madera-resistente\/\",\"url\":\"https:\/\/t-umbrella.com\/es\/product\/46-x-10k-paraguas-manual-auto-de-madera-resistente\/\",\"name\":\"46'' x 10K Paraguas manual Auto de madera resistente - T-Umbrella\",\"isPartOf\":{\"@id\":\"https:\/\/t-umbrella.com\/es\/#website\"},\"primaryImageOfPage\":{\"@id\":\"https:\/\/t-umbrella.com\/es\/product\/46-x-10k-paraguas-manual-auto-de-madera-resistente\/#primaryimage\"},\"image\":{\"@id\":\"https:\/\/t-umbrella.com\/es\/product\/46-x-10k-paraguas-manual-auto-de-madera-resistente\/#primaryimage\"},\"thumbnailUrl\":\"https:\/\/t-umbrella.com\/wp-content\/uploads\/2024\/02\/2581706766615_.pic_.jpg\",\"datePublished\":\"2024-02-01T06:00:14+00:00\",\"dateModified\":\"2024-02-01T06:00:14+00:00\",\"description\":\"MOQ 500pcs, 7 d\u00edas de plazo de entrega para la madera de alta resistencia y mango de metal Auto abrir \/ cerrar paraguas. Fabricante chino fiable de paraguas.\",\"breadcrumb\":{\"@id\":\"https:\/\/t-umbrella.com\/es\/product\/46-x-10k-paraguas-manual-auto-de-madera-resistente\/#breadcrumb\"},\"inLanguage\":\"es\",\"potentialAction\":[{\"@type\":\"ReadAction\",\"target\":[\"https:\/\/t-umbrella.com\/es\/product\/46-x-10k-paraguas-manual-auto-de-madera-resistente\/\"]}]},{\"@type\":\"ImageObject\",\"inLanguage\":\"es\",\"@id\":\"https:\/\/t-umbrella.com\/es\/product\/46-x-10k-paraguas-manual-auto-de-madera-resistente\/#primaryimage\",\"url\":\"https:\/\/t-umbrella.com\/wp-content\/uploads\/2024\/02\/2581706766615_.pic_.jpg\",\"contentUrl\":\"https:\/\/t-umbrella.com\/wp-content\/uploads\/2024\/02\/2581706766615_.pic_.jpg\",\"width\":800,\"height\":800},{\"@type\":\"BreadcrumbList\",\"@id\":\"https:\/\/t-umbrella.com\/es\/product\/46-x-10k-paraguas-manual-auto-de-madera-resistente\/#breadcrumb\",\"itemListElement\":[{\"@type\":\"ListItem\",\"position\":1,\"name\":\"Home\",\"item\":\"https:\/\/t-umbrella.com\/es\/inicio\/\"},{\"@type\":\"ListItem\",\"position\":2,\"name\":\"Productos\",\"item\":\"https:\/\/t-umbrella.com\/es\/shop\/\"},{\"@type\":\"ListItem\",\"position\":3,\"name\":\"46&#8221; x 10K Paraguas manual Auto de madera resistente\"}]},{\"@type\":\"WebSite\",\"@id\":\"https:\/\/t-umbrella.com\/es\/#website\",\"url\":\"https:\/\/t-umbrella.com\/es\/\",\"name\":\"T-Umbrella\",\"description\":\"\",\"publisher\":{\"@id\":\"https:\/\/t-umbrella.com\/es\/#organization\"},\"potentialAction\":[{\"@type\":\"SearchAction\",\"target\":{\"@type\":\"EntryPoint\",\"urlTemplate\":\"https:\/\/t-umbrella.com\/es\/?s={search_term_string}\"},\"query-input\":\"required name=search_term_string\"}],\"inLanguage\":\"es\"},{\"@type\":\"Organization\",\"@id\":\"https:\/\/t-umbrella.com\/es\/#organization\",\"name\":\"T-Umbrella\",\"url\":\"https:\/\/t-umbrella.com\/es\/\",\"logo\":{\"@type\":\"ImageObject\",\"inLanguage\":\"es\",\"@id\":\"https:\/\/t-umbrella.com\/es\/#\/schema\/logo\/image\/\",\"url\":\"https:\/\/t-umbrella.com\/wp-content\/uploads\/2023\/11\/logo.png\",\"contentUrl\":\"https:\/\/t-umbrella.com\/wp-content\/uploads\/2023\/11\/logo.png\",\"width\":300,\"height\":120,\"caption\":\"T-Umbrella\"},\"image\":{\"@id\":\"https:\/\/t-umbrella.com\/es\/#\/schema\/logo\/image\/\"}}]}<\/script>\n<!-- \/ Yoast SEO plugin. -->","yoast_head_json":{"title":"46'' x 10K Paraguas manual Auto de madera resistente - T-Umbrella","description":"MOQ 500pcs, 7 d\u00edas de plazo de entrega para la madera de alta resistencia y mango de metal Auto abrir \/ cerrar paraguas. Fabricante chino fiable de paraguas.","robots":{"index":"index","follow":"follow","max-snippet":"max-snippet:-1","max-image-preview":"max-image-preview:large","max-video-preview":"max-video-preview:-1"},"canonical":"https:\/\/t-umbrella.com\/es\/product\/46-x-10k-paraguas-manual-auto-de-madera-resistente\/","og_locale":"es_ES","og_type":"article","og_title":"46'' x 10K Paraguas manual Auto de madera resistente - T-Umbrella","og_description":"MOQ 500pcs, 7 d\u00edas de plazo de entrega para la madera de alta resistencia y mango de metal Auto abrir \/ cerrar paraguas. Fabricante chino fiable de paraguas.","og_url":"https:\/\/t-umbrella.com\/es\/product\/46-x-10k-paraguas-manual-auto-de-madera-resistente\/","og_site_name":"T-Umbrella","og_image":[{"width":800,"height":800,"url":"https:\/\/t-umbrella.com\/wp-content\/uploads\/2024\/02\/2581706766615_.pic_.jpg","type":"image\/jpeg"}],"twitter_card":"summary_large_image","schema":{"@context":"https:\/\/schema.org","@graph":[{"@type":"WebPage","@id":"https:\/\/t-umbrella.com\/es\/product\/46-x-10k-paraguas-manual-auto-de-madera-resistente\/","url":"https:\/\/t-umbrella.com\/es\/product\/46-x-10k-paraguas-manual-auto-de-madera-resistente\/","name":"46'' x 10K Paraguas manual Auto de madera resistente - T-Umbrella","isPartOf":{"@id":"https:\/\/t-umbrella.com\/es\/#website"},"primaryImageOfPage":{"@id":"https:\/\/t-umbrella.com\/es\/product\/46-x-10k-paraguas-manual-auto-de-madera-resistente\/#primaryimage"},"image":{"@id":"https:\/\/t-umbrella.com\/es\/product\/46-x-10k-paraguas-manual-auto-de-madera-resistente\/#primaryimage"},"thumbnailUrl":"https:\/\/t-umbrella.com\/wp-content\/uploads\/2024\/02\/2581706766615_.pic_.jpg","datePublished":"2024-02-01T06:00:14+00:00","dateModified":"2024-02-01T06:00:14+00:00","description":"MOQ 500pcs, 7 d\u00edas de plazo de entrega para la madera de alta resistencia y mango de metal Auto abrir \/ cerrar paraguas. Fabricante chino fiable de paraguas.","breadcrumb":{"@id":"https:\/\/t-umbrella.com\/es\/product\/46-x-10k-paraguas-manual-auto-de-madera-resistente\/#breadcrumb"},"inLanguage":"es","potentialAction":[{"@type":"ReadAction","target":["https:\/\/t-umbrella.com\/es\/product\/46-x-10k-paraguas-manual-auto-de-madera-resistente\/"]}]},{"@type":"ImageObject","inLanguage":"es","@id":"https:\/\/t-umbrella.com\/es\/product\/46-x-10k-paraguas-manual-auto-de-madera-resistente\/#primaryimage","url":"https:\/\/t-umbrella.com\/wp-content\/uploads\/2024\/02\/2581706766615_.pic_.jpg","contentUrl":"https:\/\/t-umbrella.com\/wp-content\/uploads\/2024\/02\/2581706766615_.pic_.jpg","width":800,"height":800},{"@type":"BreadcrumbList","@id":"https:\/\/t-umbrella.com\/es\/product\/46-x-10k-paraguas-manual-auto-de-madera-resistente\/#breadcrumb","itemListElement":[{"@type":"ListItem","position":1,"name":"Home","item":"https:\/\/t-umbrella.com\/es\/inicio\/"},{"@type":"ListItem","position":2,"name":"Productos","item":"https:\/\/t-umbrella.com\/es\/shop\/"},{"@type":"ListItem","position":3,"name":"46&#8221; x 10K Paraguas manual Auto de madera resistente"}]},{"@type":"WebSite","@id":"https:\/\/t-umbrella.com\/es\/#website","url":"https:\/\/t-umbrella.com\/es\/","name":"T-Umbrella","description":"","publisher":{"@id":"https:\/\/t-umbrella.com\/es\/#organization"},"potentialAction":[{"@type":"SearchAction","target":{"@type":"EntryPoint","urlTemplate":"https:\/\/t-umbrella.com\/es\/?s={search_term_string}"},"query-input":"required name=search_term_string"}],"inLanguage":"es"},{"@type":"Organization","@id":"https:\/\/t-umbrella.com\/es\/#organization","name":"T-Umbrella","url":"https:\/\/t-umbrella.com\/es\/","logo":{"@type":"ImageObject","inLanguage":"es","@id":"https:\/\/t-umbrella.com\/es\/#\/schema\/logo\/image\/","url":"https:\/\/t-umbrella.com\/wp-content\/uploads\/2023\/11\/logo.png","contentUrl":"https:\/\/t-umbrella.com\/wp-content\/uploads\/2023\/11\/logo.png","width":300,"height":120,"caption":"T-Umbrella"},"image":{"@id":"https:\/\/t-umbrella.com\/es\/#\/schema\/logo\/image\/"}}]}},"_links":{"self":[{"href":"https:\/\/t-umbrella.com\/es\/wp-json\/wp\/v2\/product\/4855","targetHints":{"allow":["GET"]}}],"collection":[{"href":"https:\/\/t-umbrella.com\/es\/wp-json\/wp\/v2\/product"}],"about":[{"href":"https:\/\/t-umbrella.com\/es\/wp-json\/wp\/v2\/types\/product"}],"replies":[{"embeddable":true,"href":"https:\/\/t-umbrella.com\/es\/wp-json\/wp\/v2\/comments?post=4855"}],"wp:featuredmedia":[{"embeddable":true,"href":"https:\/\/t-umbrella.com\/es\/wp-json\/wp\/v2\/media\/3991"}],"wp:attachment":[{"href":"https:\/\/t-umbrella.com\/es\/wp-json\/wp\/v2\/media?parent=4855"}],"wp:term":[{"taxonomy":"product_brand","embeddable":true,"href":"https:\/\/t-umbrella.com\/es\/wp-json\/wp\/v2\/product_brand?post=4855"},{"taxonomy":"product_cat","embeddable":true,"href":"https:\/\/t-umbrella.com\/es\/wp-json\/wp\/v2\/product_cat?post=4855"},{"taxonomy":"product_tag","embeddable":true,"href":"https:\/\/t-umbrella.com\/es\/wp-json\/wp\/v2\/product_tag?post=4855"}],"curies":[{"name":"wp","href":"https:\/\/api.w.org\/{rel}","templated":true}]}}