{"id":4850,"date":"2024-02-01T05:36:39","date_gmt":"2024-02-01T05:36:39","guid":{"rendered":"https:\/\/t-umbrella.com\/product\/46x-10k-paraguas-de-vinilo-de-apertura-y-cierre-automaticos\/"},"modified":"2024-02-01T05:36:39","modified_gmt":"2024-02-01T05:36:39","slug":"46x-10k-paraguas-de-vinilo-de-apertura-y-cierre-automaticos","status":"publish","type":"product","link":"https:\/\/t-umbrella.com\/es\/product\/46x-10k-paraguas-de-vinilo-de-apertura-y-cierre-automaticos\/","title":{"rendered":"46\u00bbx 10K Paraguas de vinilo de apertura y cierre autom\u00e1ticos"},"content":{"rendered":"<p><strong>Tejido:<\/strong> Vinilo<\/p>\n<p><strong>Color:<\/strong> 6 colores seg\u00fan las fotos<\/p>\n<p><strong>Tipo de paraguas:<\/strong> paraguas plegable, paraguas anti UV, paraguas compacto<\/p>\n<p><strong>N\u00famero de costillas:<\/strong> 10<\/p>\n<p><strong>Material de las varillas del paraguas:<\/strong> fibra de vidrio<\/p>\n<p><strong>Eje del paraguas<\/strong>: acero<\/p>\n<p><strong>Peso:<\/strong> 465 g<\/p>\n<p><strong>Patr\u00f3n:<\/strong> sin impresi\u00f3n<\/p>\n<p><strong>M\u00e9todo de apertura:<\/strong> Auto<\/p>\n<p><strong>Paquete<\/strong> Bolsa de tela<\/p>\n<p><strong>MOQ:<\/strong>500pcs<\/p>\n<p><strong>Plazo de entrega:<\/strong> 7 d\u00edas laborables<\/p>\n","protected":false},"excerpt":{"rendered":"<p>Descubra la comodidad con nuestro paraguas plegable. Compacto y port\u00e1til, este paraguas combina a la perfecci\u00f3n funcionalidad y estilo. Perfecta para la protecci\u00f3n sobre la marcha, cabe f\u00e1cilmente en bolsos y bolsillos. Adopta la versatilidad y prep\u00e1rate para los cambios inesperados de tiempo, haciendo de cada viaje una mezcla perfecta de moda y funcionalidad.<\/p>\n","protected":false},"featured_media":3913,"comment_status":"open","ping_status":"closed","template":"","meta":{"_seopress_robots_primary_cat":"","_seopress_titles_title":"","_seopress_titles_desc":"","_seopress_robots_index":""},"product_brand":[],"product_cat":[88],"product_tag":[],"class_list":{"0":"post-4850","1":"product","2":"type-product","3":"status-publish","4":"has-post-thumbnail","6":"product_cat-paraguas-plegable","8":"first","9":"instock","10":"sale","11":"shipping-taxable","12":"purchasable","13":"product-type-simple"},"yoast_head":"<!-- This site is optimized with the Yoast SEO plugin v22.7 - https:\/\/yoast.com\/wordpress\/plugins\/seo\/ -->\n<title>46&#039;&#039;x 10K Paraguas de vinilo de apertura y cierre autom\u00e1ticos - T-Umbrella<\/title>\n<meta name=\"description\" content=\"El mejor fabricante de paraguas plegables de China. Con MOQ 500pcs y s\u00f3lo 7 d\u00edas de plazo de entrega, haciendo que su negocio B2B aumente incre\u00edblemente.\" \/>\n<meta name=\"robots\" content=\"index, follow, max-snippet:-1, max-image-preview:large, max-video-preview:-1\" \/>\n<link rel=\"canonical\" href=\"https:\/\/t-umbrella.com\/es\/product\/46x-10k-paraguas-de-vinilo-de-apertura-y-cierre-automaticos\/\" \/>\n<meta property=\"og:locale\" content=\"es_ES\" \/>\n<meta property=\"og:type\" content=\"article\" \/>\n<meta property=\"og:title\" content=\"46&#039;&#039;x 10K Paraguas de vinilo de apertura y cierre autom\u00e1ticos - T-Umbrella\" \/>\n<meta property=\"og:description\" content=\"El mejor fabricante de paraguas plegables de China. Con MOQ 500pcs y s\u00f3lo 7 d\u00edas de plazo de entrega, haciendo que su negocio B2B aumente incre\u00edblemente.\" \/>\n<meta property=\"og:url\" content=\"https:\/\/t-umbrella.com\/es\/product\/46x-10k-paraguas-de-vinilo-de-apertura-y-cierre-automaticos\/\" \/>\n<meta property=\"og:site_name\" content=\"T-Umbrella\" \/>\n<meta property=\"og:image\" content=\"https:\/\/t-umbrella.com\/wp-content\/uploads\/2024\/02\/1981705045385_.pic_.jpg\" \/>\n\t<meta property=\"og:image:width\" content=\"800\" \/>\n\t<meta property=\"og:image:height\" content=\"800\" \/>\n\t<meta property=\"og:image:type\" content=\"image\/jpeg\" \/>\n<meta name=\"twitter:card\" content=\"summary_large_image\" \/>\n<script type=\"application\/ld+json\" class=\"yoast-schema-graph\">{\"@context\":\"https:\/\/schema.org\",\"@graph\":[{\"@type\":\"WebPage\",\"@id\":\"https:\/\/t-umbrella.com\/es\/product\/46x-10k-paraguas-de-vinilo-de-apertura-y-cierre-automaticos\/\",\"url\":\"https:\/\/t-umbrella.com\/es\/product\/46x-10k-paraguas-de-vinilo-de-apertura-y-cierre-automaticos\/\",\"name\":\"46''x 10K Paraguas de vinilo de apertura y cierre autom\u00e1ticos - T-Umbrella\",\"isPartOf\":{\"@id\":\"https:\/\/t-umbrella.com\/es\/#website\"},\"primaryImageOfPage\":{\"@id\":\"https:\/\/t-umbrella.com\/es\/product\/46x-10k-paraguas-de-vinilo-de-apertura-y-cierre-automaticos\/#primaryimage\"},\"image\":{\"@id\":\"https:\/\/t-umbrella.com\/es\/product\/46x-10k-paraguas-de-vinilo-de-apertura-y-cierre-automaticos\/#primaryimage\"},\"thumbnailUrl\":\"https:\/\/t-umbrella.com\/wp-content\/uploads\/2024\/02\/1981705045385_.pic_.jpg\",\"datePublished\":\"2024-02-01T05:36:39+00:00\",\"dateModified\":\"2024-02-01T05:36:39+00:00\",\"description\":\"El mejor fabricante de paraguas plegables de China. Con MOQ 500pcs y s\u00f3lo 7 d\u00edas de plazo de entrega, haciendo que su negocio B2B aumente incre\u00edblemente.\",\"breadcrumb\":{\"@id\":\"https:\/\/t-umbrella.com\/es\/product\/46x-10k-paraguas-de-vinilo-de-apertura-y-cierre-automaticos\/#breadcrumb\"},\"inLanguage\":\"es\",\"potentialAction\":[{\"@type\":\"ReadAction\",\"target\":[\"https:\/\/t-umbrella.com\/es\/product\/46x-10k-paraguas-de-vinilo-de-apertura-y-cierre-automaticos\/\"]}]},{\"@type\":\"ImageObject\",\"inLanguage\":\"es\",\"@id\":\"https:\/\/t-umbrella.com\/es\/product\/46x-10k-paraguas-de-vinilo-de-apertura-y-cierre-automaticos\/#primaryimage\",\"url\":\"https:\/\/t-umbrella.com\/wp-content\/uploads\/2024\/02\/1981705045385_.pic_.jpg\",\"contentUrl\":\"https:\/\/t-umbrella.com\/wp-content\/uploads\/2024\/02\/1981705045385_.pic_.jpg\",\"width\":800,\"height\":800},{\"@type\":\"BreadcrumbList\",\"@id\":\"https:\/\/t-umbrella.com\/es\/product\/46x-10k-paraguas-de-vinilo-de-apertura-y-cierre-automaticos\/#breadcrumb\",\"itemListElement\":[{\"@type\":\"ListItem\",\"position\":1,\"name\":\"Home\",\"item\":\"https:\/\/t-umbrella.com\/es\/inicio\/\"},{\"@type\":\"ListItem\",\"position\":2,\"name\":\"Productos\",\"item\":\"https:\/\/t-umbrella.com\/es\/shop\/\"},{\"@type\":\"ListItem\",\"position\":3,\"name\":\"46&#8221;x 10K Paraguas de vinilo de apertura y cierre autom\u00e1ticos\"}]},{\"@type\":\"WebSite\",\"@id\":\"https:\/\/t-umbrella.com\/es\/#website\",\"url\":\"https:\/\/t-umbrella.com\/es\/\",\"name\":\"T-Umbrella\",\"description\":\"\",\"publisher\":{\"@id\":\"https:\/\/t-umbrella.com\/es\/#organization\"},\"potentialAction\":[{\"@type\":\"SearchAction\",\"target\":{\"@type\":\"EntryPoint\",\"urlTemplate\":\"https:\/\/t-umbrella.com\/es\/?s={search_term_string}\"},\"query-input\":\"required name=search_term_string\"}],\"inLanguage\":\"es\"},{\"@type\":\"Organization\",\"@id\":\"https:\/\/t-umbrella.com\/es\/#organization\",\"name\":\"T-Umbrella\",\"url\":\"https:\/\/t-umbrella.com\/es\/\",\"logo\":{\"@type\":\"ImageObject\",\"inLanguage\":\"es\",\"@id\":\"https:\/\/t-umbrella.com\/es\/#\/schema\/logo\/image\/\",\"url\":\"https:\/\/t-umbrella.com\/wp-content\/uploads\/2023\/11\/logo.png\",\"contentUrl\":\"https:\/\/t-umbrella.com\/wp-content\/uploads\/2023\/11\/logo.png\",\"width\":300,\"height\":120,\"caption\":\"T-Umbrella\"},\"image\":{\"@id\":\"https:\/\/t-umbrella.com\/es\/#\/schema\/logo\/image\/\"}}]}<\/script>\n<!-- \/ Yoast SEO plugin. -->","yoast_head_json":{"title":"46''x 10K Paraguas de vinilo de apertura y cierre autom\u00e1ticos - T-Umbrella","description":"El mejor fabricante de paraguas plegables de China. Con MOQ 500pcs y s\u00f3lo 7 d\u00edas de plazo de entrega, haciendo que su negocio B2B aumente incre\u00edblemente.","robots":{"index":"index","follow":"follow","max-snippet":"max-snippet:-1","max-image-preview":"max-image-preview:large","max-video-preview":"max-video-preview:-1"},"canonical":"https:\/\/t-umbrella.com\/es\/product\/46x-10k-paraguas-de-vinilo-de-apertura-y-cierre-automaticos\/","og_locale":"es_ES","og_type":"article","og_title":"46''x 10K Paraguas de vinilo de apertura y cierre autom\u00e1ticos - T-Umbrella","og_description":"El mejor fabricante de paraguas plegables de China. Con MOQ 500pcs y s\u00f3lo 7 d\u00edas de plazo de entrega, haciendo que su negocio B2B aumente incre\u00edblemente.","og_url":"https:\/\/t-umbrella.com\/es\/product\/46x-10k-paraguas-de-vinilo-de-apertura-y-cierre-automaticos\/","og_site_name":"T-Umbrella","og_image":[{"width":800,"height":800,"url":"https:\/\/t-umbrella.com\/wp-content\/uploads\/2024\/02\/1981705045385_.pic_.jpg","type":"image\/jpeg"}],"twitter_card":"summary_large_image","schema":{"@context":"https:\/\/schema.org","@graph":[{"@type":"WebPage","@id":"https:\/\/t-umbrella.com\/es\/product\/46x-10k-paraguas-de-vinilo-de-apertura-y-cierre-automaticos\/","url":"https:\/\/t-umbrella.com\/es\/product\/46x-10k-paraguas-de-vinilo-de-apertura-y-cierre-automaticos\/","name":"46''x 10K Paraguas de vinilo de apertura y cierre autom\u00e1ticos - T-Umbrella","isPartOf":{"@id":"https:\/\/t-umbrella.com\/es\/#website"},"primaryImageOfPage":{"@id":"https:\/\/t-umbrella.com\/es\/product\/46x-10k-paraguas-de-vinilo-de-apertura-y-cierre-automaticos\/#primaryimage"},"image":{"@id":"https:\/\/t-umbrella.com\/es\/product\/46x-10k-paraguas-de-vinilo-de-apertura-y-cierre-automaticos\/#primaryimage"},"thumbnailUrl":"https:\/\/t-umbrella.com\/wp-content\/uploads\/2024\/02\/1981705045385_.pic_.jpg","datePublished":"2024-02-01T05:36:39+00:00","dateModified":"2024-02-01T05:36:39+00:00","description":"El mejor fabricante de paraguas plegables de China. Con MOQ 500pcs y s\u00f3lo 7 d\u00edas de plazo de entrega, haciendo que su negocio B2B aumente incre\u00edblemente.","breadcrumb":{"@id":"https:\/\/t-umbrella.com\/es\/product\/46x-10k-paraguas-de-vinilo-de-apertura-y-cierre-automaticos\/#breadcrumb"},"inLanguage":"es","potentialAction":[{"@type":"ReadAction","target":["https:\/\/t-umbrella.com\/es\/product\/46x-10k-paraguas-de-vinilo-de-apertura-y-cierre-automaticos\/"]}]},{"@type":"ImageObject","inLanguage":"es","@id":"https:\/\/t-umbrella.com\/es\/product\/46x-10k-paraguas-de-vinilo-de-apertura-y-cierre-automaticos\/#primaryimage","url":"https:\/\/t-umbrella.com\/wp-content\/uploads\/2024\/02\/1981705045385_.pic_.jpg","contentUrl":"https:\/\/t-umbrella.com\/wp-content\/uploads\/2024\/02\/1981705045385_.pic_.jpg","width":800,"height":800},{"@type":"BreadcrumbList","@id":"https:\/\/t-umbrella.com\/es\/product\/46x-10k-paraguas-de-vinilo-de-apertura-y-cierre-automaticos\/#breadcrumb","itemListElement":[{"@type":"ListItem","position":1,"name":"Home","item":"https:\/\/t-umbrella.com\/es\/inicio\/"},{"@type":"ListItem","position":2,"name":"Productos","item":"https:\/\/t-umbrella.com\/es\/shop\/"},{"@type":"ListItem","position":3,"name":"46&#8221;x 10K Paraguas de vinilo de apertura y cierre autom\u00e1ticos"}]},{"@type":"WebSite","@id":"https:\/\/t-umbrella.com\/es\/#website","url":"https:\/\/t-umbrella.com\/es\/","name":"T-Umbrella","description":"","publisher":{"@id":"https:\/\/t-umbrella.com\/es\/#organization"},"potentialAction":[{"@type":"SearchAction","target":{"@type":"EntryPoint","urlTemplate":"https:\/\/t-umbrella.com\/es\/?s={search_term_string}"},"query-input":"required name=search_term_string"}],"inLanguage":"es"},{"@type":"Organization","@id":"https:\/\/t-umbrella.com\/es\/#organization","name":"T-Umbrella","url":"https:\/\/t-umbrella.com\/es\/","logo":{"@type":"ImageObject","inLanguage":"es","@id":"https:\/\/t-umbrella.com\/es\/#\/schema\/logo\/image\/","url":"https:\/\/t-umbrella.com\/wp-content\/uploads\/2023\/11\/logo.png","contentUrl":"https:\/\/t-umbrella.com\/wp-content\/uploads\/2023\/11\/logo.png","width":300,"height":120,"caption":"T-Umbrella"},"image":{"@id":"https:\/\/t-umbrella.com\/es\/#\/schema\/logo\/image\/"}}]}},"_links":{"self":[{"href":"https:\/\/t-umbrella.com\/es\/wp-json\/wp\/v2\/product\/4850","targetHints":{"allow":["GET"]}}],"collection":[{"href":"https:\/\/t-umbrella.com\/es\/wp-json\/wp\/v2\/product"}],"about":[{"href":"https:\/\/t-umbrella.com\/es\/wp-json\/wp\/v2\/types\/product"}],"replies":[{"embeddable":true,"href":"https:\/\/t-umbrella.com\/es\/wp-json\/wp\/v2\/comments?post=4850"}],"wp:featuredmedia":[{"embeddable":true,"href":"https:\/\/t-umbrella.com\/es\/wp-json\/wp\/v2\/media\/3913"}],"wp:attachment":[{"href":"https:\/\/t-umbrella.com\/es\/wp-json\/wp\/v2\/media?parent=4850"}],"wp:term":[{"taxonomy":"product_brand","embeddable":true,"href":"https:\/\/t-umbrella.com\/es\/wp-json\/wp\/v2\/product_brand?post=4850"},{"taxonomy":"product_cat","embeddable":true,"href":"https:\/\/t-umbrella.com\/es\/wp-json\/wp\/v2\/product_cat?post=4850"},{"taxonomy":"product_tag","embeddable":true,"href":"https:\/\/t-umbrella.com\/es\/wp-json\/wp\/v2\/product_tag?post=4850"}],"curies":[{"name":"wp","href":"https:\/\/api.w.org\/{rel}","templated":true}]}}