{"id":4829,"date":"2024-01-31T09:29:04","date_gmt":"2024-01-31T09:29:04","guid":{"rendered":"https:\/\/t-umbrella.com\/product\/46x-33x-16k-paraguas-con-mango-de-pu-y-funda-impermeable\/"},"modified":"2024-01-31T09:29:04","modified_gmt":"2024-01-31T09:29:04","slug":"46x-33x-16k-paraguas-con-mango-de-pu-y-funda-impermeable","status":"publish","type":"product","link":"https:\/\/t-umbrella.com\/es\/product\/46x-33x-16k-paraguas-con-mango-de-pu-y-funda-impermeable\/","title":{"rendered":"46\u00bbx 33\u00bbx 16K Paraguas Con Mango De PU Y Funda Impermeable"},"content":{"rendered":"<p>Tejido: pongee 190T<\/p>\n<p>Color: 7 colores seg\u00fan las fotos<\/p>\n<p>Tipo de paraguas: paraguas recto, paraguas con mango de madera, paraguas de paseo<\/p>\n<p>N\u00famero de costillas: 16<\/p>\n<p>Material de las varillas del paraguas: totalmente de fibra de vidrio<\/p>\n<p>Eje del paraguas: acero<\/p>\n<p>Peso: 450 g<\/p>\n<p>Patr\u00f3n: sin impresi\u00f3n<\/p>\n<p>M\u00e9todo de apertura: Semiautom\u00e1tico<\/p>\n<p>Embalaje Bolsa OPP<\/p>\n<p>MOQ:500pcs<\/p>\n<p>Plazo de entrega: 7 d\u00edas laborables<\/p>\n","protected":false},"excerpt":{"rendered":"<p>Mejore sus d\u00edas lluviosos con nuestro paraguas con mango de PU y funda impermeable. Elegante y funcional, ofrece una protecci\u00f3n fiable en un dise\u00f1o elegante. Compra ahora los accesorios de moda para el tiempo.<\/p>\n","protected":false},"featured_media":3775,"comment_status":"open","ping_status":"closed","template":"","meta":{"_seopress_robots_primary_cat":"","_seopress_titles_title":"","_seopress_titles_desc":"","_seopress_robots_index":""},"product_brand":[],"product_cat":[73],"product_tag":[],"class_list":{"0":"post-4829","1":"product","2":"type-product","3":"status-publish","4":"has-post-thumbnail","6":"product_cat-paraguas-recto","8":"first","9":"instock","10":"sale","11":"shipping-taxable","12":"purchasable","13":"product-type-simple"},"yoast_head":"<!-- This site is optimized with the Yoast SEO plugin v22.7 - https:\/\/yoast.com\/wordpress\/plugins\/seo\/ -->\n<title>46&#039;&#039;x 33&#039;&#039;x 16K Paraguas Con Mango De PU Y Funda Impermeable - T-Umbrella<\/title>\n<meta name=\"description\" content=\"La mejor f\u00e1brica de paraguas de China, con certificados BSCI, ISO9001 y CE. \u00a1MOQ 500pcs y plazo de entrega de 2 a 5 d\u00edas!\" \/>\n<meta name=\"robots\" content=\"index, follow, max-snippet:-1, max-image-preview:large, max-video-preview:-1\" \/>\n<link rel=\"canonical\" href=\"https:\/\/t-umbrella.com\/es\/product\/46x-33x-16k-paraguas-con-mango-de-pu-y-funda-impermeable\/\" \/>\n<meta property=\"og:locale\" content=\"es_ES\" \/>\n<meta property=\"og:type\" content=\"article\" \/>\n<meta property=\"og:title\" content=\"46&#039;&#039;x 33&#039;&#039;x 16K Paraguas Con Mango De PU Y Funda Impermeable - T-Umbrella\" \/>\n<meta property=\"og:description\" content=\"La mejor f\u00e1brica de paraguas de China, con certificados BSCI, ISO9001 y CE. \u00a1MOQ 500pcs y plazo de entrega de 2 a 5 d\u00edas!\" \/>\n<meta property=\"og:url\" content=\"https:\/\/t-umbrella.com\/es\/product\/46x-33x-16k-paraguas-con-mango-de-pu-y-funda-impermeable\/\" \/>\n<meta property=\"og:site_name\" content=\"T-Umbrella\" \/>\n<meta property=\"og:image\" content=\"https:\/\/t-umbrella.com\/wp-content\/uploads\/2024\/01\/1791705042347_.pic_.jpg\" \/>\n\t<meta property=\"og:image:width\" content=\"800\" \/>\n\t<meta property=\"og:image:height\" content=\"800\" \/>\n\t<meta property=\"og:image:type\" content=\"image\/jpeg\" \/>\n<meta name=\"twitter:card\" content=\"summary_large_image\" \/>\n<script type=\"application\/ld+json\" class=\"yoast-schema-graph\">{\"@context\":\"https:\/\/schema.org\",\"@graph\":[{\"@type\":\"WebPage\",\"@id\":\"https:\/\/t-umbrella.com\/es\/product\/46x-33x-16k-paraguas-con-mango-de-pu-y-funda-impermeable\/\",\"url\":\"https:\/\/t-umbrella.com\/es\/product\/46x-33x-16k-paraguas-con-mango-de-pu-y-funda-impermeable\/\",\"name\":\"46''x 33''x 16K Paraguas Con Mango De PU Y Funda Impermeable - T-Umbrella\",\"isPartOf\":{\"@id\":\"https:\/\/t-umbrella.com\/es\/#website\"},\"primaryImageOfPage\":{\"@id\":\"https:\/\/t-umbrella.com\/es\/product\/46x-33x-16k-paraguas-con-mango-de-pu-y-funda-impermeable\/#primaryimage\"},\"image\":{\"@id\":\"https:\/\/t-umbrella.com\/es\/product\/46x-33x-16k-paraguas-con-mango-de-pu-y-funda-impermeable\/#primaryimage\"},\"thumbnailUrl\":\"https:\/\/t-umbrella.com\/wp-content\/uploads\/2024\/01\/1791705042347_.pic_.jpg\",\"datePublished\":\"2024-01-31T09:29:04+00:00\",\"dateModified\":\"2024-01-31T09:29:04+00:00\",\"description\":\"La mejor f\u00e1brica de paraguas de China, con certificados BSCI, ISO9001 y CE. \u00a1MOQ 500pcs y plazo de entrega de 2 a 5 d\u00edas!\",\"breadcrumb\":{\"@id\":\"https:\/\/t-umbrella.com\/es\/product\/46x-33x-16k-paraguas-con-mango-de-pu-y-funda-impermeable\/#breadcrumb\"},\"inLanguage\":\"es\",\"potentialAction\":[{\"@type\":\"ReadAction\",\"target\":[\"https:\/\/t-umbrella.com\/es\/product\/46x-33x-16k-paraguas-con-mango-de-pu-y-funda-impermeable\/\"]}]},{\"@type\":\"ImageObject\",\"inLanguage\":\"es\",\"@id\":\"https:\/\/t-umbrella.com\/es\/product\/46x-33x-16k-paraguas-con-mango-de-pu-y-funda-impermeable\/#primaryimage\",\"url\":\"https:\/\/t-umbrella.com\/wp-content\/uploads\/2024\/01\/1791705042347_.pic_.jpg\",\"contentUrl\":\"https:\/\/t-umbrella.com\/wp-content\/uploads\/2024\/01\/1791705042347_.pic_.jpg\",\"width\":800,\"height\":800},{\"@type\":\"BreadcrumbList\",\"@id\":\"https:\/\/t-umbrella.com\/es\/product\/46x-33x-16k-paraguas-con-mango-de-pu-y-funda-impermeable\/#breadcrumb\",\"itemListElement\":[{\"@type\":\"ListItem\",\"position\":1,\"name\":\"Home\",\"item\":\"https:\/\/t-umbrella.com\/es\/inicio\/\"},{\"@type\":\"ListItem\",\"position\":2,\"name\":\"Productos\",\"item\":\"https:\/\/t-umbrella.com\/es\/shop\/\"},{\"@type\":\"ListItem\",\"position\":3,\"name\":\"46&#8221;x 33&#8221;x 16K Paraguas Con Mango De PU Y Funda Impermeable\"}]},{\"@type\":\"WebSite\",\"@id\":\"https:\/\/t-umbrella.com\/es\/#website\",\"url\":\"https:\/\/t-umbrella.com\/es\/\",\"name\":\"T-Umbrella\",\"description\":\"\",\"publisher\":{\"@id\":\"https:\/\/t-umbrella.com\/es\/#organization\"},\"potentialAction\":[{\"@type\":\"SearchAction\",\"target\":{\"@type\":\"EntryPoint\",\"urlTemplate\":\"https:\/\/t-umbrella.com\/es\/?s={search_term_string}\"},\"query-input\":\"required name=search_term_string\"}],\"inLanguage\":\"es\"},{\"@type\":\"Organization\",\"@id\":\"https:\/\/t-umbrella.com\/es\/#organization\",\"name\":\"T-Umbrella\",\"url\":\"https:\/\/t-umbrella.com\/es\/\",\"logo\":{\"@type\":\"ImageObject\",\"inLanguage\":\"es\",\"@id\":\"https:\/\/t-umbrella.com\/es\/#\/schema\/logo\/image\/\",\"url\":\"https:\/\/t-umbrella.com\/wp-content\/uploads\/2023\/11\/logo.png\",\"contentUrl\":\"https:\/\/t-umbrella.com\/wp-content\/uploads\/2023\/11\/logo.png\",\"width\":300,\"height\":120,\"caption\":\"T-Umbrella\"},\"image\":{\"@id\":\"https:\/\/t-umbrella.com\/es\/#\/schema\/logo\/image\/\"}}]}<\/script>\n<!-- \/ Yoast SEO plugin. -->","yoast_head_json":{"title":"46''x 33''x 16K Paraguas Con Mango De PU Y Funda Impermeable - T-Umbrella","description":"La mejor f\u00e1brica de paraguas de China, con certificados BSCI, ISO9001 y CE. \u00a1MOQ 500pcs y plazo de entrega de 2 a 5 d\u00edas!","robots":{"index":"index","follow":"follow","max-snippet":"max-snippet:-1","max-image-preview":"max-image-preview:large","max-video-preview":"max-video-preview:-1"},"canonical":"https:\/\/t-umbrella.com\/es\/product\/46x-33x-16k-paraguas-con-mango-de-pu-y-funda-impermeable\/","og_locale":"es_ES","og_type":"article","og_title":"46''x 33''x 16K Paraguas Con Mango De PU Y Funda Impermeable - T-Umbrella","og_description":"La mejor f\u00e1brica de paraguas de China, con certificados BSCI, ISO9001 y CE. \u00a1MOQ 500pcs y plazo de entrega de 2 a 5 d\u00edas!","og_url":"https:\/\/t-umbrella.com\/es\/product\/46x-33x-16k-paraguas-con-mango-de-pu-y-funda-impermeable\/","og_site_name":"T-Umbrella","og_image":[{"width":800,"height":800,"url":"https:\/\/t-umbrella.com\/wp-content\/uploads\/2024\/01\/1791705042347_.pic_.jpg","type":"image\/jpeg"}],"twitter_card":"summary_large_image","schema":{"@context":"https:\/\/schema.org","@graph":[{"@type":"WebPage","@id":"https:\/\/t-umbrella.com\/es\/product\/46x-33x-16k-paraguas-con-mango-de-pu-y-funda-impermeable\/","url":"https:\/\/t-umbrella.com\/es\/product\/46x-33x-16k-paraguas-con-mango-de-pu-y-funda-impermeable\/","name":"46''x 33''x 16K Paraguas Con Mango De PU Y Funda Impermeable - T-Umbrella","isPartOf":{"@id":"https:\/\/t-umbrella.com\/es\/#website"},"primaryImageOfPage":{"@id":"https:\/\/t-umbrella.com\/es\/product\/46x-33x-16k-paraguas-con-mango-de-pu-y-funda-impermeable\/#primaryimage"},"image":{"@id":"https:\/\/t-umbrella.com\/es\/product\/46x-33x-16k-paraguas-con-mango-de-pu-y-funda-impermeable\/#primaryimage"},"thumbnailUrl":"https:\/\/t-umbrella.com\/wp-content\/uploads\/2024\/01\/1791705042347_.pic_.jpg","datePublished":"2024-01-31T09:29:04+00:00","dateModified":"2024-01-31T09:29:04+00:00","description":"La mejor f\u00e1brica de paraguas de China, con certificados BSCI, ISO9001 y CE. \u00a1MOQ 500pcs y plazo de entrega de 2 a 5 d\u00edas!","breadcrumb":{"@id":"https:\/\/t-umbrella.com\/es\/product\/46x-33x-16k-paraguas-con-mango-de-pu-y-funda-impermeable\/#breadcrumb"},"inLanguage":"es","potentialAction":[{"@type":"ReadAction","target":["https:\/\/t-umbrella.com\/es\/product\/46x-33x-16k-paraguas-con-mango-de-pu-y-funda-impermeable\/"]}]},{"@type":"ImageObject","inLanguage":"es","@id":"https:\/\/t-umbrella.com\/es\/product\/46x-33x-16k-paraguas-con-mango-de-pu-y-funda-impermeable\/#primaryimage","url":"https:\/\/t-umbrella.com\/wp-content\/uploads\/2024\/01\/1791705042347_.pic_.jpg","contentUrl":"https:\/\/t-umbrella.com\/wp-content\/uploads\/2024\/01\/1791705042347_.pic_.jpg","width":800,"height":800},{"@type":"BreadcrumbList","@id":"https:\/\/t-umbrella.com\/es\/product\/46x-33x-16k-paraguas-con-mango-de-pu-y-funda-impermeable\/#breadcrumb","itemListElement":[{"@type":"ListItem","position":1,"name":"Home","item":"https:\/\/t-umbrella.com\/es\/inicio\/"},{"@type":"ListItem","position":2,"name":"Productos","item":"https:\/\/t-umbrella.com\/es\/shop\/"},{"@type":"ListItem","position":3,"name":"46&#8221;x 33&#8221;x 16K Paraguas Con Mango De PU Y Funda Impermeable"}]},{"@type":"WebSite","@id":"https:\/\/t-umbrella.com\/es\/#website","url":"https:\/\/t-umbrella.com\/es\/","name":"T-Umbrella","description":"","publisher":{"@id":"https:\/\/t-umbrella.com\/es\/#organization"},"potentialAction":[{"@type":"SearchAction","target":{"@type":"EntryPoint","urlTemplate":"https:\/\/t-umbrella.com\/es\/?s={search_term_string}"},"query-input":"required name=search_term_string"}],"inLanguage":"es"},{"@type":"Organization","@id":"https:\/\/t-umbrella.com\/es\/#organization","name":"T-Umbrella","url":"https:\/\/t-umbrella.com\/es\/","logo":{"@type":"ImageObject","inLanguage":"es","@id":"https:\/\/t-umbrella.com\/es\/#\/schema\/logo\/image\/","url":"https:\/\/t-umbrella.com\/wp-content\/uploads\/2023\/11\/logo.png","contentUrl":"https:\/\/t-umbrella.com\/wp-content\/uploads\/2023\/11\/logo.png","width":300,"height":120,"caption":"T-Umbrella"},"image":{"@id":"https:\/\/t-umbrella.com\/es\/#\/schema\/logo\/image\/"}}]}},"_links":{"self":[{"href":"https:\/\/t-umbrella.com\/es\/wp-json\/wp\/v2\/product\/4829","targetHints":{"allow":["GET"]}}],"collection":[{"href":"https:\/\/t-umbrella.com\/es\/wp-json\/wp\/v2\/product"}],"about":[{"href":"https:\/\/t-umbrella.com\/es\/wp-json\/wp\/v2\/types\/product"}],"replies":[{"embeddable":true,"href":"https:\/\/t-umbrella.com\/es\/wp-json\/wp\/v2\/comments?post=4829"}],"wp:featuredmedia":[{"embeddable":true,"href":"https:\/\/t-umbrella.com\/es\/wp-json\/wp\/v2\/media\/3775"}],"wp:attachment":[{"href":"https:\/\/t-umbrella.com\/es\/wp-json\/wp\/v2\/media?parent=4829"}],"wp:term":[{"taxonomy":"product_brand","embeddable":true,"href":"https:\/\/t-umbrella.com\/es\/wp-json\/wp\/v2\/product_brand?post=4829"},{"taxonomy":"product_cat","embeddable":true,"href":"https:\/\/t-umbrella.com\/es\/wp-json\/wp\/v2\/product_cat?post=4829"},{"taxonomy":"product_tag","embeddable":true,"href":"https:\/\/t-umbrella.com\/es\/wp-json\/wp\/v2\/product_tag?post=4829"}],"curies":[{"name":"wp","href":"https:\/\/api.w.org\/{rel}","templated":true}]}}