{"id":4780,"date":"2024-01-10T18:54:13","date_gmt":"2024-01-10T18:54:13","guid":{"rendered":"https:\/\/t-umbrella.com\/product\/paraguas-con-mango-de-madera-curada-de-50-x-38-x-8k\/"},"modified":"2024-02-21T08:28:43","modified_gmt":"2024-02-21T08:28:43","slug":"paraguas-con-mango-de-madera-curada-de-50-x-38-x-8k","status":"publish","type":"product","link":"https:\/\/t-umbrella.com\/es\/product\/paraguas-con-mango-de-madera-curada-de-50-x-38-x-8k\/","title":{"rendered":"Paraguas con mango de madera curada de 50\u00bb x 38\u00bb x 8K"},"content":{"rendered":"<p>Tejido: pongee 190T<\/p>\n<p>Color: 3 colores seg\u00fan las im\u00e1genes<\/p>\n<p>Tipo de paraguas: paraguas recto, paraguas con mango de madera, paraguas de paseo<\/p>\n<p>N\u00famero de costillas: 8<\/p>\n<p>Material de las varillas del paraguas: totalmente de fibra de vidrio<\/p>\n<p>Eje del paraguas: acero<\/p>\n<p>Peso: 500 g<\/p>\n<p>Patr\u00f3n: sin impresi\u00f3n<\/p>\n<p>M\u00e9todo de apertura: Semi-Auto<\/p>\n<p>Embalaje: bolsa de tela<\/p>\n<p>MOQ:500pcs<\/p>\n<p>Plazo de entrega: 7 d\u00edas laborables<\/p>\n","protected":false},"excerpt":{"rendered":"<p>Presentamos nuestro elegante y fiable paraguas recto: \u00a1tu compa\u00f1ero perfecto para cualquier aventura meteorol\u00f3gica! Dise\u00f1ado para ofrecer estilo y durabilidad, este paraguas combina sin esfuerzo la funcionalidad con una est\u00e9tica moderna. Sus l\u00edneas rectas y limpias proporcionan una amplia cobertura, manteni\u00e9ndote protegido de la lluvia o el sol. Compacto y f\u00e1cil de transportar, este paraguas es un accesorio imprescindible para cualquier ocasi\u00f3n. No deje que el tiempo dicte sus planes: enfr\u00e9ntese a los elementos con estilo con nuestro paraguas recto de primera calidad. Eleve su protecci\u00f3n, eleve su estilo. Compra ahora y haz que cada paso sea seguro.<\/p>\n","protected":false},"featured_media":3547,"comment_status":"open","ping_status":"closed","template":"","meta":{"_seopress_robots_primary_cat":"","_seopress_titles_title":"","_seopress_titles_desc":"","_seopress_robots_index":""},"product_brand":[],"product_cat":[74,73],"product_tag":[],"class_list":{"0":"post-4780","1":"product","2":"type-product","3":"status-publish","4":"has-post-thumbnail","6":"product_cat-paraguas-de-golf","7":"product_cat-paraguas-recto","9":"first","10":"instock","11":"sale","12":"shipping-taxable","13":"purchasable","14":"product-type-simple"},"yoast_head":"<!-- This site is optimized with the Yoast SEO plugin v22.7 - https:\/\/yoast.com\/wordpress\/plugins\/seo\/ -->\n<title>Paraguas con mango de madera curada de 50&#039;&#039; x 38&#039;&#039; x 8K - T-Umbrella<\/title>\n<meta name=\"description\" content=\"La mejor f\u00e1brica de paraguas de China, con certificados BSCI, ISO9001 y CE. \u00a1MOQ 500pcs y plazo de entrega de 2 a 5 d\u00edas!\" \/>\n<meta name=\"robots\" content=\"index, follow, max-snippet:-1, max-image-preview:large, max-video-preview:-1\" \/>\n<link rel=\"canonical\" href=\"https:\/\/t-umbrella.com\/es\/product\/paraguas-con-mango-de-madera-curada-de-50-x-38-x-8k\/\" \/>\n<meta property=\"og:locale\" content=\"es_ES\" \/>\n<meta property=\"og:type\" content=\"article\" \/>\n<meta property=\"og:title\" content=\"Paraguas con mango de madera curada de 50&#039;&#039; x 38&#039;&#039; x 8K - T-Umbrella\" \/>\n<meta property=\"og:description\" content=\"La mejor f\u00e1brica de paraguas de China, con certificados BSCI, ISO9001 y CE. \u00a1MOQ 500pcs y plazo de entrega de 2 a 5 d\u00edas!\" \/>\n<meta property=\"og:url\" content=\"https:\/\/t-umbrella.com\/es\/product\/paraguas-con-mango-de-madera-curada-de-50-x-38-x-8k\/\" \/>\n<meta property=\"og:site_name\" content=\"T-Umbrella\" \/>\n<meta property=\"article:modified_time\" content=\"2024-02-21T08:28:43+00:00\" \/>\n<meta property=\"og:image\" content=\"https:\/\/t-umbrella.com\/wp-content\/uploads\/2024\/01\/1621704965302_.pic_.jpg\" \/>\n\t<meta property=\"og:image:width\" content=\"800\" \/>\n\t<meta property=\"og:image:height\" content=\"800\" \/>\n\t<meta property=\"og:image:type\" content=\"image\/jpeg\" \/>\n<meta name=\"twitter:card\" content=\"summary_large_image\" \/>\n<script type=\"application\/ld+json\" class=\"yoast-schema-graph\">{\"@context\":\"https:\/\/schema.org\",\"@graph\":[{\"@type\":\"WebPage\",\"@id\":\"https:\/\/t-umbrella.com\/es\/product\/paraguas-con-mango-de-madera-curada-de-50-x-38-x-8k\/\",\"url\":\"https:\/\/t-umbrella.com\/es\/product\/paraguas-con-mango-de-madera-curada-de-50-x-38-x-8k\/\",\"name\":\"Paraguas con mango de madera curada de 50'' x 38'' x 8K - T-Umbrella\",\"isPartOf\":{\"@id\":\"https:\/\/t-umbrella.com\/es\/#website\"},\"primaryImageOfPage\":{\"@id\":\"https:\/\/t-umbrella.com\/es\/product\/paraguas-con-mango-de-madera-curada-de-50-x-38-x-8k\/#primaryimage\"},\"image\":{\"@id\":\"https:\/\/t-umbrella.com\/es\/product\/paraguas-con-mango-de-madera-curada-de-50-x-38-x-8k\/#primaryimage\"},\"thumbnailUrl\":\"https:\/\/t-umbrella.com\/wp-content\/uploads\/2024\/01\/1621704965302_.pic_.jpg\",\"datePublished\":\"2024-01-10T18:54:13+00:00\",\"dateModified\":\"2024-02-21T08:28:43+00:00\",\"description\":\"La mejor f\u00e1brica de paraguas de China, con certificados BSCI, ISO9001 y CE. \u00a1MOQ 500pcs y plazo de entrega de 2 a 5 d\u00edas!\",\"breadcrumb\":{\"@id\":\"https:\/\/t-umbrella.com\/es\/product\/paraguas-con-mango-de-madera-curada-de-50-x-38-x-8k\/#breadcrumb\"},\"inLanguage\":\"es\",\"potentialAction\":[{\"@type\":\"ReadAction\",\"target\":[\"https:\/\/t-umbrella.com\/es\/product\/paraguas-con-mango-de-madera-curada-de-50-x-38-x-8k\/\"]}]},{\"@type\":\"ImageObject\",\"inLanguage\":\"es\",\"@id\":\"https:\/\/t-umbrella.com\/es\/product\/paraguas-con-mango-de-madera-curada-de-50-x-38-x-8k\/#primaryimage\",\"url\":\"https:\/\/t-umbrella.com\/wp-content\/uploads\/2024\/01\/1621704965302_.pic_.jpg\",\"contentUrl\":\"https:\/\/t-umbrella.com\/wp-content\/uploads\/2024\/01\/1621704965302_.pic_.jpg\",\"width\":800,\"height\":800},{\"@type\":\"BreadcrumbList\",\"@id\":\"https:\/\/t-umbrella.com\/es\/product\/paraguas-con-mango-de-madera-curada-de-50-x-38-x-8k\/#breadcrumb\",\"itemListElement\":[{\"@type\":\"ListItem\",\"position\":1,\"name\":\"Home\",\"item\":\"https:\/\/t-umbrella.com\/es\/inicio\/\"},{\"@type\":\"ListItem\",\"position\":2,\"name\":\"Productos\",\"item\":\"https:\/\/t-umbrella.com\/es\/shop\/\"},{\"@type\":\"ListItem\",\"position\":3,\"name\":\"Paraguas con mango de madera curada de 50\u00bb x 38\u00bb x 8K\"}]},{\"@type\":\"WebSite\",\"@id\":\"https:\/\/t-umbrella.com\/es\/#website\",\"url\":\"https:\/\/t-umbrella.com\/es\/\",\"name\":\"T-Umbrella\",\"description\":\"\",\"publisher\":{\"@id\":\"https:\/\/t-umbrella.com\/es\/#organization\"},\"potentialAction\":[{\"@type\":\"SearchAction\",\"target\":{\"@type\":\"EntryPoint\",\"urlTemplate\":\"https:\/\/t-umbrella.com\/es\/?s={search_term_string}\"},\"query-input\":\"required name=search_term_string\"}],\"inLanguage\":\"es\"},{\"@type\":\"Organization\",\"@id\":\"https:\/\/t-umbrella.com\/es\/#organization\",\"name\":\"T-Umbrella\",\"url\":\"https:\/\/t-umbrella.com\/es\/\",\"logo\":{\"@type\":\"ImageObject\",\"inLanguage\":\"es\",\"@id\":\"https:\/\/t-umbrella.com\/es\/#\/schema\/logo\/image\/\",\"url\":\"https:\/\/t-umbrella.com\/wp-content\/uploads\/2023\/11\/logo.png\",\"contentUrl\":\"https:\/\/t-umbrella.com\/wp-content\/uploads\/2023\/11\/logo.png\",\"width\":300,\"height\":120,\"caption\":\"T-Umbrella\"},\"image\":{\"@id\":\"https:\/\/t-umbrella.com\/es\/#\/schema\/logo\/image\/\"}}]}<\/script>\n<!-- \/ Yoast SEO plugin. -->","yoast_head_json":{"title":"Paraguas con mango de madera curada de 50'' x 38'' x 8K - T-Umbrella","description":"La mejor f\u00e1brica de paraguas de China, con certificados BSCI, ISO9001 y CE. \u00a1MOQ 500pcs y plazo de entrega de 2 a 5 d\u00edas!","robots":{"index":"index","follow":"follow","max-snippet":"max-snippet:-1","max-image-preview":"max-image-preview:large","max-video-preview":"max-video-preview:-1"},"canonical":"https:\/\/t-umbrella.com\/es\/product\/paraguas-con-mango-de-madera-curada-de-50-x-38-x-8k\/","og_locale":"es_ES","og_type":"article","og_title":"Paraguas con mango de madera curada de 50'' x 38'' x 8K - T-Umbrella","og_description":"La mejor f\u00e1brica de paraguas de China, con certificados BSCI, ISO9001 y CE. \u00a1MOQ 500pcs y plazo de entrega de 2 a 5 d\u00edas!","og_url":"https:\/\/t-umbrella.com\/es\/product\/paraguas-con-mango-de-madera-curada-de-50-x-38-x-8k\/","og_site_name":"T-Umbrella","article_modified_time":"2024-02-21T08:28:43+00:00","og_image":[{"width":800,"height":800,"url":"https:\/\/t-umbrella.com\/wp-content\/uploads\/2024\/01\/1621704965302_.pic_.jpg","type":"image\/jpeg"}],"twitter_card":"summary_large_image","schema":{"@context":"https:\/\/schema.org","@graph":[{"@type":"WebPage","@id":"https:\/\/t-umbrella.com\/es\/product\/paraguas-con-mango-de-madera-curada-de-50-x-38-x-8k\/","url":"https:\/\/t-umbrella.com\/es\/product\/paraguas-con-mango-de-madera-curada-de-50-x-38-x-8k\/","name":"Paraguas con mango de madera curada de 50'' x 38'' x 8K - T-Umbrella","isPartOf":{"@id":"https:\/\/t-umbrella.com\/es\/#website"},"primaryImageOfPage":{"@id":"https:\/\/t-umbrella.com\/es\/product\/paraguas-con-mango-de-madera-curada-de-50-x-38-x-8k\/#primaryimage"},"image":{"@id":"https:\/\/t-umbrella.com\/es\/product\/paraguas-con-mango-de-madera-curada-de-50-x-38-x-8k\/#primaryimage"},"thumbnailUrl":"https:\/\/t-umbrella.com\/wp-content\/uploads\/2024\/01\/1621704965302_.pic_.jpg","datePublished":"2024-01-10T18:54:13+00:00","dateModified":"2024-02-21T08:28:43+00:00","description":"La mejor f\u00e1brica de paraguas de China, con certificados BSCI, ISO9001 y CE. \u00a1MOQ 500pcs y plazo de entrega de 2 a 5 d\u00edas!","breadcrumb":{"@id":"https:\/\/t-umbrella.com\/es\/product\/paraguas-con-mango-de-madera-curada-de-50-x-38-x-8k\/#breadcrumb"},"inLanguage":"es","potentialAction":[{"@type":"ReadAction","target":["https:\/\/t-umbrella.com\/es\/product\/paraguas-con-mango-de-madera-curada-de-50-x-38-x-8k\/"]}]},{"@type":"ImageObject","inLanguage":"es","@id":"https:\/\/t-umbrella.com\/es\/product\/paraguas-con-mango-de-madera-curada-de-50-x-38-x-8k\/#primaryimage","url":"https:\/\/t-umbrella.com\/wp-content\/uploads\/2024\/01\/1621704965302_.pic_.jpg","contentUrl":"https:\/\/t-umbrella.com\/wp-content\/uploads\/2024\/01\/1621704965302_.pic_.jpg","width":800,"height":800},{"@type":"BreadcrumbList","@id":"https:\/\/t-umbrella.com\/es\/product\/paraguas-con-mango-de-madera-curada-de-50-x-38-x-8k\/#breadcrumb","itemListElement":[{"@type":"ListItem","position":1,"name":"Home","item":"https:\/\/t-umbrella.com\/es\/inicio\/"},{"@type":"ListItem","position":2,"name":"Productos","item":"https:\/\/t-umbrella.com\/es\/shop\/"},{"@type":"ListItem","position":3,"name":"Paraguas con mango de madera curada de 50\u00bb x 38\u00bb x 8K"}]},{"@type":"WebSite","@id":"https:\/\/t-umbrella.com\/es\/#website","url":"https:\/\/t-umbrella.com\/es\/","name":"T-Umbrella","description":"","publisher":{"@id":"https:\/\/t-umbrella.com\/es\/#organization"},"potentialAction":[{"@type":"SearchAction","target":{"@type":"EntryPoint","urlTemplate":"https:\/\/t-umbrella.com\/es\/?s={search_term_string}"},"query-input":"required name=search_term_string"}],"inLanguage":"es"},{"@type":"Organization","@id":"https:\/\/t-umbrella.com\/es\/#organization","name":"T-Umbrella","url":"https:\/\/t-umbrella.com\/es\/","logo":{"@type":"ImageObject","inLanguage":"es","@id":"https:\/\/t-umbrella.com\/es\/#\/schema\/logo\/image\/","url":"https:\/\/t-umbrella.com\/wp-content\/uploads\/2023\/11\/logo.png","contentUrl":"https:\/\/t-umbrella.com\/wp-content\/uploads\/2023\/11\/logo.png","width":300,"height":120,"caption":"T-Umbrella"},"image":{"@id":"https:\/\/t-umbrella.com\/es\/#\/schema\/logo\/image\/"}}]}},"_links":{"self":[{"href":"https:\/\/t-umbrella.com\/es\/wp-json\/wp\/v2\/product\/4780","targetHints":{"allow":["GET"]}}],"collection":[{"href":"https:\/\/t-umbrella.com\/es\/wp-json\/wp\/v2\/product"}],"about":[{"href":"https:\/\/t-umbrella.com\/es\/wp-json\/wp\/v2\/types\/product"}],"replies":[{"embeddable":true,"href":"https:\/\/t-umbrella.com\/es\/wp-json\/wp\/v2\/comments?post=4780"}],"wp:featuredmedia":[{"embeddable":true,"href":"https:\/\/t-umbrella.com\/es\/wp-json\/wp\/v2\/media\/3547"}],"wp:attachment":[{"href":"https:\/\/t-umbrella.com\/es\/wp-json\/wp\/v2\/media?parent=4780"}],"wp:term":[{"taxonomy":"product_brand","embeddable":true,"href":"https:\/\/t-umbrella.com\/es\/wp-json\/wp\/v2\/product_brand?post=4780"},{"taxonomy":"product_cat","embeddable":true,"href":"https:\/\/t-umbrella.com\/es\/wp-json\/wp\/v2\/product_cat?post=4780"},{"taxonomy":"product_tag","embeddable":true,"href":"https:\/\/t-umbrella.com\/es\/wp-json\/wp\/v2\/product_tag?post=4780"}],"curies":[{"name":"wp","href":"https:\/\/api.w.org\/{rel}","templated":true}]}}