{"id":4765,"date":"2024-01-10T18:51:28","date_gmt":"2024-01-10T18:51:28","guid":{"rendered":"https:\/\/t-umbrella.com\/product\/paraguas-con-mango-de-madera-curada-46x-33x-16k\/"},"modified":"2024-01-10T18:51:28","modified_gmt":"2024-01-10T18:51:28","slug":"paraguas-con-mango-de-madera-curada-46x-33x-16k","status":"publish","type":"product","link":"https:\/\/t-umbrella.com\/es\/product\/paraguas-con-mango-de-madera-curada-46x-33x-16k\/","title":{"rendered":"Paraguas con mango de madera curada 46\u00bbx 33\u00bbx 16K"},"content":{"rendered":"<p>Tejido: pongee 190T<\/p>\n<p>Color: 9 colores seg\u00fan las fotos<\/p>\n<p>Tipo de paraguas: paraguas recto, paraguas con mango de madera, paraguas de paseo<\/p>\n<p>N\u00famero de costillas: 16<\/p>\n<p>Material de las varillas del paraguas: totalmente de fibra de vidrio<\/p>\n<p>Eje del paraguas: acero<\/p>\n<p>Peso: 450 g<\/p>\n<p>Patr\u00f3n: sin impresi\u00f3n<\/p>\n<p>M\u00e9todo de apertura: Semiautom\u00e1tico<\/p>\n<p>Embalaje Bolsa OPP<\/p>\n<p>MOQ:500pcs<\/p>\n<p>Plazo de entrega: 7 d\u00edas laborables<\/p>\n<div id=\"wp-content-wrap\" class=\"wp-core-ui wp-editor-wrap tmce-active has-dfw\">\n<div id=\"wp-content-editor-tools\" class=\"wp-editor-tools hide-if-no-js\">\n<div id=\"wp-content-media-buttons\" class=\"wp-media-buttons\"><\/div>\n<\/div>\n<\/div>\n","protected":false},"excerpt":{"rendered":"<p class=\"postbox-header\">Presentamos nuestra colecci\u00f3n exclusiva: Paraguas con mango de madera curada: una fusi\u00f3n de belleza natural y artesan\u00eda excepcional. Eleve sus d\u00edas lluviosos con un toque de sofisticaci\u00f3n al empu\u00f1ar la refinada elegancia de la madera curada. Fabricados con precisi\u00f3n y estilo, nuestros paraguas no s\u00f3lo proporcionan una cobertura impecable, sino que tambi\u00e9n son una atrevida declaraci\u00f3n de moda. Disfrute de una combinaci\u00f3n \u00fanica de funcionalidad y est\u00e9tica con nuestros paraguas con mango de madera curada. Descubra el arte de la naturaleza en cada lluvia. Mejore su experiencia con el paraguas: \u00a1compre ahora nuestra cuidada colecci\u00f3n para dar un toque de clase atemporal!<\/p>\n<div id=\"wp-content-wrap\" class=\"wp-core-ui wp-editor-wrap tmce-active has-dfw\">\n<div id=\"wp-content-editor-tools\" class=\"wp-editor-tools hide-if-no-js\">\n<p id=\"wp-content-media-buttons\" class=\"wp-media-buttons\">\n<\/div>\n<\/div>\n","protected":false},"featured_media":3673,"comment_status":"open","ping_status":"closed","template":"","meta":{"_seopress_robots_primary_cat":"","_seopress_titles_title":"","_seopress_titles_desc":"","_seopress_robots_index":""},"product_brand":[],"product_cat":[74,73],"product_tag":[],"class_list":{"0":"post-4765","1":"product","2":"type-product","3":"status-publish","4":"has-post-thumbnail","6":"product_cat-paraguas-de-golf","7":"product_cat-paraguas-recto","9":"first","10":"instock","11":"sale","12":"shipping-taxable","13":"purchasable","14":"product-type-simple"},"yoast_head":"<!-- This site is optimized with the Yoast SEO plugin v22.7 - https:\/\/yoast.com\/wordpress\/plugins\/seo\/ -->\n<title>Paraguas con mango de madera curada 46&#039;&#039;x 33&#039;&#039;x 16K - T-Umbrella<\/title>\n<meta name=\"description\" content=\"Negocio B2B de paraguas con mango de madera. MOQ 500pcs con precio bajo. \u00a1Consiga ahora el precio m\u00e1s bajo!\" \/>\n<meta name=\"robots\" content=\"index, follow, max-snippet:-1, max-image-preview:large, max-video-preview:-1\" \/>\n<link rel=\"canonical\" href=\"https:\/\/t-umbrella.com\/es\/product\/paraguas-con-mango-de-madera-curada-46x-33x-16k\/\" \/>\n<meta property=\"og:locale\" content=\"es_ES\" \/>\n<meta property=\"og:type\" content=\"article\" \/>\n<meta property=\"og:title\" content=\"Paraguas con mango de madera curada 46&#039;&#039;x 33&#039;&#039;x 16K - T-Umbrella\" \/>\n<meta property=\"og:description\" content=\"Negocio B2B de paraguas con mango de madera. MOQ 500pcs con precio bajo. \u00a1Consiga ahora el precio m\u00e1s bajo!\" \/>\n<meta property=\"og:url\" content=\"https:\/\/t-umbrella.com\/es\/product\/paraguas-con-mango-de-madera-curada-46x-33x-16k\/\" \/>\n<meta property=\"og:site_name\" content=\"T-Umbrella\" \/>\n<meta property=\"og:image\" content=\"https:\/\/t-umbrella.com\/wp-content\/uploads\/2024\/01\/4-1.jpg\" \/>\n\t<meta property=\"og:image:width\" content=\"800\" \/>\n\t<meta property=\"og:image:height\" content=\"800\" \/>\n\t<meta property=\"og:image:type\" content=\"image\/jpeg\" \/>\n<meta name=\"twitter:card\" content=\"summary_large_image\" \/>\n<script type=\"application\/ld+json\" class=\"yoast-schema-graph\">{\"@context\":\"https:\/\/schema.org\",\"@graph\":[{\"@type\":\"WebPage\",\"@id\":\"https:\/\/t-umbrella.com\/es\/product\/paraguas-con-mango-de-madera-curada-46x-33x-16k\/\",\"url\":\"https:\/\/t-umbrella.com\/es\/product\/paraguas-con-mango-de-madera-curada-46x-33x-16k\/\",\"name\":\"Paraguas con mango de madera curada 46''x 33''x 16K - T-Umbrella\",\"isPartOf\":{\"@id\":\"https:\/\/t-umbrella.com\/es\/#website\"},\"primaryImageOfPage\":{\"@id\":\"https:\/\/t-umbrella.com\/es\/product\/paraguas-con-mango-de-madera-curada-46x-33x-16k\/#primaryimage\"},\"image\":{\"@id\":\"https:\/\/t-umbrella.com\/es\/product\/paraguas-con-mango-de-madera-curada-46x-33x-16k\/#primaryimage\"},\"thumbnailUrl\":\"https:\/\/t-umbrella.com\/wp-content\/uploads\/2024\/01\/4-1.jpg\",\"datePublished\":\"2024-01-10T18:51:28+00:00\",\"dateModified\":\"2024-01-10T18:51:28+00:00\",\"description\":\"Negocio B2B de paraguas con mango de madera. MOQ 500pcs con precio bajo. \u00a1Consiga ahora el precio m\u00e1s bajo!\",\"breadcrumb\":{\"@id\":\"https:\/\/t-umbrella.com\/es\/product\/paraguas-con-mango-de-madera-curada-46x-33x-16k\/#breadcrumb\"},\"inLanguage\":\"es\",\"potentialAction\":[{\"@type\":\"ReadAction\",\"target\":[\"https:\/\/t-umbrella.com\/es\/product\/paraguas-con-mango-de-madera-curada-46x-33x-16k\/\"]}]},{\"@type\":\"ImageObject\",\"inLanguage\":\"es\",\"@id\":\"https:\/\/t-umbrella.com\/es\/product\/paraguas-con-mango-de-madera-curada-46x-33x-16k\/#primaryimage\",\"url\":\"https:\/\/t-umbrella.com\/wp-content\/uploads\/2024\/01\/4-1.jpg\",\"contentUrl\":\"https:\/\/t-umbrella.com\/wp-content\/uploads\/2024\/01\/4-1.jpg\",\"width\":800,\"height\":800},{\"@type\":\"BreadcrumbList\",\"@id\":\"https:\/\/t-umbrella.com\/es\/product\/paraguas-con-mango-de-madera-curada-46x-33x-16k\/#breadcrumb\",\"itemListElement\":[{\"@type\":\"ListItem\",\"position\":1,\"name\":\"Home\",\"item\":\"https:\/\/t-umbrella.com\/es\/inicio\/\"},{\"@type\":\"ListItem\",\"position\":2,\"name\":\"Productos\",\"item\":\"https:\/\/t-umbrella.com\/es\/shop\/\"},{\"@type\":\"ListItem\",\"position\":3,\"name\":\"Paraguas con mango de madera curada 46&#8221;x 33&#8221;x 16K\"}]},{\"@type\":\"WebSite\",\"@id\":\"https:\/\/t-umbrella.com\/es\/#website\",\"url\":\"https:\/\/t-umbrella.com\/es\/\",\"name\":\"T-Umbrella\",\"description\":\"\",\"publisher\":{\"@id\":\"https:\/\/t-umbrella.com\/es\/#organization\"},\"potentialAction\":[{\"@type\":\"SearchAction\",\"target\":{\"@type\":\"EntryPoint\",\"urlTemplate\":\"https:\/\/t-umbrella.com\/es\/?s={search_term_string}\"},\"query-input\":\"required name=search_term_string\"}],\"inLanguage\":\"es\"},{\"@type\":\"Organization\",\"@id\":\"https:\/\/t-umbrella.com\/es\/#organization\",\"name\":\"T-Umbrella\",\"url\":\"https:\/\/t-umbrella.com\/es\/\",\"logo\":{\"@type\":\"ImageObject\",\"inLanguage\":\"es\",\"@id\":\"https:\/\/t-umbrella.com\/es\/#\/schema\/logo\/image\/\",\"url\":\"https:\/\/t-umbrella.com\/wp-content\/uploads\/2023\/11\/logo.png\",\"contentUrl\":\"https:\/\/t-umbrella.com\/wp-content\/uploads\/2023\/11\/logo.png\",\"width\":300,\"height\":120,\"caption\":\"T-Umbrella\"},\"image\":{\"@id\":\"https:\/\/t-umbrella.com\/es\/#\/schema\/logo\/image\/\"}}]}<\/script>\n<!-- \/ Yoast SEO plugin. -->","yoast_head_json":{"title":"Paraguas con mango de madera curada 46''x 33''x 16K - T-Umbrella","description":"Negocio B2B de paraguas con mango de madera. MOQ 500pcs con precio bajo. \u00a1Consiga ahora el precio m\u00e1s bajo!","robots":{"index":"index","follow":"follow","max-snippet":"max-snippet:-1","max-image-preview":"max-image-preview:large","max-video-preview":"max-video-preview:-1"},"canonical":"https:\/\/t-umbrella.com\/es\/product\/paraguas-con-mango-de-madera-curada-46x-33x-16k\/","og_locale":"es_ES","og_type":"article","og_title":"Paraguas con mango de madera curada 46''x 33''x 16K - T-Umbrella","og_description":"Negocio B2B de paraguas con mango de madera. MOQ 500pcs con precio bajo. \u00a1Consiga ahora el precio m\u00e1s bajo!","og_url":"https:\/\/t-umbrella.com\/es\/product\/paraguas-con-mango-de-madera-curada-46x-33x-16k\/","og_site_name":"T-Umbrella","og_image":[{"width":800,"height":800,"url":"https:\/\/t-umbrella.com\/wp-content\/uploads\/2024\/01\/4-1.jpg","type":"image\/jpeg"}],"twitter_card":"summary_large_image","schema":{"@context":"https:\/\/schema.org","@graph":[{"@type":"WebPage","@id":"https:\/\/t-umbrella.com\/es\/product\/paraguas-con-mango-de-madera-curada-46x-33x-16k\/","url":"https:\/\/t-umbrella.com\/es\/product\/paraguas-con-mango-de-madera-curada-46x-33x-16k\/","name":"Paraguas con mango de madera curada 46''x 33''x 16K - T-Umbrella","isPartOf":{"@id":"https:\/\/t-umbrella.com\/es\/#website"},"primaryImageOfPage":{"@id":"https:\/\/t-umbrella.com\/es\/product\/paraguas-con-mango-de-madera-curada-46x-33x-16k\/#primaryimage"},"image":{"@id":"https:\/\/t-umbrella.com\/es\/product\/paraguas-con-mango-de-madera-curada-46x-33x-16k\/#primaryimage"},"thumbnailUrl":"https:\/\/t-umbrella.com\/wp-content\/uploads\/2024\/01\/4-1.jpg","datePublished":"2024-01-10T18:51:28+00:00","dateModified":"2024-01-10T18:51:28+00:00","description":"Negocio B2B de paraguas con mango de madera. MOQ 500pcs con precio bajo. \u00a1Consiga ahora el precio m\u00e1s bajo!","breadcrumb":{"@id":"https:\/\/t-umbrella.com\/es\/product\/paraguas-con-mango-de-madera-curada-46x-33x-16k\/#breadcrumb"},"inLanguage":"es","potentialAction":[{"@type":"ReadAction","target":["https:\/\/t-umbrella.com\/es\/product\/paraguas-con-mango-de-madera-curada-46x-33x-16k\/"]}]},{"@type":"ImageObject","inLanguage":"es","@id":"https:\/\/t-umbrella.com\/es\/product\/paraguas-con-mango-de-madera-curada-46x-33x-16k\/#primaryimage","url":"https:\/\/t-umbrella.com\/wp-content\/uploads\/2024\/01\/4-1.jpg","contentUrl":"https:\/\/t-umbrella.com\/wp-content\/uploads\/2024\/01\/4-1.jpg","width":800,"height":800},{"@type":"BreadcrumbList","@id":"https:\/\/t-umbrella.com\/es\/product\/paraguas-con-mango-de-madera-curada-46x-33x-16k\/#breadcrumb","itemListElement":[{"@type":"ListItem","position":1,"name":"Home","item":"https:\/\/t-umbrella.com\/es\/inicio\/"},{"@type":"ListItem","position":2,"name":"Productos","item":"https:\/\/t-umbrella.com\/es\/shop\/"},{"@type":"ListItem","position":3,"name":"Paraguas con mango de madera curada 46&#8221;x 33&#8221;x 16K"}]},{"@type":"WebSite","@id":"https:\/\/t-umbrella.com\/es\/#website","url":"https:\/\/t-umbrella.com\/es\/","name":"T-Umbrella","description":"","publisher":{"@id":"https:\/\/t-umbrella.com\/es\/#organization"},"potentialAction":[{"@type":"SearchAction","target":{"@type":"EntryPoint","urlTemplate":"https:\/\/t-umbrella.com\/es\/?s={search_term_string}"},"query-input":"required name=search_term_string"}],"inLanguage":"es"},{"@type":"Organization","@id":"https:\/\/t-umbrella.com\/es\/#organization","name":"T-Umbrella","url":"https:\/\/t-umbrella.com\/es\/","logo":{"@type":"ImageObject","inLanguage":"es","@id":"https:\/\/t-umbrella.com\/es\/#\/schema\/logo\/image\/","url":"https:\/\/t-umbrella.com\/wp-content\/uploads\/2023\/11\/logo.png","contentUrl":"https:\/\/t-umbrella.com\/wp-content\/uploads\/2023\/11\/logo.png","width":300,"height":120,"caption":"T-Umbrella"},"image":{"@id":"https:\/\/t-umbrella.com\/es\/#\/schema\/logo\/image\/"}}]}},"_links":{"self":[{"href":"https:\/\/t-umbrella.com\/es\/wp-json\/wp\/v2\/product\/4765","targetHints":{"allow":["GET"]}}],"collection":[{"href":"https:\/\/t-umbrella.com\/es\/wp-json\/wp\/v2\/product"}],"about":[{"href":"https:\/\/t-umbrella.com\/es\/wp-json\/wp\/v2\/types\/product"}],"replies":[{"embeddable":true,"href":"https:\/\/t-umbrella.com\/es\/wp-json\/wp\/v2\/comments?post=4765"}],"wp:featuredmedia":[{"embeddable":true,"href":"https:\/\/t-umbrella.com\/es\/wp-json\/wp\/v2\/media\/3673"}],"wp:attachment":[{"href":"https:\/\/t-umbrella.com\/es\/wp-json\/wp\/v2\/media?parent=4765"}],"wp:term":[{"taxonomy":"product_brand","embeddable":true,"href":"https:\/\/t-umbrella.com\/es\/wp-json\/wp\/v2\/product_brand?post=4765"},{"taxonomy":"product_cat","embeddable":true,"href":"https:\/\/t-umbrella.com\/es\/wp-json\/wp\/v2\/product_cat?post=4765"},{"taxonomy":"product_tag","embeddable":true,"href":"https:\/\/t-umbrella.com\/es\/wp-json\/wp\/v2\/product_tag?post=4765"}],"curies":[{"name":"wp","href":"https:\/\/api.w.org\/{rel}","templated":true}]}}