{"id":4890,"date":"2024-02-01T07:38:11","date_gmt":"2024-02-01T07:38:11","guid":{"rendered":"https:\/\/t-umbrella.com\/product\/42x-8k-titanium-silber-stoff-mit-digitaldruck-innen\/"},"modified":"2024-02-01T07:38:11","modified_gmt":"2024-02-01T07:38:11","slug":"42x-8k-titanium-silber-stoff-mit-digitaldruck-innen","status":"publish","type":"product","link":"https:\/\/t-umbrella.com\/de\/product\/42x-8k-titanium-silber-stoff-mit-digitaldruck-innen\/","title":{"rendered":"42&#8220;x 8K Titanium Silber Stoff mit Digitaldruck innen"},"content":{"rendered":"<p><strong>Stoff:<\/strong> Vinyl<\/p>\n<p><strong>Farbe:<\/strong> 7 Farben wie auf den Bildern<\/p>\n<p><strong>Schirmtyp:<\/strong> Digitaldruckschirm, UV-blockierender Schirm, kleiner Schirm<\/p>\n<p><strong>Anzahl Rippen<\/strong>: 8<\/p>\n<p><strong>Material der Schirmrippe:<\/strong> Aluminium<\/p>\n<p><strong>Schirmstiel:<\/strong> Aluminium<\/p>\n<p><strong>Gewicht:<\/strong> 360g<\/p>\n<p><strong>Muster:<\/strong> mit Druck wie Abbildung<\/p>\n<p><strong>Methode \u00f6ffnen:<\/strong> Manuell<\/p>\n<p><strong>Verpackung:<\/strong> OPP-Beutel<\/p>\n<p><strong>MOQ:<\/strong>100St\u00fcck<\/p>\n<p><strong>Vorlaufzeit:<\/strong> 2 bis 7 Arbeitstage<\/p>\n","protected":false},"excerpt":{"rendered":"<p>Erleben Sie den ultimativen Komfort mit unserem Fold Umbrella. Er ist kompakt und leicht und verbindet nahtlos Funktionalit\u00e4t mit Stil. Er ist perfekt f\u00fcr den mobilen Lebensstil und passt leicht in Taschen und Beutel. Mit diesem tragbaren Accessoire sind Sie auf pl\u00f6tzliche Regeng\u00fcsse vorbereitet und k\u00f6nnen jeden Regentag in ein modisches und problemloses Erlebnis verwandeln.<\/p>\n","protected":false},"featured_media":4198,"comment_status":"open","ping_status":"closed","template":"","meta":{"_seopress_robots_primary_cat":"","_seopress_titles_title":"","_seopress_titles_desc":"","_seopress_robots_index":""},"product_brand":[],"product_cat":[85],"product_tag":[],"class_list":{"0":"post-4890","1":"product","2":"type-product","3":"status-publish","4":"has-post-thumbnail","6":"product_cat-faltbarer-regenschirm","8":"first","9":"instock","10":"sale","11":"shipping-taxable","12":"purchasable","13":"product-type-simple"},"yoast_head":"<!-- This site is optimized with the Yoast SEO plugin v22.7 - https:\/\/yoast.com\/wordpress\/plugins\/seo\/ -->\n<title>42&#039;&#039;x 8K Titanium Silber Stoff mit Digitaldruck innen - T-Umbrella<\/title>\n<meta name=\"description\" content=\"Hochwertige Holzgriff Regenschirm mit All-Over Digitaldruck innen. Silberne Beschichtung au\u00dfen und goldene Aluminium Welle und Rippe. MOQ 100St\u00fcck &amp; 7 Tage!\" \/>\n<meta name=\"robots\" content=\"index, follow, max-snippet:-1, max-image-preview:large, max-video-preview:-1\" \/>\n<link rel=\"canonical\" href=\"https:\/\/t-umbrella.com\/de\/product\/42x-8k-titanium-silber-stoff-mit-digitaldruck-innen\/\" \/>\n<meta property=\"og:locale\" content=\"de_DE\" \/>\n<meta property=\"og:type\" content=\"article\" \/>\n<meta property=\"og:title\" content=\"42&#039;&#039;x 8K Titanium Silber Stoff mit Digitaldruck innen - T-Umbrella\" \/>\n<meta property=\"og:description\" content=\"Hochwertige Holzgriff Regenschirm mit All-Over Digitaldruck innen. Silberne Beschichtung au\u00dfen und goldene Aluminium Welle und Rippe. MOQ 100St\u00fcck &amp; 7 Tage!\" \/>\n<meta property=\"og:url\" content=\"https:\/\/t-umbrella.com\/de\/product\/42x-8k-titanium-silber-stoff-mit-digitaldruck-innen\/\" \/>\n<meta property=\"og:site_name\" content=\"T-Umbrella\" \/>\n<meta property=\"og:image\" content=\"https:\/\/t-umbrella.com\/wp-content\/uploads\/2024\/02\/6-4.jpg\" \/>\n\t<meta property=\"og:image:width\" content=\"800\" \/>\n\t<meta property=\"og:image:height\" content=\"800\" \/>\n\t<meta property=\"og:image:type\" content=\"image\/jpeg\" \/>\n<meta name=\"twitter:card\" content=\"summary_large_image\" \/>\n<script type=\"application\/ld+json\" class=\"yoast-schema-graph\">{\"@context\":\"https:\/\/schema.org\",\"@graph\":[{\"@type\":\"WebPage\",\"@id\":\"https:\/\/t-umbrella.com\/de\/product\/42x-8k-titanium-silber-stoff-mit-digitaldruck-innen\/\",\"url\":\"https:\/\/t-umbrella.com\/de\/product\/42x-8k-titanium-silber-stoff-mit-digitaldruck-innen\/\",\"name\":\"42''x 8K Titanium Silber Stoff mit Digitaldruck innen - T-Umbrella\",\"isPartOf\":{\"@id\":\"https:\/\/t-umbrella.com\/de\/#website\"},\"primaryImageOfPage\":{\"@id\":\"https:\/\/t-umbrella.com\/de\/product\/42x-8k-titanium-silber-stoff-mit-digitaldruck-innen\/#primaryimage\"},\"image\":{\"@id\":\"https:\/\/t-umbrella.com\/de\/product\/42x-8k-titanium-silber-stoff-mit-digitaldruck-innen\/#primaryimage\"},\"thumbnailUrl\":\"https:\/\/t-umbrella.com\/wp-content\/uploads\/2024\/02\/6-4.jpg\",\"datePublished\":\"2024-02-01T07:38:11+00:00\",\"dateModified\":\"2024-02-01T07:38:11+00:00\",\"description\":\"Hochwertige Holzgriff Regenschirm mit All-Over Digitaldruck innen. Silberne Beschichtung au\u00dfen und goldene Aluminium Welle und Rippe. MOQ 100St\u00fcck & 7 Tage!\",\"breadcrumb\":{\"@id\":\"https:\/\/t-umbrella.com\/de\/product\/42x-8k-titanium-silber-stoff-mit-digitaldruck-innen\/#breadcrumb\"},\"inLanguage\":\"de\",\"potentialAction\":[{\"@type\":\"ReadAction\",\"target\":[\"https:\/\/t-umbrella.com\/de\/product\/42x-8k-titanium-silber-stoff-mit-digitaldruck-innen\/\"]}]},{\"@type\":\"ImageObject\",\"inLanguage\":\"de\",\"@id\":\"https:\/\/t-umbrella.com\/de\/product\/42x-8k-titanium-silber-stoff-mit-digitaldruck-innen\/#primaryimage\",\"url\":\"https:\/\/t-umbrella.com\/wp-content\/uploads\/2024\/02\/6-4.jpg\",\"contentUrl\":\"https:\/\/t-umbrella.com\/wp-content\/uploads\/2024\/02\/6-4.jpg\",\"width\":800,\"height\":800},{\"@type\":\"BreadcrumbList\",\"@id\":\"https:\/\/t-umbrella.com\/de\/product\/42x-8k-titanium-silber-stoff-mit-digitaldruck-innen\/#breadcrumb\",\"itemListElement\":[{\"@type\":\"ListItem\",\"position\":1,\"name\":\"Home\",\"item\":\"https:\/\/t-umbrella.com\/de\/startseite\/\"},{\"@type\":\"ListItem\",\"position\":2,\"name\":\"Produkte\",\"item\":\"https:\/\/t-umbrella.com\/de\/shop\/\"},{\"@type\":\"ListItem\",\"position\":3,\"name\":\"42&#8221;x 8K Titanium Silber Stoff mit Digitaldruck innen\"}]},{\"@type\":\"WebSite\",\"@id\":\"https:\/\/t-umbrella.com\/de\/#website\",\"url\":\"https:\/\/t-umbrella.com\/de\/\",\"name\":\"T-Umbrella\",\"description\":\"\",\"publisher\":{\"@id\":\"https:\/\/t-umbrella.com\/de\/#organization\"},\"potentialAction\":[{\"@type\":\"SearchAction\",\"target\":{\"@type\":\"EntryPoint\",\"urlTemplate\":\"https:\/\/t-umbrella.com\/de\/?s={search_term_string}\"},\"query-input\":\"required name=search_term_string\"}],\"inLanguage\":\"de\"},{\"@type\":\"Organization\",\"@id\":\"https:\/\/t-umbrella.com\/de\/#organization\",\"name\":\"T-Umbrella\",\"url\":\"https:\/\/t-umbrella.com\/de\/\",\"logo\":{\"@type\":\"ImageObject\",\"inLanguage\":\"de\",\"@id\":\"https:\/\/t-umbrella.com\/de\/#\/schema\/logo\/image\/\",\"url\":\"https:\/\/t-umbrella.com\/wp-content\/uploads\/2023\/11\/logo.png\",\"contentUrl\":\"https:\/\/t-umbrella.com\/wp-content\/uploads\/2023\/11\/logo.png\",\"width\":300,\"height\":120,\"caption\":\"T-Umbrella\"},\"image\":{\"@id\":\"https:\/\/t-umbrella.com\/de\/#\/schema\/logo\/image\/\"}}]}<\/script>\n<!-- \/ Yoast SEO plugin. -->","yoast_head_json":{"title":"42''x 8K Titanium Silber Stoff mit Digitaldruck innen - T-Umbrella","description":"Hochwertige Holzgriff Regenschirm mit All-Over Digitaldruck innen. Silberne Beschichtung au\u00dfen und goldene Aluminium Welle und Rippe. MOQ 100St\u00fcck & 7 Tage!","robots":{"index":"index","follow":"follow","max-snippet":"max-snippet:-1","max-image-preview":"max-image-preview:large","max-video-preview":"max-video-preview:-1"},"canonical":"https:\/\/t-umbrella.com\/de\/product\/42x-8k-titanium-silber-stoff-mit-digitaldruck-innen\/","og_locale":"de_DE","og_type":"article","og_title":"42''x 8K Titanium Silber Stoff mit Digitaldruck innen - T-Umbrella","og_description":"Hochwertige Holzgriff Regenschirm mit All-Over Digitaldruck innen. Silberne Beschichtung au\u00dfen und goldene Aluminium Welle und Rippe. MOQ 100St\u00fcck & 7 Tage!","og_url":"https:\/\/t-umbrella.com\/de\/product\/42x-8k-titanium-silber-stoff-mit-digitaldruck-innen\/","og_site_name":"T-Umbrella","og_image":[{"width":800,"height":800,"url":"https:\/\/t-umbrella.com\/wp-content\/uploads\/2024\/02\/6-4.jpg","type":"image\/jpeg"}],"twitter_card":"summary_large_image","schema":{"@context":"https:\/\/schema.org","@graph":[{"@type":"WebPage","@id":"https:\/\/t-umbrella.com\/de\/product\/42x-8k-titanium-silber-stoff-mit-digitaldruck-innen\/","url":"https:\/\/t-umbrella.com\/de\/product\/42x-8k-titanium-silber-stoff-mit-digitaldruck-innen\/","name":"42''x 8K Titanium Silber Stoff mit Digitaldruck innen - T-Umbrella","isPartOf":{"@id":"https:\/\/t-umbrella.com\/de\/#website"},"primaryImageOfPage":{"@id":"https:\/\/t-umbrella.com\/de\/product\/42x-8k-titanium-silber-stoff-mit-digitaldruck-innen\/#primaryimage"},"image":{"@id":"https:\/\/t-umbrella.com\/de\/product\/42x-8k-titanium-silber-stoff-mit-digitaldruck-innen\/#primaryimage"},"thumbnailUrl":"https:\/\/t-umbrella.com\/wp-content\/uploads\/2024\/02\/6-4.jpg","datePublished":"2024-02-01T07:38:11+00:00","dateModified":"2024-02-01T07:38:11+00:00","description":"Hochwertige Holzgriff Regenschirm mit All-Over Digitaldruck innen. Silberne Beschichtung au\u00dfen und goldene Aluminium Welle und Rippe. MOQ 100St\u00fcck & 7 Tage!","breadcrumb":{"@id":"https:\/\/t-umbrella.com\/de\/product\/42x-8k-titanium-silber-stoff-mit-digitaldruck-innen\/#breadcrumb"},"inLanguage":"de","potentialAction":[{"@type":"ReadAction","target":["https:\/\/t-umbrella.com\/de\/product\/42x-8k-titanium-silber-stoff-mit-digitaldruck-innen\/"]}]},{"@type":"ImageObject","inLanguage":"de","@id":"https:\/\/t-umbrella.com\/de\/product\/42x-8k-titanium-silber-stoff-mit-digitaldruck-innen\/#primaryimage","url":"https:\/\/t-umbrella.com\/wp-content\/uploads\/2024\/02\/6-4.jpg","contentUrl":"https:\/\/t-umbrella.com\/wp-content\/uploads\/2024\/02\/6-4.jpg","width":800,"height":800},{"@type":"BreadcrumbList","@id":"https:\/\/t-umbrella.com\/de\/product\/42x-8k-titanium-silber-stoff-mit-digitaldruck-innen\/#breadcrumb","itemListElement":[{"@type":"ListItem","position":1,"name":"Home","item":"https:\/\/t-umbrella.com\/de\/startseite\/"},{"@type":"ListItem","position":2,"name":"Produkte","item":"https:\/\/t-umbrella.com\/de\/shop\/"},{"@type":"ListItem","position":3,"name":"42&#8221;x 8K Titanium Silber Stoff mit Digitaldruck innen"}]},{"@type":"WebSite","@id":"https:\/\/t-umbrella.com\/de\/#website","url":"https:\/\/t-umbrella.com\/de\/","name":"T-Umbrella","description":"","publisher":{"@id":"https:\/\/t-umbrella.com\/de\/#organization"},"potentialAction":[{"@type":"SearchAction","target":{"@type":"EntryPoint","urlTemplate":"https:\/\/t-umbrella.com\/de\/?s={search_term_string}"},"query-input":"required name=search_term_string"}],"inLanguage":"de"},{"@type":"Organization","@id":"https:\/\/t-umbrella.com\/de\/#organization","name":"T-Umbrella","url":"https:\/\/t-umbrella.com\/de\/","logo":{"@type":"ImageObject","inLanguage":"de","@id":"https:\/\/t-umbrella.com\/de\/#\/schema\/logo\/image\/","url":"https:\/\/t-umbrella.com\/wp-content\/uploads\/2023\/11\/logo.png","contentUrl":"https:\/\/t-umbrella.com\/wp-content\/uploads\/2023\/11\/logo.png","width":300,"height":120,"caption":"T-Umbrella"},"image":{"@id":"https:\/\/t-umbrella.com\/de\/#\/schema\/logo\/image\/"}}]}},"_links":{"self":[{"href":"https:\/\/t-umbrella.com\/de\/wp-json\/wp\/v2\/product\/4890","targetHints":{"allow":["GET"]}}],"collection":[{"href":"https:\/\/t-umbrella.com\/de\/wp-json\/wp\/v2\/product"}],"about":[{"href":"https:\/\/t-umbrella.com\/de\/wp-json\/wp\/v2\/types\/product"}],"replies":[{"embeddable":true,"href":"https:\/\/t-umbrella.com\/de\/wp-json\/wp\/v2\/comments?post=4890"}],"wp:featuredmedia":[{"embeddable":true,"href":"https:\/\/t-umbrella.com\/de\/wp-json\/wp\/v2\/media\/4198"}],"wp:attachment":[{"href":"https:\/\/t-umbrella.com\/de\/wp-json\/wp\/v2\/media?parent=4890"}],"wp:term":[{"taxonomy":"product_brand","embeddable":true,"href":"https:\/\/t-umbrella.com\/de\/wp-json\/wp\/v2\/product_brand?post=4890"},{"taxonomy":"product_cat","embeddable":true,"href":"https:\/\/t-umbrella.com\/de\/wp-json\/wp\/v2\/product_cat?post=4890"},{"taxonomy":"product_tag","embeddable":true,"href":"https:\/\/t-umbrella.com\/de\/wp-json\/wp\/v2\/product_tag?post=4890"}],"curies":[{"name":"wp","href":"https:\/\/api.w.org\/{rel}","templated":true}]}}