{"id":4868,"date":"2024-01-31T09:29:04","date_gmt":"2024-01-31T09:29:04","guid":{"rendered":"https:\/\/t-umbrella.com\/product\/46x-33x-16k-pu-griff-regenschirm-mit-wasserdichter-huelse\/"},"modified":"2024-01-31T09:29:04","modified_gmt":"2024-01-31T09:29:04","slug":"46x-33x-16k-pu-griff-regenschirm-mit-wasserdichter-huelse","status":"publish","type":"product","link":"https:\/\/t-umbrella.com\/de\/product\/46x-33x-16k-pu-griff-regenschirm-mit-wasserdichter-huelse\/","title":{"rendered":"46&#8220;x 33&#8220;x 16K PU-Griff Regenschirm mit wasserdichter H\u00fclse"},"content":{"rendered":"<p>Stoff: Pongee 190T<\/p>\n<p>Farbe: 7 Farben wie auf den Bildern<\/p>\n<p>Schirmtyp: gerader Schirm, Holzgriffschirm, Wanderschirm<\/p>\n<p>Anzahl Rippen: 16<\/p>\n<p>Material der Schirmrippe: Vollglasfaser<\/p>\n<p>Schirmstiel: Stahl<\/p>\n<p>Gewicht: 450g<\/p>\n<p>Muster: ohne Druck<\/p>\n<p>Offene Methode: Halbautomatisch<\/p>\n<p>Verpackung: OPP-Beutel<\/p>\n<p>MOQ:500St\u00fcck<\/p>\n<p>Lieferzeit: 7 Arbeitstage<\/p>\n","protected":false},"excerpt":{"rendered":"<p>Versch\u00f6nern Sie Ihre Regentage mit unserem Regenschirm mit PU-Griff und wasserdichter H\u00fclle. Stilvoll und funktional bietet sie zuverl\u00e4ssigen Schutz in einem schlanken Design. Kaufen Sie jetzt modische, wetterfeste Accessoires!<\/p>\n","protected":false},"featured_media":3772,"comment_status":"open","ping_status":"closed","template":"","meta":{"_seopress_robots_primary_cat":"","_seopress_titles_title":"","_seopress_titles_desc":"","_seopress_robots_index":""},"product_brand":[],"product_cat":[68],"product_tag":[],"class_list":{"0":"post-4868","1":"product","2":"type-product","3":"status-publish","4":"has-post-thumbnail","6":"product_cat-gerade-regenschirm","8":"first","9":"instock","10":"sale","11":"shipping-taxable","12":"purchasable","13":"product-type-simple"},"yoast_head":"<!-- This site is optimized with the Yoast SEO plugin v22.7 - https:\/\/yoast.com\/wordpress\/plugins\/seo\/ -->\n<title>46&#039;&#039;x 33&#039;&#039;x 16K PU-Griff Regenschirm mit wasserdichter H\u00fclse - T-Umbrella<\/title>\n<meta name=\"description\" content=\"Beste Regenschirmfabrik in China, BSCI-, ISO9001- und CE-Zertifikate. MOQ 500pcs und 2 bis 5 Tage Vorlaufzeit!\" \/>\n<meta name=\"robots\" content=\"index, follow, max-snippet:-1, max-image-preview:large, max-video-preview:-1\" \/>\n<link rel=\"canonical\" href=\"https:\/\/t-umbrella.com\/de\/product\/46x-33x-16k-pu-griff-regenschirm-mit-wasserdichter-huelse\/\" \/>\n<meta property=\"og:locale\" content=\"de_DE\" \/>\n<meta property=\"og:type\" content=\"article\" \/>\n<meta property=\"og:title\" content=\"46&#039;&#039;x 33&#039;&#039;x 16K PU-Griff Regenschirm mit wasserdichter H\u00fclse - T-Umbrella\" \/>\n<meta property=\"og:description\" content=\"Beste Regenschirmfabrik in China, BSCI-, ISO9001- und CE-Zertifikate. MOQ 500pcs und 2 bis 5 Tage Vorlaufzeit!\" \/>\n<meta property=\"og:url\" content=\"https:\/\/t-umbrella.com\/de\/product\/46x-33x-16k-pu-griff-regenschirm-mit-wasserdichter-huelse\/\" \/>\n<meta property=\"og:site_name\" content=\"T-Umbrella\" \/>\n<meta property=\"og:image\" content=\"https:\/\/t-umbrella.com\/wp-content\/uploads\/2024\/01\/1791705042347_.pic_.jpg\" \/>\n\t<meta property=\"og:image:width\" content=\"800\" \/>\n\t<meta property=\"og:image:height\" content=\"800\" \/>\n\t<meta property=\"og:image:type\" content=\"image\/jpeg\" \/>\n<meta name=\"twitter:card\" content=\"summary_large_image\" \/>\n<script type=\"application\/ld+json\" class=\"yoast-schema-graph\">{\"@context\":\"https:\/\/schema.org\",\"@graph\":[{\"@type\":\"WebPage\",\"@id\":\"https:\/\/t-umbrella.com\/de\/product\/46x-33x-16k-pu-griff-regenschirm-mit-wasserdichter-huelse\/\",\"url\":\"https:\/\/t-umbrella.com\/de\/product\/46x-33x-16k-pu-griff-regenschirm-mit-wasserdichter-huelse\/\",\"name\":\"46''x 33''x 16K PU-Griff Regenschirm mit wasserdichter H\u00fclse - T-Umbrella\",\"isPartOf\":{\"@id\":\"https:\/\/t-umbrella.com\/de\/#website\"},\"primaryImageOfPage\":{\"@id\":\"https:\/\/t-umbrella.com\/de\/product\/46x-33x-16k-pu-griff-regenschirm-mit-wasserdichter-huelse\/#primaryimage\"},\"image\":{\"@id\":\"https:\/\/t-umbrella.com\/de\/product\/46x-33x-16k-pu-griff-regenschirm-mit-wasserdichter-huelse\/#primaryimage\"},\"thumbnailUrl\":\"https:\/\/t-umbrella.com\/wp-content\/uploads\/2024\/01\/1791705042347_.pic_.jpg\",\"datePublished\":\"2024-01-31T09:29:04+00:00\",\"dateModified\":\"2024-01-31T09:29:04+00:00\",\"description\":\"Beste Regenschirmfabrik in China, BSCI-, ISO9001- und CE-Zertifikate. MOQ 500pcs und 2 bis 5 Tage Vorlaufzeit!\",\"breadcrumb\":{\"@id\":\"https:\/\/t-umbrella.com\/de\/product\/46x-33x-16k-pu-griff-regenschirm-mit-wasserdichter-huelse\/#breadcrumb\"},\"inLanguage\":\"de\",\"potentialAction\":[{\"@type\":\"ReadAction\",\"target\":[\"https:\/\/t-umbrella.com\/de\/product\/46x-33x-16k-pu-griff-regenschirm-mit-wasserdichter-huelse\/\"]}]},{\"@type\":\"ImageObject\",\"inLanguage\":\"de\",\"@id\":\"https:\/\/t-umbrella.com\/de\/product\/46x-33x-16k-pu-griff-regenschirm-mit-wasserdichter-huelse\/#primaryimage\",\"url\":\"https:\/\/t-umbrella.com\/wp-content\/uploads\/2024\/01\/1791705042347_.pic_.jpg\",\"contentUrl\":\"https:\/\/t-umbrella.com\/wp-content\/uploads\/2024\/01\/1791705042347_.pic_.jpg\",\"width\":800,\"height\":800},{\"@type\":\"BreadcrumbList\",\"@id\":\"https:\/\/t-umbrella.com\/de\/product\/46x-33x-16k-pu-griff-regenschirm-mit-wasserdichter-huelse\/#breadcrumb\",\"itemListElement\":[{\"@type\":\"ListItem\",\"position\":1,\"name\":\"Home\",\"item\":\"https:\/\/t-umbrella.com\/de\/startseite\/\"},{\"@type\":\"ListItem\",\"position\":2,\"name\":\"Produkte\",\"item\":\"https:\/\/t-umbrella.com\/de\/shop\/\"},{\"@type\":\"ListItem\",\"position\":3,\"name\":\"46&#8221;x 33&#8221;x 16K PU-Griff Regenschirm mit wasserdichter H\u00fclse\"}]},{\"@type\":\"WebSite\",\"@id\":\"https:\/\/t-umbrella.com\/de\/#website\",\"url\":\"https:\/\/t-umbrella.com\/de\/\",\"name\":\"T-Umbrella\",\"description\":\"\",\"publisher\":{\"@id\":\"https:\/\/t-umbrella.com\/de\/#organization\"},\"potentialAction\":[{\"@type\":\"SearchAction\",\"target\":{\"@type\":\"EntryPoint\",\"urlTemplate\":\"https:\/\/t-umbrella.com\/de\/?s={search_term_string}\"},\"query-input\":\"required name=search_term_string\"}],\"inLanguage\":\"de\"},{\"@type\":\"Organization\",\"@id\":\"https:\/\/t-umbrella.com\/de\/#organization\",\"name\":\"T-Umbrella\",\"url\":\"https:\/\/t-umbrella.com\/de\/\",\"logo\":{\"@type\":\"ImageObject\",\"inLanguage\":\"de\",\"@id\":\"https:\/\/t-umbrella.com\/de\/#\/schema\/logo\/image\/\",\"url\":\"https:\/\/t-umbrella.com\/wp-content\/uploads\/2023\/11\/logo.png\",\"contentUrl\":\"https:\/\/t-umbrella.com\/wp-content\/uploads\/2023\/11\/logo.png\",\"width\":300,\"height\":120,\"caption\":\"T-Umbrella\"},\"image\":{\"@id\":\"https:\/\/t-umbrella.com\/de\/#\/schema\/logo\/image\/\"}}]}<\/script>\n<!-- \/ Yoast SEO plugin. -->","yoast_head_json":{"title":"46''x 33''x 16K PU-Griff Regenschirm mit wasserdichter H\u00fclse - T-Umbrella","description":"Beste Regenschirmfabrik in China, BSCI-, ISO9001- und CE-Zertifikate. MOQ 500pcs und 2 bis 5 Tage Vorlaufzeit!","robots":{"index":"index","follow":"follow","max-snippet":"max-snippet:-1","max-image-preview":"max-image-preview:large","max-video-preview":"max-video-preview:-1"},"canonical":"https:\/\/t-umbrella.com\/de\/product\/46x-33x-16k-pu-griff-regenschirm-mit-wasserdichter-huelse\/","og_locale":"de_DE","og_type":"article","og_title":"46''x 33''x 16K PU-Griff Regenschirm mit wasserdichter H\u00fclse - T-Umbrella","og_description":"Beste Regenschirmfabrik in China, BSCI-, ISO9001- und CE-Zertifikate. MOQ 500pcs und 2 bis 5 Tage Vorlaufzeit!","og_url":"https:\/\/t-umbrella.com\/de\/product\/46x-33x-16k-pu-griff-regenschirm-mit-wasserdichter-huelse\/","og_site_name":"T-Umbrella","og_image":[{"width":800,"height":800,"url":"https:\/\/t-umbrella.com\/wp-content\/uploads\/2024\/01\/1791705042347_.pic_.jpg","type":"image\/jpeg"}],"twitter_card":"summary_large_image","schema":{"@context":"https:\/\/schema.org","@graph":[{"@type":"WebPage","@id":"https:\/\/t-umbrella.com\/de\/product\/46x-33x-16k-pu-griff-regenschirm-mit-wasserdichter-huelse\/","url":"https:\/\/t-umbrella.com\/de\/product\/46x-33x-16k-pu-griff-regenschirm-mit-wasserdichter-huelse\/","name":"46''x 33''x 16K PU-Griff Regenschirm mit wasserdichter H\u00fclse - T-Umbrella","isPartOf":{"@id":"https:\/\/t-umbrella.com\/de\/#website"},"primaryImageOfPage":{"@id":"https:\/\/t-umbrella.com\/de\/product\/46x-33x-16k-pu-griff-regenschirm-mit-wasserdichter-huelse\/#primaryimage"},"image":{"@id":"https:\/\/t-umbrella.com\/de\/product\/46x-33x-16k-pu-griff-regenschirm-mit-wasserdichter-huelse\/#primaryimage"},"thumbnailUrl":"https:\/\/t-umbrella.com\/wp-content\/uploads\/2024\/01\/1791705042347_.pic_.jpg","datePublished":"2024-01-31T09:29:04+00:00","dateModified":"2024-01-31T09:29:04+00:00","description":"Beste Regenschirmfabrik in China, BSCI-, ISO9001- und CE-Zertifikate. MOQ 500pcs und 2 bis 5 Tage Vorlaufzeit!","breadcrumb":{"@id":"https:\/\/t-umbrella.com\/de\/product\/46x-33x-16k-pu-griff-regenschirm-mit-wasserdichter-huelse\/#breadcrumb"},"inLanguage":"de","potentialAction":[{"@type":"ReadAction","target":["https:\/\/t-umbrella.com\/de\/product\/46x-33x-16k-pu-griff-regenschirm-mit-wasserdichter-huelse\/"]}]},{"@type":"ImageObject","inLanguage":"de","@id":"https:\/\/t-umbrella.com\/de\/product\/46x-33x-16k-pu-griff-regenschirm-mit-wasserdichter-huelse\/#primaryimage","url":"https:\/\/t-umbrella.com\/wp-content\/uploads\/2024\/01\/1791705042347_.pic_.jpg","contentUrl":"https:\/\/t-umbrella.com\/wp-content\/uploads\/2024\/01\/1791705042347_.pic_.jpg","width":800,"height":800},{"@type":"BreadcrumbList","@id":"https:\/\/t-umbrella.com\/de\/product\/46x-33x-16k-pu-griff-regenschirm-mit-wasserdichter-huelse\/#breadcrumb","itemListElement":[{"@type":"ListItem","position":1,"name":"Home","item":"https:\/\/t-umbrella.com\/de\/startseite\/"},{"@type":"ListItem","position":2,"name":"Produkte","item":"https:\/\/t-umbrella.com\/de\/shop\/"},{"@type":"ListItem","position":3,"name":"46&#8221;x 33&#8221;x 16K PU-Griff Regenschirm mit wasserdichter H\u00fclse"}]},{"@type":"WebSite","@id":"https:\/\/t-umbrella.com\/de\/#website","url":"https:\/\/t-umbrella.com\/de\/","name":"T-Umbrella","description":"","publisher":{"@id":"https:\/\/t-umbrella.com\/de\/#organization"},"potentialAction":[{"@type":"SearchAction","target":{"@type":"EntryPoint","urlTemplate":"https:\/\/t-umbrella.com\/de\/?s={search_term_string}"},"query-input":"required name=search_term_string"}],"inLanguage":"de"},{"@type":"Organization","@id":"https:\/\/t-umbrella.com\/de\/#organization","name":"T-Umbrella","url":"https:\/\/t-umbrella.com\/de\/","logo":{"@type":"ImageObject","inLanguage":"de","@id":"https:\/\/t-umbrella.com\/de\/#\/schema\/logo\/image\/","url":"https:\/\/t-umbrella.com\/wp-content\/uploads\/2023\/11\/logo.png","contentUrl":"https:\/\/t-umbrella.com\/wp-content\/uploads\/2023\/11\/logo.png","width":300,"height":120,"caption":"T-Umbrella"},"image":{"@id":"https:\/\/t-umbrella.com\/de\/#\/schema\/logo\/image\/"}}]}},"_links":{"self":[{"href":"https:\/\/t-umbrella.com\/de\/wp-json\/wp\/v2\/product\/4868","targetHints":{"allow":["GET"]}}],"collection":[{"href":"https:\/\/t-umbrella.com\/de\/wp-json\/wp\/v2\/product"}],"about":[{"href":"https:\/\/t-umbrella.com\/de\/wp-json\/wp\/v2\/types\/product"}],"replies":[{"embeddable":true,"href":"https:\/\/t-umbrella.com\/de\/wp-json\/wp\/v2\/comments?post=4868"}],"wp:featuredmedia":[{"embeddable":true,"href":"https:\/\/t-umbrella.com\/de\/wp-json\/wp\/v2\/media\/3772"}],"wp:attachment":[{"href":"https:\/\/t-umbrella.com\/de\/wp-json\/wp\/v2\/media?parent=4868"}],"wp:term":[{"taxonomy":"product_brand","embeddable":true,"href":"https:\/\/t-umbrella.com\/de\/wp-json\/wp\/v2\/product_brand?post=4868"},{"taxonomy":"product_cat","embeddable":true,"href":"https:\/\/t-umbrella.com\/de\/wp-json\/wp\/v2\/product_cat?post=4868"},{"taxonomy":"product_tag","embeddable":true,"href":"https:\/\/t-umbrella.com\/de\/wp-json\/wp\/v2\/product_tag?post=4868"}],"curies":[{"name":"wp","href":"https:\/\/api.w.org\/{rel}","templated":true}]}}