{"id":4846,"date":"2024-02-01T06:00:14","date_gmt":"2024-02-01T06:00:14","guid":{"rendered":"https:\/\/t-umbrella.com\/product\/46-x-10k-heavy-duty-holz-hand-auto-regenschirm\/"},"modified":"2024-02-01T06:00:14","modified_gmt":"2024-02-01T06:00:14","slug":"46-x-10k-heavy-duty-holz-hand-auto-regenschirm","status":"publish","type":"product","link":"https:\/\/t-umbrella.com\/de\/product\/46-x-10k-heavy-duty-holz-hand-auto-regenschirm\/","title":{"rendered":"46&#8220; x 10K Heavy Duty Holz Hand Auto Regenschirm"},"content":{"rendered":"<p><strong>Stoff:<\/strong> Vinyl<\/p>\n<p><strong>Farbe:<\/strong> 6 Farben wie auf den Bildern<\/p>\n<p><strong>Schirmtyp:<\/strong> Faltschirm, UV-Schutzschirm, Kompaktschirm<\/p>\n<p><strong>Anzahl Rippen:<\/strong> 10<\/p>\n<p><strong>Material der Schirmrippe:<\/strong> Fiberglas<\/p>\n<p><strong>Schirmstiel:<\/strong> Stahl<\/p>\n<p><strong>Gewicht:<\/strong> 465g<\/p>\n<p><strong>Muster:<\/strong> ohne Druck<\/p>\n<p><strong>Methode \u00f6ffnen:<\/strong> Auto<\/p>\n<p><strong>Verpackung:<\/strong> Stoffbeutel<\/p>\n<p><strong>MOQ:<\/strong>500St\u00fcck<\/p>\n<p><strong>Lieferzeit:<\/strong> 7 Arbeitstage<\/p>\n","protected":false},"excerpt":{"rendered":"<p>G\u00f6nnen Sie sich Raffinesse mit unserem hochwertigen Regenschirm mit Holzgriff. Der Griff aus hochwertigem Holz wurde sorgf\u00e4ltig f\u00fcr Langlebigkeit und Stil gefertigt und strahlt zeitlose Eleganz aus. Versch\u00f6nern Sie Ihre Regentage mit einem Hauch von Luxus, indem Sie die perfekte Mischung aus Funktionalit\u00e4t und exquisitem Design nutzen. Mit diesem Accessoire bleiben Sie modisch trocken<\/p>\n","protected":false},"featured_media":3988,"comment_status":"open","ping_status":"closed","template":"","meta":{"_seopress_robots_primary_cat":"","_seopress_titles_title":"","_seopress_titles_desc":"","_seopress_robots_index":""},"product_brand":[],"product_cat":[85],"product_tag":[],"class_list":{"0":"post-4846","1":"product","2":"type-product","3":"status-publish","4":"has-post-thumbnail","6":"product_cat-faltbarer-regenschirm","8":"first","9":"instock","10":"sale","11":"shipping-taxable","12":"purchasable","13":"product-type-simple"},"yoast_head":"<!-- This site is optimized with the Yoast SEO plugin v22.7 - https:\/\/yoast.com\/wordpress\/plugins\/seo\/ -->\n<title>46&#039;&#039; x 10K Heavy Duty Holz Hand Auto Regenschirm - T-Umbrella<\/title>\n<meta name=\"description\" content=\"MOQ 500pcs, 7 Tage Vorlaufzeit f\u00fcr die schwere Holz &amp; Metall Griff Auto \u00f6ffnen \/ schlie\u00dfen Regenschirm. Chinesischer zuverl\u00e4ssiger Regenschirmhersteller.\" \/>\n<meta name=\"robots\" content=\"index, follow, max-snippet:-1, max-image-preview:large, max-video-preview:-1\" \/>\n<link rel=\"canonical\" href=\"https:\/\/t-umbrella.com\/de\/product\/46-x-10k-heavy-duty-holz-hand-auto-regenschirm\/\" \/>\n<meta property=\"og:locale\" content=\"de_DE\" \/>\n<meta property=\"og:type\" content=\"article\" \/>\n<meta property=\"og:title\" content=\"46&#039;&#039; x 10K Heavy Duty Holz Hand Auto Regenschirm - T-Umbrella\" \/>\n<meta property=\"og:description\" content=\"MOQ 500pcs, 7 Tage Vorlaufzeit f\u00fcr die schwere Holz &amp; Metall Griff Auto \u00f6ffnen \/ schlie\u00dfen Regenschirm. Chinesischer zuverl\u00e4ssiger Regenschirmhersteller.\" \/>\n<meta property=\"og:url\" content=\"https:\/\/t-umbrella.com\/de\/product\/46-x-10k-heavy-duty-holz-hand-auto-regenschirm\/\" \/>\n<meta property=\"og:site_name\" content=\"T-Umbrella\" \/>\n<meta property=\"og:image\" content=\"https:\/\/t-umbrella.com\/wp-content\/uploads\/2024\/02\/2581706766615_.pic_.jpg\" \/>\n\t<meta property=\"og:image:width\" content=\"800\" \/>\n\t<meta property=\"og:image:height\" content=\"800\" \/>\n\t<meta property=\"og:image:type\" content=\"image\/jpeg\" \/>\n<meta name=\"twitter:card\" content=\"summary_large_image\" \/>\n<script type=\"application\/ld+json\" class=\"yoast-schema-graph\">{\"@context\":\"https:\/\/schema.org\",\"@graph\":[{\"@type\":\"WebPage\",\"@id\":\"https:\/\/t-umbrella.com\/de\/product\/46-x-10k-heavy-duty-holz-hand-auto-regenschirm\/\",\"url\":\"https:\/\/t-umbrella.com\/de\/product\/46-x-10k-heavy-duty-holz-hand-auto-regenschirm\/\",\"name\":\"46'' x 10K Heavy Duty Holz Hand Auto Regenschirm - T-Umbrella\",\"isPartOf\":{\"@id\":\"https:\/\/t-umbrella.com\/de\/#website\"},\"primaryImageOfPage\":{\"@id\":\"https:\/\/t-umbrella.com\/de\/product\/46-x-10k-heavy-duty-holz-hand-auto-regenschirm\/#primaryimage\"},\"image\":{\"@id\":\"https:\/\/t-umbrella.com\/de\/product\/46-x-10k-heavy-duty-holz-hand-auto-regenschirm\/#primaryimage\"},\"thumbnailUrl\":\"https:\/\/t-umbrella.com\/wp-content\/uploads\/2024\/02\/2581706766615_.pic_.jpg\",\"datePublished\":\"2024-02-01T06:00:14+00:00\",\"dateModified\":\"2024-02-01T06:00:14+00:00\",\"description\":\"MOQ 500pcs, 7 Tage Vorlaufzeit f\u00fcr die schwere Holz & Metall Griff Auto \u00f6ffnen \/ schlie\u00dfen Regenschirm. Chinesischer zuverl\u00e4ssiger Regenschirmhersteller.\",\"breadcrumb\":{\"@id\":\"https:\/\/t-umbrella.com\/de\/product\/46-x-10k-heavy-duty-holz-hand-auto-regenschirm\/#breadcrumb\"},\"inLanguage\":\"de\",\"potentialAction\":[{\"@type\":\"ReadAction\",\"target\":[\"https:\/\/t-umbrella.com\/de\/product\/46-x-10k-heavy-duty-holz-hand-auto-regenschirm\/\"]}]},{\"@type\":\"ImageObject\",\"inLanguage\":\"de\",\"@id\":\"https:\/\/t-umbrella.com\/de\/product\/46-x-10k-heavy-duty-holz-hand-auto-regenschirm\/#primaryimage\",\"url\":\"https:\/\/t-umbrella.com\/wp-content\/uploads\/2024\/02\/2581706766615_.pic_.jpg\",\"contentUrl\":\"https:\/\/t-umbrella.com\/wp-content\/uploads\/2024\/02\/2581706766615_.pic_.jpg\",\"width\":800,\"height\":800},{\"@type\":\"BreadcrumbList\",\"@id\":\"https:\/\/t-umbrella.com\/de\/product\/46-x-10k-heavy-duty-holz-hand-auto-regenschirm\/#breadcrumb\",\"itemListElement\":[{\"@type\":\"ListItem\",\"position\":1,\"name\":\"Home\",\"item\":\"https:\/\/t-umbrella.com\/de\/startseite\/\"},{\"@type\":\"ListItem\",\"position\":2,\"name\":\"Produkte\",\"item\":\"https:\/\/t-umbrella.com\/de\/shop\/\"},{\"@type\":\"ListItem\",\"position\":3,\"name\":\"46&#8221; x 10K Heavy Duty Holz Hand Auto Regenschirm\"}]},{\"@type\":\"WebSite\",\"@id\":\"https:\/\/t-umbrella.com\/de\/#website\",\"url\":\"https:\/\/t-umbrella.com\/de\/\",\"name\":\"T-Umbrella\",\"description\":\"\",\"publisher\":{\"@id\":\"https:\/\/t-umbrella.com\/de\/#organization\"},\"potentialAction\":[{\"@type\":\"SearchAction\",\"target\":{\"@type\":\"EntryPoint\",\"urlTemplate\":\"https:\/\/t-umbrella.com\/de\/?s={search_term_string}\"},\"query-input\":\"required name=search_term_string\"}],\"inLanguage\":\"de\"},{\"@type\":\"Organization\",\"@id\":\"https:\/\/t-umbrella.com\/de\/#organization\",\"name\":\"T-Umbrella\",\"url\":\"https:\/\/t-umbrella.com\/de\/\",\"logo\":{\"@type\":\"ImageObject\",\"inLanguage\":\"de\",\"@id\":\"https:\/\/t-umbrella.com\/de\/#\/schema\/logo\/image\/\",\"url\":\"https:\/\/t-umbrella.com\/wp-content\/uploads\/2023\/11\/logo.png\",\"contentUrl\":\"https:\/\/t-umbrella.com\/wp-content\/uploads\/2023\/11\/logo.png\",\"width\":300,\"height\":120,\"caption\":\"T-Umbrella\"},\"image\":{\"@id\":\"https:\/\/t-umbrella.com\/de\/#\/schema\/logo\/image\/\"}}]}<\/script>\n<!-- \/ Yoast SEO plugin. -->","yoast_head_json":{"title":"46'' x 10K Heavy Duty Holz Hand Auto Regenschirm - T-Umbrella","description":"MOQ 500pcs, 7 Tage Vorlaufzeit f\u00fcr die schwere Holz & Metall Griff Auto \u00f6ffnen \/ schlie\u00dfen Regenschirm. Chinesischer zuverl\u00e4ssiger Regenschirmhersteller.","robots":{"index":"index","follow":"follow","max-snippet":"max-snippet:-1","max-image-preview":"max-image-preview:large","max-video-preview":"max-video-preview:-1"},"canonical":"https:\/\/t-umbrella.com\/de\/product\/46-x-10k-heavy-duty-holz-hand-auto-regenschirm\/","og_locale":"de_DE","og_type":"article","og_title":"46'' x 10K Heavy Duty Holz Hand Auto Regenschirm - T-Umbrella","og_description":"MOQ 500pcs, 7 Tage Vorlaufzeit f\u00fcr die schwere Holz & Metall Griff Auto \u00f6ffnen \/ schlie\u00dfen Regenschirm. Chinesischer zuverl\u00e4ssiger Regenschirmhersteller.","og_url":"https:\/\/t-umbrella.com\/de\/product\/46-x-10k-heavy-duty-holz-hand-auto-regenschirm\/","og_site_name":"T-Umbrella","og_image":[{"width":800,"height":800,"url":"https:\/\/t-umbrella.com\/wp-content\/uploads\/2024\/02\/2581706766615_.pic_.jpg","type":"image\/jpeg"}],"twitter_card":"summary_large_image","schema":{"@context":"https:\/\/schema.org","@graph":[{"@type":"WebPage","@id":"https:\/\/t-umbrella.com\/de\/product\/46-x-10k-heavy-duty-holz-hand-auto-regenschirm\/","url":"https:\/\/t-umbrella.com\/de\/product\/46-x-10k-heavy-duty-holz-hand-auto-regenschirm\/","name":"46'' x 10K Heavy Duty Holz Hand Auto Regenschirm - T-Umbrella","isPartOf":{"@id":"https:\/\/t-umbrella.com\/de\/#website"},"primaryImageOfPage":{"@id":"https:\/\/t-umbrella.com\/de\/product\/46-x-10k-heavy-duty-holz-hand-auto-regenschirm\/#primaryimage"},"image":{"@id":"https:\/\/t-umbrella.com\/de\/product\/46-x-10k-heavy-duty-holz-hand-auto-regenschirm\/#primaryimage"},"thumbnailUrl":"https:\/\/t-umbrella.com\/wp-content\/uploads\/2024\/02\/2581706766615_.pic_.jpg","datePublished":"2024-02-01T06:00:14+00:00","dateModified":"2024-02-01T06:00:14+00:00","description":"MOQ 500pcs, 7 Tage Vorlaufzeit f\u00fcr die schwere Holz & Metall Griff Auto \u00f6ffnen \/ schlie\u00dfen Regenschirm. Chinesischer zuverl\u00e4ssiger Regenschirmhersteller.","breadcrumb":{"@id":"https:\/\/t-umbrella.com\/de\/product\/46-x-10k-heavy-duty-holz-hand-auto-regenschirm\/#breadcrumb"},"inLanguage":"de","potentialAction":[{"@type":"ReadAction","target":["https:\/\/t-umbrella.com\/de\/product\/46-x-10k-heavy-duty-holz-hand-auto-regenschirm\/"]}]},{"@type":"ImageObject","inLanguage":"de","@id":"https:\/\/t-umbrella.com\/de\/product\/46-x-10k-heavy-duty-holz-hand-auto-regenschirm\/#primaryimage","url":"https:\/\/t-umbrella.com\/wp-content\/uploads\/2024\/02\/2581706766615_.pic_.jpg","contentUrl":"https:\/\/t-umbrella.com\/wp-content\/uploads\/2024\/02\/2581706766615_.pic_.jpg","width":800,"height":800},{"@type":"BreadcrumbList","@id":"https:\/\/t-umbrella.com\/de\/product\/46-x-10k-heavy-duty-holz-hand-auto-regenschirm\/#breadcrumb","itemListElement":[{"@type":"ListItem","position":1,"name":"Home","item":"https:\/\/t-umbrella.com\/de\/startseite\/"},{"@type":"ListItem","position":2,"name":"Produkte","item":"https:\/\/t-umbrella.com\/de\/shop\/"},{"@type":"ListItem","position":3,"name":"46&#8221; x 10K Heavy Duty Holz Hand Auto Regenschirm"}]},{"@type":"WebSite","@id":"https:\/\/t-umbrella.com\/de\/#website","url":"https:\/\/t-umbrella.com\/de\/","name":"T-Umbrella","description":"","publisher":{"@id":"https:\/\/t-umbrella.com\/de\/#organization"},"potentialAction":[{"@type":"SearchAction","target":{"@type":"EntryPoint","urlTemplate":"https:\/\/t-umbrella.com\/de\/?s={search_term_string}"},"query-input":"required name=search_term_string"}],"inLanguage":"de"},{"@type":"Organization","@id":"https:\/\/t-umbrella.com\/de\/#organization","name":"T-Umbrella","url":"https:\/\/t-umbrella.com\/de\/","logo":{"@type":"ImageObject","inLanguage":"de","@id":"https:\/\/t-umbrella.com\/de\/#\/schema\/logo\/image\/","url":"https:\/\/t-umbrella.com\/wp-content\/uploads\/2023\/11\/logo.png","contentUrl":"https:\/\/t-umbrella.com\/wp-content\/uploads\/2023\/11\/logo.png","width":300,"height":120,"caption":"T-Umbrella"},"image":{"@id":"https:\/\/t-umbrella.com\/de\/#\/schema\/logo\/image\/"}}]}},"_links":{"self":[{"href":"https:\/\/t-umbrella.com\/de\/wp-json\/wp\/v2\/product\/4846","targetHints":{"allow":["GET"]}}],"collection":[{"href":"https:\/\/t-umbrella.com\/de\/wp-json\/wp\/v2\/product"}],"about":[{"href":"https:\/\/t-umbrella.com\/de\/wp-json\/wp\/v2\/types\/product"}],"replies":[{"embeddable":true,"href":"https:\/\/t-umbrella.com\/de\/wp-json\/wp\/v2\/comments?post=4846"}],"wp:featuredmedia":[{"embeddable":true,"href":"https:\/\/t-umbrella.com\/de\/wp-json\/wp\/v2\/media\/3988"}],"wp:attachment":[{"href":"https:\/\/t-umbrella.com\/de\/wp-json\/wp\/v2\/media?parent=4846"}],"wp:term":[{"taxonomy":"product_brand","embeddable":true,"href":"https:\/\/t-umbrella.com\/de\/wp-json\/wp\/v2\/product_brand?post=4846"},{"taxonomy":"product_cat","embeddable":true,"href":"https:\/\/t-umbrella.com\/de\/wp-json\/wp\/v2\/product_cat?post=4846"},{"taxonomy":"product_tag","embeddable":true,"href":"https:\/\/t-umbrella.com\/de\/wp-json\/wp\/v2\/product_tag?post=4846"}],"curies":[{"name":"wp","href":"https:\/\/api.w.org\/{rel}","templated":true}]}}