{"id":4841,"date":"2024-02-01T05:36:39","date_gmt":"2024-02-01T05:36:39","guid":{"rendered":"https:\/\/t-umbrella.com\/product\/46x-10k-vinyl-schirm-mit-automatischer-oeffnung-und-schliessung\/"},"modified":"2024-02-01T05:36:39","modified_gmt":"2024-02-01T05:36:39","slug":"46x-10k-vinyl-schirm-mit-automatischer-oeffnung-und-schliessung","status":"publish","type":"product","link":"https:\/\/t-umbrella.com\/de\/product\/46x-10k-vinyl-schirm-mit-automatischer-oeffnung-und-schliessung\/","title":{"rendered":"46&#8220;x 10K Vinyl-Schirm mit automatischer \u00d6ffnung und Schlie\u00dfung"},"content":{"rendered":"<p><strong>Stoff:<\/strong> Vinyl<\/p>\n<p><strong>Farbe:<\/strong> 6 Farben wie auf den Bildern<\/p>\n<p><strong>Schirmtyp:<\/strong> Faltschirm, UV-Schutzschirm, Kompaktschirm<\/p>\n<p><strong>Anzahl Rippen:<\/strong> 10<\/p>\n<p><strong>Material der Schirmrippe:<\/strong> Fiberglas<\/p>\n<p><strong>Schirmstiel<\/strong>: Stahl<\/p>\n<p><strong>Gewicht:<\/strong> 465g<\/p>\n<p><strong>Muster:<\/strong> ohne Druck<\/p>\n<p><strong>Methode \u00f6ffnen:<\/strong> Auto<\/p>\n<p><strong>Verpackung:<\/strong> Stoffbeutel<\/p>\n<p><strong>MOQ:<\/strong>500St\u00fcck<\/p>\n<p><strong>Lieferzeit:<\/strong> 7 Arbeitstage<\/p>\n","protected":false},"excerpt":{"rendered":"<p>Entdecken Sie den Komfort mit unserem Fold Umbrella. Dieser kompakte und tragbare Regenschirm verbindet m\u00fchelos Funktionalit\u00e4t mit Stil. Er ist perfekt f\u00fcr den Schutz unterwegs und passt leicht in Taschen und Beutel. Vielseitigkeit und Vorbereitung auf unerwartete Wetterumschw\u00fcnge machen jede Reise zu einer nahtlosen Mischung aus Mode und Funktion.<\/p>\n","protected":false},"featured_media":3910,"comment_status":"open","ping_status":"closed","template":"","meta":{"_seopress_robots_primary_cat":"","_seopress_titles_title":"","_seopress_titles_desc":"","_seopress_robots_index":""},"product_brand":[],"product_cat":[85],"product_tag":[],"class_list":{"0":"post-4841","1":"product","2":"type-product","3":"status-publish","4":"has-post-thumbnail","6":"product_cat-faltbarer-regenschirm","8":"first","9":"instock","10":"sale","11":"shipping-taxable","12":"purchasable","13":"product-type-simple"},"yoast_head":"<!-- This site is optimized with the Yoast SEO plugin v22.7 - https:\/\/yoast.com\/wordpress\/plugins\/seo\/ -->\n<title>46&#039;&#039;x 10K Vinyl-Schirm mit automatischer \u00d6ffnung und Schlie\u00dfung - T-Umbrella<\/title>\n<meta name=\"description\" content=\"Erstklassiger Hersteller von Faltschirmen in China. Mit einer Mindestbestellmenge von 500 St\u00fcck und einer Vorlaufzeit von nur 7 Tagen k\u00f6nnen Sie Ihr B2B-Gesch\u00e4ft unglaublich steigern.\" \/>\n<meta name=\"robots\" content=\"index, follow, max-snippet:-1, max-image-preview:large, max-video-preview:-1\" \/>\n<link rel=\"canonical\" href=\"https:\/\/t-umbrella.com\/de\/product\/46x-10k-vinyl-schirm-mit-automatischer-oeffnung-und-schliessung\/\" \/>\n<meta property=\"og:locale\" content=\"de_DE\" \/>\n<meta property=\"og:type\" content=\"article\" \/>\n<meta property=\"og:title\" content=\"46&#039;&#039;x 10K Vinyl-Schirm mit automatischer \u00d6ffnung und Schlie\u00dfung - T-Umbrella\" \/>\n<meta property=\"og:description\" content=\"Erstklassiger Hersteller von Faltschirmen in China. Mit einer Mindestbestellmenge von 500 St\u00fcck und einer Vorlaufzeit von nur 7 Tagen k\u00f6nnen Sie Ihr B2B-Gesch\u00e4ft unglaublich steigern.\" \/>\n<meta property=\"og:url\" content=\"https:\/\/t-umbrella.com\/de\/product\/46x-10k-vinyl-schirm-mit-automatischer-oeffnung-und-schliessung\/\" \/>\n<meta property=\"og:site_name\" content=\"T-Umbrella\" \/>\n<meta property=\"og:image\" content=\"https:\/\/t-umbrella.com\/wp-content\/uploads\/2024\/02\/1981705045385_.pic_.jpg\" \/>\n\t<meta property=\"og:image:width\" content=\"800\" \/>\n\t<meta property=\"og:image:height\" content=\"800\" \/>\n\t<meta property=\"og:image:type\" content=\"image\/jpeg\" \/>\n<meta name=\"twitter:card\" content=\"summary_large_image\" \/>\n<script type=\"application\/ld+json\" class=\"yoast-schema-graph\">{\"@context\":\"https:\/\/schema.org\",\"@graph\":[{\"@type\":\"WebPage\",\"@id\":\"https:\/\/t-umbrella.com\/de\/product\/46x-10k-vinyl-schirm-mit-automatischer-oeffnung-und-schliessung\/\",\"url\":\"https:\/\/t-umbrella.com\/de\/product\/46x-10k-vinyl-schirm-mit-automatischer-oeffnung-und-schliessung\/\",\"name\":\"46''x 10K Vinyl-Schirm mit automatischer \u00d6ffnung und Schlie\u00dfung - T-Umbrella\",\"isPartOf\":{\"@id\":\"https:\/\/t-umbrella.com\/de\/#website\"},\"primaryImageOfPage\":{\"@id\":\"https:\/\/t-umbrella.com\/de\/product\/46x-10k-vinyl-schirm-mit-automatischer-oeffnung-und-schliessung\/#primaryimage\"},\"image\":{\"@id\":\"https:\/\/t-umbrella.com\/de\/product\/46x-10k-vinyl-schirm-mit-automatischer-oeffnung-und-schliessung\/#primaryimage\"},\"thumbnailUrl\":\"https:\/\/t-umbrella.com\/wp-content\/uploads\/2024\/02\/1981705045385_.pic_.jpg\",\"datePublished\":\"2024-02-01T05:36:39+00:00\",\"dateModified\":\"2024-02-01T05:36:39+00:00\",\"description\":\"Erstklassiger Hersteller von Faltschirmen in China. Mit einer Mindestbestellmenge von 500 St\u00fcck und einer Vorlaufzeit von nur 7 Tagen k\u00f6nnen Sie Ihr B2B-Gesch\u00e4ft unglaublich steigern.\",\"breadcrumb\":{\"@id\":\"https:\/\/t-umbrella.com\/de\/product\/46x-10k-vinyl-schirm-mit-automatischer-oeffnung-und-schliessung\/#breadcrumb\"},\"inLanguage\":\"de\",\"potentialAction\":[{\"@type\":\"ReadAction\",\"target\":[\"https:\/\/t-umbrella.com\/de\/product\/46x-10k-vinyl-schirm-mit-automatischer-oeffnung-und-schliessung\/\"]}]},{\"@type\":\"ImageObject\",\"inLanguage\":\"de\",\"@id\":\"https:\/\/t-umbrella.com\/de\/product\/46x-10k-vinyl-schirm-mit-automatischer-oeffnung-und-schliessung\/#primaryimage\",\"url\":\"https:\/\/t-umbrella.com\/wp-content\/uploads\/2024\/02\/1981705045385_.pic_.jpg\",\"contentUrl\":\"https:\/\/t-umbrella.com\/wp-content\/uploads\/2024\/02\/1981705045385_.pic_.jpg\",\"width\":800,\"height\":800},{\"@type\":\"BreadcrumbList\",\"@id\":\"https:\/\/t-umbrella.com\/de\/product\/46x-10k-vinyl-schirm-mit-automatischer-oeffnung-und-schliessung\/#breadcrumb\",\"itemListElement\":[{\"@type\":\"ListItem\",\"position\":1,\"name\":\"Home\",\"item\":\"https:\/\/t-umbrella.com\/de\/startseite\/\"},{\"@type\":\"ListItem\",\"position\":2,\"name\":\"Produkte\",\"item\":\"https:\/\/t-umbrella.com\/de\/shop\/\"},{\"@type\":\"ListItem\",\"position\":3,\"name\":\"46&#8221;x 10K Vinyl-Schirm mit automatischer \u00d6ffnung und Schlie\u00dfung\"}]},{\"@type\":\"WebSite\",\"@id\":\"https:\/\/t-umbrella.com\/de\/#website\",\"url\":\"https:\/\/t-umbrella.com\/de\/\",\"name\":\"T-Umbrella\",\"description\":\"\",\"publisher\":{\"@id\":\"https:\/\/t-umbrella.com\/de\/#organization\"},\"potentialAction\":[{\"@type\":\"SearchAction\",\"target\":{\"@type\":\"EntryPoint\",\"urlTemplate\":\"https:\/\/t-umbrella.com\/de\/?s={search_term_string}\"},\"query-input\":\"required name=search_term_string\"}],\"inLanguage\":\"de\"},{\"@type\":\"Organization\",\"@id\":\"https:\/\/t-umbrella.com\/de\/#organization\",\"name\":\"T-Umbrella\",\"url\":\"https:\/\/t-umbrella.com\/de\/\",\"logo\":{\"@type\":\"ImageObject\",\"inLanguage\":\"de\",\"@id\":\"https:\/\/t-umbrella.com\/de\/#\/schema\/logo\/image\/\",\"url\":\"https:\/\/t-umbrella.com\/wp-content\/uploads\/2023\/11\/logo.png\",\"contentUrl\":\"https:\/\/t-umbrella.com\/wp-content\/uploads\/2023\/11\/logo.png\",\"width\":300,\"height\":120,\"caption\":\"T-Umbrella\"},\"image\":{\"@id\":\"https:\/\/t-umbrella.com\/de\/#\/schema\/logo\/image\/\"}}]}<\/script>\n<!-- \/ Yoast SEO plugin. -->","yoast_head_json":{"title":"46''x 10K Vinyl-Schirm mit automatischer \u00d6ffnung und Schlie\u00dfung - T-Umbrella","description":"Erstklassiger Hersteller von Faltschirmen in China. Mit einer Mindestbestellmenge von 500 St\u00fcck und einer Vorlaufzeit von nur 7 Tagen k\u00f6nnen Sie Ihr B2B-Gesch\u00e4ft unglaublich steigern.","robots":{"index":"index","follow":"follow","max-snippet":"max-snippet:-1","max-image-preview":"max-image-preview:large","max-video-preview":"max-video-preview:-1"},"canonical":"https:\/\/t-umbrella.com\/de\/product\/46x-10k-vinyl-schirm-mit-automatischer-oeffnung-und-schliessung\/","og_locale":"de_DE","og_type":"article","og_title":"46''x 10K Vinyl-Schirm mit automatischer \u00d6ffnung und Schlie\u00dfung - T-Umbrella","og_description":"Erstklassiger Hersteller von Faltschirmen in China. Mit einer Mindestbestellmenge von 500 St\u00fcck und einer Vorlaufzeit von nur 7 Tagen k\u00f6nnen Sie Ihr B2B-Gesch\u00e4ft unglaublich steigern.","og_url":"https:\/\/t-umbrella.com\/de\/product\/46x-10k-vinyl-schirm-mit-automatischer-oeffnung-und-schliessung\/","og_site_name":"T-Umbrella","og_image":[{"width":800,"height":800,"url":"https:\/\/t-umbrella.com\/wp-content\/uploads\/2024\/02\/1981705045385_.pic_.jpg","type":"image\/jpeg"}],"twitter_card":"summary_large_image","schema":{"@context":"https:\/\/schema.org","@graph":[{"@type":"WebPage","@id":"https:\/\/t-umbrella.com\/de\/product\/46x-10k-vinyl-schirm-mit-automatischer-oeffnung-und-schliessung\/","url":"https:\/\/t-umbrella.com\/de\/product\/46x-10k-vinyl-schirm-mit-automatischer-oeffnung-und-schliessung\/","name":"46''x 10K Vinyl-Schirm mit automatischer \u00d6ffnung und Schlie\u00dfung - T-Umbrella","isPartOf":{"@id":"https:\/\/t-umbrella.com\/de\/#website"},"primaryImageOfPage":{"@id":"https:\/\/t-umbrella.com\/de\/product\/46x-10k-vinyl-schirm-mit-automatischer-oeffnung-und-schliessung\/#primaryimage"},"image":{"@id":"https:\/\/t-umbrella.com\/de\/product\/46x-10k-vinyl-schirm-mit-automatischer-oeffnung-und-schliessung\/#primaryimage"},"thumbnailUrl":"https:\/\/t-umbrella.com\/wp-content\/uploads\/2024\/02\/1981705045385_.pic_.jpg","datePublished":"2024-02-01T05:36:39+00:00","dateModified":"2024-02-01T05:36:39+00:00","description":"Erstklassiger Hersteller von Faltschirmen in China. Mit einer Mindestbestellmenge von 500 St\u00fcck und einer Vorlaufzeit von nur 7 Tagen k\u00f6nnen Sie Ihr B2B-Gesch\u00e4ft unglaublich steigern.","breadcrumb":{"@id":"https:\/\/t-umbrella.com\/de\/product\/46x-10k-vinyl-schirm-mit-automatischer-oeffnung-und-schliessung\/#breadcrumb"},"inLanguage":"de","potentialAction":[{"@type":"ReadAction","target":["https:\/\/t-umbrella.com\/de\/product\/46x-10k-vinyl-schirm-mit-automatischer-oeffnung-und-schliessung\/"]}]},{"@type":"ImageObject","inLanguage":"de","@id":"https:\/\/t-umbrella.com\/de\/product\/46x-10k-vinyl-schirm-mit-automatischer-oeffnung-und-schliessung\/#primaryimage","url":"https:\/\/t-umbrella.com\/wp-content\/uploads\/2024\/02\/1981705045385_.pic_.jpg","contentUrl":"https:\/\/t-umbrella.com\/wp-content\/uploads\/2024\/02\/1981705045385_.pic_.jpg","width":800,"height":800},{"@type":"BreadcrumbList","@id":"https:\/\/t-umbrella.com\/de\/product\/46x-10k-vinyl-schirm-mit-automatischer-oeffnung-und-schliessung\/#breadcrumb","itemListElement":[{"@type":"ListItem","position":1,"name":"Home","item":"https:\/\/t-umbrella.com\/de\/startseite\/"},{"@type":"ListItem","position":2,"name":"Produkte","item":"https:\/\/t-umbrella.com\/de\/shop\/"},{"@type":"ListItem","position":3,"name":"46&#8221;x 10K Vinyl-Schirm mit automatischer \u00d6ffnung und Schlie\u00dfung"}]},{"@type":"WebSite","@id":"https:\/\/t-umbrella.com\/de\/#website","url":"https:\/\/t-umbrella.com\/de\/","name":"T-Umbrella","description":"","publisher":{"@id":"https:\/\/t-umbrella.com\/de\/#organization"},"potentialAction":[{"@type":"SearchAction","target":{"@type":"EntryPoint","urlTemplate":"https:\/\/t-umbrella.com\/de\/?s={search_term_string}"},"query-input":"required name=search_term_string"}],"inLanguage":"de"},{"@type":"Organization","@id":"https:\/\/t-umbrella.com\/de\/#organization","name":"T-Umbrella","url":"https:\/\/t-umbrella.com\/de\/","logo":{"@type":"ImageObject","inLanguage":"de","@id":"https:\/\/t-umbrella.com\/de\/#\/schema\/logo\/image\/","url":"https:\/\/t-umbrella.com\/wp-content\/uploads\/2023\/11\/logo.png","contentUrl":"https:\/\/t-umbrella.com\/wp-content\/uploads\/2023\/11\/logo.png","width":300,"height":120,"caption":"T-Umbrella"},"image":{"@id":"https:\/\/t-umbrella.com\/de\/#\/schema\/logo\/image\/"}}]}},"_links":{"self":[{"href":"https:\/\/t-umbrella.com\/de\/wp-json\/wp\/v2\/product\/4841","targetHints":{"allow":["GET"]}}],"collection":[{"href":"https:\/\/t-umbrella.com\/de\/wp-json\/wp\/v2\/product"}],"about":[{"href":"https:\/\/t-umbrella.com\/de\/wp-json\/wp\/v2\/types\/product"}],"replies":[{"embeddable":true,"href":"https:\/\/t-umbrella.com\/de\/wp-json\/wp\/v2\/comments?post=4841"}],"wp:featuredmedia":[{"embeddable":true,"href":"https:\/\/t-umbrella.com\/de\/wp-json\/wp\/v2\/media\/3910"}],"wp:attachment":[{"href":"https:\/\/t-umbrella.com\/de\/wp-json\/wp\/v2\/media?parent=4841"}],"wp:term":[{"taxonomy":"product_brand","embeddable":true,"href":"https:\/\/t-umbrella.com\/de\/wp-json\/wp\/v2\/product_brand?post=4841"},{"taxonomy":"product_cat","embeddable":true,"href":"https:\/\/t-umbrella.com\/de\/wp-json\/wp\/v2\/product_cat?post=4841"},{"taxonomy":"product_tag","embeddable":true,"href":"https:\/\/t-umbrella.com\/de\/wp-json\/wp\/v2\/product_tag?post=4841"}],"curies":[{"name":"wp","href":"https:\/\/api.w.org\/{rel}","templated":true}]}}