{"id":4830,"date":"2024-02-01T02:20:49","date_gmt":"2024-02-01T02:20:49","guid":{"rendered":"https:\/\/t-umbrella.com\/product\/46x-33x-16k-gehaerteter-bambus-griff-regenschirm\/"},"modified":"2024-02-01T02:20:49","modified_gmt":"2024-02-01T02:20:49","slug":"46x-33x-16k-gehaerteter-bambus-griff-regenschirm","status":"publish","type":"product","link":"https:\/\/t-umbrella.com\/de\/product\/46x-33x-16k-gehaerteter-bambus-griff-regenschirm\/","title":{"rendered":"46&#8220;x 33&#8220;x 16K Geh\u00e4rteter Bambus-Griff Regenschirm"},"content":{"rendered":"<p><strong>Stoff<\/strong>: Pongee 190T<\/p>\n<p><strong>Farbe:<\/strong> 10 Farben wie auf den Bildern<\/p>\n<p><strong>Schirmtyp:<\/strong> gerader Schirm, Holzgriffschirm, Wanderschirm<\/p>\n<p><strong>Anzahl Rippen:<\/strong> 16<\/p>\n<p><strong>Material der Schirmrippe:<\/strong> Vollglasfaser<\/p>\n<p><strong>Schirmstiel:<\/strong> Stahl<\/p>\n<p><strong>Gewicht:<\/strong> 450g<\/p>\n<p><strong>Muster:<\/strong> ohne Druck<\/p>\n<p><strong>Offene Methode:<\/strong> Halbautomatisch<\/p>\n<p><strong>Verpackung:<\/strong> OPP-Beutel<\/p>\n<p><strong>MOQ:<\/strong>500St\u00fcck<\/p>\n<p><strong>Lieferzeit:<\/strong> 7 Arbeitstage<\/p>\n<p>&nbsp;<\/p>\n","protected":false},"excerpt":{"rendered":"<p>Erh\u00f6hen Sie Ihr Regenschirmerlebnis mit unserem Regenschirm mit Bambusgriff. Der Bambusgriff sorgt f\u00fcr nachhaltige Eleganz und bietet ein nat\u00fcrliches, leichtes Gef\u00fchl. Erleben Sie eine einzigartige Mischung aus Stil und umweltbewusstem Design, die mit jedem Regentropfen die Sch\u00f6nheit der Natur umarmt. Mit Raffinesse bei jedem Wetter auffallen<\/p>\n","protected":false},"featured_media":3838,"comment_status":"open","ping_status":"closed","template":"","meta":{"_seopress_robots_primary_cat":"","_seopress_titles_title":"","_seopress_titles_desc":"","_seopress_robots_index":""},"product_brand":[],"product_cat":[68],"product_tag":[],"class_list":{"0":"post-4830","1":"product","2":"type-product","3":"status-publish","4":"has-post-thumbnail","6":"product_cat-gerade-regenschirm","8":"first","9":"instock","10":"sale","11":"shipping-taxable","12":"purchasable","13":"product-type-simple"},"yoast_head":"<!-- This site is optimized with the Yoast SEO plugin v22.7 - https:\/\/yoast.com\/wordpress\/plugins\/seo\/ -->\n<title>46&#039;&#039;x 33&#039;&#039;x 16K Geh\u00e4rteter Bambus-Griff Regenschirm - T-Umbrella<\/title>\n<meta name=\"description\" content=\"Entdecken Sie unsere Kollektion umweltfreundlicher, stilvoller Regenschirme, die mit Pr\u00e4zision und Leidenschaft hergestellt werden. MOQ 500St\u00fcck. 7 Tage Vorlaufzeit. Niedrigster Preis.\" \/>\n<meta name=\"robots\" content=\"index, follow, max-snippet:-1, max-image-preview:large, max-video-preview:-1\" \/>\n<link rel=\"canonical\" href=\"https:\/\/t-umbrella.com\/de\/product\/46x-33x-16k-gehaerteter-bambus-griff-regenschirm\/\" \/>\n<meta property=\"og:locale\" content=\"de_DE\" \/>\n<meta property=\"og:type\" content=\"article\" \/>\n<meta property=\"og:title\" content=\"46&#039;&#039;x 33&#039;&#039;x 16K Geh\u00e4rteter Bambus-Griff Regenschirm - T-Umbrella\" \/>\n<meta property=\"og:description\" content=\"Entdecken Sie unsere Kollektion umweltfreundlicher, stilvoller Regenschirme, die mit Pr\u00e4zision und Leidenschaft hergestellt werden. MOQ 500St\u00fcck. 7 Tage Vorlaufzeit. Niedrigster Preis.\" \/>\n<meta property=\"og:url\" content=\"https:\/\/t-umbrella.com\/de\/product\/46x-33x-16k-gehaerteter-bambus-griff-regenschirm\/\" \/>\n<meta property=\"og:site_name\" content=\"T-Umbrella\" \/>\n<meta property=\"og:image\" content=\"https:\/\/t-umbrella.com\/wp-content\/uploads\/2024\/02\/1861705044701_.pic_.jpg\" \/>\n\t<meta property=\"og:image:width\" content=\"800\" \/>\n\t<meta property=\"og:image:height\" content=\"800\" \/>\n\t<meta property=\"og:image:type\" content=\"image\/jpeg\" \/>\n<meta name=\"twitter:card\" content=\"summary_large_image\" \/>\n<script type=\"application\/ld+json\" class=\"yoast-schema-graph\">{\"@context\":\"https:\/\/schema.org\",\"@graph\":[{\"@type\":\"WebPage\",\"@id\":\"https:\/\/t-umbrella.com\/de\/product\/46x-33x-16k-gehaerteter-bambus-griff-regenschirm\/\",\"url\":\"https:\/\/t-umbrella.com\/de\/product\/46x-33x-16k-gehaerteter-bambus-griff-regenschirm\/\",\"name\":\"46''x 33''x 16K Geh\u00e4rteter Bambus-Griff Regenschirm - T-Umbrella\",\"isPartOf\":{\"@id\":\"https:\/\/t-umbrella.com\/de\/#website\"},\"primaryImageOfPage\":{\"@id\":\"https:\/\/t-umbrella.com\/de\/product\/46x-33x-16k-gehaerteter-bambus-griff-regenschirm\/#primaryimage\"},\"image\":{\"@id\":\"https:\/\/t-umbrella.com\/de\/product\/46x-33x-16k-gehaerteter-bambus-griff-regenschirm\/#primaryimage\"},\"thumbnailUrl\":\"https:\/\/t-umbrella.com\/wp-content\/uploads\/2024\/02\/1861705044701_.pic_.jpg\",\"datePublished\":\"2024-02-01T02:20:49+00:00\",\"dateModified\":\"2024-02-01T02:20:49+00:00\",\"description\":\"Entdecken Sie unsere Kollektion umweltfreundlicher, stilvoller Regenschirme, die mit Pr\u00e4zision und Leidenschaft hergestellt werden. MOQ 500St\u00fcck. 7 Tage Vorlaufzeit. Niedrigster Preis.\",\"breadcrumb\":{\"@id\":\"https:\/\/t-umbrella.com\/de\/product\/46x-33x-16k-gehaerteter-bambus-griff-regenschirm\/#breadcrumb\"},\"inLanguage\":\"de\",\"potentialAction\":[{\"@type\":\"ReadAction\",\"target\":[\"https:\/\/t-umbrella.com\/de\/product\/46x-33x-16k-gehaerteter-bambus-griff-regenschirm\/\"]}]},{\"@type\":\"ImageObject\",\"inLanguage\":\"de\",\"@id\":\"https:\/\/t-umbrella.com\/de\/product\/46x-33x-16k-gehaerteter-bambus-griff-regenschirm\/#primaryimage\",\"url\":\"https:\/\/t-umbrella.com\/wp-content\/uploads\/2024\/02\/1861705044701_.pic_.jpg\",\"contentUrl\":\"https:\/\/t-umbrella.com\/wp-content\/uploads\/2024\/02\/1861705044701_.pic_.jpg\",\"width\":800,\"height\":800},{\"@type\":\"BreadcrumbList\",\"@id\":\"https:\/\/t-umbrella.com\/de\/product\/46x-33x-16k-gehaerteter-bambus-griff-regenschirm\/#breadcrumb\",\"itemListElement\":[{\"@type\":\"ListItem\",\"position\":1,\"name\":\"Home\",\"item\":\"https:\/\/t-umbrella.com\/de\/startseite\/\"},{\"@type\":\"ListItem\",\"position\":2,\"name\":\"Produkte\",\"item\":\"https:\/\/t-umbrella.com\/de\/shop\/\"},{\"@type\":\"ListItem\",\"position\":3,\"name\":\"46&#8221;x 33&#8221;x 16K Geh\u00e4rteter Bambus-Griff Regenschirm\"}]},{\"@type\":\"WebSite\",\"@id\":\"https:\/\/t-umbrella.com\/de\/#website\",\"url\":\"https:\/\/t-umbrella.com\/de\/\",\"name\":\"T-Umbrella\",\"description\":\"\",\"publisher\":{\"@id\":\"https:\/\/t-umbrella.com\/de\/#organization\"},\"potentialAction\":[{\"@type\":\"SearchAction\",\"target\":{\"@type\":\"EntryPoint\",\"urlTemplate\":\"https:\/\/t-umbrella.com\/de\/?s={search_term_string}\"},\"query-input\":\"required name=search_term_string\"}],\"inLanguage\":\"de\"},{\"@type\":\"Organization\",\"@id\":\"https:\/\/t-umbrella.com\/de\/#organization\",\"name\":\"T-Umbrella\",\"url\":\"https:\/\/t-umbrella.com\/de\/\",\"logo\":{\"@type\":\"ImageObject\",\"inLanguage\":\"de\",\"@id\":\"https:\/\/t-umbrella.com\/de\/#\/schema\/logo\/image\/\",\"url\":\"https:\/\/t-umbrella.com\/wp-content\/uploads\/2023\/11\/logo.png\",\"contentUrl\":\"https:\/\/t-umbrella.com\/wp-content\/uploads\/2023\/11\/logo.png\",\"width\":300,\"height\":120,\"caption\":\"T-Umbrella\"},\"image\":{\"@id\":\"https:\/\/t-umbrella.com\/de\/#\/schema\/logo\/image\/\"}}]}<\/script>\n<!-- \/ Yoast SEO plugin. -->","yoast_head_json":{"title":"46''x 33''x 16K Geh\u00e4rteter Bambus-Griff Regenschirm - T-Umbrella","description":"Entdecken Sie unsere Kollektion umweltfreundlicher, stilvoller Regenschirme, die mit Pr\u00e4zision und Leidenschaft hergestellt werden. MOQ 500St\u00fcck. 7 Tage Vorlaufzeit. Niedrigster Preis.","robots":{"index":"index","follow":"follow","max-snippet":"max-snippet:-1","max-image-preview":"max-image-preview:large","max-video-preview":"max-video-preview:-1"},"canonical":"https:\/\/t-umbrella.com\/de\/product\/46x-33x-16k-gehaerteter-bambus-griff-regenschirm\/","og_locale":"de_DE","og_type":"article","og_title":"46''x 33''x 16K Geh\u00e4rteter Bambus-Griff Regenschirm - T-Umbrella","og_description":"Entdecken Sie unsere Kollektion umweltfreundlicher, stilvoller Regenschirme, die mit Pr\u00e4zision und Leidenschaft hergestellt werden. MOQ 500St\u00fcck. 7 Tage Vorlaufzeit. Niedrigster Preis.","og_url":"https:\/\/t-umbrella.com\/de\/product\/46x-33x-16k-gehaerteter-bambus-griff-regenschirm\/","og_site_name":"T-Umbrella","og_image":[{"width":800,"height":800,"url":"https:\/\/t-umbrella.com\/wp-content\/uploads\/2024\/02\/1861705044701_.pic_.jpg","type":"image\/jpeg"}],"twitter_card":"summary_large_image","schema":{"@context":"https:\/\/schema.org","@graph":[{"@type":"WebPage","@id":"https:\/\/t-umbrella.com\/de\/product\/46x-33x-16k-gehaerteter-bambus-griff-regenschirm\/","url":"https:\/\/t-umbrella.com\/de\/product\/46x-33x-16k-gehaerteter-bambus-griff-regenschirm\/","name":"46''x 33''x 16K Geh\u00e4rteter Bambus-Griff Regenschirm - T-Umbrella","isPartOf":{"@id":"https:\/\/t-umbrella.com\/de\/#website"},"primaryImageOfPage":{"@id":"https:\/\/t-umbrella.com\/de\/product\/46x-33x-16k-gehaerteter-bambus-griff-regenschirm\/#primaryimage"},"image":{"@id":"https:\/\/t-umbrella.com\/de\/product\/46x-33x-16k-gehaerteter-bambus-griff-regenschirm\/#primaryimage"},"thumbnailUrl":"https:\/\/t-umbrella.com\/wp-content\/uploads\/2024\/02\/1861705044701_.pic_.jpg","datePublished":"2024-02-01T02:20:49+00:00","dateModified":"2024-02-01T02:20:49+00:00","description":"Entdecken Sie unsere Kollektion umweltfreundlicher, stilvoller Regenschirme, die mit Pr\u00e4zision und Leidenschaft hergestellt werden. MOQ 500St\u00fcck. 7 Tage Vorlaufzeit. Niedrigster Preis.","breadcrumb":{"@id":"https:\/\/t-umbrella.com\/de\/product\/46x-33x-16k-gehaerteter-bambus-griff-regenschirm\/#breadcrumb"},"inLanguage":"de","potentialAction":[{"@type":"ReadAction","target":["https:\/\/t-umbrella.com\/de\/product\/46x-33x-16k-gehaerteter-bambus-griff-regenschirm\/"]}]},{"@type":"ImageObject","inLanguage":"de","@id":"https:\/\/t-umbrella.com\/de\/product\/46x-33x-16k-gehaerteter-bambus-griff-regenschirm\/#primaryimage","url":"https:\/\/t-umbrella.com\/wp-content\/uploads\/2024\/02\/1861705044701_.pic_.jpg","contentUrl":"https:\/\/t-umbrella.com\/wp-content\/uploads\/2024\/02\/1861705044701_.pic_.jpg","width":800,"height":800},{"@type":"BreadcrumbList","@id":"https:\/\/t-umbrella.com\/de\/product\/46x-33x-16k-gehaerteter-bambus-griff-regenschirm\/#breadcrumb","itemListElement":[{"@type":"ListItem","position":1,"name":"Home","item":"https:\/\/t-umbrella.com\/de\/startseite\/"},{"@type":"ListItem","position":2,"name":"Produkte","item":"https:\/\/t-umbrella.com\/de\/shop\/"},{"@type":"ListItem","position":3,"name":"46&#8221;x 33&#8221;x 16K Geh\u00e4rteter Bambus-Griff Regenschirm"}]},{"@type":"WebSite","@id":"https:\/\/t-umbrella.com\/de\/#website","url":"https:\/\/t-umbrella.com\/de\/","name":"T-Umbrella","description":"","publisher":{"@id":"https:\/\/t-umbrella.com\/de\/#organization"},"potentialAction":[{"@type":"SearchAction","target":{"@type":"EntryPoint","urlTemplate":"https:\/\/t-umbrella.com\/de\/?s={search_term_string}"},"query-input":"required name=search_term_string"}],"inLanguage":"de"},{"@type":"Organization","@id":"https:\/\/t-umbrella.com\/de\/#organization","name":"T-Umbrella","url":"https:\/\/t-umbrella.com\/de\/","logo":{"@type":"ImageObject","inLanguage":"de","@id":"https:\/\/t-umbrella.com\/de\/#\/schema\/logo\/image\/","url":"https:\/\/t-umbrella.com\/wp-content\/uploads\/2023\/11\/logo.png","contentUrl":"https:\/\/t-umbrella.com\/wp-content\/uploads\/2023\/11\/logo.png","width":300,"height":120,"caption":"T-Umbrella"},"image":{"@id":"https:\/\/t-umbrella.com\/de\/#\/schema\/logo\/image\/"}}]}},"_links":{"self":[{"href":"https:\/\/t-umbrella.com\/de\/wp-json\/wp\/v2\/product\/4830","targetHints":{"allow":["GET"]}}],"collection":[{"href":"https:\/\/t-umbrella.com\/de\/wp-json\/wp\/v2\/product"}],"about":[{"href":"https:\/\/t-umbrella.com\/de\/wp-json\/wp\/v2\/types\/product"}],"replies":[{"embeddable":true,"href":"https:\/\/t-umbrella.com\/de\/wp-json\/wp\/v2\/comments?post=4830"}],"wp:featuredmedia":[{"embeddable":true,"href":"https:\/\/t-umbrella.com\/de\/wp-json\/wp\/v2\/media\/3838"}],"wp:attachment":[{"href":"https:\/\/t-umbrella.com\/de\/wp-json\/wp\/v2\/media?parent=4830"}],"wp:term":[{"taxonomy":"product_brand","embeddable":true,"href":"https:\/\/t-umbrella.com\/de\/wp-json\/wp\/v2\/product_brand?post=4830"},{"taxonomy":"product_cat","embeddable":true,"href":"https:\/\/t-umbrella.com\/de\/wp-json\/wp\/v2\/product_cat?post=4830"},{"taxonomy":"product_tag","embeddable":true,"href":"https:\/\/t-umbrella.com\/de\/wp-json\/wp\/v2\/product_tag?post=4830"}],"curies":[{"name":"wp","href":"https:\/\/api.w.org\/{rel}","templated":true}]}}