{"id":4755,"date":"2024-01-10T18:51:28","date_gmt":"2024-01-10T18:51:28","guid":{"rendered":"https:\/\/t-umbrella.com\/product\/46x-33x-16k-regenschirm-mit-gehaertetem-holzgriff\/"},"modified":"2024-01-10T18:51:28","modified_gmt":"2024-01-10T18:51:28","slug":"46x-33x-16k-regenschirm-mit-gehaertetem-holzgriff","status":"publish","type":"product","link":"https:\/\/t-umbrella.com\/de\/product\/46x-33x-16k-regenschirm-mit-gehaertetem-holzgriff\/","title":{"rendered":"46&#8220;x 33&#8220;x 16K Regenschirm mit geh\u00e4rtetem Holzgriff"},"content":{"rendered":"<p>Stoff: Pongee 190T<\/p>\n<p>Farbe: 9 Farben wie auf den Bildern<\/p>\n<p>Schirmtyp: gerader Schirm, Holzgriffschirm, Wanderschirm<\/p>\n<p>Anzahl Rippen: 16<\/p>\n<p>Material der Schirmrippe: Vollglasfaser<\/p>\n<p>Schirmstiel: Stahl<\/p>\n<p>Gewicht: 450g<\/p>\n<p>Muster: ohne Druck<\/p>\n<p>Offene Methode: Halbautomatisch<\/p>\n<p>Verpackung: OPP-Beutel<\/p>\n<p>MOQ:500St\u00fcck<\/p>\n<p>Lieferzeit: 7 Arbeitstage<\/p>\n<div id=\"wp-content-wrap\" class=\"wp-core-ui wp-editor-wrap tmce-active has-dfw\">\n<div id=\"wp-content-editor-tools\" class=\"wp-editor-tools hide-if-no-js\">\n<div id=\"wp-content-media-buttons\" class=\"wp-media-buttons\"><\/div>\n<\/div>\n<\/div>\n","protected":false},"excerpt":{"rendered":"<p class=\"postbox-header\">Wir stellen unsere exklusive Kollektion vor: Regenschirme mit geh\u00e4rtetem Holzgriff &#8211; eine Verschmelzung der Sch\u00f6nheit der Natur mit au\u00dfergew\u00f6hnlicher Handwerkskunst. Versch\u00f6nern Sie Ihre Regentage mit einem Hauch von Raffinesse, indem Sie die raffinierte Eleganz von geh\u00e4rtetem Holz nutzen. Unsere mit Pr\u00e4zision und Stil gefertigten Schirme bieten nicht nur tadellosen Schutz, sondern setzen auch ein mutiges Modestatement. Unsere Regenschirme mit geh\u00e4rtetem Holzgriff bieten eine einzigartige Mischung aus Funktionalit\u00e4t und \u00c4sthetik. Enth\u00fcllen Sie die Kunstfertigkeit der Natur bei jedem Niederschlag. Erh\u00f6hen Sie Ihr Regenschirmerlebnis &#8211; kaufen Sie jetzt unsere ausgew\u00e4hlte Kollektion f\u00fcr einen Hauch von zeitloser Klasse!<\/p>\n<div id=\"wp-content-wrap\" class=\"wp-core-ui wp-editor-wrap tmce-active has-dfw\">\n<div id=\"wp-content-editor-tools\" class=\"wp-editor-tools hide-if-no-js\">\n<p id=\"wp-content-media-buttons\" class=\"wp-media-buttons\">\n<\/div>\n<\/div>\n","protected":false},"featured_media":3670,"comment_status":"open","ping_status":"closed","template":"","meta":{"_seopress_robots_primary_cat":"","_seopress_titles_title":"","_seopress_titles_desc":"","_seopress_robots_index":""},"product_brand":[],"product_cat":[68,69],"product_tag":[],"class_list":{"0":"post-4755","1":"product","2":"type-product","3":"status-publish","4":"has-post-thumbnail","6":"product_cat-gerade-regenschirm","7":"product_cat-golf-regenschirm","9":"first","10":"instock","11":"sale","12":"shipping-taxable","13":"purchasable","14":"product-type-simple"},"yoast_head":"<!-- This site is optimized with the Yoast SEO plugin v22.7 - https:\/\/yoast.com\/wordpress\/plugins\/seo\/ -->\n<title>46&#039;&#039;x 33&#039;&#039;x 16K Regenschirm mit geh\u00e4rtetem Holzgriff - T-Umbrella<\/title>\n<meta name=\"description\" content=\"B2B-Gesch\u00e4ft f\u00fcr Regenschirme mit Holzgriff. MOQ 500pcs mit niedrigem Preis. Holen Sie sich jetzt den niedrigsten Preis!\" \/>\n<meta name=\"robots\" content=\"index, follow, max-snippet:-1, max-image-preview:large, max-video-preview:-1\" \/>\n<link rel=\"canonical\" href=\"https:\/\/t-umbrella.com\/de\/product\/46x-33x-16k-regenschirm-mit-gehaertetem-holzgriff\/\" \/>\n<meta property=\"og:locale\" content=\"de_DE\" \/>\n<meta property=\"og:type\" content=\"article\" \/>\n<meta property=\"og:title\" content=\"46&#039;&#039;x 33&#039;&#039;x 16K Regenschirm mit geh\u00e4rtetem Holzgriff - T-Umbrella\" \/>\n<meta property=\"og:description\" content=\"B2B-Gesch\u00e4ft f\u00fcr Regenschirme mit Holzgriff. MOQ 500pcs mit niedrigem Preis. Holen Sie sich jetzt den niedrigsten Preis!\" \/>\n<meta property=\"og:url\" content=\"https:\/\/t-umbrella.com\/de\/product\/46x-33x-16k-regenschirm-mit-gehaertetem-holzgriff\/\" \/>\n<meta property=\"og:site_name\" content=\"T-Umbrella\" \/>\n<meta property=\"og:image\" content=\"https:\/\/t-umbrella.com\/wp-content\/uploads\/2024\/01\/4-1.jpg\" \/>\n\t<meta property=\"og:image:width\" content=\"800\" \/>\n\t<meta property=\"og:image:height\" content=\"800\" \/>\n\t<meta property=\"og:image:type\" content=\"image\/jpeg\" \/>\n<meta name=\"twitter:card\" content=\"summary_large_image\" \/>\n<script type=\"application\/ld+json\" class=\"yoast-schema-graph\">{\"@context\":\"https:\/\/schema.org\",\"@graph\":[{\"@type\":\"WebPage\",\"@id\":\"https:\/\/t-umbrella.com\/de\/product\/46x-33x-16k-regenschirm-mit-gehaertetem-holzgriff\/\",\"url\":\"https:\/\/t-umbrella.com\/de\/product\/46x-33x-16k-regenschirm-mit-gehaertetem-holzgriff\/\",\"name\":\"46''x 33''x 16K Regenschirm mit geh\u00e4rtetem Holzgriff - T-Umbrella\",\"isPartOf\":{\"@id\":\"https:\/\/t-umbrella.com\/de\/#website\"},\"primaryImageOfPage\":{\"@id\":\"https:\/\/t-umbrella.com\/de\/product\/46x-33x-16k-regenschirm-mit-gehaertetem-holzgriff\/#primaryimage\"},\"image\":{\"@id\":\"https:\/\/t-umbrella.com\/de\/product\/46x-33x-16k-regenschirm-mit-gehaertetem-holzgriff\/#primaryimage\"},\"thumbnailUrl\":\"https:\/\/t-umbrella.com\/wp-content\/uploads\/2024\/01\/4-1.jpg\",\"datePublished\":\"2024-01-10T18:51:28+00:00\",\"dateModified\":\"2024-01-10T18:51:28+00:00\",\"description\":\"B2B-Gesch\u00e4ft f\u00fcr Regenschirme mit Holzgriff. MOQ 500pcs mit niedrigem Preis. Holen Sie sich jetzt den niedrigsten Preis!\",\"breadcrumb\":{\"@id\":\"https:\/\/t-umbrella.com\/de\/product\/46x-33x-16k-regenschirm-mit-gehaertetem-holzgriff\/#breadcrumb\"},\"inLanguage\":\"de\",\"potentialAction\":[{\"@type\":\"ReadAction\",\"target\":[\"https:\/\/t-umbrella.com\/de\/product\/46x-33x-16k-regenschirm-mit-gehaertetem-holzgriff\/\"]}]},{\"@type\":\"ImageObject\",\"inLanguage\":\"de\",\"@id\":\"https:\/\/t-umbrella.com\/de\/product\/46x-33x-16k-regenschirm-mit-gehaertetem-holzgriff\/#primaryimage\",\"url\":\"https:\/\/t-umbrella.com\/wp-content\/uploads\/2024\/01\/4-1.jpg\",\"contentUrl\":\"https:\/\/t-umbrella.com\/wp-content\/uploads\/2024\/01\/4-1.jpg\",\"width\":800,\"height\":800},{\"@type\":\"BreadcrumbList\",\"@id\":\"https:\/\/t-umbrella.com\/de\/product\/46x-33x-16k-regenschirm-mit-gehaertetem-holzgriff\/#breadcrumb\",\"itemListElement\":[{\"@type\":\"ListItem\",\"position\":1,\"name\":\"Home\",\"item\":\"https:\/\/t-umbrella.com\/de\/startseite\/\"},{\"@type\":\"ListItem\",\"position\":2,\"name\":\"Produkte\",\"item\":\"https:\/\/t-umbrella.com\/de\/shop\/\"},{\"@type\":\"ListItem\",\"position\":3,\"name\":\"46&#8221;x 33&#8221;x 16K Regenschirm mit geh\u00e4rtetem Holzgriff\"}]},{\"@type\":\"WebSite\",\"@id\":\"https:\/\/t-umbrella.com\/de\/#website\",\"url\":\"https:\/\/t-umbrella.com\/de\/\",\"name\":\"T-Umbrella\",\"description\":\"\",\"publisher\":{\"@id\":\"https:\/\/t-umbrella.com\/de\/#organization\"},\"potentialAction\":[{\"@type\":\"SearchAction\",\"target\":{\"@type\":\"EntryPoint\",\"urlTemplate\":\"https:\/\/t-umbrella.com\/de\/?s={search_term_string}\"},\"query-input\":\"required name=search_term_string\"}],\"inLanguage\":\"de\"},{\"@type\":\"Organization\",\"@id\":\"https:\/\/t-umbrella.com\/de\/#organization\",\"name\":\"T-Umbrella\",\"url\":\"https:\/\/t-umbrella.com\/de\/\",\"logo\":{\"@type\":\"ImageObject\",\"inLanguage\":\"de\",\"@id\":\"https:\/\/t-umbrella.com\/de\/#\/schema\/logo\/image\/\",\"url\":\"https:\/\/t-umbrella.com\/wp-content\/uploads\/2023\/11\/logo.png\",\"contentUrl\":\"https:\/\/t-umbrella.com\/wp-content\/uploads\/2023\/11\/logo.png\",\"width\":300,\"height\":120,\"caption\":\"T-Umbrella\"},\"image\":{\"@id\":\"https:\/\/t-umbrella.com\/de\/#\/schema\/logo\/image\/\"}}]}<\/script>\n<!-- \/ Yoast SEO plugin. -->","yoast_head_json":{"title":"46''x 33''x 16K Regenschirm mit geh\u00e4rtetem Holzgriff - T-Umbrella","description":"B2B-Gesch\u00e4ft f\u00fcr Regenschirme mit Holzgriff. MOQ 500pcs mit niedrigem Preis. Holen Sie sich jetzt den niedrigsten Preis!","robots":{"index":"index","follow":"follow","max-snippet":"max-snippet:-1","max-image-preview":"max-image-preview:large","max-video-preview":"max-video-preview:-1"},"canonical":"https:\/\/t-umbrella.com\/de\/product\/46x-33x-16k-regenschirm-mit-gehaertetem-holzgriff\/","og_locale":"de_DE","og_type":"article","og_title":"46''x 33''x 16K Regenschirm mit geh\u00e4rtetem Holzgriff - T-Umbrella","og_description":"B2B-Gesch\u00e4ft f\u00fcr Regenschirme mit Holzgriff. MOQ 500pcs mit niedrigem Preis. Holen Sie sich jetzt den niedrigsten Preis!","og_url":"https:\/\/t-umbrella.com\/de\/product\/46x-33x-16k-regenschirm-mit-gehaertetem-holzgriff\/","og_site_name":"T-Umbrella","og_image":[{"width":800,"height":800,"url":"https:\/\/t-umbrella.com\/wp-content\/uploads\/2024\/01\/4-1.jpg","type":"image\/jpeg"}],"twitter_card":"summary_large_image","schema":{"@context":"https:\/\/schema.org","@graph":[{"@type":"WebPage","@id":"https:\/\/t-umbrella.com\/de\/product\/46x-33x-16k-regenschirm-mit-gehaertetem-holzgriff\/","url":"https:\/\/t-umbrella.com\/de\/product\/46x-33x-16k-regenschirm-mit-gehaertetem-holzgriff\/","name":"46''x 33''x 16K Regenschirm mit geh\u00e4rtetem Holzgriff - T-Umbrella","isPartOf":{"@id":"https:\/\/t-umbrella.com\/de\/#website"},"primaryImageOfPage":{"@id":"https:\/\/t-umbrella.com\/de\/product\/46x-33x-16k-regenschirm-mit-gehaertetem-holzgriff\/#primaryimage"},"image":{"@id":"https:\/\/t-umbrella.com\/de\/product\/46x-33x-16k-regenschirm-mit-gehaertetem-holzgriff\/#primaryimage"},"thumbnailUrl":"https:\/\/t-umbrella.com\/wp-content\/uploads\/2024\/01\/4-1.jpg","datePublished":"2024-01-10T18:51:28+00:00","dateModified":"2024-01-10T18:51:28+00:00","description":"B2B-Gesch\u00e4ft f\u00fcr Regenschirme mit Holzgriff. MOQ 500pcs mit niedrigem Preis. Holen Sie sich jetzt den niedrigsten Preis!","breadcrumb":{"@id":"https:\/\/t-umbrella.com\/de\/product\/46x-33x-16k-regenschirm-mit-gehaertetem-holzgriff\/#breadcrumb"},"inLanguage":"de","potentialAction":[{"@type":"ReadAction","target":["https:\/\/t-umbrella.com\/de\/product\/46x-33x-16k-regenschirm-mit-gehaertetem-holzgriff\/"]}]},{"@type":"ImageObject","inLanguage":"de","@id":"https:\/\/t-umbrella.com\/de\/product\/46x-33x-16k-regenschirm-mit-gehaertetem-holzgriff\/#primaryimage","url":"https:\/\/t-umbrella.com\/wp-content\/uploads\/2024\/01\/4-1.jpg","contentUrl":"https:\/\/t-umbrella.com\/wp-content\/uploads\/2024\/01\/4-1.jpg","width":800,"height":800},{"@type":"BreadcrumbList","@id":"https:\/\/t-umbrella.com\/de\/product\/46x-33x-16k-regenschirm-mit-gehaertetem-holzgriff\/#breadcrumb","itemListElement":[{"@type":"ListItem","position":1,"name":"Home","item":"https:\/\/t-umbrella.com\/de\/startseite\/"},{"@type":"ListItem","position":2,"name":"Produkte","item":"https:\/\/t-umbrella.com\/de\/shop\/"},{"@type":"ListItem","position":3,"name":"46&#8221;x 33&#8221;x 16K Regenschirm mit geh\u00e4rtetem Holzgriff"}]},{"@type":"WebSite","@id":"https:\/\/t-umbrella.com\/de\/#website","url":"https:\/\/t-umbrella.com\/de\/","name":"T-Umbrella","description":"","publisher":{"@id":"https:\/\/t-umbrella.com\/de\/#organization"},"potentialAction":[{"@type":"SearchAction","target":{"@type":"EntryPoint","urlTemplate":"https:\/\/t-umbrella.com\/de\/?s={search_term_string}"},"query-input":"required name=search_term_string"}],"inLanguage":"de"},{"@type":"Organization","@id":"https:\/\/t-umbrella.com\/de\/#organization","name":"T-Umbrella","url":"https:\/\/t-umbrella.com\/de\/","logo":{"@type":"ImageObject","inLanguage":"de","@id":"https:\/\/t-umbrella.com\/de\/#\/schema\/logo\/image\/","url":"https:\/\/t-umbrella.com\/wp-content\/uploads\/2023\/11\/logo.png","contentUrl":"https:\/\/t-umbrella.com\/wp-content\/uploads\/2023\/11\/logo.png","width":300,"height":120,"caption":"T-Umbrella"},"image":{"@id":"https:\/\/t-umbrella.com\/de\/#\/schema\/logo\/image\/"}}]}},"_links":{"self":[{"href":"https:\/\/t-umbrella.com\/de\/wp-json\/wp\/v2\/product\/4755","targetHints":{"allow":["GET"]}}],"collection":[{"href":"https:\/\/t-umbrella.com\/de\/wp-json\/wp\/v2\/product"}],"about":[{"href":"https:\/\/t-umbrella.com\/de\/wp-json\/wp\/v2\/types\/product"}],"replies":[{"embeddable":true,"href":"https:\/\/t-umbrella.com\/de\/wp-json\/wp\/v2\/comments?post=4755"}],"wp:featuredmedia":[{"embeddable":true,"href":"https:\/\/t-umbrella.com\/de\/wp-json\/wp\/v2\/media\/3670"}],"wp:attachment":[{"href":"https:\/\/t-umbrella.com\/de\/wp-json\/wp\/v2\/media?parent=4755"}],"wp:term":[{"taxonomy":"product_brand","embeddable":true,"href":"https:\/\/t-umbrella.com\/de\/wp-json\/wp\/v2\/product_brand?post=4755"},{"taxonomy":"product_cat","embeddable":true,"href":"https:\/\/t-umbrella.com\/de\/wp-json\/wp\/v2\/product_cat?post=4755"},{"taxonomy":"product_tag","embeddable":true,"href":"https:\/\/t-umbrella.com\/de\/wp-json\/wp\/v2\/product_tag?post=4755"}],"curies":[{"name":"wp","href":"https:\/\/api.w.org\/{rel}","templated":true}]}}